{"id":4613,"date":"2021-02-09T14:39:29","date_gmt":"2021-02-09T14:39:29","guid":{"rendered":"https:\/\/likeink.se\/?post_type=product&#038;p=4613"},"modified":"2026-04-14T12:56:11","modified_gmt":"2026-04-14T12:56:11","slug":"pridetatueringar","status":"publish","type":"product","link":"https:\/\/likeink.com\/sv\/gnuggisar\/pridetatueringar\/","title":{"rendered":"Pride Tatueringar"},"content":{"rendered":"","protected":false},"excerpt":{"rendered":"<p>Like inks f\u00e4rdigdesignade ark \u00e4r i storleken A5, ca 20X14 cm stora.<\/p>\n<h2>Fake tatueringar med motiv av Pride<\/h2>\n<p>Detta ark med gnuggisar med pride-tema inneh\u00e5ller flera pridemotiv som \u00e4r mellan 3 och 8 cm breda. Tatueringar med regnb\u00e5ge, enh\u00f6rning, pridehj\u00e4rta, pussmun, kvinnotecken och flera olika prideflaggor. Vi trycker och skickar din best\u00e4llning inom 24h.<\/p>\n<p>Antal motiv: 13<\/p>\n","protected":false},"featured_media":59955,"template":"","meta":[],"product_brand":[],"product_cat":[17,494],"product_tag":[],"class_list":{"0":"post-4613","1":"product","2":"type-product","3":"status-publish","4":"has-post-thumbnail","6":"product_cat-fardiga-ark","7":"product_cat-karlek-romantik","9":"first","10":"instock","11":"taxable","12":"shipping-taxable","13":"purchasable","14":"product-type-simple"},"yoast_head":"<!-- This site is optimized with the Yoast SEO Premium plugin v26.2 (Yoast SEO v27.5) - https:\/\/yoast.com\/product\/yoast-seo-premium-wordpress\/ -->\n<title>K\u00f6p Pride tatueringar | Pride gnuggisar - Like ink<\/title>\n<meta name=\"description\" content=\"Best\u00e4ll Pride tatueringar, gnuggistatueringar med pride-tema! Prideflaggor, enh\u00f6rning och symboler - f\u00f6r en lyckad pridedag! - Like ink\" \/>\n<meta name=\"robots\" content=\"index, follow, max-snippet:-1, max-image-preview:large, max-video-preview:-1\" \/>\n<link rel=\"canonical\" href=\"https:\/\/likeink.com\/sv\/gnuggisar\/pridetatueringar\/\" \/>\n<meta property=\"og:locale\" content=\"sv_SE\" \/>\n<meta property=\"og:type\" content=\"article\" \/>\n<meta property=\"og:title\" content=\"Pride Tatueringar\" \/>\n<meta property=\"og:description\" content=\"Like inks f\u00e4rdigdesignade ark \u00e4r i storleken A5, ca 20X14 cm stora. Fake tatueringar med motiv av Pride Detta ark med gnuggisar med pride-tema inneh\u00e5ller flera pridemotiv som \u00e4r mellan 3 och 8 cm breda. Tatueringar med regnb\u00e5ge, enh\u00f6rning, pridehj\u00e4rta, pussmun, kvinnotecken och flera olika prideflaggor. Vi trycker och skickar din best\u00e4llning inom 24h.  Antal motiv: 13\" \/>\n<meta property=\"og:url\" content=\"https:\/\/likeink.com\/sv\/gnuggisar\/pridetatueringar\/\" \/>\n<meta property=\"og:site_name\" content=\"Like ink\" \/>\n<meta property=\"article:publisher\" content=\"https:\/\/www.facebook.com\/LikeInkSe\" \/>\n<meta property=\"article:modified_time\" content=\"2026-04-14T12:56:11+00:00\" \/>\n<meta property=\"og:image\" content=\"https:\/\/likeink.com\/wp-content\/uploads\/2026\/03\/Pride-Tattoos-Temporary-Likeink-1024x722.png\" \/>\n\t<meta property=\"og:image:width\" content=\"1024\" \/>\n\t<meta property=\"og:image:height\" content=\"722\" \/>\n\t<meta property=\"og:image:type\" content=\"image\/png\" \/>\n<meta name=\"twitter:card\" content=\"summary_large_image\" \/>\n<meta name=\"twitter:label1\" content=\"Ber\u00e4knad l\u00e4stid\" \/>\n\t<meta name=\"twitter:data1\" content=\"1 minut\" \/>\n<!-- \/ Yoast SEO Premium plugin. -->","yoast_head_json":{"title":"K\u00f6p Pride tatueringar | Pride gnuggisar - Like ink","description":"Best\u00e4ll Pride tatueringar, gnuggistatueringar med pride-tema! Prideflaggor, enh\u00f6rning och symboler - f\u00f6r en lyckad pridedag! - Like ink","robots":{"index":"index","follow":"follow","max-snippet":"max-snippet:-1","max-image-preview":"max-image-preview:large","max-video-preview":"max-video-preview:-1"},"canonical":"https:\/\/likeink.com\/sv\/gnuggisar\/pridetatueringar\/","og_locale":"sv_SE","og_type":"article","og_title":"Pride Tatueringar","og_description":"Like inks f\u00e4rdigdesignade ark \u00e4r i storleken A5, ca 20X14 cm stora. Fake tatueringar med motiv av Pride Detta ark med gnuggisar med pride-tema inneh\u00e5ller flera pridemotiv som \u00e4r mellan 3 och 8 cm breda. Tatueringar med regnb\u00e5ge, enh\u00f6rning, pridehj\u00e4rta, pussmun, kvinnotecken och flera olika prideflaggor. Vi trycker och skickar din best\u00e4llning inom 24h.  Antal motiv: 13","og_url":"https:\/\/likeink.com\/sv\/gnuggisar\/pridetatueringar\/","og_site_name":"Like ink","article_publisher":"https:\/\/www.facebook.com\/LikeInkSe","article_modified_time":"2026-04-14T12:56:11+00:00","og_image":[{"width":1024,"height":722,"url":"https:\/\/likeink.com\/wp-content\/uploads\/2026\/03\/Pride-Tattoos-Temporary-Likeink-1024x722.png","type":"image\/png"}],"twitter_card":"summary_large_image","twitter_misc":{"Ber\u00e4knad l\u00e4stid":"1 minut"},"schema":{"@context":"https:\/\/schema.org","@graph":[{"@type":"WebPage","@id":"https:\/\/likeink.com\/sv\/gnuggisar\/pridetatueringar\/","url":"https:\/\/likeink.com\/sv\/gnuggisar\/pridetatueringar\/","name":"K\u00f6p Pride tatueringar | Pride gnuggisar - Like ink","isPartOf":{"@id":"https:\/\/likeink.com\/sv\/#website"},"primaryImageOfPage":{"@id":"https:\/\/likeink.com\/sv\/gnuggisar\/pridetatueringar\/#primaryimage"},"image":{"@id":"https:\/\/likeink.com\/sv\/gnuggisar\/pridetatueringar\/#primaryimage"},"thumbnailUrl":"https:\/\/likeink.com\/wp-content\/uploads\/2026\/03\/Pride-Tattoos-Temporary-Likeink.png","datePublished":"2021-02-09T14:39:29+00:00","dateModified":"2026-04-14T12:56:11+00:00","description":"Best\u00e4ll Pride tatueringar, gnuggistatueringar med pride-tema! Prideflaggor, enh\u00f6rning och symboler - f\u00f6r en lyckad pridedag! - Like ink","breadcrumb":{"@id":"https:\/\/likeink.com\/sv\/gnuggisar\/pridetatueringar\/#breadcrumb"},"inLanguage":"sv-SE","potentialAction":[{"@type":"ReadAction","target":["https:\/\/likeink.com\/sv\/gnuggisar\/pridetatueringar\/"]}]},{"@type":"ImageObject","inLanguage":"sv-SE","@id":"https:\/\/likeink.com\/sv\/gnuggisar\/pridetatueringar\/#primaryimage","url":"https:\/\/likeink.com\/wp-content\/uploads\/2026\/03\/Pride-Tattoos-Temporary-Likeink.png","contentUrl":"https:\/\/likeink.com\/wp-content\/uploads\/2026\/03\/Pride-Tattoos-Temporary-Likeink.png","width":2481,"height":1749,"caption":"F\u00e4rgglada illustrationer med Pride-tema, bl.a. regnb\u00e5gsflaggor, hj\u00e4rtan, ankare, fj\u00e4ril, enh\u00f6rningshorn, blommor, fredstecken, infinity-symbol, l\u00e4ppar och genussymboler, med Love is Love-text i mitten mot en vit bakgrund."},{"@type":"BreadcrumbList","@id":"https:\/\/likeink.com\/sv\/gnuggisar\/pridetatueringar\/#breadcrumb","itemListElement":[{"@type":"ListItem","position":1,"name":"Hem","item":"https:\/\/likeink.com\/sv\/"},{"@type":"ListItem","position":2,"name":"Webbutik","item":"https:\/\/likeink.com\/sv\/webbutik\/"},{"@type":"ListItem","position":3,"name":"Pride Tatueringar"}]},{"@type":"WebSite","@id":"https:\/\/likeink.com\/sv\/#website","url":"https:\/\/likeink.com\/sv\/","name":"Like ink","description":"Make your own custom design","potentialAction":[{"@type":"SearchAction","target":{"@type":"EntryPoint","urlTemplate":"https:\/\/likeink.com\/sv\/?s={search_term_string}"},"query-input":{"@type":"PropertyValueSpecification","valueRequired":true,"valueName":"search_term_string"}}],"inLanguage":"sv-SE"}]}},"_links":{"self":[{"href":"https:\/\/likeink.com\/sv\/wp-json\/wp\/v2\/product\/4613","targetHints":{"allow":["GET"]}}],"collection":[{"href":"https:\/\/likeink.com\/sv\/wp-json\/wp\/v2\/product"}],"about":[{"href":"https:\/\/likeink.com\/sv\/wp-json\/wp\/v2\/types\/product"}],"wp:featuredmedia":[{"embeddable":true,"href":"https:\/\/likeink.com\/sv\/wp-json\/wp\/v2\/media\/59955"}],"wp:attachment":[{"href":"https:\/\/likeink.com\/sv\/wp-json\/wp\/v2\/media?parent=4613"}],"wp:term":[{"taxonomy":"product_brand","embeddable":true,"href":"https:\/\/likeink.com\/sv\/wp-json\/wp\/v2\/product_brand?post=4613"},{"taxonomy":"product_cat","embeddable":true,"href":"https:\/\/likeink.com\/sv\/wp-json\/wp\/v2\/product_cat?post=4613"},{"taxonomy":"product_tag","embeddable":true,"href":"https:\/\/likeink.com\/sv\/wp-json\/wp\/v2\/product_tag?post=4613"}],"curies":[{"name":"wp","href":"https:\/\/api.w.org\/{rel}","templated":true}]}}