{"id":48142,"date":"2025-06-26T13:34:50","date_gmt":"2025-06-26T13:34:50","guid":{"rendered":"https:\/\/likeink.com\/gnuggis\/temporary-tattoo-sheet-classic-like-ink-style-a6\/"},"modified":"2026-03-14T22:33:43","modified_gmt":"2026-03-14T22:33:43","slug":"tatueringsark-like-ink-style","status":"publish","type":"product","link":"https:\/\/likeink.com\/sv\/gnuggisar\/tatueringsark-like-ink-style\/","title":{"rendered":"Tatueringsark Like Ink Style"},"content":{"rendered":"","protected":false},"excerpt":{"rendered":"<p data-start=\"104\" data-end=\"481\"><strong data-start=\"23\" data-end=\"93\">A6-ark med Tempor\u00e4ra Tatueringar.<\/strong><\/p>\n<p data-start=\"104\" data-end=\"481\"><br data-start=\"93\" data-end=\"96\" \/>A6-ark fyllt av 14 unika motiv \u2013 ankare, hj\u00e4rtan, stj\u00e4rnor, d\u00f6dskallar, en gr\u00f6n katt m.m. L\u00e4tta att applicera och roliga att b\u00e4ra \u2013 perfekta f\u00f6r fester, event eller n\u00e4r du vill uttrycka dig utan permanenta n\u00e5lstick.<\/p>\n<p data-start=\"104\" data-end=\"481\"><br data-start=\"345\" data-end=\"348\" \/><strong data-start=\"348\" data-end=\"360\">Storlek:<\/strong> A6<\/p>\n<p data-start=\"104\" data-end=\"481\"><strong data-start=\"364\" data-end=\"386\">Antal tatueringar:<\/strong> 14<\/p>\n","protected":false},"featured_media":48126,"template":"","meta":[],"product_brand":[],"product_cat":[17,489,139],"product_tag":[],"class_list":{"0":"post-48142","1":"product","2":"type-product","3":"status-publish","4":"has-post-thumbnail","6":"product_cat-fardiga-ark","7":"product_cat-old-school-retro-sv","8":"product_cat-ovriga-tatueringar","10":"first","11":"instock","12":"taxable","13":"shipping-taxable","14":"purchasable","15":"product-type-simple"},"yoast_head":"<!-- This site is optimized with the Yoast SEO Premium plugin v26.2 (Yoast SEO v27.4) - https:\/\/yoast.com\/product\/yoast-seo-premium-wordpress\/ -->\n<title>Tempor\u00e4ra Tatueringar A6 \u2013 Klassiska Motiv | 14 Fake Tattoos - Like ink<\/title>\n<meta name=\"description\" content=\"K\u00f6p ett snyggt A6-ark med 14 klassiska tempor\u00e4ra tatueringar \u2013 d\u00f6dskalle, ankare, hj\u00e4rtan, stj\u00e4rnor &amp; mer. Perfekt f\u00f6r festivaler, kalas och vardagskul!\" \/>\n<meta name=\"robots\" content=\"index, follow, max-snippet:-1, max-image-preview:large, max-video-preview:-1\" \/>\n<link rel=\"canonical\" href=\"https:\/\/likeink.com\/sv\/gnuggisar\/tatueringsark-like-ink-style\/\" \/>\n<meta property=\"og:locale\" content=\"sv_SE\" \/>\n<meta property=\"og:type\" content=\"article\" \/>\n<meta property=\"og:title\" content=\"Tatueringsark Like Ink Style\" \/>\n<meta property=\"og:description\" content=\"A6-ark med Tempor\u00e4ra Tatueringar. A6-ark fyllt av 14 unika motiv \u2013 ankare, hj\u00e4rtan, stj\u00e4rnor, d\u00f6dskallar, en gr\u00f6n katt m.m. L\u00e4tta att applicera och roliga att b\u00e4ra \u2013 perfekta f\u00f6r fester, event eller n\u00e4r du vill uttrycka dig utan permanenta n\u00e5lstick. Storlek: A6 Antal tatueringar: 14\" \/>\n<meta property=\"og:url\" content=\"https:\/\/likeink.com\/sv\/gnuggisar\/tatueringsark-like-ink-style\/\" \/>\n<meta property=\"og:site_name\" content=\"Like ink\" \/>\n<meta property=\"article:publisher\" content=\"https:\/\/www.facebook.com\/LikeInkSe\" \/>\n<meta property=\"article:modified_time\" content=\"2026-03-14T22:33:43+00:00\" \/>\n<meta property=\"og:image\" content=\"https:\/\/likeink.com\/wp-content\/uploads\/2025\/06\/Likeink-ark-testark-temporaratatueringar.jpg\" \/>\n\t<meta property=\"og:image:width\" content=\"1600\" \/>\n\t<meta property=\"og:image:height\" content=\"1127\" \/>\n\t<meta property=\"og:image:type\" content=\"image\/jpeg\" \/>\n<meta name=\"twitter:card\" content=\"summary_large_image\" \/>\n<meta name=\"twitter:label1\" content=\"Ber\u00e4knad l\u00e4stid\" \/>\n\t<meta name=\"twitter:data1\" content=\"1 minut\" \/>\n<script type=\"application\/ld+json\" class=\"yoast-schema-graph\">{\"@context\":\"https:\\\/\\\/schema.org\",\"@graph\":[{\"@type\":\"WebPage\",\"@id\":\"https:\\\/\\\/likeink.com\\\/sv\\\/gnuggisar\\\/tatueringsark-like-ink-style\\\/\",\"url\":\"https:\\\/\\\/likeink.com\\\/sv\\\/gnuggisar\\\/tatueringsark-like-ink-style\\\/\",\"name\":\"Tempor\u00e4ra Tatueringar A6 \u2013 Klassiska Motiv | 14 Fake Tattoos - Like ink\",\"isPartOf\":{\"@id\":\"https:\\\/\\\/likeink.com\\\/sv\\\/#website\"},\"primaryImageOfPage\":{\"@id\":\"https:\\\/\\\/likeink.com\\\/sv\\\/gnuggisar\\\/tatueringsark-like-ink-style\\\/#primaryimage\"},\"image\":{\"@id\":\"https:\\\/\\\/likeink.com\\\/sv\\\/gnuggisar\\\/tatueringsark-like-ink-style\\\/#primaryimage\"},\"thumbnailUrl\":\"https:\\\/\\\/likeink.com\\\/wp-content\\\/uploads\\\/2025\\\/06\\\/Likeink-ark-testark-temporaratatueringar.jpg\",\"datePublished\":\"2025-06-26T13:34:50+00:00\",\"dateModified\":\"2026-03-14T22:33:43+00:00\",\"description\":\"K\u00f6p ett snyggt A6-ark med 14 klassiska tempor\u00e4ra tatueringar \u2013 d\u00f6dskalle, ankare, hj\u00e4rtan, stj\u00e4rnor & mer. Perfekt f\u00f6r festivaler, kalas och vardagskul!\",\"breadcrumb\":{\"@id\":\"https:\\\/\\\/likeink.com\\\/sv\\\/gnuggisar\\\/tatueringsark-like-ink-style\\\/#breadcrumb\"},\"inLanguage\":\"sv-SE\",\"potentialAction\":[{\"@type\":\"ReadAction\",\"target\":[\"https:\\\/\\\/likeink.com\\\/sv\\\/gnuggisar\\\/tatueringsark-like-ink-style\\\/\"]}]},{\"@type\":\"ImageObject\",\"inLanguage\":\"sv-SE\",\"@id\":\"https:\\\/\\\/likeink.com\\\/sv\\\/gnuggisar\\\/tatueringsark-like-ink-style\\\/#primaryimage\",\"url\":\"https:\\\/\\\/likeink.com\\\/wp-content\\\/uploads\\\/2025\\\/06\\\/Likeink-ark-testark-temporaratatueringar.jpg\",\"contentUrl\":\"https:\\\/\\\/likeink.com\\\/wp-content\\\/uploads\\\/2025\\\/06\\\/Likeink-ark-testark-temporaratatueringar.jpg\",\"width\":1600,\"height\":1127,\"caption\":\"Blandade tillf\u00e4lliga tatueringsmotiv med ankare, hj\u00e4rtan, d\u00f6dskalle, katt, stj\u00e4rnor och texter som \u201cLOVE FOR ALL\u201d och \u201cPERMANENT.\"},{\"@type\":\"BreadcrumbList\",\"@id\":\"https:\\\/\\\/likeink.com\\\/sv\\\/gnuggisar\\\/tatueringsark-like-ink-style\\\/#breadcrumb\",\"itemListElement\":[{\"@type\":\"ListItem\",\"position\":1,\"name\":\"Hem\",\"item\":\"https:\\\/\\\/likeink.com\\\/sv\\\/\"},{\"@type\":\"ListItem\",\"position\":2,\"name\":\"Webbutik\",\"item\":\"https:\\\/\\\/likeink.com\\\/sv\\\/webbutik\\\/\"},{\"@type\":\"ListItem\",\"position\":3,\"name\":\"Tatueringsark Like Ink Style\"}]},{\"@type\":\"WebSite\",\"@id\":\"https:\\\/\\\/likeink.com\\\/sv\\\/#website\",\"url\":\"https:\\\/\\\/likeink.com\\\/sv\\\/\",\"name\":\"Like ink\",\"description\":\"Make your own custom design\",\"potentialAction\":[{\"@type\":\"SearchAction\",\"target\":{\"@type\":\"EntryPoint\",\"urlTemplate\":\"https:\\\/\\\/likeink.com\\\/sv\\\/?s={search_term_string}\"},\"query-input\":{\"@type\":\"PropertyValueSpecification\",\"valueRequired\":true,\"valueName\":\"search_term_string\"}}],\"inLanguage\":\"sv-SE\"}]}<\/script>\n<!-- \/ Yoast SEO Premium plugin. -->","yoast_head_json":{"title":"Tempor\u00e4ra Tatueringar A6 \u2013 Klassiska Motiv | 14 Fake Tattoos - Like ink","description":"K\u00f6p ett snyggt A6-ark med 14 klassiska tempor\u00e4ra tatueringar \u2013 d\u00f6dskalle, ankare, hj\u00e4rtan, stj\u00e4rnor & mer. Perfekt f\u00f6r festivaler, kalas och vardagskul!","robots":{"index":"index","follow":"follow","max-snippet":"max-snippet:-1","max-image-preview":"max-image-preview:large","max-video-preview":"max-video-preview:-1"},"canonical":"https:\/\/likeink.com\/sv\/gnuggisar\/tatueringsark-like-ink-style\/","og_locale":"sv_SE","og_type":"article","og_title":"Tatueringsark Like Ink Style","og_description":"A6-ark med Tempor\u00e4ra Tatueringar. A6-ark fyllt av 14 unika motiv \u2013 ankare, hj\u00e4rtan, stj\u00e4rnor, d\u00f6dskallar, en gr\u00f6n katt m.m. L\u00e4tta att applicera och roliga att b\u00e4ra \u2013 perfekta f\u00f6r fester, event eller n\u00e4r du vill uttrycka dig utan permanenta n\u00e5lstick. Storlek: A6 Antal tatueringar: 14","og_url":"https:\/\/likeink.com\/sv\/gnuggisar\/tatueringsark-like-ink-style\/","og_site_name":"Like ink","article_publisher":"https:\/\/www.facebook.com\/LikeInkSe","article_modified_time":"2026-03-14T22:33:43+00:00","og_image":[{"width":1600,"height":1127,"url":"https:\/\/likeink.com\/wp-content\/uploads\/2025\/06\/Likeink-ark-testark-temporaratatueringar.jpg","type":"image\/jpeg"}],"twitter_card":"summary_large_image","twitter_misc":{"Ber\u00e4knad l\u00e4stid":"1 minut"},"schema":{"@context":"https:\/\/schema.org","@graph":[{"@type":"WebPage","@id":"https:\/\/likeink.com\/sv\/gnuggisar\/tatueringsark-like-ink-style\/","url":"https:\/\/likeink.com\/sv\/gnuggisar\/tatueringsark-like-ink-style\/","name":"Tempor\u00e4ra Tatueringar A6 \u2013 Klassiska Motiv | 14 Fake Tattoos - Like ink","isPartOf":{"@id":"https:\/\/likeink.com\/sv\/#website"},"primaryImageOfPage":{"@id":"https:\/\/likeink.com\/sv\/gnuggisar\/tatueringsark-like-ink-style\/#primaryimage"},"image":{"@id":"https:\/\/likeink.com\/sv\/gnuggisar\/tatueringsark-like-ink-style\/#primaryimage"},"thumbnailUrl":"https:\/\/likeink.com\/wp-content\/uploads\/2025\/06\/Likeink-ark-testark-temporaratatueringar.jpg","datePublished":"2025-06-26T13:34:50+00:00","dateModified":"2026-03-14T22:33:43+00:00","description":"K\u00f6p ett snyggt A6-ark med 14 klassiska tempor\u00e4ra tatueringar \u2013 d\u00f6dskalle, ankare, hj\u00e4rtan, stj\u00e4rnor & mer. Perfekt f\u00f6r festivaler, kalas och vardagskul!","breadcrumb":{"@id":"https:\/\/likeink.com\/sv\/gnuggisar\/tatueringsark-like-ink-style\/#breadcrumb"},"inLanguage":"sv-SE","potentialAction":[{"@type":"ReadAction","target":["https:\/\/likeink.com\/sv\/gnuggisar\/tatueringsark-like-ink-style\/"]}]},{"@type":"ImageObject","inLanguage":"sv-SE","@id":"https:\/\/likeink.com\/sv\/gnuggisar\/tatueringsark-like-ink-style\/#primaryimage","url":"https:\/\/likeink.com\/wp-content\/uploads\/2025\/06\/Likeink-ark-testark-temporaratatueringar.jpg","contentUrl":"https:\/\/likeink.com\/wp-content\/uploads\/2025\/06\/Likeink-ark-testark-temporaratatueringar.jpg","width":1600,"height":1127,"caption":"Blandade tillf\u00e4lliga tatueringsmotiv med ankare, hj\u00e4rtan, d\u00f6dskalle, katt, stj\u00e4rnor och texter som \u201cLOVE FOR ALL\u201d och \u201cPERMANENT."},{"@type":"BreadcrumbList","@id":"https:\/\/likeink.com\/sv\/gnuggisar\/tatueringsark-like-ink-style\/#breadcrumb","itemListElement":[{"@type":"ListItem","position":1,"name":"Hem","item":"https:\/\/likeink.com\/sv\/"},{"@type":"ListItem","position":2,"name":"Webbutik","item":"https:\/\/likeink.com\/sv\/webbutik\/"},{"@type":"ListItem","position":3,"name":"Tatueringsark Like Ink Style"}]},{"@type":"WebSite","@id":"https:\/\/likeink.com\/sv\/#website","url":"https:\/\/likeink.com\/sv\/","name":"Like ink","description":"Make your own custom design","potentialAction":[{"@type":"SearchAction","target":{"@type":"EntryPoint","urlTemplate":"https:\/\/likeink.com\/sv\/?s={search_term_string}"},"query-input":{"@type":"PropertyValueSpecification","valueRequired":true,"valueName":"search_term_string"}}],"inLanguage":"sv-SE"}]}},"_links":{"self":[{"href":"https:\/\/likeink.com\/sv\/wp-json\/wp\/v2\/product\/48142","targetHints":{"allow":["GET"]}}],"collection":[{"href":"https:\/\/likeink.com\/sv\/wp-json\/wp\/v2\/product"}],"about":[{"href":"https:\/\/likeink.com\/sv\/wp-json\/wp\/v2\/types\/product"}],"wp:featuredmedia":[{"embeddable":true,"href":"https:\/\/likeink.com\/sv\/wp-json\/wp\/v2\/media\/48126"}],"wp:attachment":[{"href":"https:\/\/likeink.com\/sv\/wp-json\/wp\/v2\/media?parent=48142"}],"wp:term":[{"taxonomy":"product_brand","embeddable":true,"href":"https:\/\/likeink.com\/sv\/wp-json\/wp\/v2\/product_brand?post=48142"},{"taxonomy":"product_cat","embeddable":true,"href":"https:\/\/likeink.com\/sv\/wp-json\/wp\/v2\/product_cat?post=48142"},{"taxonomy":"product_tag","embeddable":true,"href":"https:\/\/likeink.com\/sv\/wp-json\/wp\/v2\/product_tag?post=48142"}],"curies":[{"name":"wp","href":"https:\/\/api.w.org\/{rel}","templated":true}]}}