{"id":4817,"date":"2021-03-01T13:27:07","date_gmt":"2021-03-01T13:27:07","guid":{"rendered":"https:\/\/likeink.se\/?post_type=product&#038;p=4817"},"modified":"2026-04-14T13:55:06","modified_gmt":"2026-04-14T13:55:06","slug":"flash-by-lotte-at-malort","status":"publish","type":"product","link":"https:\/\/likeink.com\/sv\/gnuggisar\/flash-by-lotte-at-malort\/","title":{"rendered":"Flash &#8221;Mermaid&#8221; by Lotte at Mal\u00f6rt"},"content":{"rendered":"","protected":false},"excerpt":{"rendered":"<p>Our finished disposable sheets with temporary tattoos are approximately 20\u00d715 cm large and filled with the design you see in the picture. To ensure your satisfaction, we will print and send the sheet within 24 hours after you have ordered. This sheet is designed by the talented tattoo artist Lotte at Mal\u00f6rt in Malm\u00f6.<\/p>\n<h2>Eng\u00e5ngstatueringar Flash av Lotte<\/h2>\n<p><strong>This is Lotte:<\/strong> I\u2019m a Tattooer from Norway. I started as an apprentice in 2009 and I have been working in England and Denmark before I but ended up in wonderful Malm\u00f6, where I co-own a beautiful shop called Mal\u00f6rt Tatuering.<br \/>\nI love drawing, painting and tattooing in colour and black and grey. I hope you enjoy these illustrations.<\/p>\n<p><strong>Get in touch with LOTTE<\/strong><\/p>\n<p><strong>Instagram:<\/strong><\/p>\n<p>@lottetattoo<\/p>\n<p><strong>Studio:<\/strong><\/p>\n<p>Mal\u00f6rt Tatuering @malortmalmo<\/p>\n<p><strong>Adress:<\/strong><\/p>\n<p>Friisgatan 10, 211 46 MALM\u00d6<\/p>\n<p><strong>Hemsida:<\/strong> www.malortmalmo.se<\/p>\n","protected":false},"featured_media":60114,"template":"","meta":[],"product_brand":[],"product_cat":[491,17,131,124],"product_tag":[],"class_list":{"0":"post-4817","1":"product","2":"type-product","3":"status-publish","4":"has-post-thumbnail","6":"product_cat-samarbeten-tatuerare","7":"product_cat-fardiga-ark","8":"product_cat-sagodjur-tatuering","9":"product_cat-samarbeten-med-tatuerare","11":"first","12":"instock","13":"taxable","14":"shipping-taxable","15":"purchasable","16":"product-type-simple"},"yoast_head":"<!-- This site is optimized with the Yoast SEO Premium plugin v26.2 (Yoast SEO v27.4) - https:\/\/yoast.com\/product\/yoast-seo-premium-wordpress\/ -->\n<title>K\u00f6p Fake tattoos | Design av tatueraren Lotte p\u00e5 Mal\u00f6rt - Like ink<\/title>\n<meta name=\"description\" content=\"K\u00f6p fake tattoos med design fr\u00e5n tatueringsartisten Lotte p\u00e5 Mal\u00f6rt. Design av Mal\u00f6rt Vi ger dig snabba leveranser &amp; Fri frakt - Like ink\" \/>\n<meta name=\"robots\" content=\"index, follow, max-snippet:-1, max-image-preview:large, max-video-preview:-1\" \/>\n<link rel=\"canonical\" href=\"https:\/\/likeink.com\/sv\/gnuggisar\/flash-by-lotte-at-malort\/\" \/>\n<meta property=\"og:locale\" content=\"sv_SE\" \/>\n<meta property=\"og:type\" content=\"article\" \/>\n<meta property=\"og:title\" content=\"Flash &quot;Mermaid&quot; by Lotte at Mal\u00f6rt\" \/>\n<meta property=\"og:description\" content=\"Our finished disposable sheets with temporary tattoos are approximately 20\u00d715 cm large and filled with the design you see in the picture. To ensure your satisfaction, we will print and send the sheet within 24 hours after you have ordered. This sheet is designed by the talented tattoo artist Lotte at Mal\u00f6rt in Malm\u00f6. Eng\u00e5ngstatueringar Flash av Lotte This is Lotte: I\u2019m a Tattooer from Norway. I started as an apprentice in 2009 and I have been working in England and Denmark before I but ended up in wonderful Malm\u00f6, where I co-own a beautiful shop called Mal\u00f6rt Tatuering. I love drawing, painting and tattooing in colour and black and grey. I hope you enjoy these illustrations.  Get in touch with LOTTE  Instagram:  @lottetattoo  Studio:  Mal\u00f6rt Tatuering @malortmalmo  Adress:  Friisgatan 10, 211 46 MALM\u00d6  Hemsida: www.malortmalmo.se\" \/>\n<meta property=\"og:url\" content=\"https:\/\/likeink.com\/sv\/gnuggisar\/flash-by-lotte-at-malort\/\" \/>\n<meta property=\"og:site_name\" content=\"Like ink\" \/>\n<meta property=\"article:publisher\" content=\"https:\/\/www.facebook.com\/LikeInkSe\" \/>\n<meta property=\"article:modified_time\" content=\"2026-04-14T13:55:06+00:00\" \/>\n<meta property=\"og:image\" content=\"https:\/\/likeink.com\/wp-content\/uploads\/2026\/03\/Malort-Malmo-Tattoo-likeink.jpg\" \/>\n\t<meta property=\"og:image:width\" content=\"1800\" \/>\n\t<meta property=\"og:image:height\" content=\"1268\" \/>\n\t<meta property=\"og:image:type\" content=\"image\/jpeg\" \/>\n<meta name=\"twitter:card\" content=\"summary_large_image\" \/>\n<meta name=\"twitter:label1\" content=\"Ber\u00e4knad l\u00e4stid\" \/>\n\t<meta name=\"twitter:data1\" content=\"1 minut\" \/>\n<script type=\"application\/ld+json\" class=\"yoast-schema-graph\">{\"@context\":\"https:\\\/\\\/schema.org\",\"@graph\":[{\"@type\":\"WebPage\",\"@id\":\"https:\\\/\\\/likeink.com\\\/sv\\\/gnuggisar\\\/flash-by-lotte-at-malort\\\/\",\"url\":\"https:\\\/\\\/likeink.com\\\/sv\\\/gnuggisar\\\/flash-by-lotte-at-malort\\\/\",\"name\":\"K\u00f6p Fake tattoos | Design av tatueraren Lotte p\u00e5 Mal\u00f6rt - Like ink\",\"isPartOf\":{\"@id\":\"https:\\\/\\\/likeink.com\\\/sv\\\/#website\"},\"primaryImageOfPage\":{\"@id\":\"https:\\\/\\\/likeink.com\\\/sv\\\/gnuggisar\\\/flash-by-lotte-at-malort\\\/#primaryimage\"},\"image\":{\"@id\":\"https:\\\/\\\/likeink.com\\\/sv\\\/gnuggisar\\\/flash-by-lotte-at-malort\\\/#primaryimage\"},\"thumbnailUrl\":\"https:\\\/\\\/likeink.com\\\/wp-content\\\/uploads\\\/2026\\\/03\\\/Malort-Malmo-Tattoo-likeink.jpg\",\"datePublished\":\"2021-03-01T13:27:07+00:00\",\"dateModified\":\"2026-04-14T13:55:06+00:00\",\"description\":\"K\u00f6p fake tattoos med design fr\u00e5n tatueringsartisten Lotte p\u00e5 Mal\u00f6rt. Design av Mal\u00f6rt Vi ger dig snabba leveranser & Fri frakt - Like ink\",\"breadcrumb\":{\"@id\":\"https:\\\/\\\/likeink.com\\\/sv\\\/gnuggisar\\\/flash-by-lotte-at-malort\\\/#breadcrumb\"},\"inLanguage\":\"sv-SE\",\"potentialAction\":[{\"@type\":\"ReadAction\",\"target\":[\"https:\\\/\\\/likeink.com\\\/sv\\\/gnuggisar\\\/flash-by-lotte-at-malort\\\/\"]}]},{\"@type\":\"ImageObject\",\"inLanguage\":\"sv-SE\",\"@id\":\"https:\\\/\\\/likeink.com\\\/sv\\\/gnuggisar\\\/flash-by-lotte-at-malort\\\/#primaryimage\",\"url\":\"https:\\\/\\\/likeink.com\\\/wp-content\\\/uploads\\\/2026\\\/03\\\/Malort-Malmo-Tattoo-likeink.jpg\",\"contentUrl\":\"https:\\\/\\\/likeink.com\\\/wp-content\\\/uploads\\\/2026\\\/03\\\/Malort-Malmo-Tattoo-likeink.jpg\",\"width\":1800,\"height\":1268,\"caption\":\"Ett collage av tatueringsliknande illustrationer med bl.a. delfiner, ormar, blommor, sn\u00e4ckskal, spindlar, en dekorativ vas och tv\u00e5 speglade sj\u00f6jungfrur som h\u00e5ller i en halvm\u00e5ne. Ordet Mal\u00f6rt st\u00e5r h\u00f6gst upp i mitten.\"},{\"@type\":\"BreadcrumbList\",\"@id\":\"https:\\\/\\\/likeink.com\\\/sv\\\/gnuggisar\\\/flash-by-lotte-at-malort\\\/#breadcrumb\",\"itemListElement\":[{\"@type\":\"ListItem\",\"position\":1,\"name\":\"Hem\",\"item\":\"https:\\\/\\\/likeink.com\\\/sv\\\/\"},{\"@type\":\"ListItem\",\"position\":2,\"name\":\"Webbutik\",\"item\":\"https:\\\/\\\/likeink.com\\\/sv\\\/webbutik\\\/\"},{\"@type\":\"ListItem\",\"position\":3,\"name\":\"Flash &#8220;Mermaid&#8221; by Lotte at Mal\u00f6rt\"}]},{\"@type\":\"WebSite\",\"@id\":\"https:\\\/\\\/likeink.com\\\/sv\\\/#website\",\"url\":\"https:\\\/\\\/likeink.com\\\/sv\\\/\",\"name\":\"Like ink\",\"description\":\"Make your own custom design\",\"potentialAction\":[{\"@type\":\"SearchAction\",\"target\":{\"@type\":\"EntryPoint\",\"urlTemplate\":\"https:\\\/\\\/likeink.com\\\/sv\\\/?s={search_term_string}\"},\"query-input\":{\"@type\":\"PropertyValueSpecification\",\"valueRequired\":true,\"valueName\":\"search_term_string\"}}],\"inLanguage\":\"sv-SE\"}]}<\/script>\n<!-- \/ Yoast SEO Premium plugin. -->","yoast_head_json":{"title":"K\u00f6p Fake tattoos | Design av tatueraren Lotte p\u00e5 Mal\u00f6rt - Like ink","description":"K\u00f6p fake tattoos med design fr\u00e5n tatueringsartisten Lotte p\u00e5 Mal\u00f6rt. Design av Mal\u00f6rt Vi ger dig snabba leveranser & Fri frakt - Like ink","robots":{"index":"index","follow":"follow","max-snippet":"max-snippet:-1","max-image-preview":"max-image-preview:large","max-video-preview":"max-video-preview:-1"},"canonical":"https:\/\/likeink.com\/sv\/gnuggisar\/flash-by-lotte-at-malort\/","og_locale":"sv_SE","og_type":"article","og_title":"Flash \"Mermaid\" by Lotte at Mal\u00f6rt","og_description":"Our finished disposable sheets with temporary tattoos are approximately 20\u00d715 cm large and filled with the design you see in the picture. To ensure your satisfaction, we will print and send the sheet within 24 hours after you have ordered. This sheet is designed by the talented tattoo artist Lotte at Mal\u00f6rt in Malm\u00f6. Eng\u00e5ngstatueringar Flash av Lotte This is Lotte: I\u2019m a Tattooer from Norway. I started as an apprentice in 2009 and I have been working in England and Denmark before I but ended up in wonderful Malm\u00f6, where I co-own a beautiful shop called Mal\u00f6rt Tatuering. I love drawing, painting and tattooing in colour and black and grey. I hope you enjoy these illustrations.  Get in touch with LOTTE  Instagram:  @lottetattoo  Studio:  Mal\u00f6rt Tatuering @malortmalmo  Adress:  Friisgatan 10, 211 46 MALM\u00d6  Hemsida: www.malortmalmo.se","og_url":"https:\/\/likeink.com\/sv\/gnuggisar\/flash-by-lotte-at-malort\/","og_site_name":"Like ink","article_publisher":"https:\/\/www.facebook.com\/LikeInkSe","article_modified_time":"2026-04-14T13:55:06+00:00","og_image":[{"width":1800,"height":1268,"url":"https:\/\/likeink.com\/wp-content\/uploads\/2026\/03\/Malort-Malmo-Tattoo-likeink.jpg","type":"image\/jpeg"}],"twitter_card":"summary_large_image","twitter_misc":{"Ber\u00e4knad l\u00e4stid":"1 minut"},"schema":{"@context":"https:\/\/schema.org","@graph":[{"@type":"WebPage","@id":"https:\/\/likeink.com\/sv\/gnuggisar\/flash-by-lotte-at-malort\/","url":"https:\/\/likeink.com\/sv\/gnuggisar\/flash-by-lotte-at-malort\/","name":"K\u00f6p Fake tattoos | Design av tatueraren Lotte p\u00e5 Mal\u00f6rt - Like ink","isPartOf":{"@id":"https:\/\/likeink.com\/sv\/#website"},"primaryImageOfPage":{"@id":"https:\/\/likeink.com\/sv\/gnuggisar\/flash-by-lotte-at-malort\/#primaryimage"},"image":{"@id":"https:\/\/likeink.com\/sv\/gnuggisar\/flash-by-lotte-at-malort\/#primaryimage"},"thumbnailUrl":"https:\/\/likeink.com\/wp-content\/uploads\/2026\/03\/Malort-Malmo-Tattoo-likeink.jpg","datePublished":"2021-03-01T13:27:07+00:00","dateModified":"2026-04-14T13:55:06+00:00","description":"K\u00f6p fake tattoos med design fr\u00e5n tatueringsartisten Lotte p\u00e5 Mal\u00f6rt. Design av Mal\u00f6rt Vi ger dig snabba leveranser & Fri frakt - Like ink","breadcrumb":{"@id":"https:\/\/likeink.com\/sv\/gnuggisar\/flash-by-lotte-at-malort\/#breadcrumb"},"inLanguage":"sv-SE","potentialAction":[{"@type":"ReadAction","target":["https:\/\/likeink.com\/sv\/gnuggisar\/flash-by-lotte-at-malort\/"]}]},{"@type":"ImageObject","inLanguage":"sv-SE","@id":"https:\/\/likeink.com\/sv\/gnuggisar\/flash-by-lotte-at-malort\/#primaryimage","url":"https:\/\/likeink.com\/wp-content\/uploads\/2026\/03\/Malort-Malmo-Tattoo-likeink.jpg","contentUrl":"https:\/\/likeink.com\/wp-content\/uploads\/2026\/03\/Malort-Malmo-Tattoo-likeink.jpg","width":1800,"height":1268,"caption":"Ett collage av tatueringsliknande illustrationer med bl.a. delfiner, ormar, blommor, sn\u00e4ckskal, spindlar, en dekorativ vas och tv\u00e5 speglade sj\u00f6jungfrur som h\u00e5ller i en halvm\u00e5ne. Ordet Mal\u00f6rt st\u00e5r h\u00f6gst upp i mitten."},{"@type":"BreadcrumbList","@id":"https:\/\/likeink.com\/sv\/gnuggisar\/flash-by-lotte-at-malort\/#breadcrumb","itemListElement":[{"@type":"ListItem","position":1,"name":"Hem","item":"https:\/\/likeink.com\/sv\/"},{"@type":"ListItem","position":2,"name":"Webbutik","item":"https:\/\/likeink.com\/sv\/webbutik\/"},{"@type":"ListItem","position":3,"name":"Flash &#8220;Mermaid&#8221; by Lotte at Mal\u00f6rt"}]},{"@type":"WebSite","@id":"https:\/\/likeink.com\/sv\/#website","url":"https:\/\/likeink.com\/sv\/","name":"Like ink","description":"Make your own custom design","potentialAction":[{"@type":"SearchAction","target":{"@type":"EntryPoint","urlTemplate":"https:\/\/likeink.com\/sv\/?s={search_term_string}"},"query-input":{"@type":"PropertyValueSpecification","valueRequired":true,"valueName":"search_term_string"}}],"inLanguage":"sv-SE"}]}},"_links":{"self":[{"href":"https:\/\/likeink.com\/sv\/wp-json\/wp\/v2\/product\/4817","targetHints":{"allow":["GET"]}}],"collection":[{"href":"https:\/\/likeink.com\/sv\/wp-json\/wp\/v2\/product"}],"about":[{"href":"https:\/\/likeink.com\/sv\/wp-json\/wp\/v2\/types\/product"}],"wp:featuredmedia":[{"embeddable":true,"href":"https:\/\/likeink.com\/sv\/wp-json\/wp\/v2\/media\/60114"}],"wp:attachment":[{"href":"https:\/\/likeink.com\/sv\/wp-json\/wp\/v2\/media?parent=4817"}],"wp:term":[{"taxonomy":"product_brand","embeddable":true,"href":"https:\/\/likeink.com\/sv\/wp-json\/wp\/v2\/product_brand?post=4817"},{"taxonomy":"product_cat","embeddable":true,"href":"https:\/\/likeink.com\/sv\/wp-json\/wp\/v2\/product_cat?post=4817"},{"taxonomy":"product_tag","embeddable":true,"href":"https:\/\/likeink.com\/sv\/wp-json\/wp\/v2\/product_tag?post=4817"}],"curies":[{"name":"wp","href":"https:\/\/api.w.org\/{rel}","templated":true}]}}