{"id":4949,"date":"2021-03-18T13:35:13","date_gmt":"2021-03-18T13:35:13","guid":{"rendered":"https:\/\/likeink.se\/produkt\/flash-3-by-annica-at-accas-tattoo\/"},"modified":"2024-02-14T16:24:28","modified_gmt":"2024-02-14T16:24:28","slug":"flash-flowers-by-studio-by-akka","status":"publish","type":"product","link":"https:\/\/likeink.com\/sv\/gnuggisar\/flash-flowers-by-studio-by-akka\/","title":{"rendered":"Flash &#8221;Flowers&#8221; by Studio by Akka"},"content":{"rendered":"","protected":false},"excerpt":{"rendered":"<p>V\u00e5ra f\u00e4rdiga ark med eng\u00e5ngstatueringar \u00e4r cirka 20\u00d715 cm stora och fyllda med designen du ser p\u00e5 bilden. Vi trycker och skickar ditt ark med eng\u00e5ngstatueringar inom 24 timmar efter det att du best\u00e4llt.<br \/>\nDet h\u00e4r arket \u00e4r designat av Annica som driver studion Akkas Tattoo. Riktigt nice tatueringsmotiv, eller hur?<\/p>\n<h2>Eng\u00e5ngstatueringar Flash 3 av Annica<\/h2>\n<p><strong>Detta \u00e4r Annica:<\/strong> Jag har alltid \u00e4lskat att rita och att arbeta med mina h\u00e4nder. Dr\u00f6mmen att bli tatuerare v\u00e4xte f\u00f6r varje \u00e5r och en dag s\u00e5 \u00f6ppnade jag \u00e4ntligen min egna studio Akkas Tattoo. Jag \u00e4r helt sj\u00e4lvl\u00e4rd och har jobbat h\u00e5rt f\u00f6r att komma dit jag \u00e4r idag. Nu har jag arbetat som tatuerare i \u00e5tta \u00e5r och jag \u00e4lskar mitt jobb.<br \/>\nJag deltar ofta p\u00e5 tatueringsm\u00e4ssor och 2018 vann jag mitt f\u00f6rsta pris. 2019 blev jag ocks\u00e5 sponsrad av IQ Tattoocare och Supply-division Denmark.<br \/>\nJag gillar att g\u00f6ra flera olika stilar, avantgarde, trash polka och vattenf\u00e4rg. Jag vill inte l\u00e5sa in mig i ett fack s\u00e5 av den anledningen tatuerar jag allt.<br \/>\nOm ni vill kontakta Annica:<\/p>\n<p><strong>Instagram<\/strong><br \/>\nakkas_tattoo<\/p>\n<p><strong>Facebook:<\/strong><br \/>\nAkkas Tattoo<\/p>\n<p><strong>Studio:<\/strong><br \/>\nAkkas Tattoo<\/p>\n<p>Web: https:\/\/studiobyakka.se<\/p>\n","protected":false},"featured_media":4931,"template":"","meta":[],"product_brand":[],"product_cat":[491,488,17],"product_tag":[],"class_list":{"0":"post-4949","1":"product","2":"type-product","3":"status-publish","4":"has-post-thumbnail","6":"product_cat-samarbeten-tatuerare","7":"product_cat-djur-natur","8":"product_cat-fardiga-ark","10":"first","11":"instock","12":"taxable","13":"shipping-taxable","14":"purchasable","15":"product-type-simple"},"yoast_head":"<!-- This site is optimized with the Yoast SEO Premium plugin v26.2 (Yoast SEO v27.4) - https:\/\/yoast.com\/product\/yoast-seo-premium-wordpress\/ -->\n<title>Flamingo tatueringar: | Gnuggisar ritade a Akkas Tattoo - Like ink<\/title>\n<meta name=\"description\" content=\"Flamingo tatueringar: K\u00f6p fake tatueringar med motiv av. Design Annica at Akkas Tattoo. A5 ark 98 kr - Snabba leveranser &amp; Fri frakt - Like ink\" \/>\n<meta name=\"robots\" content=\"index, follow, max-snippet:-1, max-image-preview:large, max-video-preview:-1\" \/>\n<link rel=\"canonical\" href=\"https:\/\/likeink.com\/sv\/gnuggisar\/flash-flowers-by-studio-by-akka\/\" \/>\n<meta property=\"og:locale\" content=\"sv_SE\" \/>\n<meta property=\"og:type\" content=\"article\" \/>\n<meta property=\"og:title\" content=\"Flash &quot;Flowers&quot; by Studio by Akka\" \/>\n<meta property=\"og:description\" content=\"V\u00e5ra f\u00e4rdiga ark med eng\u00e5ngstatueringar \u00e4r cirka 20\u00d715 cm stora och fyllda med designen du ser p\u00e5 bilden. Vi trycker och skickar ditt ark med eng\u00e5ngstatueringar inom 24 timmar efter det att du best\u00e4llt. Det h\u00e4r arket \u00e4r designat av Annica som driver studion Akkas Tattoo. Riktigt nice tatueringsmotiv, eller hur? Eng\u00e5ngstatueringar Flash 3 av Annica Detta \u00e4r Annica: Jag har alltid \u00e4lskat att rita och att arbeta med mina h\u00e4nder. Dr\u00f6mmen att bli tatuerare v\u00e4xte f\u00f6r varje \u00e5r och en dag s\u00e5 \u00f6ppnade jag \u00e4ntligen min egna studio Akkas Tattoo. Jag \u00e4r helt sj\u00e4lvl\u00e4rd och har jobbat h\u00e5rt f\u00f6r att komma dit jag \u00e4r idag. Nu har jag arbetat som tatuerare i \u00e5tta \u00e5r och jag \u00e4lskar mitt jobb. Jag deltar ofta p\u00e5 tatueringsm\u00e4ssor och 2018 vann jag mitt f\u00f6rsta pris. 2019 blev jag ocks\u00e5 sponsrad av IQ Tattoocare och Supply-division Denmark. Jag gillar att g\u00f6ra flera olika stilar, avantgarde, trash polka och vattenf\u00e4rg. Jag vill inte l\u00e5sa in mig i ett fack s\u00e5 av den anledningen tatuerar jag allt. Om ni vill kontakta Annica:  Instagram akkas_tattoo  Facebook: Akkas Tattoo  Studio: Akkas Tattoo  Web: https:\/\/studiobyakka.se\" \/>\n<meta property=\"og:url\" content=\"https:\/\/likeink.com\/sv\/gnuggisar\/flash-flowers-by-studio-by-akka\/\" \/>\n<meta property=\"og:site_name\" content=\"Like ink\" \/>\n<meta property=\"article:publisher\" content=\"https:\/\/www.facebook.com\/LikeInkSe\" \/>\n<meta property=\"article:modified_time\" content=\"2024-02-14T16:24:28+00:00\" \/>\n<meta property=\"og:image\" content=\"https:\/\/likeink.com\/wp-content\/uploads\/2021\/03\/Akka3-e1642703539318.jpeg\" \/>\n\t<meta property=\"og:image:width\" content=\"800\" \/>\n\t<meta property=\"og:image:height\" content=\"566\" \/>\n\t<meta property=\"og:image:type\" content=\"image\/jpeg\" \/>\n<meta name=\"twitter:card\" content=\"summary_large_image\" \/>\n<script type=\"application\/ld+json\" class=\"yoast-schema-graph\">{\"@context\":\"https:\\\/\\\/schema.org\",\"@graph\":[{\"@type\":\"WebPage\",\"@id\":\"https:\\\/\\\/likeink.com\\\/sv\\\/gnuggisar\\\/flash-flowers-by-studio-by-akka\\\/\",\"url\":\"https:\\\/\\\/likeink.com\\\/sv\\\/gnuggisar\\\/flash-flowers-by-studio-by-akka\\\/\",\"name\":\"Flamingo tatueringar: | Gnuggisar ritade a Akkas Tattoo - Like ink\",\"isPartOf\":{\"@id\":\"https:\\\/\\\/likeink.com\\\/sv\\\/#website\"},\"primaryImageOfPage\":{\"@id\":\"https:\\\/\\\/likeink.com\\\/sv\\\/gnuggisar\\\/flash-flowers-by-studio-by-akka\\\/#primaryimage\"},\"image\":{\"@id\":\"https:\\\/\\\/likeink.com\\\/sv\\\/gnuggisar\\\/flash-flowers-by-studio-by-akka\\\/#primaryimage\"},\"thumbnailUrl\":\"https:\\\/\\\/likeink.com\\\/wp-content\\\/uploads\\\/2021\\\/03\\\/Akka3-e1642703539318.jpeg\",\"datePublished\":\"2021-03-18T13:35:13+00:00\",\"dateModified\":\"2024-02-14T16:24:28+00:00\",\"description\":\"Flamingo tatueringar: K\u00f6p fake tatueringar med motiv av. Design Annica at Akkas Tattoo. A5 ark 98 kr - Snabba leveranser & Fri frakt - Like ink\",\"breadcrumb\":{\"@id\":\"https:\\\/\\\/likeink.com\\\/sv\\\/gnuggisar\\\/flash-flowers-by-studio-by-akka\\\/#breadcrumb\"},\"inLanguage\":\"sv-SE\",\"potentialAction\":[{\"@type\":\"ReadAction\",\"target\":[\"https:\\\/\\\/likeink.com\\\/sv\\\/gnuggisar\\\/flash-flowers-by-studio-by-akka\\\/\"]}]},{\"@type\":\"ImageObject\",\"inLanguage\":\"sv-SE\",\"@id\":\"https:\\\/\\\/likeink.com\\\/sv\\\/gnuggisar\\\/flash-flowers-by-studio-by-akka\\\/#primaryimage\",\"url\":\"https:\\\/\\\/likeink.com\\\/wp-content\\\/uploads\\\/2021\\\/03\\\/Akka3-e1642703539318.jpeg\",\"contentUrl\":\"https:\\\/\\\/likeink.com\\\/wp-content\\\/uploads\\\/2021\\\/03\\\/Akka3-e1642703539318.jpeg\",\"width\":800,\"height\":566,\"caption\":\"K\u00f6p gnuggisar med motiv av blommor designade av Akkas Tattoo.\"},{\"@type\":\"BreadcrumbList\",\"@id\":\"https:\\\/\\\/likeink.com\\\/sv\\\/gnuggisar\\\/flash-flowers-by-studio-by-akka\\\/#breadcrumb\",\"itemListElement\":[{\"@type\":\"ListItem\",\"position\":1,\"name\":\"Hem\",\"item\":\"https:\\\/\\\/likeink.com\\\/sv\\\/\"},{\"@type\":\"ListItem\",\"position\":2,\"name\":\"Webbutik\",\"item\":\"https:\\\/\\\/likeink.com\\\/sv\\\/webbutik\\\/\"},{\"@type\":\"ListItem\",\"position\":3,\"name\":\"Flash &#8221;Flowers&#8221; by Studio by Akka\"}]},{\"@type\":\"WebSite\",\"@id\":\"https:\\\/\\\/likeink.com\\\/sv\\\/#website\",\"url\":\"https:\\\/\\\/likeink.com\\\/sv\\\/\",\"name\":\"Like ink\",\"description\":\"Make your own custom design\",\"potentialAction\":[{\"@type\":\"SearchAction\",\"target\":{\"@type\":\"EntryPoint\",\"urlTemplate\":\"https:\\\/\\\/likeink.com\\\/sv\\\/?s={search_term_string}\"},\"query-input\":{\"@type\":\"PropertyValueSpecification\",\"valueRequired\":true,\"valueName\":\"search_term_string\"}}],\"inLanguage\":\"sv-SE\"}]}<\/script>\n<!-- \/ Yoast SEO Premium plugin. -->","yoast_head_json":{"title":"Flamingo tatueringar: | Gnuggisar ritade a Akkas Tattoo - Like ink","description":"Flamingo tatueringar: K\u00f6p fake tatueringar med motiv av. Design Annica at Akkas Tattoo. A5 ark 98 kr - Snabba leveranser & Fri frakt - Like ink","robots":{"index":"index","follow":"follow","max-snippet":"max-snippet:-1","max-image-preview":"max-image-preview:large","max-video-preview":"max-video-preview:-1"},"canonical":"https:\/\/likeink.com\/sv\/gnuggisar\/flash-flowers-by-studio-by-akka\/","og_locale":"sv_SE","og_type":"article","og_title":"Flash \"Flowers\" by Studio by Akka","og_description":"V\u00e5ra f\u00e4rdiga ark med eng\u00e5ngstatueringar \u00e4r cirka 20\u00d715 cm stora och fyllda med designen du ser p\u00e5 bilden. Vi trycker och skickar ditt ark med eng\u00e5ngstatueringar inom 24 timmar efter det att du best\u00e4llt. Det h\u00e4r arket \u00e4r designat av Annica som driver studion Akkas Tattoo. Riktigt nice tatueringsmotiv, eller hur? Eng\u00e5ngstatueringar Flash 3 av Annica Detta \u00e4r Annica: Jag har alltid \u00e4lskat att rita och att arbeta med mina h\u00e4nder. Dr\u00f6mmen att bli tatuerare v\u00e4xte f\u00f6r varje \u00e5r och en dag s\u00e5 \u00f6ppnade jag \u00e4ntligen min egna studio Akkas Tattoo. Jag \u00e4r helt sj\u00e4lvl\u00e4rd och har jobbat h\u00e5rt f\u00f6r att komma dit jag \u00e4r idag. Nu har jag arbetat som tatuerare i \u00e5tta \u00e5r och jag \u00e4lskar mitt jobb. Jag deltar ofta p\u00e5 tatueringsm\u00e4ssor och 2018 vann jag mitt f\u00f6rsta pris. 2019 blev jag ocks\u00e5 sponsrad av IQ Tattoocare och Supply-division Denmark. Jag gillar att g\u00f6ra flera olika stilar, avantgarde, trash polka och vattenf\u00e4rg. Jag vill inte l\u00e5sa in mig i ett fack s\u00e5 av den anledningen tatuerar jag allt. Om ni vill kontakta Annica:  Instagram akkas_tattoo  Facebook: Akkas Tattoo  Studio: Akkas Tattoo  Web: https:\/\/studiobyakka.se","og_url":"https:\/\/likeink.com\/sv\/gnuggisar\/flash-flowers-by-studio-by-akka\/","og_site_name":"Like ink","article_publisher":"https:\/\/www.facebook.com\/LikeInkSe","article_modified_time":"2024-02-14T16:24:28+00:00","og_image":[{"width":800,"height":566,"url":"https:\/\/likeink.com\/wp-content\/uploads\/2021\/03\/Akka3-e1642703539318.jpeg","type":"image\/jpeg"}],"twitter_card":"summary_large_image","schema":{"@context":"https:\/\/schema.org","@graph":[{"@type":"WebPage","@id":"https:\/\/likeink.com\/sv\/gnuggisar\/flash-flowers-by-studio-by-akka\/","url":"https:\/\/likeink.com\/sv\/gnuggisar\/flash-flowers-by-studio-by-akka\/","name":"Flamingo tatueringar: | Gnuggisar ritade a Akkas Tattoo - Like ink","isPartOf":{"@id":"https:\/\/likeink.com\/sv\/#website"},"primaryImageOfPage":{"@id":"https:\/\/likeink.com\/sv\/gnuggisar\/flash-flowers-by-studio-by-akka\/#primaryimage"},"image":{"@id":"https:\/\/likeink.com\/sv\/gnuggisar\/flash-flowers-by-studio-by-akka\/#primaryimage"},"thumbnailUrl":"https:\/\/likeink.com\/wp-content\/uploads\/2021\/03\/Akka3-e1642703539318.jpeg","datePublished":"2021-03-18T13:35:13+00:00","dateModified":"2024-02-14T16:24:28+00:00","description":"Flamingo tatueringar: K\u00f6p fake tatueringar med motiv av. Design Annica at Akkas Tattoo. A5 ark 98 kr - Snabba leveranser & Fri frakt - Like ink","breadcrumb":{"@id":"https:\/\/likeink.com\/sv\/gnuggisar\/flash-flowers-by-studio-by-akka\/#breadcrumb"},"inLanguage":"sv-SE","potentialAction":[{"@type":"ReadAction","target":["https:\/\/likeink.com\/sv\/gnuggisar\/flash-flowers-by-studio-by-akka\/"]}]},{"@type":"ImageObject","inLanguage":"sv-SE","@id":"https:\/\/likeink.com\/sv\/gnuggisar\/flash-flowers-by-studio-by-akka\/#primaryimage","url":"https:\/\/likeink.com\/wp-content\/uploads\/2021\/03\/Akka3-e1642703539318.jpeg","contentUrl":"https:\/\/likeink.com\/wp-content\/uploads\/2021\/03\/Akka3-e1642703539318.jpeg","width":800,"height":566,"caption":"K\u00f6p gnuggisar med motiv av blommor designade av Akkas Tattoo."},{"@type":"BreadcrumbList","@id":"https:\/\/likeink.com\/sv\/gnuggisar\/flash-flowers-by-studio-by-akka\/#breadcrumb","itemListElement":[{"@type":"ListItem","position":1,"name":"Hem","item":"https:\/\/likeink.com\/sv\/"},{"@type":"ListItem","position":2,"name":"Webbutik","item":"https:\/\/likeink.com\/sv\/webbutik\/"},{"@type":"ListItem","position":3,"name":"Flash &#8221;Flowers&#8221; by Studio by Akka"}]},{"@type":"WebSite","@id":"https:\/\/likeink.com\/sv\/#website","url":"https:\/\/likeink.com\/sv\/","name":"Like ink","description":"Make your own custom design","potentialAction":[{"@type":"SearchAction","target":{"@type":"EntryPoint","urlTemplate":"https:\/\/likeink.com\/sv\/?s={search_term_string}"},"query-input":{"@type":"PropertyValueSpecification","valueRequired":true,"valueName":"search_term_string"}}],"inLanguage":"sv-SE"}]}},"_links":{"self":[{"href":"https:\/\/likeink.com\/sv\/wp-json\/wp\/v2\/product\/4949","targetHints":{"allow":["GET"]}}],"collection":[{"href":"https:\/\/likeink.com\/sv\/wp-json\/wp\/v2\/product"}],"about":[{"href":"https:\/\/likeink.com\/sv\/wp-json\/wp\/v2\/types\/product"}],"wp:featuredmedia":[{"embeddable":true,"href":"https:\/\/likeink.com\/sv\/wp-json\/wp\/v2\/media\/4931"}],"wp:attachment":[{"href":"https:\/\/likeink.com\/sv\/wp-json\/wp\/v2\/media?parent=4949"}],"wp:term":[{"taxonomy":"product_brand","embeddable":true,"href":"https:\/\/likeink.com\/sv\/wp-json\/wp\/v2\/product_brand?post=4949"},{"taxonomy":"product_cat","embeddable":true,"href":"https:\/\/likeink.com\/sv\/wp-json\/wp\/v2\/product_cat?post=4949"},{"taxonomy":"product_tag","embeddable":true,"href":"https:\/\/likeink.com\/sv\/wp-json\/wp\/v2\/product_tag?post=4949"}],"curies":[{"name":"wp","href":"https:\/\/api.w.org\/{rel}","templated":true}]}}