{"id":52929,"date":"2025-11-26T14:23:10","date_gmt":"2025-11-26T14:23:10","guid":{"rendered":"https:\/\/likeink.com\/?post_type=product&#038;p=52929"},"modified":"2026-04-14T14:05:36","modified_gmt":"2026-04-14T14:05:36","slug":"freckle-tattoos-guld-mane","status":"publish","type":"product","link":"https:\/\/likeink.com\/sv\/gnuggisar\/freckle-tattoos-guld-mane\/","title":{"rendered":"Freckle Tattoos Guldm\u00e5ne"},"content":{"rendered":"","protected":false},"excerpt":{"rendered":"<p><strong>Like Ink Freckle Tattoos Moon \u2013 Glittrande kluster av sm\u00e5 prickar, stj\u00e4rnor, kvistar och en m\u00e5ne.<\/strong><\/p>\n<p>Ge din look en magisk touch med Like Ink Metallic Freckle Tattoos \u2013 gnistrande tatueringar i guld som placeras \u00f6ver n\u00e4san och under \u00f6gonen. Perfekt f\u00f6r en utekv\u00e4ll, festival eller ny\u00e5rsafton n\u00e4r du vill glimma lite extra!<\/p>\n<h2>K\u00f6p guldiga tatuerings-freckles i bra kvalitet!<\/h2>\n<p>V\u00e5ra Freckle Tatueringar \u00e4r designade f\u00f6r att sitta p\u00e5 plats l\u00e4nge och ge en naturlig, stilren look. Tack vare den smarta designen f\u00e4ster limmet endast p\u00e5 sj\u00e4lva tatueringen \u2013 ingen on\u00f6dig plastfilm runtom som st\u00f6r helhetsintrycket. Supersnygga tatuerings-fr\u00e4knar i bra kvalitet.<\/p>\n<p>Dessutom \u00e4r Like Ink Freckle Tattoos allergiv\u00e4nliga och skonsamma mot huden, vilket g\u00f6r dem s\u00e4kra att anv\u00e4nda \u00e4ven f\u00f6r k\u00e4nslig hy. Smidiga att applicera och enkla att ta bort \u2013 skapa ditt dr\u00f6mutseende p\u00e5 bara n\u00e5gra minuter.<\/p>\n<p>\u2728 Skapa magi med Like Ink Freckle Tattoos \u2013 en gnistrande detalj som g\u00f6r hela skillnaden! \u2728<\/p>\n<p><strong>Storlek:<\/strong> 15X4 cm<\/p>\n","protected":false},"featured_media":52962,"template":"","meta":[],"product_brand":[],"product_cat":[17,137,490,492,136],"product_tag":[],"class_list":{"0":"post-52929","1":"product","2":"type-product","3":"status-publish","4":"has-post-thumbnail","6":"product_cat-fardiga-ark","7":"product_cat-hogtider-tatuering","8":"product_cat-maskerad-sasong","9":"product_cat-tribal-symboler-runor","10":"product_cat-yoga-tatuering","12":"first","13":"instock","14":"taxable","15":"shipping-taxable","16":"purchasable","17":"product-type-simple"},"yoast_head":"<!-- This site is optimized with the Yoast SEO Premium plugin v26.2 (Yoast SEO v27.4) - https:\/\/yoast.com\/product\/yoast-seo-premium-wordpress\/ -->\n<title>Freckle Tattoos Guldm\u00e5ne - Like ink<\/title>\n<meta name=\"description\" content=\"Freckle Tattoos Guldm\u00e5ne: Tatuerings-kluster med gnistrande stj\u00e4rnor, prickar, kvistar och m\u00e5ne som placerad \u00f6ver n\u00e4sa och under \u00f6gonen.\" \/>\n<meta name=\"robots\" content=\"index, follow, max-snippet:-1, max-image-preview:large, max-video-preview:-1\" \/>\n<link rel=\"canonical\" href=\"https:\/\/likeink.com\/sv\/gnuggisar\/freckle-tattoos-guld-mane\/\" \/>\n<meta property=\"og:locale\" content=\"sv_SE\" \/>\n<meta property=\"og:type\" content=\"article\" \/>\n<meta property=\"og:title\" content=\"Freckle Tattoos Guldm\u00e5ne\" \/>\n<meta property=\"og:description\" content=\"Like Ink Freckle Tattoos Moon \u2013 Glittrande kluster av sm\u00e5 prickar, stj\u00e4rnor, kvistar och en m\u00e5ne.  Ge din look en magisk touch med Like Ink Metallic Freckle Tattoos \u2013 gnistrande tatueringar i guld som placeras \u00f6ver n\u00e4san och under \u00f6gonen. Perfekt f\u00f6r en utekv\u00e4ll, festival eller ny\u00e5rsafton n\u00e4r du vill glimma lite extra! K\u00f6p guldiga tatuerings-freckles i bra kvalitet! V\u00e5ra Freckle Tatueringar \u00e4r designade f\u00f6r att sitta p\u00e5 plats l\u00e4nge och ge en naturlig, stilren look. Tack vare den smarta designen f\u00e4ster limmet endast p\u00e5 sj\u00e4lva tatueringen \u2013 ingen on\u00f6dig plastfilm runtom som st\u00f6r helhetsintrycket. Supersnygga tatuerings-fr\u00e4knar i bra kvalitet.  Dessutom \u00e4r Like Ink Freckle Tattoos allergiv\u00e4nliga och skonsamma mot huden, vilket g\u00f6r dem s\u00e4kra att anv\u00e4nda \u00e4ven f\u00f6r k\u00e4nslig hy. Smidiga att applicera och enkla att ta bort \u2013 skapa ditt dr\u00f6mutseende p\u00e5 bara n\u00e5gra minuter.  \u2728 Skapa magi med Like Ink Freckle Tattoos \u2013 en gnistrande detalj som g\u00f6r hela skillnaden! \u2728  Storlek: 15X4 cm\" \/>\n<meta property=\"og:url\" content=\"https:\/\/likeink.com\/sv\/gnuggisar\/freckle-tattoos-guld-mane\/\" \/>\n<meta property=\"og:site_name\" content=\"Like ink\" \/>\n<meta property=\"article:publisher\" content=\"https:\/\/www.facebook.com\/LikeInkSe\" \/>\n<meta property=\"article:modified_time\" content=\"2026-04-14T14:05:36+00:00\" \/>\n<meta property=\"og:image\" content=\"https:\/\/likeink.com\/wp-content\/uploads\/2025\/11\/FRECKLEMOONTATTOO_GOLD_LIKEINK.png\" \/>\n\t<meta property=\"og:image:width\" content=\"1772\" \/>\n\t<meta property=\"og:image:height\" content=\"1772\" \/>\n\t<meta property=\"og:image:type\" content=\"image\/png\" \/>\n<meta name=\"twitter:card\" content=\"summary_large_image\" \/>\n<meta name=\"twitter:label1\" content=\"Ber\u00e4knad l\u00e4stid\" \/>\n\t<meta name=\"twitter:data1\" content=\"1 minut\" \/>\n<script type=\"application\/ld+json\" class=\"yoast-schema-graph\">{\"@context\":\"https:\\\/\\\/schema.org\",\"@graph\":[{\"@type\":\"WebPage\",\"@id\":\"https:\\\/\\\/likeink.com\\\/sv\\\/gnuggisar\\\/freckle-tattoos-guld-mane\\\/\",\"url\":\"https:\\\/\\\/likeink.com\\\/sv\\\/gnuggisar\\\/freckle-tattoos-guld-mane\\\/\",\"name\":\"Freckle Tattoos Guldm\u00e5ne - Like ink\",\"isPartOf\":{\"@id\":\"https:\\\/\\\/likeink.com\\\/sv\\\/#website\"},\"primaryImageOfPage\":{\"@id\":\"https:\\\/\\\/likeink.com\\\/sv\\\/gnuggisar\\\/freckle-tattoos-guld-mane\\\/#primaryimage\"},\"image\":{\"@id\":\"https:\\\/\\\/likeink.com\\\/sv\\\/gnuggisar\\\/freckle-tattoos-guld-mane\\\/#primaryimage\"},\"thumbnailUrl\":\"https:\\\/\\\/likeink.com\\\/wp-content\\\/uploads\\\/2025\\\/11\\\/FRECKLEMOONTATTOO_GOLD_LIKEINK.png\",\"datePublished\":\"2025-11-26T14:23:10+00:00\",\"dateModified\":\"2026-04-14T14:05:36+00:00\",\"description\":\"Freckle Tattoos Guldm\u00e5ne: Tatuerings-kluster med gnistrande stj\u00e4rnor, prickar, kvistar och m\u00e5ne som placerad \u00f6ver n\u00e4sa och under \u00f6gonen.\",\"breadcrumb\":{\"@id\":\"https:\\\/\\\/likeink.com\\\/sv\\\/gnuggisar\\\/freckle-tattoos-guld-mane\\\/#breadcrumb\"},\"inLanguage\":\"sv-SE\",\"potentialAction\":[{\"@type\":\"ReadAction\",\"target\":[\"https:\\\/\\\/likeink.com\\\/sv\\\/gnuggisar\\\/freckle-tattoos-guld-mane\\\/\"]}]},{\"@type\":\"ImageObject\",\"inLanguage\":\"sv-SE\",\"@id\":\"https:\\\/\\\/likeink.com\\\/sv\\\/gnuggisar\\\/freckle-tattoos-guld-mane\\\/#primaryimage\",\"url\":\"https:\\\/\\\/likeink.com\\\/wp-content\\\/uploads\\\/2025\\\/11\\\/FRECKLEMOONTATTOO_GOLD_LIKEINK.png\",\"contentUrl\":\"https:\\\/\\\/likeink.com\\\/wp-content\\\/uploads\\\/2025\\\/11\\\/FRECKLEMOONTATTOO_GOLD_LIKEINK.png\",\"width\":1772,\"height\":1772,\"caption\":\"Ett dekorativt vitt klisterm\u00e4rke med blomm\u00f6nster och blad i guld, stj\u00e4rnor och en halvm\u00e5ne i mitten. Etiketten QBT-11 \u00e4r tryckt ovanf\u00f6r m\u00e5nen. Klisterm\u00e4rket \u00e4r b\u00f6jt med spetsiga kanter.\"},{\"@type\":\"BreadcrumbList\",\"@id\":\"https:\\\/\\\/likeink.com\\\/sv\\\/gnuggisar\\\/freckle-tattoos-guld-mane\\\/#breadcrumb\",\"itemListElement\":[{\"@type\":\"ListItem\",\"position\":1,\"name\":\"Hem\",\"item\":\"https:\\\/\\\/likeink.com\\\/sv\\\/\"},{\"@type\":\"ListItem\",\"position\":2,\"name\":\"Webbutik\",\"item\":\"https:\\\/\\\/likeink.com\\\/sv\\\/webbutik\\\/\"},{\"@type\":\"ListItem\",\"position\":3,\"name\":\"Freckle Tattoos Guldm\u00e5ne\"}]},{\"@type\":\"WebSite\",\"@id\":\"https:\\\/\\\/likeink.com\\\/sv\\\/#website\",\"url\":\"https:\\\/\\\/likeink.com\\\/sv\\\/\",\"name\":\"Like ink\",\"description\":\"Make your own custom design\",\"potentialAction\":[{\"@type\":\"SearchAction\",\"target\":{\"@type\":\"EntryPoint\",\"urlTemplate\":\"https:\\\/\\\/likeink.com\\\/sv\\\/?s={search_term_string}\"},\"query-input\":{\"@type\":\"PropertyValueSpecification\",\"valueRequired\":true,\"valueName\":\"search_term_string\"}}],\"inLanguage\":\"sv-SE\"}]}<\/script>\n<!-- \/ Yoast SEO Premium plugin. -->","yoast_head_json":{"title":"Freckle Tattoos Guldm\u00e5ne - Like ink","description":"Freckle Tattoos Guldm\u00e5ne: Tatuerings-kluster med gnistrande stj\u00e4rnor, prickar, kvistar och m\u00e5ne som placerad \u00f6ver n\u00e4sa och under \u00f6gonen.","robots":{"index":"index","follow":"follow","max-snippet":"max-snippet:-1","max-image-preview":"max-image-preview:large","max-video-preview":"max-video-preview:-1"},"canonical":"https:\/\/likeink.com\/sv\/gnuggisar\/freckle-tattoos-guld-mane\/","og_locale":"sv_SE","og_type":"article","og_title":"Freckle Tattoos Guldm\u00e5ne","og_description":"Like Ink Freckle Tattoos Moon \u2013 Glittrande kluster av sm\u00e5 prickar, stj\u00e4rnor, kvistar och en m\u00e5ne.  Ge din look en magisk touch med Like Ink Metallic Freckle Tattoos \u2013 gnistrande tatueringar i guld som placeras \u00f6ver n\u00e4san och under \u00f6gonen. Perfekt f\u00f6r en utekv\u00e4ll, festival eller ny\u00e5rsafton n\u00e4r du vill glimma lite extra! K\u00f6p guldiga tatuerings-freckles i bra kvalitet! V\u00e5ra Freckle Tatueringar \u00e4r designade f\u00f6r att sitta p\u00e5 plats l\u00e4nge och ge en naturlig, stilren look. Tack vare den smarta designen f\u00e4ster limmet endast p\u00e5 sj\u00e4lva tatueringen \u2013 ingen on\u00f6dig plastfilm runtom som st\u00f6r helhetsintrycket. Supersnygga tatuerings-fr\u00e4knar i bra kvalitet.  Dessutom \u00e4r Like Ink Freckle Tattoos allergiv\u00e4nliga och skonsamma mot huden, vilket g\u00f6r dem s\u00e4kra att anv\u00e4nda \u00e4ven f\u00f6r k\u00e4nslig hy. Smidiga att applicera och enkla att ta bort \u2013 skapa ditt dr\u00f6mutseende p\u00e5 bara n\u00e5gra minuter.  \u2728 Skapa magi med Like Ink Freckle Tattoos \u2013 en gnistrande detalj som g\u00f6r hela skillnaden! \u2728  Storlek: 15X4 cm","og_url":"https:\/\/likeink.com\/sv\/gnuggisar\/freckle-tattoos-guld-mane\/","og_site_name":"Like ink","article_publisher":"https:\/\/www.facebook.com\/LikeInkSe","article_modified_time":"2026-04-14T14:05:36+00:00","og_image":[{"width":1772,"height":1772,"url":"https:\/\/likeink.com\/wp-content\/uploads\/2025\/11\/FRECKLEMOONTATTOO_GOLD_LIKEINK.png","type":"image\/png"}],"twitter_card":"summary_large_image","twitter_misc":{"Ber\u00e4knad l\u00e4stid":"1 minut"},"schema":{"@context":"https:\/\/schema.org","@graph":[{"@type":"WebPage","@id":"https:\/\/likeink.com\/sv\/gnuggisar\/freckle-tattoos-guld-mane\/","url":"https:\/\/likeink.com\/sv\/gnuggisar\/freckle-tattoos-guld-mane\/","name":"Freckle Tattoos Guldm\u00e5ne - Like ink","isPartOf":{"@id":"https:\/\/likeink.com\/sv\/#website"},"primaryImageOfPage":{"@id":"https:\/\/likeink.com\/sv\/gnuggisar\/freckle-tattoos-guld-mane\/#primaryimage"},"image":{"@id":"https:\/\/likeink.com\/sv\/gnuggisar\/freckle-tattoos-guld-mane\/#primaryimage"},"thumbnailUrl":"https:\/\/likeink.com\/wp-content\/uploads\/2025\/11\/FRECKLEMOONTATTOO_GOLD_LIKEINK.png","datePublished":"2025-11-26T14:23:10+00:00","dateModified":"2026-04-14T14:05:36+00:00","description":"Freckle Tattoos Guldm\u00e5ne: Tatuerings-kluster med gnistrande stj\u00e4rnor, prickar, kvistar och m\u00e5ne som placerad \u00f6ver n\u00e4sa och under \u00f6gonen.","breadcrumb":{"@id":"https:\/\/likeink.com\/sv\/gnuggisar\/freckle-tattoos-guld-mane\/#breadcrumb"},"inLanguage":"sv-SE","potentialAction":[{"@type":"ReadAction","target":["https:\/\/likeink.com\/sv\/gnuggisar\/freckle-tattoos-guld-mane\/"]}]},{"@type":"ImageObject","inLanguage":"sv-SE","@id":"https:\/\/likeink.com\/sv\/gnuggisar\/freckle-tattoos-guld-mane\/#primaryimage","url":"https:\/\/likeink.com\/wp-content\/uploads\/2025\/11\/FRECKLEMOONTATTOO_GOLD_LIKEINK.png","contentUrl":"https:\/\/likeink.com\/wp-content\/uploads\/2025\/11\/FRECKLEMOONTATTOO_GOLD_LIKEINK.png","width":1772,"height":1772,"caption":"Ett dekorativt vitt klisterm\u00e4rke med blomm\u00f6nster och blad i guld, stj\u00e4rnor och en halvm\u00e5ne i mitten. Etiketten QBT-11 \u00e4r tryckt ovanf\u00f6r m\u00e5nen. Klisterm\u00e4rket \u00e4r b\u00f6jt med spetsiga kanter."},{"@type":"BreadcrumbList","@id":"https:\/\/likeink.com\/sv\/gnuggisar\/freckle-tattoos-guld-mane\/#breadcrumb","itemListElement":[{"@type":"ListItem","position":1,"name":"Hem","item":"https:\/\/likeink.com\/sv\/"},{"@type":"ListItem","position":2,"name":"Webbutik","item":"https:\/\/likeink.com\/sv\/webbutik\/"},{"@type":"ListItem","position":3,"name":"Freckle Tattoos Guldm\u00e5ne"}]},{"@type":"WebSite","@id":"https:\/\/likeink.com\/sv\/#website","url":"https:\/\/likeink.com\/sv\/","name":"Like ink","description":"Make your own custom design","potentialAction":[{"@type":"SearchAction","target":{"@type":"EntryPoint","urlTemplate":"https:\/\/likeink.com\/sv\/?s={search_term_string}"},"query-input":{"@type":"PropertyValueSpecification","valueRequired":true,"valueName":"search_term_string"}}],"inLanguage":"sv-SE"}]}},"_links":{"self":[{"href":"https:\/\/likeink.com\/sv\/wp-json\/wp\/v2\/product\/52929","targetHints":{"allow":["GET"]}}],"collection":[{"href":"https:\/\/likeink.com\/sv\/wp-json\/wp\/v2\/product"}],"about":[{"href":"https:\/\/likeink.com\/sv\/wp-json\/wp\/v2\/types\/product"}],"wp:featuredmedia":[{"embeddable":true,"href":"https:\/\/likeink.com\/sv\/wp-json\/wp\/v2\/media\/52962"}],"wp:attachment":[{"href":"https:\/\/likeink.com\/sv\/wp-json\/wp\/v2\/media?parent=52929"}],"wp:term":[{"taxonomy":"product_brand","embeddable":true,"href":"https:\/\/likeink.com\/sv\/wp-json\/wp\/v2\/product_brand?post=52929"},{"taxonomy":"product_cat","embeddable":true,"href":"https:\/\/likeink.com\/sv\/wp-json\/wp\/v2\/product_cat?post=52929"},{"taxonomy":"product_tag","embeddable":true,"href":"https:\/\/likeink.com\/sv\/wp-json\/wp\/v2\/product_tag?post=52929"}],"curies":[{"name":"wp","href":"https:\/\/api.w.org\/{rel}","templated":true}]}}