{"id":53153,"date":"2025-11-30T16:56:44","date_gmt":"2025-11-30T16:56:44","guid":{"rendered":"https:\/\/likeink.com\/?post_type=product&#038;p=53153"},"modified":"2026-04-14T14:05:30","modified_gmt":"2026-04-14T14:05:30","slug":"eye-makeup-flower-tattoos","status":"publish","type":"product","link":"https:\/\/likeink.com\/sv\/gnuggisar\/eye-makeup-flower-tattoos\/","title":{"rendered":"Eye Makeup Flower Tattoos"},"content":{"rendered":"","protected":false},"excerpt":{"rendered":"<p><strong>Eye Makeup Flower Tattoos \u2013 F\u00e4rgglada blommotiv som lyfter din makeup.<\/strong><\/p>\n<p>Ge din sminkning ett kreativt lyft med Like Ink Eye Makeup Flower Tattoos \u2013 ett ark med tre set f\u00e4rgstarka \u00f6gontatueringar inspirerade av blommor och konstn\u00e4rliga f\u00e4rgkluster. De \u00e4r designade f\u00f6r att ramas in tillsammans med makeup och skapa en unik, livfull look. Perfekt f\u00f6r festivaler, sommarfester, fotoshoots eller n\u00e4r du vill sticka ut p\u00e5 ett f\u00e4rgstarkt och fantasifullt s\u00e4tt.<br \/>\nVarje set \u00e4r stansat separat och enkelt att riva loss f\u00f6r smidig applicering.<\/p>\n<h2>K\u00f6p f\u00e4rgglada \u00f6gontatueringar i h\u00f6g kvalitet.<\/h2>\n<p>V\u00e5ra Eye Makeup Flower Tattoos \u00e4r designade f\u00f6r att sitta tryggt och bekv\u00e4mt samtidigt som de ger ett levande och detaljrikt uttryck. Med v\u00e5r smarta precisionsteknik f\u00e4ster limmet endast p\u00e5 sj\u00e4lva motivet, utan st\u00f6rande plastfilm runtom \u2013 vilket skapar en professionell och sminkliknande finish. Motiven \u00e4r ca 4 cm breda och formade f\u00f6r att passa de flesta \u00f6gonformer.<\/p>\n<p>Som alltid \u00e4r Like Inks tempor\u00e4ra tatueringar allergiv\u00e4nliga, skonsamma mot huden och l\u00e4tta att b\u00e5de s\u00e4tta p\u00e5 och ta bort. Skapa en f\u00e4rgstark och kreativ \u00f6gonmakeup p\u00e5 bara n\u00e5gra sekunder \u2013 helt utan avancerade verktyg.<\/p>\n<p>\u2728 Ge din look en blomstrande twist med Like Inks tempor\u00e4ra tatueringar \u2013 detaljer som g\u00f6r hela skillnaden! \u2728<\/p>\n<p><strong>Storlek:<\/strong> A6, tatueringarna \u00e4r ca 4 cm<\/p>\n","protected":false},"featured_media":53108,"template":"","meta":[],"product_brand":[],"product_cat":[17,492],"product_tag":[],"class_list":{"0":"post-53153","1":"product","2":"type-product","3":"status-publish","4":"has-post-thumbnail","6":"product_cat-fardiga-ark","7":"product_cat-tribal-symboler-runor","9":"first","10":"instock","11":"taxable","12":"shipping-taxable","13":"purchasable","14":"product-type-simple"},"yoast_head":"<!-- This site is optimized with the Yoast SEO Premium plugin v26.2 (Yoast SEO v27.5) - https:\/\/yoast.com\/product\/yoast-seo-premium-wordpress\/ -->\n<title>Eye Makeup Flower Tattoos - Like ink<\/title>\n<meta name=\"description\" content=\"Eye Makeup Flower Tattoos: F\u00e4rgstarka blom- och f\u00e4rgkluster som kan placeras b\u00e5de ovanf\u00f6r och under \u00f6gonen f\u00f6r en lekfull och effektfull makeup-look.\" \/>\n<meta name=\"robots\" content=\"index, follow, max-snippet:-1, max-image-preview:large, max-video-preview:-1\" \/>\n<link rel=\"canonical\" href=\"https:\/\/likeink.com\/sv\/gnuggisar\/eye-makeup-flower-tattoos\/\" \/>\n<meta property=\"og:locale\" content=\"sv_SE\" \/>\n<meta property=\"og:type\" content=\"article\" \/>\n<meta property=\"og:title\" content=\"Eye Makeup Flower Tattoos\" \/>\n<meta property=\"og:description\" content=\"Eye Makeup Flower Tattoos \u2013 F\u00e4rgglada blommotiv som lyfter din makeup.  Ge din sminkning ett kreativt lyft med Like Ink Eye Makeup Flower Tattoos \u2013 ett ark med tre set f\u00e4rgstarka \u00f6gontatueringar inspirerade av blommor och konstn\u00e4rliga f\u00e4rgkluster. De \u00e4r designade f\u00f6r att ramas in tillsammans med makeup och skapa en unik, livfull look. Perfekt f\u00f6r festivaler, sommarfester, fotoshoots eller n\u00e4r du vill sticka ut p\u00e5 ett f\u00e4rgstarkt och fantasifullt s\u00e4tt. Varje set \u00e4r stansat separat och enkelt att riva loss f\u00f6r smidig applicering. K\u00f6p f\u00e4rgglada \u00f6gontatueringar i h\u00f6g kvalitet. V\u00e5ra Eye Makeup Flower Tattoos \u00e4r designade f\u00f6r att sitta tryggt och bekv\u00e4mt samtidigt som de ger ett levande och detaljrikt uttryck. Med v\u00e5r smarta precisionsteknik f\u00e4ster limmet endast p\u00e5 sj\u00e4lva motivet, utan st\u00f6rande plastfilm runtom \u2013 vilket skapar en professionell och sminkliknande finish. Motiven \u00e4r ca 4 cm breda och formade f\u00f6r att passa de flesta \u00f6gonformer.  Som alltid \u00e4r Like Inks tempor\u00e4ra tatueringar allergiv\u00e4nliga, skonsamma mot huden och l\u00e4tta att b\u00e5de s\u00e4tta p\u00e5 och ta bort. Skapa en f\u00e4rgstark och kreativ \u00f6gonmakeup p\u00e5 bara n\u00e5gra sekunder \u2013 helt utan avancerade verktyg.  \u2728 Ge din look en blomstrande twist med Like Inks tempor\u00e4ra tatueringar \u2013 detaljer som g\u00f6r hela skillnaden! \u2728  Storlek: A6, tatueringarna \u00e4r ca 4 cm\" \/>\n<meta property=\"og:url\" content=\"https:\/\/likeink.com\/sv\/gnuggisar\/eye-makeup-flower-tattoos\/\" \/>\n<meta property=\"og:site_name\" content=\"Like ink\" \/>\n<meta property=\"article:publisher\" content=\"https:\/\/www.facebook.com\/LikeInkSe\" \/>\n<meta property=\"article:modified_time\" content=\"2026-04-14T14:05:30+00:00\" \/>\n<meta property=\"og:image\" content=\"https:\/\/likeink.com\/wp-content\/uploads\/2025\/11\/Eyelash-Tattoo-Flower-Color-Likeink-1024x1024.png\" \/>\n\t<meta property=\"og:image:width\" content=\"1024\" \/>\n\t<meta property=\"og:image:height\" content=\"1024\" \/>\n\t<meta property=\"og:image:type\" content=\"image\/png\" \/>\n<meta name=\"twitter:card\" content=\"summary_large_image\" \/>\n<meta name=\"twitter:label1\" content=\"Ber\u00e4knad l\u00e4stid\" \/>\n\t<meta name=\"twitter:data1\" content=\"1 minut\" \/>\n<!-- \/ Yoast SEO Premium plugin. -->","yoast_head_json":{"title":"Eye Makeup Flower Tattoos - Like ink","description":"Eye Makeup Flower Tattoos: F\u00e4rgstarka blom- och f\u00e4rgkluster som kan placeras b\u00e5de ovanf\u00f6r och under \u00f6gonen f\u00f6r en lekfull och effektfull makeup-look.","robots":{"index":"index","follow":"follow","max-snippet":"max-snippet:-1","max-image-preview":"max-image-preview:large","max-video-preview":"max-video-preview:-1"},"canonical":"https:\/\/likeink.com\/sv\/gnuggisar\/eye-makeup-flower-tattoos\/","og_locale":"sv_SE","og_type":"article","og_title":"Eye Makeup Flower Tattoos","og_description":"Eye Makeup Flower Tattoos \u2013 F\u00e4rgglada blommotiv som lyfter din makeup.  Ge din sminkning ett kreativt lyft med Like Ink Eye Makeup Flower Tattoos \u2013 ett ark med tre set f\u00e4rgstarka \u00f6gontatueringar inspirerade av blommor och konstn\u00e4rliga f\u00e4rgkluster. De \u00e4r designade f\u00f6r att ramas in tillsammans med makeup och skapa en unik, livfull look. Perfekt f\u00f6r festivaler, sommarfester, fotoshoots eller n\u00e4r du vill sticka ut p\u00e5 ett f\u00e4rgstarkt och fantasifullt s\u00e4tt. Varje set \u00e4r stansat separat och enkelt att riva loss f\u00f6r smidig applicering. K\u00f6p f\u00e4rgglada \u00f6gontatueringar i h\u00f6g kvalitet. V\u00e5ra Eye Makeup Flower Tattoos \u00e4r designade f\u00f6r att sitta tryggt och bekv\u00e4mt samtidigt som de ger ett levande och detaljrikt uttryck. Med v\u00e5r smarta precisionsteknik f\u00e4ster limmet endast p\u00e5 sj\u00e4lva motivet, utan st\u00f6rande plastfilm runtom \u2013 vilket skapar en professionell och sminkliknande finish. Motiven \u00e4r ca 4 cm breda och formade f\u00f6r att passa de flesta \u00f6gonformer.  Som alltid \u00e4r Like Inks tempor\u00e4ra tatueringar allergiv\u00e4nliga, skonsamma mot huden och l\u00e4tta att b\u00e5de s\u00e4tta p\u00e5 och ta bort. Skapa en f\u00e4rgstark och kreativ \u00f6gonmakeup p\u00e5 bara n\u00e5gra sekunder \u2013 helt utan avancerade verktyg.  \u2728 Ge din look en blomstrande twist med Like Inks tempor\u00e4ra tatueringar \u2013 detaljer som g\u00f6r hela skillnaden! \u2728  Storlek: A6, tatueringarna \u00e4r ca 4 cm","og_url":"https:\/\/likeink.com\/sv\/gnuggisar\/eye-makeup-flower-tattoos\/","og_site_name":"Like ink","article_publisher":"https:\/\/www.facebook.com\/LikeInkSe","article_modified_time":"2026-04-14T14:05:30+00:00","og_image":[{"width":1024,"height":1024,"url":"https:\/\/likeink.com\/wp-content\/uploads\/2025\/11\/Eyelash-Tattoo-Flower-Color-Likeink-1024x1024.png","type":"image\/png"}],"twitter_card":"summary_large_image","twitter_misc":{"Ber\u00e4knad l\u00e4stid":"1 minut"},"schema":{"@context":"https:\/\/schema.org","@graph":[{"@type":"WebPage","@id":"https:\/\/likeink.com\/sv\/gnuggisar\/eye-makeup-flower-tattoos\/","url":"https:\/\/likeink.com\/sv\/gnuggisar\/eye-makeup-flower-tattoos\/","name":"Eye Makeup Flower Tattoos - Like ink","isPartOf":{"@id":"https:\/\/likeink.com\/sv\/#website"},"primaryImageOfPage":{"@id":"https:\/\/likeink.com\/sv\/gnuggisar\/eye-makeup-flower-tattoos\/#primaryimage"},"image":{"@id":"https:\/\/likeink.com\/sv\/gnuggisar\/eye-makeup-flower-tattoos\/#primaryimage"},"thumbnailUrl":"https:\/\/likeink.com\/wp-content\/uploads\/2025\/11\/Eyelash-Tattoo-Flower-Color-Likeink.png","datePublished":"2025-11-30T16:56:44+00:00","dateModified":"2026-04-14T14:05:30+00:00","description":"Eye Makeup Flower Tattoos: F\u00e4rgstarka blom- och f\u00e4rgkluster som kan placeras b\u00e5de ovanf\u00f6r och under \u00f6gonen f\u00f6r en lekfull och effektfull makeup-look.","breadcrumb":{"@id":"https:\/\/likeink.com\/sv\/gnuggisar\/eye-makeup-flower-tattoos\/#breadcrumb"},"inLanguage":"sv-SE","potentialAction":[{"@type":"ReadAction","target":["https:\/\/likeink.com\/sv\/gnuggisar\/eye-makeup-flower-tattoos\/"]}]},{"@type":"ImageObject","inLanguage":"sv-SE","@id":"https:\/\/likeink.com\/sv\/gnuggisar\/eye-makeup-flower-tattoos\/#primaryimage","url":"https:\/\/likeink.com\/wp-content\/uploads\/2025\/11\/Eyelash-Tattoo-Flower-Color-Likeink.png","contentUrl":"https:\/\/likeink.com\/wp-content\/uploads\/2025\/11\/Eyelash-Tattoo-Flower-Color-Likeink.png","width":1772,"height":1772,"caption":"N\u00e4rbild av en kvinnas ansikte med en konstn\u00e4rlig \u00f6gonmakeup med bl\u00e5, gr\u00f6na och r\u00f6da virvlar och en gul lotusblomma ovanf\u00f6r h\u00f6ger \u00f6ga. Sminkningen skapar en dj\u00e4rv, dekorativ look."},{"@type":"BreadcrumbList","@id":"https:\/\/likeink.com\/sv\/gnuggisar\/eye-makeup-flower-tattoos\/#breadcrumb","itemListElement":[{"@type":"ListItem","position":1,"name":"Hem","item":"https:\/\/likeink.com\/sv\/"},{"@type":"ListItem","position":2,"name":"Webbutik","item":"https:\/\/likeink.com\/sv\/webbutik\/"},{"@type":"ListItem","position":3,"name":"Eye Makeup Flower Tattoos"}]},{"@type":"WebSite","@id":"https:\/\/likeink.com\/sv\/#website","url":"https:\/\/likeink.com\/sv\/","name":"Like ink","description":"Make your own custom design","potentialAction":[{"@type":"SearchAction","target":{"@type":"EntryPoint","urlTemplate":"https:\/\/likeink.com\/sv\/?s={search_term_string}"},"query-input":{"@type":"PropertyValueSpecification","valueRequired":true,"valueName":"search_term_string"}}],"inLanguage":"sv-SE"}]}},"_links":{"self":[{"href":"https:\/\/likeink.com\/sv\/wp-json\/wp\/v2\/product\/53153","targetHints":{"allow":["GET"]}}],"collection":[{"href":"https:\/\/likeink.com\/sv\/wp-json\/wp\/v2\/product"}],"about":[{"href":"https:\/\/likeink.com\/sv\/wp-json\/wp\/v2\/types\/product"}],"wp:featuredmedia":[{"embeddable":true,"href":"https:\/\/likeink.com\/sv\/wp-json\/wp\/v2\/media\/53108"}],"wp:attachment":[{"href":"https:\/\/likeink.com\/sv\/wp-json\/wp\/v2\/media?parent=53153"}],"wp:term":[{"taxonomy":"product_brand","embeddable":true,"href":"https:\/\/likeink.com\/sv\/wp-json\/wp\/v2\/product_brand?post=53153"},{"taxonomy":"product_cat","embeddable":true,"href":"https:\/\/likeink.com\/sv\/wp-json\/wp\/v2\/product_cat?post=53153"},{"taxonomy":"product_tag","embeddable":true,"href":"https:\/\/likeink.com\/sv\/wp-json\/wp\/v2\/product_tag?post=53153"}],"curies":[{"name":"wp","href":"https:\/\/api.w.org\/{rel}","templated":true}]}}