{"id":57537,"date":"2026-01-27T13:58:58","date_gmt":"2026-01-27T13:58:58","guid":{"rendered":"https:\/\/likeink.com\/gnuggisar\/black-white-butterfly-nail-stickers\/"},"modified":"2026-04-11T19:13:48","modified_gmt":"2026-04-11T19:13:48","slug":"nagel-stickers-med-fjarilar-i-svart-vitt","status":"publish","type":"product","link":"https:\/\/likeink.com\/sv\/gnuggisar\/nagel-stickers-med-fjarilar-i-svart-vitt\/","title":{"rendered":"Nagel Stickers med Fj\u00e4rilar i Svart &#038; Vitt"},"content":{"rendered":"","protected":false},"excerpt":{"rendered":"<p>Nagel Stickers med Fj\u00e4rilar i Svart &amp; Vitt \u00e4r stilrena nagel stickers med vackert illustrerade fj\u00e4rilar i svartvitt. Svarta och vita stickers ger en tidl\u00f6s look med fin balans mellan mjuk form och grafisk kontrast.<\/p>\n<h2>Best\u00e4ll nail stickers med svartvita fj\u00e4rilar<\/h2>\n<p>Motiven \u00e4r cirka 4\u201310 mm stora och passar b\u00e5de som diskreta detaljer och som enhetliga nail art-designer. Tack vare det svartvita uttrycket \u00e4r dessa nail stickers enkla att matcha med allt fr\u00e5n naturliga till mer f\u00e4rgstarka nagellack.<\/p>\n<p>L\u00e4tta att applicera, bekv\u00e4ma att b\u00e4ra och sitter snyggt i flera dagar utan att smeta eller lossna. Perfekta f\u00f6r vardagsbruk, minimalistisk nail art eller en stilren statement-look.<\/p>\n<p><strong>S\u00e5 applicerar du nail stickers<\/strong><\/p>\n<p>Reng\u00f6r och torka nageln<\/p>\n<p>Lyft ett motiv f\u00f6rsiktigt med pincett<\/p>\n<p>Placera p\u00e5 nageln och tryck l\u00e4tt<\/p>\n<p>Applicera topplack<\/p>\n<p><strong>Produktinformation<\/strong><br \/>\n<strong>Arkstorlek:<\/strong> 7 \u00d7 10 cm<br \/>\n<strong>F\u00e4rger:<\/strong> Svart &amp; vit<br \/>\n<strong>Motiv:<\/strong> Fj\u00e4rilar<br \/>\n<strong>Storlek:<\/strong> ca 4\u201310 mm<\/p>\n<p><strong>PS:<\/strong> K\u00f6p 6 ark och betala f\u00f6r 5 med rabattkoden <strong>INKNAILS<\/strong> \ud83e\udd8b\u2728<\/p>\n","protected":false},"featured_media":59406,"template":"","meta":[],"product_brand":[],"product_cat":[466],"product_tag":[],"class_list":{"0":"post-57537","1":"product","2":"type-product","3":"status-publish","4":"has-post-thumbnail","6":"product_cat-nailstickers","8":"first","9":"instock","10":"taxable","11":"shipping-taxable","12":"purchasable","13":"product-type-simple"},"yoast_head":"<!-- This site is optimized with the Yoast SEO Premium plugin v26.2 (Yoast SEO v27.4) - https:\/\/yoast.com\/product\/yoast-seo-premium-wordpress\/ -->\n<title>Svartvita Nail Stickers &amp; Nagel Stickers med Fj\u00e4rilar | Like Ink<\/title>\n<meta name=\"description\" content=\"Svartvita nail stickers med fj\u00e4rilsmotiv. Stilrena nagel stickers som passar alla nagelf\u00e4rger \u2013 enkla att applicera och h\u00e5ller i flera dagar - Like ink\" \/>\n<meta name=\"robots\" content=\"index, follow, max-snippet:-1, max-image-preview:large, max-video-preview:-1\" \/>\n<link rel=\"canonical\" href=\"https:\/\/likeink.com\/sv\/gnuggisar\/nagel-stickers-med-fjarilar-i-svart-vitt\/\" \/>\n<meta property=\"og:locale\" content=\"sv_SE\" \/>\n<meta property=\"og:type\" content=\"article\" \/>\n<meta property=\"og:title\" content=\"Nagel Stickers med Fj\u00e4rilar i Svart &amp; Vitt\" \/>\n<meta property=\"og:description\" content=\"Nagel Stickers med Fj\u00e4rilar i Svart &amp; Vitt \u00e4r stilrena nagel stickers med vackert illustrerade fj\u00e4rilar i svartvitt. Svarta och vita stickers ger en tidl\u00f6s look med fin balans mellan mjuk form och grafisk kontrast. Best\u00e4ll nail stickers med svartvita fj\u00e4rilar Motiven \u00e4r cirka 4\u201310 mm stora och passar b\u00e5de som diskreta detaljer och som enhetliga nail art-designer. Tack vare det svartvita uttrycket \u00e4r dessa nail stickers enkla att matcha med allt fr\u00e5n naturliga till mer f\u00e4rgstarka nagellack.  L\u00e4tta att applicera, bekv\u00e4ma att b\u00e4ra och sitter snyggt i flera dagar utan att smeta eller lossna. Perfekta f\u00f6r vardagsbruk, minimalistisk nail art eller en stilren statement-look.  S\u00e5 applicerar du nail stickers  Reng\u00f6r och torka nageln  Lyft ett motiv f\u00f6rsiktigt med pincett  Placera p\u00e5 nageln och tryck l\u00e4tt  Applicera topplack  Produktinformation Arkstorlek: 7 \u00d7 10 cm F\u00e4rger: Svart &amp; vit Motiv: Fj\u00e4rilar Storlek: ca 4\u201310 mm  PS: K\u00f6p 6 ark och betala f\u00f6r 5 med rabattkoden INKNAILS \ud83e\udd8b\u2728\" \/>\n<meta property=\"og:url\" content=\"https:\/\/likeink.com\/sv\/gnuggisar\/nagel-stickers-med-fjarilar-i-svart-vitt\/\" \/>\n<meta property=\"og:site_name\" content=\"Like ink\" \/>\n<meta property=\"article:publisher\" content=\"https:\/\/www.facebook.com\/LikeInkSe\" \/>\n<meta property=\"article:modified_time\" content=\"2026-04-11T19:13:48+00:00\" \/>\n<meta property=\"og:image\" content=\"https:\/\/likeink.com\/wp-content\/uploads\/2026\/02\/nailstickers-butterfly-quality-likeink.png\" \/>\n\t<meta property=\"og:image:width\" content=\"1024\" \/>\n\t<meta property=\"og:image:height\" content=\"1024\" \/>\n\t<meta property=\"og:image:type\" content=\"image\/png\" \/>\n<meta name=\"twitter:card\" content=\"summary_large_image\" \/>\n<meta name=\"twitter:label1\" content=\"Ber\u00e4knad l\u00e4stid\" \/>\n\t<meta name=\"twitter:data1\" content=\"1 minut\" \/>\n<script type=\"application\/ld+json\" class=\"yoast-schema-graph\">{\"@context\":\"https:\\\/\\\/schema.org\",\"@graph\":[{\"@type\":\"WebPage\",\"@id\":\"https:\\\/\\\/likeink.com\\\/sv\\\/gnuggisar\\\/nagel-stickers-med-fjarilar-i-svart-vitt\\\/\",\"url\":\"https:\\\/\\\/likeink.com\\\/sv\\\/gnuggisar\\\/nagel-stickers-med-fjarilar-i-svart-vitt\\\/\",\"name\":\"Svartvita Nail Stickers & Nagel Stickers med Fj\u00e4rilar | Like Ink\",\"isPartOf\":{\"@id\":\"https:\\\/\\\/likeink.com\\\/sv\\\/#website\"},\"primaryImageOfPage\":{\"@id\":\"https:\\\/\\\/likeink.com\\\/sv\\\/gnuggisar\\\/nagel-stickers-med-fjarilar-i-svart-vitt\\\/#primaryimage\"},\"image\":{\"@id\":\"https:\\\/\\\/likeink.com\\\/sv\\\/gnuggisar\\\/nagel-stickers-med-fjarilar-i-svart-vitt\\\/#primaryimage\"},\"thumbnailUrl\":\"https:\\\/\\\/likeink.com\\\/wp-content\\\/uploads\\\/2026\\\/02\\\/nailstickers-butterfly-quality-likeink.png\",\"datePublished\":\"2026-01-27T13:58:58+00:00\",\"dateModified\":\"2026-04-11T19:13:48+00:00\",\"description\":\"Svartvita nail stickers med fj\u00e4rilsmotiv. Stilrena nagel stickers som passar alla nagelf\u00e4rger \u2013 enkla att applicera och h\u00e5ller i flera dagar - Like ink\",\"breadcrumb\":{\"@id\":\"https:\\\/\\\/likeink.com\\\/sv\\\/gnuggisar\\\/nagel-stickers-med-fjarilar-i-svart-vitt\\\/#breadcrumb\"},\"inLanguage\":\"sv-SE\",\"potentialAction\":[{\"@type\":\"ReadAction\",\"target\":[\"https:\\\/\\\/likeink.com\\\/sv\\\/gnuggisar\\\/nagel-stickers-med-fjarilar-i-svart-vitt\\\/\"]}]},{\"@type\":\"ImageObject\",\"inLanguage\":\"sv-SE\",\"@id\":\"https:\\\/\\\/likeink.com\\\/sv\\\/gnuggisar\\\/nagel-stickers-med-fjarilar-i-svart-vitt\\\/#primaryimage\",\"url\":\"https:\\\/\\\/likeink.com\\\/wp-content\\\/uploads\\\/2026\\\/02\\\/nailstickers-butterfly-quality-likeink.png\",\"contentUrl\":\"https:\\\/\\\/likeink.com\\\/wp-content\\\/uploads\\\/2026\\\/02\\\/nailstickers-butterfly-quality-likeink.png\",\"width\":1024,\"height\":1024,\"caption\":\"N\u00e4rbild av fyra fingernaglar med ett glansigt nudef\u00e4rgat nagellack, varje nagel dekorerad med en liten fj\u00e4rilsdesign - omv\u00e4xlande svarta och vita fj\u00e4rilar p\u00e5 naglarna - mot en vit bakgrund.\"},{\"@type\":\"BreadcrumbList\",\"@id\":\"https:\\\/\\\/likeink.com\\\/sv\\\/gnuggisar\\\/nagel-stickers-med-fjarilar-i-svart-vitt\\\/#breadcrumb\",\"itemListElement\":[{\"@type\":\"ListItem\",\"position\":1,\"name\":\"Hem\",\"item\":\"https:\\\/\\\/likeink.com\\\/sv\\\/\"},{\"@type\":\"ListItem\",\"position\":2,\"name\":\"Webbutik\",\"item\":\"https:\\\/\\\/likeink.com\\\/sv\\\/webbutik\\\/\"},{\"@type\":\"ListItem\",\"position\":3,\"name\":\"Nagel Stickers med Fj\u00e4rilar i Svart &#038; Vitt\"}]},{\"@type\":\"WebSite\",\"@id\":\"https:\\\/\\\/likeink.com\\\/sv\\\/#website\",\"url\":\"https:\\\/\\\/likeink.com\\\/sv\\\/\",\"name\":\"Like ink\",\"description\":\"Make your own custom design\",\"potentialAction\":[{\"@type\":\"SearchAction\",\"target\":{\"@type\":\"EntryPoint\",\"urlTemplate\":\"https:\\\/\\\/likeink.com\\\/sv\\\/?s={search_term_string}\"},\"query-input\":{\"@type\":\"PropertyValueSpecification\",\"valueRequired\":true,\"valueName\":\"search_term_string\"}}],\"inLanguage\":\"sv-SE\"}]}<\/script>\n<!-- \/ Yoast SEO Premium plugin. -->","yoast_head_json":{"title":"Svartvita Nail Stickers & Nagel Stickers med Fj\u00e4rilar | Like Ink","description":"Svartvita nail stickers med fj\u00e4rilsmotiv. Stilrena nagel stickers som passar alla nagelf\u00e4rger \u2013 enkla att applicera och h\u00e5ller i flera dagar - Like ink","robots":{"index":"index","follow":"follow","max-snippet":"max-snippet:-1","max-image-preview":"max-image-preview:large","max-video-preview":"max-video-preview:-1"},"canonical":"https:\/\/likeink.com\/sv\/gnuggisar\/nagel-stickers-med-fjarilar-i-svart-vitt\/","og_locale":"sv_SE","og_type":"article","og_title":"Nagel Stickers med Fj\u00e4rilar i Svart & Vitt","og_description":"Nagel Stickers med Fj\u00e4rilar i Svart &amp; Vitt \u00e4r stilrena nagel stickers med vackert illustrerade fj\u00e4rilar i svartvitt. Svarta och vita stickers ger en tidl\u00f6s look med fin balans mellan mjuk form och grafisk kontrast. Best\u00e4ll nail stickers med svartvita fj\u00e4rilar Motiven \u00e4r cirka 4\u201310 mm stora och passar b\u00e5de som diskreta detaljer och som enhetliga nail art-designer. Tack vare det svartvita uttrycket \u00e4r dessa nail stickers enkla att matcha med allt fr\u00e5n naturliga till mer f\u00e4rgstarka nagellack.  L\u00e4tta att applicera, bekv\u00e4ma att b\u00e4ra och sitter snyggt i flera dagar utan att smeta eller lossna. Perfekta f\u00f6r vardagsbruk, minimalistisk nail art eller en stilren statement-look.  S\u00e5 applicerar du nail stickers  Reng\u00f6r och torka nageln  Lyft ett motiv f\u00f6rsiktigt med pincett  Placera p\u00e5 nageln och tryck l\u00e4tt  Applicera topplack  Produktinformation Arkstorlek: 7 \u00d7 10 cm F\u00e4rger: Svart &amp; vit Motiv: Fj\u00e4rilar Storlek: ca 4\u201310 mm  PS: K\u00f6p 6 ark och betala f\u00f6r 5 med rabattkoden INKNAILS \ud83e\udd8b\u2728","og_url":"https:\/\/likeink.com\/sv\/gnuggisar\/nagel-stickers-med-fjarilar-i-svart-vitt\/","og_site_name":"Like ink","article_publisher":"https:\/\/www.facebook.com\/LikeInkSe","article_modified_time":"2026-04-11T19:13:48+00:00","og_image":[{"width":1024,"height":1024,"url":"https:\/\/likeink.com\/wp-content\/uploads\/2026\/02\/nailstickers-butterfly-quality-likeink.png","type":"image\/png"}],"twitter_card":"summary_large_image","twitter_misc":{"Ber\u00e4knad l\u00e4stid":"1 minut"},"schema":{"@context":"https:\/\/schema.org","@graph":[{"@type":"WebPage","@id":"https:\/\/likeink.com\/sv\/gnuggisar\/nagel-stickers-med-fjarilar-i-svart-vitt\/","url":"https:\/\/likeink.com\/sv\/gnuggisar\/nagel-stickers-med-fjarilar-i-svart-vitt\/","name":"Svartvita Nail Stickers & Nagel Stickers med Fj\u00e4rilar | Like Ink","isPartOf":{"@id":"https:\/\/likeink.com\/sv\/#website"},"primaryImageOfPage":{"@id":"https:\/\/likeink.com\/sv\/gnuggisar\/nagel-stickers-med-fjarilar-i-svart-vitt\/#primaryimage"},"image":{"@id":"https:\/\/likeink.com\/sv\/gnuggisar\/nagel-stickers-med-fjarilar-i-svart-vitt\/#primaryimage"},"thumbnailUrl":"https:\/\/likeink.com\/wp-content\/uploads\/2026\/02\/nailstickers-butterfly-quality-likeink.png","datePublished":"2026-01-27T13:58:58+00:00","dateModified":"2026-04-11T19:13:48+00:00","description":"Svartvita nail stickers med fj\u00e4rilsmotiv. Stilrena nagel stickers som passar alla nagelf\u00e4rger \u2013 enkla att applicera och h\u00e5ller i flera dagar - Like ink","breadcrumb":{"@id":"https:\/\/likeink.com\/sv\/gnuggisar\/nagel-stickers-med-fjarilar-i-svart-vitt\/#breadcrumb"},"inLanguage":"sv-SE","potentialAction":[{"@type":"ReadAction","target":["https:\/\/likeink.com\/sv\/gnuggisar\/nagel-stickers-med-fjarilar-i-svart-vitt\/"]}]},{"@type":"ImageObject","inLanguage":"sv-SE","@id":"https:\/\/likeink.com\/sv\/gnuggisar\/nagel-stickers-med-fjarilar-i-svart-vitt\/#primaryimage","url":"https:\/\/likeink.com\/wp-content\/uploads\/2026\/02\/nailstickers-butterfly-quality-likeink.png","contentUrl":"https:\/\/likeink.com\/wp-content\/uploads\/2026\/02\/nailstickers-butterfly-quality-likeink.png","width":1024,"height":1024,"caption":"N\u00e4rbild av fyra fingernaglar med ett glansigt nudef\u00e4rgat nagellack, varje nagel dekorerad med en liten fj\u00e4rilsdesign - omv\u00e4xlande svarta och vita fj\u00e4rilar p\u00e5 naglarna - mot en vit bakgrund."},{"@type":"BreadcrumbList","@id":"https:\/\/likeink.com\/sv\/gnuggisar\/nagel-stickers-med-fjarilar-i-svart-vitt\/#breadcrumb","itemListElement":[{"@type":"ListItem","position":1,"name":"Hem","item":"https:\/\/likeink.com\/sv\/"},{"@type":"ListItem","position":2,"name":"Webbutik","item":"https:\/\/likeink.com\/sv\/webbutik\/"},{"@type":"ListItem","position":3,"name":"Nagel Stickers med Fj\u00e4rilar i Svart &#038; Vitt"}]},{"@type":"WebSite","@id":"https:\/\/likeink.com\/sv\/#website","url":"https:\/\/likeink.com\/sv\/","name":"Like ink","description":"Make your own custom design","potentialAction":[{"@type":"SearchAction","target":{"@type":"EntryPoint","urlTemplate":"https:\/\/likeink.com\/sv\/?s={search_term_string}"},"query-input":{"@type":"PropertyValueSpecification","valueRequired":true,"valueName":"search_term_string"}}],"inLanguage":"sv-SE"}]}},"_links":{"self":[{"href":"https:\/\/likeink.com\/sv\/wp-json\/wp\/v2\/product\/57537","targetHints":{"allow":["GET"]}}],"collection":[{"href":"https:\/\/likeink.com\/sv\/wp-json\/wp\/v2\/product"}],"about":[{"href":"https:\/\/likeink.com\/sv\/wp-json\/wp\/v2\/types\/product"}],"wp:featuredmedia":[{"embeddable":true,"href":"https:\/\/likeink.com\/sv\/wp-json\/wp\/v2\/media\/59406"}],"wp:attachment":[{"href":"https:\/\/likeink.com\/sv\/wp-json\/wp\/v2\/media?parent=57537"}],"wp:term":[{"taxonomy":"product_brand","embeddable":true,"href":"https:\/\/likeink.com\/sv\/wp-json\/wp\/v2\/product_brand?post=57537"},{"taxonomy":"product_cat","embeddable":true,"href":"https:\/\/likeink.com\/sv\/wp-json\/wp\/v2\/product_cat?post=57537"},{"taxonomy":"product_tag","embeddable":true,"href":"https:\/\/likeink.com\/sv\/wp-json\/wp\/v2\/product_tag?post=57537"}],"curies":[{"name":"wp","href":"https:\/\/api.w.org\/{rel}","templated":true}]}}