{"id":57551,"date":"2026-01-27T13:41:52","date_gmt":"2026-01-27T13:41:52","guid":{"rendered":"https:\/\/likeink.com\/gnuggisar\/rock-paw-leopard-nail-stickers\/"},"modified":"2026-02-11T15:19:44","modified_gmt":"2026-02-11T15:19:44","slug":"rock-paw-leopard-nail-stickers","status":"publish","type":"product","link":"https:\/\/likeink.com\/sv\/gnuggisar\/rock-paw-leopard-nail-stickers\/","title":{"rendered":"Rock Paw &#038; Leopard Nail Stickers"},"content":{"rendered":"","protected":false},"excerpt":{"rendered":"<p>Like Ink Rock Paw &amp; Leopard Nail Stickers \u00e4r uttrycksfulla nagel stickers med attityd. Arket inneh\u00e5ller en mix av tassavtryck, X-symboler, grafiska m\u00f6nster och leopardinspirerade kluster \u2013 perfekt f\u00f6r rockig och kaxig nail art.<\/p>\n<h2>Best\u00e4ll nail stickers med rockiga tass- och leopardmotiv<\/h2>\n<p>Motiven \u00e4r ca 3\u20137 mm stora och passar b\u00e5de f\u00f6r detaljerade designer, lager-p\u00e5-lager-looks och subtila rockaccenter. Kombinationen av djurinspirerade former och skarpa symboler ger en lekfull men rebellisk stil.<\/p>\n<p>Perfekt f\u00f6r festivaler, rocklooks eller f\u00f6r dig som vill ha nagel stickers med karakt\u00e4r. Enkla att applicera, bekv\u00e4ma att b\u00e4ra och sitter snyggt i flera dagar \u2013 helt utan kladd eller torktid.<\/p>\n<p><strong>S\u00e5 applicerar du nail stickers<\/strong><\/p>\n<p>Reng\u00f6r och torka nageln<\/p>\n<p>Lyft ett motiv f\u00f6rsiktigt med pincett<\/p>\n<p>Placera p\u00e5 nageln och tryck l\u00e4tt<\/p>\n<p>Applicera topplack f\u00f6r extra h\u00e5llbarhet<\/p>\n<p><strong>Produktinformation<\/strong><br \/>\n<strong>Arkstorlek:<\/strong> 7 \u00d7 10 cm<br \/>\n<strong>Stil:<\/strong> Rockinspirerad<br \/>\n<strong>Motiv:<\/strong> Tassavtryck, X-symboler, m\u00f6nster, leopardkluster<br \/>\n<strong>Storlek:<\/strong> ca 3\u20137 mm<\/p>\n<p><strong>PS:<\/strong> K\u00f6p 6 ark och betala f\u00f6r 5 med rabattkoden <strong>INKNAILS<\/strong> \ud83e\udd18\u2728<\/p>\n","protected":false},"featured_media":59426,"template":"","meta":[],"product_brand":[],"product_cat":[466],"product_tag":[],"class_list":{"0":"post-57551","1":"product","2":"type-product","3":"status-publish","4":"has-post-thumbnail","6":"product_cat-nailstickers","8":"first","9":"instock","10":"taxable","11":"shipping-taxable","12":"purchasable","13":"product-type-simple"},"yoast_head":"<!-- This site is optimized with the Yoast SEO Premium plugin v26.2 (Yoast SEO v27.4) - https:\/\/yoast.com\/product\/yoast-seo-premium-wordpress\/ -->\n<title>Rockiga Nail Stickers &amp; Nagel Stickers med Tass &amp; Leopard<\/title>\n<meta name=\"description\" content=\"Rockiga nail stickers med tassavtryck, leopardm\u00f6nster och grafiska symboler. Tuffa nagel stickers som \u00e4r enkla att applicera och h\u00e5ller i flera dagar. - Like ink\" \/>\n<meta name=\"robots\" content=\"index, follow, max-snippet:-1, max-image-preview:large, max-video-preview:-1\" \/>\n<link rel=\"canonical\" href=\"https:\/\/likeink.com\/sv\/gnuggisar\/rock-paw-leopard-nail-stickers\/\" \/>\n<meta property=\"og:locale\" content=\"sv_SE\" \/>\n<meta property=\"og:type\" content=\"article\" \/>\n<meta property=\"og:title\" content=\"Rock Paw &amp; Leopard Nail Stickers\" \/>\n<meta property=\"og:description\" content=\"Like Ink Rock Paw &amp; Leopard Nail Stickers \u00e4r uttrycksfulla nagel stickers med attityd. Arket inneh\u00e5ller en mix av tassavtryck, X-symboler, grafiska m\u00f6nster och leopardinspirerade kluster \u2013 perfekt f\u00f6r rockig och kaxig nail art. Best\u00e4ll nail stickers med rockiga tass- och leopardmotiv Motiven \u00e4r ca 3\u20137 mm stora och passar b\u00e5de f\u00f6r detaljerade designer, lager-p\u00e5-lager-looks och subtila rockaccenter. Kombinationen av djurinspirerade former och skarpa symboler ger en lekfull men rebellisk stil.  Perfekt f\u00f6r festivaler, rocklooks eller f\u00f6r dig som vill ha nagel stickers med karakt\u00e4r. Enkla att applicera, bekv\u00e4ma att b\u00e4ra och sitter snyggt i flera dagar \u2013 helt utan kladd eller torktid.  S\u00e5 applicerar du nail stickers  Reng\u00f6r och torka nageln  Lyft ett motiv f\u00f6rsiktigt med pincett  Placera p\u00e5 nageln och tryck l\u00e4tt  Applicera topplack f\u00f6r extra h\u00e5llbarhet  Produktinformation Arkstorlek: 7 \u00d7 10 cm Stil: Rockinspirerad Motiv: Tassavtryck, X-symboler, m\u00f6nster, leopardkluster Storlek: ca 3\u20137 mm  PS: K\u00f6p 6 ark och betala f\u00f6r 5 med rabattkoden INKNAILS \ud83e\udd18\u2728\" \/>\n<meta property=\"og:url\" content=\"https:\/\/likeink.com\/sv\/gnuggisar\/rock-paw-leopard-nail-stickers\/\" \/>\n<meta property=\"og:site_name\" content=\"Like ink\" \/>\n<meta property=\"article:publisher\" content=\"https:\/\/www.facebook.com\/LikeInkSe\" \/>\n<meta property=\"article:modified_time\" content=\"2026-02-11T15:19:44+00:00\" \/>\n<meta property=\"og:image\" content=\"https:\/\/likeink.com\/wp-content\/uploads\/2026\/02\/nailstickers-paw-paws-likeink.png\" \/>\n\t<meta property=\"og:image:width\" content=\"1713\" \/>\n\t<meta property=\"og:image:height\" content=\"1520\" \/>\n\t<meta property=\"og:image:type\" content=\"image\/png\" \/>\n<meta name=\"twitter:card\" content=\"summary_large_image\" \/>\n<meta name=\"twitter:label1\" content=\"Ber\u00e4knad l\u00e4stid\" \/>\n\t<meta name=\"twitter:data1\" content=\"1 minut\" \/>\n<script type=\"application\/ld+json\" class=\"yoast-schema-graph\">{\"@context\":\"https:\\\/\\\/schema.org\",\"@graph\":[{\"@type\":\"WebPage\",\"@id\":\"https:\\\/\\\/likeink.com\\\/sv\\\/gnuggisar\\\/rock-paw-leopard-nail-stickers\\\/\",\"url\":\"https:\\\/\\\/likeink.com\\\/sv\\\/gnuggisar\\\/rock-paw-leopard-nail-stickers\\\/\",\"name\":\"Rockiga Nail Stickers & Nagel Stickers med Tass & Leopard\",\"isPartOf\":{\"@id\":\"https:\\\/\\\/likeink.com\\\/sv\\\/#website\"},\"primaryImageOfPage\":{\"@id\":\"https:\\\/\\\/likeink.com\\\/sv\\\/gnuggisar\\\/rock-paw-leopard-nail-stickers\\\/#primaryimage\"},\"image\":{\"@id\":\"https:\\\/\\\/likeink.com\\\/sv\\\/gnuggisar\\\/rock-paw-leopard-nail-stickers\\\/#primaryimage\"},\"thumbnailUrl\":\"https:\\\/\\\/likeink.com\\\/wp-content\\\/uploads\\\/2026\\\/02\\\/naiul-sticker-paw-design-likeink.png\",\"datePublished\":\"2026-01-27T13:41:52+00:00\",\"dateModified\":\"2026-02-11T15:19:44+00:00\",\"description\":\"Rockiga nail stickers med tassavtryck, leopardm\u00f6nster och grafiska symboler. Tuffa nagel stickers som \u00e4r enkla att applicera och h\u00e5ller i flera dagar. - Like ink\",\"breadcrumb\":{\"@id\":\"https:\\\/\\\/likeink.com\\\/sv\\\/gnuggisar\\\/rock-paw-leopard-nail-stickers\\\/#breadcrumb\"},\"inLanguage\":\"sv-SE\",\"potentialAction\":[{\"@type\":\"ReadAction\",\"target\":[\"https:\\\/\\\/likeink.com\\\/sv\\\/gnuggisar\\\/rock-paw-leopard-nail-stickers\\\/\"]}]},{\"@type\":\"ImageObject\",\"inLanguage\":\"sv-SE\",\"@id\":\"https:\\\/\\\/likeink.com\\\/sv\\\/gnuggisar\\\/rock-paw-leopard-nail-stickers\\\/#primaryimage\",\"url\":\"https:\\\/\\\/likeink.com\\\/wp-content\\\/uploads\\\/2026\\\/02\\\/naiul-sticker-paw-design-likeink.png\",\"contentUrl\":\"https:\\\/\\\/likeink.com\\\/wp-content\\\/uploads\\\/2026\\\/02\\\/naiul-sticker-paw-design-likeink.png\",\"width\":1024,\"height\":1024,\"caption\":\"N\u00e4rbild p\u00e5 en hand med nudef\u00e4rgat nagellack, med svarta m\u00f6nster av X och tassavtryck p\u00e5 naglarna. Bakgrunden best\u00e5r av ett leopardm\u00f6nstrat tyg och en guldkedja.\"},{\"@type\":\"BreadcrumbList\",\"@id\":\"https:\\\/\\\/likeink.com\\\/sv\\\/gnuggisar\\\/rock-paw-leopard-nail-stickers\\\/#breadcrumb\",\"itemListElement\":[{\"@type\":\"ListItem\",\"position\":1,\"name\":\"Hem\",\"item\":\"https:\\\/\\\/likeink.com\\\/sv\\\/\"},{\"@type\":\"ListItem\",\"position\":2,\"name\":\"Webbutik\",\"item\":\"https:\\\/\\\/likeink.com\\\/sv\\\/webbutik\\\/\"},{\"@type\":\"ListItem\",\"position\":3,\"name\":\"Rock Paw &#038; Leopard Nail Stickers\"}]},{\"@type\":\"WebSite\",\"@id\":\"https:\\\/\\\/likeink.com\\\/sv\\\/#website\",\"url\":\"https:\\\/\\\/likeink.com\\\/sv\\\/\",\"name\":\"Like ink\",\"description\":\"Make your own custom design\",\"potentialAction\":[{\"@type\":\"SearchAction\",\"target\":{\"@type\":\"EntryPoint\",\"urlTemplate\":\"https:\\\/\\\/likeink.com\\\/sv\\\/?s={search_term_string}\"},\"query-input\":{\"@type\":\"PropertyValueSpecification\",\"valueRequired\":true,\"valueName\":\"search_term_string\"}}],\"inLanguage\":\"sv-SE\"}]}<\/script>\n<!-- \/ Yoast SEO Premium plugin. -->","yoast_head_json":{"title":"Rockiga Nail Stickers & Nagel Stickers med Tass & Leopard","description":"Rockiga nail stickers med tassavtryck, leopardm\u00f6nster och grafiska symboler. Tuffa nagel stickers som \u00e4r enkla att applicera och h\u00e5ller i flera dagar. - Like ink","robots":{"index":"index","follow":"follow","max-snippet":"max-snippet:-1","max-image-preview":"max-image-preview:large","max-video-preview":"max-video-preview:-1"},"canonical":"https:\/\/likeink.com\/sv\/gnuggisar\/rock-paw-leopard-nail-stickers\/","og_locale":"sv_SE","og_type":"article","og_title":"Rock Paw & Leopard Nail Stickers","og_description":"Like Ink Rock Paw &amp; Leopard Nail Stickers \u00e4r uttrycksfulla nagel stickers med attityd. Arket inneh\u00e5ller en mix av tassavtryck, X-symboler, grafiska m\u00f6nster och leopardinspirerade kluster \u2013 perfekt f\u00f6r rockig och kaxig nail art. Best\u00e4ll nail stickers med rockiga tass- och leopardmotiv Motiven \u00e4r ca 3\u20137 mm stora och passar b\u00e5de f\u00f6r detaljerade designer, lager-p\u00e5-lager-looks och subtila rockaccenter. Kombinationen av djurinspirerade former och skarpa symboler ger en lekfull men rebellisk stil.  Perfekt f\u00f6r festivaler, rocklooks eller f\u00f6r dig som vill ha nagel stickers med karakt\u00e4r. Enkla att applicera, bekv\u00e4ma att b\u00e4ra och sitter snyggt i flera dagar \u2013 helt utan kladd eller torktid.  S\u00e5 applicerar du nail stickers  Reng\u00f6r och torka nageln  Lyft ett motiv f\u00f6rsiktigt med pincett  Placera p\u00e5 nageln och tryck l\u00e4tt  Applicera topplack f\u00f6r extra h\u00e5llbarhet  Produktinformation Arkstorlek: 7 \u00d7 10 cm Stil: Rockinspirerad Motiv: Tassavtryck, X-symboler, m\u00f6nster, leopardkluster Storlek: ca 3\u20137 mm  PS: K\u00f6p 6 ark och betala f\u00f6r 5 med rabattkoden INKNAILS \ud83e\udd18\u2728","og_url":"https:\/\/likeink.com\/sv\/gnuggisar\/rock-paw-leopard-nail-stickers\/","og_site_name":"Like ink","article_publisher":"https:\/\/www.facebook.com\/LikeInkSe","article_modified_time":"2026-02-11T15:19:44+00:00","og_image":[{"width":1713,"height":1520,"url":"https:\/\/likeink.com\/wp-content\/uploads\/2026\/02\/nailstickers-paw-paws-likeink.png","type":"image\/png"}],"twitter_card":"summary_large_image","twitter_misc":{"Ber\u00e4knad l\u00e4stid":"1 minut"},"schema":{"@context":"https:\/\/schema.org","@graph":[{"@type":"WebPage","@id":"https:\/\/likeink.com\/sv\/gnuggisar\/rock-paw-leopard-nail-stickers\/","url":"https:\/\/likeink.com\/sv\/gnuggisar\/rock-paw-leopard-nail-stickers\/","name":"Rockiga Nail Stickers & Nagel Stickers med Tass & Leopard","isPartOf":{"@id":"https:\/\/likeink.com\/sv\/#website"},"primaryImageOfPage":{"@id":"https:\/\/likeink.com\/sv\/gnuggisar\/rock-paw-leopard-nail-stickers\/#primaryimage"},"image":{"@id":"https:\/\/likeink.com\/sv\/gnuggisar\/rock-paw-leopard-nail-stickers\/#primaryimage"},"thumbnailUrl":"https:\/\/likeink.com\/wp-content\/uploads\/2026\/02\/naiul-sticker-paw-design-likeink.png","datePublished":"2026-01-27T13:41:52+00:00","dateModified":"2026-02-11T15:19:44+00:00","description":"Rockiga nail stickers med tassavtryck, leopardm\u00f6nster och grafiska symboler. Tuffa nagel stickers som \u00e4r enkla att applicera och h\u00e5ller i flera dagar. - Like ink","breadcrumb":{"@id":"https:\/\/likeink.com\/sv\/gnuggisar\/rock-paw-leopard-nail-stickers\/#breadcrumb"},"inLanguage":"sv-SE","potentialAction":[{"@type":"ReadAction","target":["https:\/\/likeink.com\/sv\/gnuggisar\/rock-paw-leopard-nail-stickers\/"]}]},{"@type":"ImageObject","inLanguage":"sv-SE","@id":"https:\/\/likeink.com\/sv\/gnuggisar\/rock-paw-leopard-nail-stickers\/#primaryimage","url":"https:\/\/likeink.com\/wp-content\/uploads\/2026\/02\/naiul-sticker-paw-design-likeink.png","contentUrl":"https:\/\/likeink.com\/wp-content\/uploads\/2026\/02\/naiul-sticker-paw-design-likeink.png","width":1024,"height":1024,"caption":"N\u00e4rbild p\u00e5 en hand med nudef\u00e4rgat nagellack, med svarta m\u00f6nster av X och tassavtryck p\u00e5 naglarna. Bakgrunden best\u00e5r av ett leopardm\u00f6nstrat tyg och en guldkedja."},{"@type":"BreadcrumbList","@id":"https:\/\/likeink.com\/sv\/gnuggisar\/rock-paw-leopard-nail-stickers\/#breadcrumb","itemListElement":[{"@type":"ListItem","position":1,"name":"Hem","item":"https:\/\/likeink.com\/sv\/"},{"@type":"ListItem","position":2,"name":"Webbutik","item":"https:\/\/likeink.com\/sv\/webbutik\/"},{"@type":"ListItem","position":3,"name":"Rock Paw &#038; Leopard Nail Stickers"}]},{"@type":"WebSite","@id":"https:\/\/likeink.com\/sv\/#website","url":"https:\/\/likeink.com\/sv\/","name":"Like ink","description":"Make your own custom design","potentialAction":[{"@type":"SearchAction","target":{"@type":"EntryPoint","urlTemplate":"https:\/\/likeink.com\/sv\/?s={search_term_string}"},"query-input":{"@type":"PropertyValueSpecification","valueRequired":true,"valueName":"search_term_string"}}],"inLanguage":"sv-SE"}]}},"_links":{"self":[{"href":"https:\/\/likeink.com\/sv\/wp-json\/wp\/v2\/product\/57551","targetHints":{"allow":["GET"]}}],"collection":[{"href":"https:\/\/likeink.com\/sv\/wp-json\/wp\/v2\/product"}],"about":[{"href":"https:\/\/likeink.com\/sv\/wp-json\/wp\/v2\/types\/product"}],"wp:featuredmedia":[{"embeddable":true,"href":"https:\/\/likeink.com\/sv\/wp-json\/wp\/v2\/media\/59426"}],"wp:attachment":[{"href":"https:\/\/likeink.com\/sv\/wp-json\/wp\/v2\/media?parent=57551"}],"wp:term":[{"taxonomy":"product_brand","embeddable":true,"href":"https:\/\/likeink.com\/sv\/wp-json\/wp\/v2\/product_brand?post=57551"},{"taxonomy":"product_cat","embeddable":true,"href":"https:\/\/likeink.com\/sv\/wp-json\/wp\/v2\/product_cat?post=57551"},{"taxonomy":"product_tag","embeddable":true,"href":"https:\/\/likeink.com\/sv\/wp-json\/wp\/v2\/product_tag?post=57551"}],"curies":[{"name":"wp","href":"https:\/\/api.w.org\/{rel}","templated":true}]}}