{"id":60005,"date":"2026-03-05T19:37:17","date_gmt":"2026-03-05T19:37:17","guid":{"rendered":"https:\/\/likeink.com\/gnuggisar\/rocka-sockorna-tattoos\/"},"modified":"2026-04-14T13:45:56","modified_gmt":"2026-04-14T13:45:56","slug":"rocka-sockorna-tatueringar","status":"publish","type":"product","link":"https:\/\/likeink.com\/sv\/gnuggisar\/rocka-sockorna-tatueringar\/","title":{"rendered":"Rocka Sockorna Tatueringar"},"content":{"rendered":"","protected":false},"excerpt":{"rendered":"<p>FN har utlyst den 21 mars till V\u00e4rldsdagen f\u00f6r Downs syndrom. Syftet med dagen \u00e4r att \u00f6ka allm\u00e4nhetens medvetenhet om syndromet och att uppm\u00e4rksamma alla m\u00e4nniskors lika v\u00e4rde.<\/p>\n<h2>Best\u00e4ll Rocka Sockorna-tatueringar och supporta Svenska Downf\u00f6reningen<\/h2>\n<p>I Sverige och i flera andra l\u00e4nder uppm\u00e4rksammas v\u00e4rlds-dagen f\u00f6r Downs syndrom genom kampanjen Rocka sockorna. Genom att ta p\u00e5 dig olika strumpor den 21 mars visar du att du st\u00e5r upp f\u00f6r personer med Downs syndrom och f\u00f6r alla m\u00e4nniskors lika v\u00e4rde och r\u00e4ttigheter.<br \/>\nKampanjen drivs av Svenska Downf\u00f6reningen. N\u00e4r du k\u00f6per ett tatueringsark fr\u00e5n Like ink s\u00e5 bidrar du samtidigt till f\u00f6reningens viktiga arbete.<br \/>\nMed en Rocka sockorna-gnuggis kan du rocka sockorna b\u00e5de p\u00e5 f\u00f6tterna och h\u00e4nderna \u2013 ett roligt och synligt s\u00e4tt att visa ditt st\u00f6d.<\/p>\n<p><strong>Alla Like Ink tempor\u00e4ra tatueringar \u00e4r:<\/strong><br \/>\n\u2022 veganska<br \/>\n\u2022 CE-m\u00e4rkta<br \/>\n\u2022 allergiv\u00e4nliga<\/p>\n<p><strong>Storlek ark:<\/strong> A5<br \/>\n<strong>Antal tatueringar:<\/strong> 23<br \/>\n<strong>Storlek Tatuering:<\/strong> 35 mm<\/p>\n<p>&nbsp;<\/p>\n","protected":false},"featured_media":60103,"template":"","meta":[],"product_brand":[],"product_cat":[17,495,270],"product_tag":[],"class_list":{"0":"post-60005","1":"product","2":"type-product","3":"status-publish","4":"has-post-thumbnail","6":"product_cat-fardiga-ark","7":"product_cat-samarbeten-med-foretag","8":"product_cat-valgorenhet","10":"first","11":"instock","12":"taxable","13":"shipping-taxable","14":"purchasable","15":"product-type-simple"},"yoast_head":"<!-- This site is optimized with the Yoast SEO Premium plugin v26.2 (Yoast SEO v27.4) - https:\/\/yoast.com\/product\/yoast-seo-premium-wordpress\/ -->\n<title>Rocka Sockorna Tatueringar \u2013 St\u00f6d V\u00e4rldsdagen f\u00f6r Downs syndrom<\/title>\n<meta name=\"description\" content=\"Visa ditt st\u00f6d p\u00e5 V\u00e4rldsdagen f\u00f6r Downs syndrom med Rocka Sockorna Tattoos. Veganska och allergiv\u00e4nliga tempor\u00e4ra tatueringar fr\u00e5n Like Ink.\" \/>\n<meta name=\"robots\" content=\"index, follow, max-snippet:-1, max-image-preview:large, max-video-preview:-1\" \/>\n<link rel=\"canonical\" href=\"https:\/\/likeink.com\/sv\/gnuggisar\/rocka-sockorna-tatueringar\/\" \/>\n<meta property=\"og:locale\" content=\"sv_SE\" \/>\n<meta property=\"og:type\" content=\"article\" \/>\n<meta property=\"og:title\" content=\"Rocka Sockorna Tatueringar\" \/>\n<meta property=\"og:description\" content=\"FN har utlyst den 21 mars till V\u00e4rldsdagen f\u00f6r Downs syndrom. Syftet med dagen \u00e4r att \u00f6ka allm\u00e4nhetens medvetenhet om syndromet och att uppm\u00e4rksamma alla m\u00e4nniskors lika v\u00e4rde. Best\u00e4ll Rocka Sockorna-tatueringar och supporta Svenska Downf\u00f6reningen I Sverige och i flera andra l\u00e4nder uppm\u00e4rksammas v\u00e4rlds-dagen f\u00f6r Downs syndrom genom kampanjen Rocka sockorna. Genom att ta p\u00e5 dig olika strumpor den 21 mars visar du att du st\u00e5r upp f\u00f6r personer med Downs syndrom och f\u00f6r alla m\u00e4nniskors lika v\u00e4rde och r\u00e4ttigheter. Kampanjen drivs av Svenska Downf\u00f6reningen. N\u00e4r du k\u00f6per ett tatueringsark fr\u00e5n Like ink s\u00e5 bidrar du samtidigt till f\u00f6reningens viktiga arbete. Med en Rocka sockorna-gnuggis kan du rocka sockorna b\u00e5de p\u00e5 f\u00f6tterna och h\u00e4nderna \u2013 ett roligt och synligt s\u00e4tt att visa ditt st\u00f6d.  Alla Like Ink tempor\u00e4ra tatueringar \u00e4r: \u2022 veganska \u2022 CE-m\u00e4rkta \u2022 allergiv\u00e4nliga  Storlek ark: A5 Antal tatueringar: 23 Storlek Tatuering: 35 mm  &nbsp;\" \/>\n<meta property=\"og:url\" content=\"https:\/\/likeink.com\/sv\/gnuggisar\/rocka-sockorna-tatueringar\/\" \/>\n<meta property=\"og:site_name\" content=\"Like ink\" \/>\n<meta property=\"article:publisher\" content=\"https:\/\/www.facebook.com\/LikeInkSe\" \/>\n<meta property=\"article:modified_time\" content=\"2026-04-14T13:45:56+00:00\" \/>\n<meta property=\"og:image\" content=\"https:\/\/likeink.com\/wp-content\/uploads\/2026\/03\/Rocka-Sockorna-Tatuering-Likeink.jpg\" \/>\n\t<meta property=\"og:image:width\" content=\"1800\" \/>\n\t<meta property=\"og:image:height\" content=\"1268\" \/>\n\t<meta property=\"og:image:type\" content=\"image\/jpeg\" \/>\n<meta name=\"twitter:card\" content=\"summary_large_image\" \/>\n<meta name=\"twitter:label1\" content=\"Ber\u00e4knad l\u00e4stid\" \/>\n\t<meta name=\"twitter:data1\" content=\"1 minut\" \/>\n<script type=\"application\/ld+json\" class=\"yoast-schema-graph\">{\"@context\":\"https:\\\/\\\/schema.org\",\"@graph\":[{\"@type\":\"WebPage\",\"@id\":\"https:\\\/\\\/likeink.com\\\/sv\\\/gnuggisar\\\/rocka-sockorna-tatueringar\\\/\",\"url\":\"https:\\\/\\\/likeink.com\\\/sv\\\/gnuggisar\\\/rocka-sockorna-tatueringar\\\/\",\"name\":\"Rocka Sockorna Tatueringar \u2013 St\u00f6d V\u00e4rldsdagen f\u00f6r Downs syndrom\",\"isPartOf\":{\"@id\":\"https:\\\/\\\/likeink.com\\\/sv\\\/#website\"},\"primaryImageOfPage\":{\"@id\":\"https:\\\/\\\/likeink.com\\\/sv\\\/gnuggisar\\\/rocka-sockorna-tatueringar\\\/#primaryimage\"},\"image\":{\"@id\":\"https:\\\/\\\/likeink.com\\\/sv\\\/gnuggisar\\\/rocka-sockorna-tatueringar\\\/#primaryimage\"},\"thumbnailUrl\":\"https:\\\/\\\/likeink.com\\\/wp-content\\\/uploads\\\/2026\\\/03\\\/Rocka-Sockorna-Tatuering-Likeink.jpg\",\"datePublished\":\"2026-03-05T19:37:17+00:00\",\"dateModified\":\"2026-04-14T13:45:56+00:00\",\"description\":\"Visa ditt st\u00f6d p\u00e5 V\u00e4rldsdagen f\u00f6r Downs syndrom med Rocka Sockorna Tattoos. Veganska och allergiv\u00e4nliga tempor\u00e4ra tatueringar fr\u00e5n Like Ink.\",\"breadcrumb\":{\"@id\":\"https:\\\/\\\/likeink.com\\\/sv\\\/gnuggisar\\\/rocka-sockorna-tatueringar\\\/#breadcrumb\"},\"inLanguage\":\"sv-SE\",\"potentialAction\":[{\"@type\":\"ReadAction\",\"target\":[\"https:\\\/\\\/likeink.com\\\/sv\\\/gnuggisar\\\/rocka-sockorna-tatueringar\\\/\"]}]},{\"@type\":\"ImageObject\",\"inLanguage\":\"sv-SE\",\"@id\":\"https:\\\/\\\/likeink.com\\\/sv\\\/gnuggisar\\\/rocka-sockorna-tatueringar\\\/#primaryimage\",\"url\":\"https:\\\/\\\/likeink.com\\\/wp-content\\\/uploads\\\/2026\\\/03\\\/Rocka-Sockorna-Tatuering-Likeink.jpg\",\"contentUrl\":\"https:\\\/\\\/likeink.com\\\/wp-content\\\/uploads\\\/2026\\\/03\\\/Rocka-Sockorna-Tatuering-Likeink.jpg\",\"width\":1800,\"height\":1268,\"caption\":\"Ett m\u00f6nster av konturerade strumpor med olika m\u00f6nster och den feta texten ROCKA SOCKORNA upprepad flera g\u00e5nger mot en vit bakgrund.\"},{\"@type\":\"BreadcrumbList\",\"@id\":\"https:\\\/\\\/likeink.com\\\/sv\\\/gnuggisar\\\/rocka-sockorna-tatueringar\\\/#breadcrumb\",\"itemListElement\":[{\"@type\":\"ListItem\",\"position\":1,\"name\":\"Hem\",\"item\":\"https:\\\/\\\/likeink.com\\\/sv\\\/\"},{\"@type\":\"ListItem\",\"position\":2,\"name\":\"Webbutik\",\"item\":\"https:\\\/\\\/likeink.com\\\/sv\\\/webbutik\\\/\"},{\"@type\":\"ListItem\",\"position\":3,\"name\":\"Rocka Sockorna Tatueringar\"}]},{\"@type\":\"WebSite\",\"@id\":\"https:\\\/\\\/likeink.com\\\/sv\\\/#website\",\"url\":\"https:\\\/\\\/likeink.com\\\/sv\\\/\",\"name\":\"Like ink\",\"description\":\"Make your own custom design\",\"potentialAction\":[{\"@type\":\"SearchAction\",\"target\":{\"@type\":\"EntryPoint\",\"urlTemplate\":\"https:\\\/\\\/likeink.com\\\/sv\\\/?s={search_term_string}\"},\"query-input\":{\"@type\":\"PropertyValueSpecification\",\"valueRequired\":true,\"valueName\":\"search_term_string\"}}],\"inLanguage\":\"sv-SE\"}]}<\/script>\n<!-- \/ Yoast SEO Premium plugin. -->","yoast_head_json":{"title":"Rocka Sockorna Tatueringar \u2013 St\u00f6d V\u00e4rldsdagen f\u00f6r Downs syndrom","description":"Visa ditt st\u00f6d p\u00e5 V\u00e4rldsdagen f\u00f6r Downs syndrom med Rocka Sockorna Tattoos. Veganska och allergiv\u00e4nliga tempor\u00e4ra tatueringar fr\u00e5n Like Ink.","robots":{"index":"index","follow":"follow","max-snippet":"max-snippet:-1","max-image-preview":"max-image-preview:large","max-video-preview":"max-video-preview:-1"},"canonical":"https:\/\/likeink.com\/sv\/gnuggisar\/rocka-sockorna-tatueringar\/","og_locale":"sv_SE","og_type":"article","og_title":"Rocka Sockorna Tatueringar","og_description":"FN har utlyst den 21 mars till V\u00e4rldsdagen f\u00f6r Downs syndrom. Syftet med dagen \u00e4r att \u00f6ka allm\u00e4nhetens medvetenhet om syndromet och att uppm\u00e4rksamma alla m\u00e4nniskors lika v\u00e4rde. Best\u00e4ll Rocka Sockorna-tatueringar och supporta Svenska Downf\u00f6reningen I Sverige och i flera andra l\u00e4nder uppm\u00e4rksammas v\u00e4rlds-dagen f\u00f6r Downs syndrom genom kampanjen Rocka sockorna. Genom att ta p\u00e5 dig olika strumpor den 21 mars visar du att du st\u00e5r upp f\u00f6r personer med Downs syndrom och f\u00f6r alla m\u00e4nniskors lika v\u00e4rde och r\u00e4ttigheter. Kampanjen drivs av Svenska Downf\u00f6reningen. N\u00e4r du k\u00f6per ett tatueringsark fr\u00e5n Like ink s\u00e5 bidrar du samtidigt till f\u00f6reningens viktiga arbete. Med en Rocka sockorna-gnuggis kan du rocka sockorna b\u00e5de p\u00e5 f\u00f6tterna och h\u00e4nderna \u2013 ett roligt och synligt s\u00e4tt att visa ditt st\u00f6d.  Alla Like Ink tempor\u00e4ra tatueringar \u00e4r: \u2022 veganska \u2022 CE-m\u00e4rkta \u2022 allergiv\u00e4nliga  Storlek ark: A5 Antal tatueringar: 23 Storlek Tatuering: 35 mm  &nbsp;","og_url":"https:\/\/likeink.com\/sv\/gnuggisar\/rocka-sockorna-tatueringar\/","og_site_name":"Like ink","article_publisher":"https:\/\/www.facebook.com\/LikeInkSe","article_modified_time":"2026-04-14T13:45:56+00:00","og_image":[{"width":1800,"height":1268,"url":"https:\/\/likeink.com\/wp-content\/uploads\/2026\/03\/Rocka-Sockorna-Tatuering-Likeink.jpg","type":"image\/jpeg"}],"twitter_card":"summary_large_image","twitter_misc":{"Ber\u00e4knad l\u00e4stid":"1 minut"},"schema":{"@context":"https:\/\/schema.org","@graph":[{"@type":"WebPage","@id":"https:\/\/likeink.com\/sv\/gnuggisar\/rocka-sockorna-tatueringar\/","url":"https:\/\/likeink.com\/sv\/gnuggisar\/rocka-sockorna-tatueringar\/","name":"Rocka Sockorna Tatueringar \u2013 St\u00f6d V\u00e4rldsdagen f\u00f6r Downs syndrom","isPartOf":{"@id":"https:\/\/likeink.com\/sv\/#website"},"primaryImageOfPage":{"@id":"https:\/\/likeink.com\/sv\/gnuggisar\/rocka-sockorna-tatueringar\/#primaryimage"},"image":{"@id":"https:\/\/likeink.com\/sv\/gnuggisar\/rocka-sockorna-tatueringar\/#primaryimage"},"thumbnailUrl":"https:\/\/likeink.com\/wp-content\/uploads\/2026\/03\/Rocka-Sockorna-Tatuering-Likeink.jpg","datePublished":"2026-03-05T19:37:17+00:00","dateModified":"2026-04-14T13:45:56+00:00","description":"Visa ditt st\u00f6d p\u00e5 V\u00e4rldsdagen f\u00f6r Downs syndrom med Rocka Sockorna Tattoos. Veganska och allergiv\u00e4nliga tempor\u00e4ra tatueringar fr\u00e5n Like Ink.","breadcrumb":{"@id":"https:\/\/likeink.com\/sv\/gnuggisar\/rocka-sockorna-tatueringar\/#breadcrumb"},"inLanguage":"sv-SE","potentialAction":[{"@type":"ReadAction","target":["https:\/\/likeink.com\/sv\/gnuggisar\/rocka-sockorna-tatueringar\/"]}]},{"@type":"ImageObject","inLanguage":"sv-SE","@id":"https:\/\/likeink.com\/sv\/gnuggisar\/rocka-sockorna-tatueringar\/#primaryimage","url":"https:\/\/likeink.com\/wp-content\/uploads\/2026\/03\/Rocka-Sockorna-Tatuering-Likeink.jpg","contentUrl":"https:\/\/likeink.com\/wp-content\/uploads\/2026\/03\/Rocka-Sockorna-Tatuering-Likeink.jpg","width":1800,"height":1268,"caption":"Ett m\u00f6nster av konturerade strumpor med olika m\u00f6nster och den feta texten ROCKA SOCKORNA upprepad flera g\u00e5nger mot en vit bakgrund."},{"@type":"BreadcrumbList","@id":"https:\/\/likeink.com\/sv\/gnuggisar\/rocka-sockorna-tatueringar\/#breadcrumb","itemListElement":[{"@type":"ListItem","position":1,"name":"Hem","item":"https:\/\/likeink.com\/sv\/"},{"@type":"ListItem","position":2,"name":"Webbutik","item":"https:\/\/likeink.com\/sv\/webbutik\/"},{"@type":"ListItem","position":3,"name":"Rocka Sockorna Tatueringar"}]},{"@type":"WebSite","@id":"https:\/\/likeink.com\/sv\/#website","url":"https:\/\/likeink.com\/sv\/","name":"Like ink","description":"Make your own custom design","potentialAction":[{"@type":"SearchAction","target":{"@type":"EntryPoint","urlTemplate":"https:\/\/likeink.com\/sv\/?s={search_term_string}"},"query-input":{"@type":"PropertyValueSpecification","valueRequired":true,"valueName":"search_term_string"}}],"inLanguage":"sv-SE"}]}},"_links":{"self":[{"href":"https:\/\/likeink.com\/sv\/wp-json\/wp\/v2\/product\/60005","targetHints":{"allow":["GET"]}}],"collection":[{"href":"https:\/\/likeink.com\/sv\/wp-json\/wp\/v2\/product"}],"about":[{"href":"https:\/\/likeink.com\/sv\/wp-json\/wp\/v2\/types\/product"}],"wp:featuredmedia":[{"embeddable":true,"href":"https:\/\/likeink.com\/sv\/wp-json\/wp\/v2\/media\/60103"}],"wp:attachment":[{"href":"https:\/\/likeink.com\/sv\/wp-json\/wp\/v2\/media?parent=60005"}],"wp:term":[{"taxonomy":"product_brand","embeddable":true,"href":"https:\/\/likeink.com\/sv\/wp-json\/wp\/v2\/product_brand?post=60005"},{"taxonomy":"product_cat","embeddable":true,"href":"https:\/\/likeink.com\/sv\/wp-json\/wp\/v2\/product_cat?post=60005"},{"taxonomy":"product_tag","embeddable":true,"href":"https:\/\/likeink.com\/sv\/wp-json\/wp\/v2\/product_tag?post=60005"}],"curies":[{"name":"wp","href":"https:\/\/api.w.org\/{rel}","templated":true}]}}