{"id":62294,"date":"2026-04-09T08:13:55","date_gmt":"2026-04-09T08:13:55","guid":{"rendered":"https:\/\/likeink.com\/gnuggisar\/colourful-dragron-tattoos\/"},"modified":"2026-04-09T09:27:57","modified_gmt":"2026-04-09T09:27:57","slug":"fargglada-draktatueringar","status":"publish","type":"product","link":"https:\/\/likeink.com\/sv\/gnuggisar\/fargglada-draktatueringar\/","title":{"rendered":"F\u00e4rgglada draktatueringar"},"content":{"rendered":"","protected":false},"excerpt":{"rendered":"<p>Dessa draktatueringar \u00e4r f\u00e4rgglada och bra kvalit\u00e9, perfekt f\u00f6r n\u00e4sta fest, festival eller annat evenemang. V\u00e5ra tempor\u00e4ra tatueringar \u00e4r allergiv\u00e4nliga och skonsamma f\u00f6r din hud.<\/p>\n<h2>Best\u00e4ll ett ark med \u201cf\u00e4rgglada draktatueringar\u201d nu och var coolast p\u00e5 ditt n\u00e4sta evenemang.<\/h2>\n<p>I detta f\u00e4rdigdesignade arket f\u00e5r du tv\u00e5 stora drakar som \u00e4r perfekta att s\u00e4tta p\u00e5 armar, ben eller \u00f6verkropp. Du f\u00e5r \u00e4ven med tv\u00e5 stycken mindre ormar som du kan ha p\u00e5 nacken eller ansiktet f\u00f6r att visa din fr\u00e4cka stil.<\/p>\n<p>Vi skickar din tatuering inom 24 timmar. Anv\u00e4nd alla tatueringarna samtidigt eller dela upp dem p\u00e5 olika tillf\u00e4llen. V\u00e5ra tempor\u00e4ra tatueringar \u00e4r gjorda i Malm\u00f6, Sverige och har den b\u00e4sta kvaliteten. Dessa f\u00e4rgglada drakar \u00e4r l\u00e4tta att applicera och h\u00e5ller mellan 2-7 dagar.<\/p>\n<p>Alla Like Ink tempor\u00e4ra tatueringar \u00e4r:<br \/>\n\u2022 veganska<br \/>\n\u2022 CE-m\u00e4rkta<br \/>\n\u2022 allergiv\u00e4nliga<\/p>\n<p><strong>Arkstorlek:<\/strong> A5<br \/>\n<strong>Tatueringens storlek:<\/strong> 135&#215;112 mm<br \/>\n<strong>Antal tatueringar:<\/strong> 4<\/p>\n","protected":false},"featured_media":62283,"template":"","meta":[],"product_brand":[],"product_cat":[17,131],"product_tag":[],"class_list":{"0":"post-62294","1":"product","2":"type-product","3":"status-publish","4":"has-post-thumbnail","6":"product_cat-fardiga-ark","7":"product_cat-sagodjur-tatuering","9":"first","10":"instock","11":"taxable","12":"shipping-taxable","13":"purchasable","14":"product-type-simple"},"yoast_head":"<!-- This site is optimized with the Yoast SEO Premium plugin v26.2 (Yoast SEO v27.4) - https:\/\/yoast.com\/product\/yoast-seo-premium-wordpress\/ -->\n<title>F\u00e4rgglada draktatueringar- Like ink<\/title>\n<meta name=\"description\" content=\"F\u00e4rgglada draktatueringar: tempor\u00e4ra draktatueringar med dj\u00e4rva och livfulla designer. L\u00e4tta att applicera, hudv\u00e4nliga och perfekta f\u00f6r festivaler och fest.\" \/>\n<meta name=\"robots\" content=\"index, follow, max-snippet:-1, max-image-preview:large, max-video-preview:-1\" \/>\n<link rel=\"canonical\" href=\"https:\/\/likeink.com\/sv\/gnuggisar\/fargglada-draktatueringar\/\" \/>\n<meta property=\"og:locale\" content=\"sv_SE\" \/>\n<meta property=\"og:type\" content=\"article\" \/>\n<meta property=\"og:title\" content=\"F\u00e4rgglada draktatueringar\" \/>\n<meta property=\"og:description\" content=\"Dessa draktatueringar \u00e4r f\u00e4rgglada och bra kvalit\u00e9, perfekt f\u00f6r n\u00e4sta fest, festival eller annat evenemang. V\u00e5ra tempor\u00e4ra tatueringar \u00e4r allergiv\u00e4nliga och skonsamma f\u00f6r din hud. Best\u00e4ll ett ark med \u201cf\u00e4rgglada draktatueringar\u201d nu och var coolast p\u00e5 ditt n\u00e4sta evenemang. I detta f\u00e4rdigdesignade arket f\u00e5r du tv\u00e5 stora drakar som \u00e4r perfekta att s\u00e4tta p\u00e5 armar, ben eller \u00f6verkropp. Du f\u00e5r \u00e4ven med tv\u00e5 stycken mindre ormar som du kan ha p\u00e5 nacken eller ansiktet f\u00f6r att visa din fr\u00e4cka stil.  Vi skickar din tatuering inom 24 timmar. Anv\u00e4nd alla tatueringarna samtidigt eller dela upp dem p\u00e5 olika tillf\u00e4llen. V\u00e5ra tempor\u00e4ra tatueringar \u00e4r gjorda i Malm\u00f6, Sverige och har den b\u00e4sta kvaliteten. Dessa f\u00e4rgglada drakar \u00e4r l\u00e4tta att applicera och h\u00e5ller mellan 2-7 dagar.  Alla Like Ink tempor\u00e4ra tatueringar \u00e4r: \u2022 veganska \u2022 CE-m\u00e4rkta \u2022 allergiv\u00e4nliga  Arkstorlek: A5 Tatueringens storlek: 135x112 mm Antal tatueringar: 4\" \/>\n<meta property=\"og:url\" content=\"https:\/\/likeink.com\/sv\/gnuggisar\/fargglada-draktatueringar\/\" \/>\n<meta property=\"og:site_name\" content=\"Like ink\" \/>\n<meta property=\"article:publisher\" content=\"https:\/\/www.facebook.com\/LikeInkSe\" \/>\n<meta property=\"article:modified_time\" content=\"2026-04-09T09:27:57+00:00\" \/>\n<meta property=\"og:image\" content=\"https:\/\/likeink.com\/wp-content\/uploads\/2026\/04\/Colourful-Dragons-Tattoos-Likeink.jpg\" \/>\n\t<meta property=\"og:image:width\" content=\"1600\" \/>\n\t<meta property=\"og:image:height\" content=\"1127\" \/>\n\t<meta property=\"og:image:type\" content=\"image\/jpeg\" \/>\n<meta name=\"twitter:card\" content=\"summary_large_image\" \/>\n<meta name=\"twitter:label1\" content=\"Ber\u00e4knad l\u00e4stid\" \/>\n\t<meta name=\"twitter:data1\" content=\"1 minut\" \/>\n<script type=\"application\/ld+json\" class=\"yoast-schema-graph\">{\"@context\":\"https:\\\/\\\/schema.org\",\"@graph\":[{\"@type\":\"WebPage\",\"@id\":\"https:\\\/\\\/likeink.com\\\/sv\\\/gnuggisar\\\/fargglada-draktatueringar\\\/\",\"url\":\"https:\\\/\\\/likeink.com\\\/sv\\\/gnuggisar\\\/fargglada-draktatueringar\\\/\",\"name\":\"F\u00e4rgglada draktatueringar- Like ink\",\"isPartOf\":{\"@id\":\"https:\\\/\\\/likeink.com\\\/sv\\\/#website\"},\"primaryImageOfPage\":{\"@id\":\"https:\\\/\\\/likeink.com\\\/sv\\\/gnuggisar\\\/fargglada-draktatueringar\\\/#primaryimage\"},\"image\":{\"@id\":\"https:\\\/\\\/likeink.com\\\/sv\\\/gnuggisar\\\/fargglada-draktatueringar\\\/#primaryimage\"},\"thumbnailUrl\":\"https:\\\/\\\/likeink.com\\\/wp-content\\\/uploads\\\/2026\\\/04\\\/Colourful-Dragons-Tattoos-Likeink.jpg\",\"datePublished\":\"2026-04-09T08:13:55+00:00\",\"dateModified\":\"2026-04-09T09:27:57+00:00\",\"description\":\"F\u00e4rgglada draktatueringar: tempor\u00e4ra draktatueringar med dj\u00e4rva och livfulla designer. L\u00e4tta att applicera, hudv\u00e4nliga och perfekta f\u00f6r festivaler och fest.\",\"breadcrumb\":{\"@id\":\"https:\\\/\\\/likeink.com\\\/sv\\\/gnuggisar\\\/fargglada-draktatueringar\\\/#breadcrumb\"},\"inLanguage\":\"sv-SE\",\"potentialAction\":[{\"@type\":\"ReadAction\",\"target\":[\"https:\\\/\\\/likeink.com\\\/sv\\\/gnuggisar\\\/fargglada-draktatueringar\\\/\"]}]},{\"@type\":\"ImageObject\",\"inLanguage\":\"sv-SE\",\"@id\":\"https:\\\/\\\/likeink.com\\\/sv\\\/gnuggisar\\\/fargglada-draktatueringar\\\/#primaryimage\",\"url\":\"https:\\\/\\\/likeink.com\\\/wp-content\\\/uploads\\\/2026\\\/04\\\/Colourful-Dragons-Tattoos-Likeink.jpg\",\"contentUrl\":\"https:\\\/\\\/likeink.com\\\/wp-content\\\/uploads\\\/2026\\\/04\\\/Colourful-Dragons-Tattoos-Likeink.jpg\",\"width\":1600,\"height\":1127,\"caption\":\"Tv\u00e5 f\u00e4rgglada, detaljrika kinesiska drakar omgivna av r\u00f6da blommor st\u00e5r mitt emot varandra, medan tv\u00e5 svarta, m\u00f6nstrade ormar ringlar sig mellan dem p\u00e5 en vit bakgrund.\"},{\"@type\":\"BreadcrumbList\",\"@id\":\"https:\\\/\\\/likeink.com\\\/sv\\\/gnuggisar\\\/fargglada-draktatueringar\\\/#breadcrumb\",\"itemListElement\":[{\"@type\":\"ListItem\",\"position\":1,\"name\":\"Hem\",\"item\":\"https:\\\/\\\/likeink.com\\\/sv\\\/\"},{\"@type\":\"ListItem\",\"position\":2,\"name\":\"Webbutik\",\"item\":\"https:\\\/\\\/likeink.com\\\/sv\\\/webbutik\\\/\"},{\"@type\":\"ListItem\",\"position\":3,\"name\":\"F\u00e4rgglada draktatueringar\"}]},{\"@type\":\"WebSite\",\"@id\":\"https:\\\/\\\/likeink.com\\\/sv\\\/#website\",\"url\":\"https:\\\/\\\/likeink.com\\\/sv\\\/\",\"name\":\"Like ink\",\"description\":\"Make your own custom design\",\"potentialAction\":[{\"@type\":\"SearchAction\",\"target\":{\"@type\":\"EntryPoint\",\"urlTemplate\":\"https:\\\/\\\/likeink.com\\\/sv\\\/?s={search_term_string}\"},\"query-input\":{\"@type\":\"PropertyValueSpecification\",\"valueRequired\":true,\"valueName\":\"search_term_string\"}}],\"inLanguage\":\"sv-SE\"}]}<\/script>\n<!-- \/ Yoast SEO Premium plugin. -->","yoast_head_json":{"title":"F\u00e4rgglada draktatueringar- Like ink","description":"F\u00e4rgglada draktatueringar: tempor\u00e4ra draktatueringar med dj\u00e4rva och livfulla designer. L\u00e4tta att applicera, hudv\u00e4nliga och perfekta f\u00f6r festivaler och fest.","robots":{"index":"index","follow":"follow","max-snippet":"max-snippet:-1","max-image-preview":"max-image-preview:large","max-video-preview":"max-video-preview:-1"},"canonical":"https:\/\/likeink.com\/sv\/gnuggisar\/fargglada-draktatueringar\/","og_locale":"sv_SE","og_type":"article","og_title":"F\u00e4rgglada draktatueringar","og_description":"Dessa draktatueringar \u00e4r f\u00e4rgglada och bra kvalit\u00e9, perfekt f\u00f6r n\u00e4sta fest, festival eller annat evenemang. V\u00e5ra tempor\u00e4ra tatueringar \u00e4r allergiv\u00e4nliga och skonsamma f\u00f6r din hud. Best\u00e4ll ett ark med \u201cf\u00e4rgglada draktatueringar\u201d nu och var coolast p\u00e5 ditt n\u00e4sta evenemang. I detta f\u00e4rdigdesignade arket f\u00e5r du tv\u00e5 stora drakar som \u00e4r perfekta att s\u00e4tta p\u00e5 armar, ben eller \u00f6verkropp. Du f\u00e5r \u00e4ven med tv\u00e5 stycken mindre ormar som du kan ha p\u00e5 nacken eller ansiktet f\u00f6r att visa din fr\u00e4cka stil.  Vi skickar din tatuering inom 24 timmar. Anv\u00e4nd alla tatueringarna samtidigt eller dela upp dem p\u00e5 olika tillf\u00e4llen. V\u00e5ra tempor\u00e4ra tatueringar \u00e4r gjorda i Malm\u00f6, Sverige och har den b\u00e4sta kvaliteten. Dessa f\u00e4rgglada drakar \u00e4r l\u00e4tta att applicera och h\u00e5ller mellan 2-7 dagar.  Alla Like Ink tempor\u00e4ra tatueringar \u00e4r: \u2022 veganska \u2022 CE-m\u00e4rkta \u2022 allergiv\u00e4nliga  Arkstorlek: A5 Tatueringens storlek: 135x112 mm Antal tatueringar: 4","og_url":"https:\/\/likeink.com\/sv\/gnuggisar\/fargglada-draktatueringar\/","og_site_name":"Like ink","article_publisher":"https:\/\/www.facebook.com\/LikeInkSe","article_modified_time":"2026-04-09T09:27:57+00:00","og_image":[{"width":1600,"height":1127,"url":"https:\/\/likeink.com\/wp-content\/uploads\/2026\/04\/Colourful-Dragons-Tattoos-Likeink.jpg","type":"image\/jpeg"}],"twitter_card":"summary_large_image","twitter_misc":{"Ber\u00e4knad l\u00e4stid":"1 minut"},"schema":{"@context":"https:\/\/schema.org","@graph":[{"@type":"WebPage","@id":"https:\/\/likeink.com\/sv\/gnuggisar\/fargglada-draktatueringar\/","url":"https:\/\/likeink.com\/sv\/gnuggisar\/fargglada-draktatueringar\/","name":"F\u00e4rgglada draktatueringar- Like ink","isPartOf":{"@id":"https:\/\/likeink.com\/sv\/#website"},"primaryImageOfPage":{"@id":"https:\/\/likeink.com\/sv\/gnuggisar\/fargglada-draktatueringar\/#primaryimage"},"image":{"@id":"https:\/\/likeink.com\/sv\/gnuggisar\/fargglada-draktatueringar\/#primaryimage"},"thumbnailUrl":"https:\/\/likeink.com\/wp-content\/uploads\/2026\/04\/Colourful-Dragons-Tattoos-Likeink.jpg","datePublished":"2026-04-09T08:13:55+00:00","dateModified":"2026-04-09T09:27:57+00:00","description":"F\u00e4rgglada draktatueringar: tempor\u00e4ra draktatueringar med dj\u00e4rva och livfulla designer. L\u00e4tta att applicera, hudv\u00e4nliga och perfekta f\u00f6r festivaler och fest.","breadcrumb":{"@id":"https:\/\/likeink.com\/sv\/gnuggisar\/fargglada-draktatueringar\/#breadcrumb"},"inLanguage":"sv-SE","potentialAction":[{"@type":"ReadAction","target":["https:\/\/likeink.com\/sv\/gnuggisar\/fargglada-draktatueringar\/"]}]},{"@type":"ImageObject","inLanguage":"sv-SE","@id":"https:\/\/likeink.com\/sv\/gnuggisar\/fargglada-draktatueringar\/#primaryimage","url":"https:\/\/likeink.com\/wp-content\/uploads\/2026\/04\/Colourful-Dragons-Tattoos-Likeink.jpg","contentUrl":"https:\/\/likeink.com\/wp-content\/uploads\/2026\/04\/Colourful-Dragons-Tattoos-Likeink.jpg","width":1600,"height":1127,"caption":"Tv\u00e5 f\u00e4rgglada, detaljrika kinesiska drakar omgivna av r\u00f6da blommor st\u00e5r mitt emot varandra, medan tv\u00e5 svarta, m\u00f6nstrade ormar ringlar sig mellan dem p\u00e5 en vit bakgrund."},{"@type":"BreadcrumbList","@id":"https:\/\/likeink.com\/sv\/gnuggisar\/fargglada-draktatueringar\/#breadcrumb","itemListElement":[{"@type":"ListItem","position":1,"name":"Hem","item":"https:\/\/likeink.com\/sv\/"},{"@type":"ListItem","position":2,"name":"Webbutik","item":"https:\/\/likeink.com\/sv\/webbutik\/"},{"@type":"ListItem","position":3,"name":"F\u00e4rgglada draktatueringar"}]},{"@type":"WebSite","@id":"https:\/\/likeink.com\/sv\/#website","url":"https:\/\/likeink.com\/sv\/","name":"Like ink","description":"Make your own custom design","potentialAction":[{"@type":"SearchAction","target":{"@type":"EntryPoint","urlTemplate":"https:\/\/likeink.com\/sv\/?s={search_term_string}"},"query-input":{"@type":"PropertyValueSpecification","valueRequired":true,"valueName":"search_term_string"}}],"inLanguage":"sv-SE"}]}},"_links":{"self":[{"href":"https:\/\/likeink.com\/sv\/wp-json\/wp\/v2\/product\/62294","targetHints":{"allow":["GET"]}}],"collection":[{"href":"https:\/\/likeink.com\/sv\/wp-json\/wp\/v2\/product"}],"about":[{"href":"https:\/\/likeink.com\/sv\/wp-json\/wp\/v2\/types\/product"}],"wp:featuredmedia":[{"embeddable":true,"href":"https:\/\/likeink.com\/sv\/wp-json\/wp\/v2\/media\/62283"}],"wp:attachment":[{"href":"https:\/\/likeink.com\/sv\/wp-json\/wp\/v2\/media?parent=62294"}],"wp:term":[{"taxonomy":"product_brand","embeddable":true,"href":"https:\/\/likeink.com\/sv\/wp-json\/wp\/v2\/product_brand?post=62294"},{"taxonomy":"product_cat","embeddable":true,"href":"https:\/\/likeink.com\/sv\/wp-json\/wp\/v2\/product_cat?post=62294"},{"taxonomy":"product_tag","embeddable":true,"href":"https:\/\/likeink.com\/sv\/wp-json\/wp\/v2\/product_tag?post=62294"}],"curies":[{"name":"wp","href":"https:\/\/api.w.org\/{rel}","templated":true}]}}