{"id":62677,"date":"2026-04-15T08:37:28","date_gmt":"2026-04-15T08:37:28","guid":{"rendered":"https:\/\/likeink.com\/?post_type=product&#038;p=62677"},"modified":"2026-04-15T09:08:53","modified_gmt":"2026-04-15T09:08:53","slug":"creepy-bugs-tatueringar-a5","status":"publish","type":"product","link":"https:\/\/likeink.com\/sv\/gnuggisar\/creepy-bugs-tatueringar-a5\/","title":{"rendered":"Creepy Bugs tatueringar"},"content":{"rendered":"","protected":false},"excerpt":{"rendered":"<p>Tempor\u00e4ra tatueringar med detaljerade och realistiska skalbaggar och insekter. Dessa tatueringar \u00e4r perfekta f\u00f6r natur\u00e4lskare eller f\u00f6r dig som s\u00f6ker unika designer f\u00f6r tempor\u00e4ra tatueringar. Vackra, ja \u2013 men ocks\u00e5 ganska l\u00e4skiga, vilket g\u00f6r dem perfekta f\u00f6r temafester och Halloween.<br \/>\nArket inneh\u00e5ller 13 olika insekter i varierande storlekar och fungerar utm\u00e4rkt som komplement till en skr\u00e4mmande Halloween-outfit. Tillverkade med h\u00f6gkvalitativt, giftfritt bl\u00e4ck och material. Tatueringarna \u00e4r s\u00e4kra och enkla att applicera.<\/p>\n<h2>K\u00f6p tempor\u00e4ra insekts- och skalbagge-tatueringar att applicera i ansiktet eller p\u00e5 andra kroppsdelar<\/h2>\n<p>V\u00e5ra tatueringar \u00e4r hypoallergena och s\u00e4kra f\u00f6r alla hudtyper. De appliceras enkelt med vatten och h\u00e5ller i flera dagar, vilket g\u00f6r dem perfekta f\u00f6r fester, festivaler och maskerader.<\/p>\n<p><strong>Arkstorlek:<\/strong> A5<br \/>\n<strong>Tatueringarnas storlek:<\/strong> ca 2\u20137 cm breda<\/p>\n","protected":false},"featured_media":32642,"template":"","meta":[],"product_brand":[],"product_cat":[483],"product_tag":[],"class_list":{"0":"post-62677","1":"product","2":"type-product","3":"status-publish","4":"has-post-thumbnail","6":"product_cat-animals-nature","8":"first","9":"instock","10":"taxable","11":"shipping-taxable","12":"purchasable","13":"product-type-simple"},"yoast_head":"<!-- This site is optimized with the Yoast SEO Premium plugin v26.2 (Yoast SEO v27.4) - https:\/\/yoast.com\/product\/yoast-seo-premium-wordpress\/ -->\n<title>Creepy Bugs tatueringar A5 | Like Ink<\/title>\n<meta name=\"description\" content=\"Creepy Bugs tatueringar med realistiska skalbaggar och insekter i olika former, f\u00e4rger och storlekar. - Bra kvalitet och snabb leverans!\" \/>\n<meta name=\"robots\" content=\"index, follow, max-snippet:-1, max-image-preview:large, max-video-preview:-1\" \/>\n<link rel=\"canonical\" href=\"https:\/\/likeink.com\/sv\/gnuggisar\/creepy-bugs-tatueringar-a5\/\" \/>\n<meta property=\"og:locale\" content=\"sv_SE\" \/>\n<meta property=\"og:type\" content=\"article\" \/>\n<meta property=\"og:title\" content=\"Creepy Bugs tatueringar\" \/>\n<meta property=\"og:description\" content=\"Tempor\u00e4ra tatueringar med detaljerade och realistiska skalbaggar och insekter. Dessa tatueringar \u00e4r perfekta f\u00f6r natur\u00e4lskare eller f\u00f6r dig som s\u00f6ker unika designer f\u00f6r tempor\u00e4ra tatueringar. Vackra, ja \u2013 men ocks\u00e5 ganska l\u00e4skiga, vilket g\u00f6r dem perfekta f\u00f6r temafester och Halloween. Arket inneh\u00e5ller 13 olika insekter i varierande storlekar och fungerar utm\u00e4rkt som komplement till en skr\u00e4mmande Halloween-outfit. Tillverkade med h\u00f6gkvalitativt, giftfritt bl\u00e4ck och material. Tatueringarna \u00e4r s\u00e4kra och enkla att applicera. K\u00f6p tempor\u00e4ra insekts- och skalbagge-tatueringar att applicera i ansiktet eller p\u00e5 andra kroppsdelar V\u00e5ra tatueringar \u00e4r hypoallergena och s\u00e4kra f\u00f6r alla hudtyper. De appliceras enkelt med vatten och h\u00e5ller i flera dagar, vilket g\u00f6r dem perfekta f\u00f6r fester, festivaler och maskerader.  Arkstorlek: A5 Tatueringarnas storlek: ca 2\u20137 cm breda\" \/>\n<meta property=\"og:url\" content=\"https:\/\/likeink.com\/sv\/gnuggisar\/creepy-bugs-tatueringar-a5\/\" \/>\n<meta property=\"og:site_name\" content=\"Like ink\" \/>\n<meta property=\"article:publisher\" content=\"https:\/\/www.facebook.com\/LikeInkSe\" \/>\n<meta property=\"article:modified_time\" content=\"2026-04-15T09:08:53+00:00\" \/>\n<meta property=\"og:image\" content=\"https:\/\/likeink.com\/wp-content\/uploads\/2024\/09\/1004-Creepy_Bugs_likeink_web.png\" \/>\n\t<meta property=\"og:image:width\" content=\"1400\" \/>\n\t<meta property=\"og:image:height\" content=\"987\" \/>\n\t<meta property=\"og:image:type\" content=\"image\/png\" \/>\n<meta name=\"twitter:card\" content=\"summary_large_image\" \/>\n<meta name=\"twitter:label1\" content=\"Ber\u00e4knad l\u00e4stid\" \/>\n\t<meta name=\"twitter:data1\" content=\"1 minut\" \/>\n<script type=\"application\/ld+json\" class=\"yoast-schema-graph\">{\"@context\":\"https:\\\/\\\/schema.org\",\"@graph\":[{\"@type\":\"WebPage\",\"@id\":\"https:\\\/\\\/likeink.com\\\/sv\\\/gnuggisar\\\/creepy-bugs-tatueringar-a5\\\/\",\"url\":\"https:\\\/\\\/likeink.com\\\/sv\\\/gnuggisar\\\/creepy-bugs-tatueringar-a5\\\/\",\"name\":\"Creepy Bugs tatueringar A5 | Like Ink\",\"isPartOf\":{\"@id\":\"https:\\\/\\\/likeink.com\\\/sv\\\/#website\"},\"primaryImageOfPage\":{\"@id\":\"https:\\\/\\\/likeink.com\\\/sv\\\/gnuggisar\\\/creepy-bugs-tatueringar-a5\\\/#primaryimage\"},\"image\":{\"@id\":\"https:\\\/\\\/likeink.com\\\/sv\\\/gnuggisar\\\/creepy-bugs-tatueringar-a5\\\/#primaryimage\"},\"thumbnailUrl\":\"https:\\\/\\\/likeink.com\\\/wp-content\\\/uploads\\\/2024\\\/09\\\/1004-Creepy_Bugs_likeink_web.png\",\"datePublished\":\"2026-04-15T08:37:28+00:00\",\"dateModified\":\"2026-04-15T09:08:53+00:00\",\"description\":\"Creepy Bugs tatueringar med realistiska skalbaggar och insekter i olika former, f\u00e4rger och storlekar. - Bra kvalitet och snabb leverans!\",\"breadcrumb\":{\"@id\":\"https:\\\/\\\/likeink.com\\\/sv\\\/gnuggisar\\\/creepy-bugs-tatueringar-a5\\\/#breadcrumb\"},\"inLanguage\":\"sv-SE\",\"potentialAction\":[{\"@type\":\"ReadAction\",\"target\":[\"https:\\\/\\\/likeink.com\\\/sv\\\/gnuggisar\\\/creepy-bugs-tatueringar-a5\\\/\"]}]},{\"@type\":\"ImageObject\",\"inLanguage\":\"sv-SE\",\"@id\":\"https:\\\/\\\/likeink.com\\\/sv\\\/gnuggisar\\\/creepy-bugs-tatueringar-a5\\\/#primaryimage\",\"url\":\"https:\\\/\\\/likeink.com\\\/wp-content\\\/uploads\\\/2024\\\/09\\\/1004-Creepy_Bugs_likeink_web.png\",\"contentUrl\":\"https:\\\/\\\/likeink.com\\\/wp-content\\\/uploads\\\/2024\\\/09\\\/1004-Creepy_Bugs_likeink_web.png\",\"width\":1400,\"height\":987,\"caption\":\"En samling tillf\u00e4lliga tatueringar med detaljerade illustrationer av olika skalbaggar och insekter, inklusive gr\u00f6na, bruna och metalliska nyanser, med n\u00e5gra som visar utstr\u00e4ckta vingar.\"},{\"@type\":\"BreadcrumbList\",\"@id\":\"https:\\\/\\\/likeink.com\\\/sv\\\/gnuggisar\\\/creepy-bugs-tatueringar-a5\\\/#breadcrumb\",\"itemListElement\":[{\"@type\":\"ListItem\",\"position\":1,\"name\":\"Hem\",\"item\":\"https:\\\/\\\/likeink.com\\\/sv\\\/\"},{\"@type\":\"ListItem\",\"position\":2,\"name\":\"Webbutik\",\"item\":\"https:\\\/\\\/likeink.com\\\/sv\\\/webbutik\\\/\"},{\"@type\":\"ListItem\",\"position\":3,\"name\":\"Creepy Bugs tatueringar\"}]},{\"@type\":\"WebSite\",\"@id\":\"https:\\\/\\\/likeink.com\\\/sv\\\/#website\",\"url\":\"https:\\\/\\\/likeink.com\\\/sv\\\/\",\"name\":\"Like ink\",\"description\":\"Make your own custom design\",\"potentialAction\":[{\"@type\":\"SearchAction\",\"target\":{\"@type\":\"EntryPoint\",\"urlTemplate\":\"https:\\\/\\\/likeink.com\\\/sv\\\/?s={search_term_string}\"},\"query-input\":{\"@type\":\"PropertyValueSpecification\",\"valueRequired\":true,\"valueName\":\"search_term_string\"}}],\"inLanguage\":\"sv-SE\"}]}<\/script>\n<!-- \/ Yoast SEO Premium plugin. -->","yoast_head_json":{"title":"Creepy Bugs tatueringar A5 | Like Ink","description":"Creepy Bugs tatueringar med realistiska skalbaggar och insekter i olika former, f\u00e4rger och storlekar. - Bra kvalitet och snabb leverans!","robots":{"index":"index","follow":"follow","max-snippet":"max-snippet:-1","max-image-preview":"max-image-preview:large","max-video-preview":"max-video-preview:-1"},"canonical":"https:\/\/likeink.com\/sv\/gnuggisar\/creepy-bugs-tatueringar-a5\/","og_locale":"sv_SE","og_type":"article","og_title":"Creepy Bugs tatueringar","og_description":"Tempor\u00e4ra tatueringar med detaljerade och realistiska skalbaggar och insekter. Dessa tatueringar \u00e4r perfekta f\u00f6r natur\u00e4lskare eller f\u00f6r dig som s\u00f6ker unika designer f\u00f6r tempor\u00e4ra tatueringar. Vackra, ja \u2013 men ocks\u00e5 ganska l\u00e4skiga, vilket g\u00f6r dem perfekta f\u00f6r temafester och Halloween. Arket inneh\u00e5ller 13 olika insekter i varierande storlekar och fungerar utm\u00e4rkt som komplement till en skr\u00e4mmande Halloween-outfit. Tillverkade med h\u00f6gkvalitativt, giftfritt bl\u00e4ck och material. Tatueringarna \u00e4r s\u00e4kra och enkla att applicera. K\u00f6p tempor\u00e4ra insekts- och skalbagge-tatueringar att applicera i ansiktet eller p\u00e5 andra kroppsdelar V\u00e5ra tatueringar \u00e4r hypoallergena och s\u00e4kra f\u00f6r alla hudtyper. De appliceras enkelt med vatten och h\u00e5ller i flera dagar, vilket g\u00f6r dem perfekta f\u00f6r fester, festivaler och maskerader.  Arkstorlek: A5 Tatueringarnas storlek: ca 2\u20137 cm breda","og_url":"https:\/\/likeink.com\/sv\/gnuggisar\/creepy-bugs-tatueringar-a5\/","og_site_name":"Like ink","article_publisher":"https:\/\/www.facebook.com\/LikeInkSe","article_modified_time":"2026-04-15T09:08:53+00:00","og_image":[{"width":1400,"height":987,"url":"https:\/\/likeink.com\/wp-content\/uploads\/2024\/09\/1004-Creepy_Bugs_likeink_web.png","type":"image\/png"}],"twitter_card":"summary_large_image","twitter_misc":{"Ber\u00e4knad l\u00e4stid":"1 minut"},"schema":{"@context":"https:\/\/schema.org","@graph":[{"@type":"WebPage","@id":"https:\/\/likeink.com\/sv\/gnuggisar\/creepy-bugs-tatueringar-a5\/","url":"https:\/\/likeink.com\/sv\/gnuggisar\/creepy-bugs-tatueringar-a5\/","name":"Creepy Bugs tatueringar A5 | Like Ink","isPartOf":{"@id":"https:\/\/likeink.com\/sv\/#website"},"primaryImageOfPage":{"@id":"https:\/\/likeink.com\/sv\/gnuggisar\/creepy-bugs-tatueringar-a5\/#primaryimage"},"image":{"@id":"https:\/\/likeink.com\/sv\/gnuggisar\/creepy-bugs-tatueringar-a5\/#primaryimage"},"thumbnailUrl":"https:\/\/likeink.com\/wp-content\/uploads\/2024\/09\/1004-Creepy_Bugs_likeink_web.png","datePublished":"2026-04-15T08:37:28+00:00","dateModified":"2026-04-15T09:08:53+00:00","description":"Creepy Bugs tatueringar med realistiska skalbaggar och insekter i olika former, f\u00e4rger och storlekar. - Bra kvalitet och snabb leverans!","breadcrumb":{"@id":"https:\/\/likeink.com\/sv\/gnuggisar\/creepy-bugs-tatueringar-a5\/#breadcrumb"},"inLanguage":"sv-SE","potentialAction":[{"@type":"ReadAction","target":["https:\/\/likeink.com\/sv\/gnuggisar\/creepy-bugs-tatueringar-a5\/"]}]},{"@type":"ImageObject","inLanguage":"sv-SE","@id":"https:\/\/likeink.com\/sv\/gnuggisar\/creepy-bugs-tatueringar-a5\/#primaryimage","url":"https:\/\/likeink.com\/wp-content\/uploads\/2024\/09\/1004-Creepy_Bugs_likeink_web.png","contentUrl":"https:\/\/likeink.com\/wp-content\/uploads\/2024\/09\/1004-Creepy_Bugs_likeink_web.png","width":1400,"height":987,"caption":"En samling tillf\u00e4lliga tatueringar med detaljerade illustrationer av olika skalbaggar och insekter, inklusive gr\u00f6na, bruna och metalliska nyanser, med n\u00e5gra som visar utstr\u00e4ckta vingar."},{"@type":"BreadcrumbList","@id":"https:\/\/likeink.com\/sv\/gnuggisar\/creepy-bugs-tatueringar-a5\/#breadcrumb","itemListElement":[{"@type":"ListItem","position":1,"name":"Hem","item":"https:\/\/likeink.com\/sv\/"},{"@type":"ListItem","position":2,"name":"Webbutik","item":"https:\/\/likeink.com\/sv\/webbutik\/"},{"@type":"ListItem","position":3,"name":"Creepy Bugs tatueringar"}]},{"@type":"WebSite","@id":"https:\/\/likeink.com\/sv\/#website","url":"https:\/\/likeink.com\/sv\/","name":"Like ink","description":"Make your own custom design","potentialAction":[{"@type":"SearchAction","target":{"@type":"EntryPoint","urlTemplate":"https:\/\/likeink.com\/sv\/?s={search_term_string}"},"query-input":{"@type":"PropertyValueSpecification","valueRequired":true,"valueName":"search_term_string"}}],"inLanguage":"sv-SE"}]}},"_links":{"self":[{"href":"https:\/\/likeink.com\/sv\/wp-json\/wp\/v2\/product\/62677","targetHints":{"allow":["GET"]}}],"collection":[{"href":"https:\/\/likeink.com\/sv\/wp-json\/wp\/v2\/product"}],"about":[{"href":"https:\/\/likeink.com\/sv\/wp-json\/wp\/v2\/types\/product"}],"wp:featuredmedia":[{"embeddable":true,"href":"https:\/\/likeink.com\/sv\/wp-json\/wp\/v2\/media\/32642"}],"wp:attachment":[{"href":"https:\/\/likeink.com\/sv\/wp-json\/wp\/v2\/media?parent=62677"}],"wp:term":[{"taxonomy":"product_brand","embeddable":true,"href":"https:\/\/likeink.com\/sv\/wp-json\/wp\/v2\/product_brand?post=62677"},{"taxonomy":"product_cat","embeddable":true,"href":"https:\/\/likeink.com\/sv\/wp-json\/wp\/v2\/product_cat?post=62677"},{"taxonomy":"product_tag","embeddable":true,"href":"https:\/\/likeink.com\/sv\/wp-json\/wp\/v2\/product_tag?post=62677"}],"curies":[{"name":"wp","href":"https:\/\/api.w.org\/{rel}","templated":true}]}}