{"id":63572,"date":"2026-04-23T09:02:55","date_gmt":"2026-04-23T09:02:55","guid":{"rendered":"https:\/\/likeink.com\/?post_type=product&#038;p=63572"},"modified":"2026-04-23T09:02:56","modified_gmt":"2026-04-23T09:02:56","slug":"matt-machine-rock-out","status":"publish","type":"product","link":"https:\/\/likeink.com\/sv\/gnuggisar\/matt-machine-rock-out\/","title":{"rendered":"Matt Machine &#8220;Rock Out&#8221;"},"content":{"rendered":"","protected":false},"excerpt":{"rendered":"<p>Like Inks f\u00e4rdiga ark med tempor\u00e4ra tatueringar \u00e4r cirka 20\u00d714 cm och inneh\u00e5ller motiven som visas p\u00e5 bilden. Vi trycker och skickar inom 24 timmar efter din best\u00e4llning. Tatueringarna \u00e4r stilrena, av h\u00f6g kvalitet, enkla att applicera och l\u00e4tta att tv\u00e4tta bort. Like Ink f\u00f6ljer alla EU regler f\u00f6r kosmetiska produkter, s\u00e5 du kan best\u00e4lla med trygghet.<\/p>\n<h2>Tempor\u00e4ra tatueringar designade av tatueraren Mattias, \u00e4ven k\u00e4nd som Matt Machine<\/h2>\n<p>Detta ark \u00e4r designat av Mattias Andersson, \u00e4ven k\u00e4nd som Matt Machine, en popul\u00e4r och erfaren tatuerare baserad i Kung\u00e4lv.<\/p>\n<p>Mattias har drivit sin privata studio i cirka 12 \u00e5r och arbetar enbart via tidsbokning. Han har \u00e4lskat tatueringar sedan barndomen och \u00e4r k\u00e4nd f\u00f6r b\u00e5de sm\u00e5, enkla tatueringar och st\u00f6rre skr\u00e4ddarsydda projekt. Hans passion f\u00f6r tatueringar och starka relation till sina kunder \u00e4r en stor del av det som g\u00f6r hans arbete unikt.<\/p>\n<p><strong>Hitta Mattias h\u00e4r:<\/strong><br \/>\nInstagram: @straydogstattoo<br \/>\nStudio: @straydogstattoo<br \/>\nPlats: G\u00f6teborg \/ Kung\u00e4lv<\/p>\n<p>Storlek ark: A5<br \/>\nAntal tatueringar: 6<br \/>\nStorlek tatueringar: Ca 5 &#8211; 9 cm<\/p>\n","protected":false},"featured_media":63573,"template":"","meta":[],"product_brand":[],"product_cat":[17,489,491],"product_tag":[],"class_list":{"0":"post-63572","1":"product","2":"type-product","3":"status-publish","4":"has-post-thumbnail","6":"product_cat-fardiga-ark","7":"product_cat-old-school-retro-sv","8":"product_cat-samarbeten-tatuerare","10":"first","11":"instock","12":"taxable","13":"shipping-taxable","14":"purchasable","15":"product-type-simple"},"yoast_head":"<!-- This site is optimized with the Yoast SEO Premium plugin v26.2 (Yoast SEO v27.4) - https:\/\/yoast.com\/product\/yoast-seo-premium-wordpress\/ -->\n<title>Matt Machine &quot;Rock Out&quot; A5 | Like Ink -<\/title>\n<meta name=\"description\" content=\"Matt Machine &quot;Rock Out&quot;. Ett ark tempor\u00e4ra tatueringar som har lekfulla och edgy motiv i old school-stil. H\u00f6g kvalitet och enkel applicering.\" \/>\n<meta name=\"robots\" content=\"index, follow, max-snippet:-1, max-image-preview:large, max-video-preview:-1\" \/>\n<link rel=\"canonical\" href=\"https:\/\/likeink.com\/sv\/gnuggisar\/matt-machine-rock-out\/\" \/>\n<meta property=\"og:locale\" content=\"sv_SE\" \/>\n<meta property=\"og:type\" content=\"article\" \/>\n<meta property=\"og:title\" content=\"Matt Machine &quot;Rock Out&quot;\" \/>\n<meta property=\"og:description\" content=\"Like Inks f\u00e4rdiga ark med tempor\u00e4ra tatueringar \u00e4r cirka 20\u00d714 cm och inneh\u00e5ller motiven som visas p\u00e5 bilden. Vi trycker och skickar inom 24 timmar efter din best\u00e4llning. Tatueringarna \u00e4r stilrena, av h\u00f6g kvalitet, enkla att applicera och l\u00e4tta att tv\u00e4tta bort. Like Ink f\u00f6ljer alla EU regler f\u00f6r kosmetiska produkter, s\u00e5 du kan best\u00e4lla med trygghet. Tempor\u00e4ra tatueringar designade av tatueraren Mattias, \u00e4ven k\u00e4nd som Matt Machine Detta ark \u00e4r designat av Mattias Andersson, \u00e4ven k\u00e4nd som Matt Machine, en popul\u00e4r och erfaren tatuerare baserad i Kung\u00e4lv.  Mattias har drivit sin privata studio i cirka 12 \u00e5r och arbetar enbart via tidsbokning. Han har \u00e4lskat tatueringar sedan barndomen och \u00e4r k\u00e4nd f\u00f6r b\u00e5de sm\u00e5, enkla tatueringar och st\u00f6rre skr\u00e4ddarsydda projekt. Hans passion f\u00f6r tatueringar och starka relation till sina kunder \u00e4r en stor del av det som g\u00f6r hans arbete unikt.  Hitta Mattias h\u00e4r: Instagram: @straydogstattoo Studio: @straydogstattoo Plats: G\u00f6teborg \/ Kung\u00e4lv  Storlek ark: A5 Antal tatueringar: 6 Storlek tatueringar: Ca 5 - 9 cm\" \/>\n<meta property=\"og:url\" content=\"https:\/\/likeink.com\/sv\/gnuggisar\/matt-machine-rock-out\/\" \/>\n<meta property=\"og:site_name\" content=\"Like ink\" \/>\n<meta property=\"article:publisher\" content=\"https:\/\/www.facebook.com\/LikeInkSe\" \/>\n<meta property=\"article:modified_time\" content=\"2026-04-23T09:02:56+00:00\" \/>\n<meta property=\"og:image\" content=\"https:\/\/likeink.com\/wp-content\/uploads\/2026\/04\/Rockout-MattMachine-Tattoo-Likeink.png\" \/>\n\t<meta property=\"og:image:width\" content=\"1400\" \/>\n\t<meta property=\"og:image:height\" content=\"986\" \/>\n\t<meta property=\"og:image:type\" content=\"image\/png\" \/>\n<meta name=\"twitter:card\" content=\"summary_large_image\" \/>\n<meta name=\"twitter:label1\" content=\"Ber\u00e4knad l\u00e4stid\" \/>\n\t<meta name=\"twitter:data1\" content=\"1 minut\" \/>\n<!-- \/ Yoast SEO Premium plugin. -->","yoast_head_json":{"title":"Matt Machine \"Rock Out\" A5 | Like Ink -","description":"Matt Machine \"Rock Out\". Ett ark tempor\u00e4ra tatueringar som har lekfulla och edgy motiv i old school-stil. H\u00f6g kvalitet och enkel applicering.","robots":{"index":"index","follow":"follow","max-snippet":"max-snippet:-1","max-image-preview":"max-image-preview:large","max-video-preview":"max-video-preview:-1"},"canonical":"https:\/\/likeink.com\/sv\/gnuggisar\/matt-machine-rock-out\/","og_locale":"sv_SE","og_type":"article","og_title":"Matt Machine \"Rock Out\"","og_description":"Like Inks f\u00e4rdiga ark med tempor\u00e4ra tatueringar \u00e4r cirka 20\u00d714 cm och inneh\u00e5ller motiven som visas p\u00e5 bilden. Vi trycker och skickar inom 24 timmar efter din best\u00e4llning. Tatueringarna \u00e4r stilrena, av h\u00f6g kvalitet, enkla att applicera och l\u00e4tta att tv\u00e4tta bort. Like Ink f\u00f6ljer alla EU regler f\u00f6r kosmetiska produkter, s\u00e5 du kan best\u00e4lla med trygghet. Tempor\u00e4ra tatueringar designade av tatueraren Mattias, \u00e4ven k\u00e4nd som Matt Machine Detta ark \u00e4r designat av Mattias Andersson, \u00e4ven k\u00e4nd som Matt Machine, en popul\u00e4r och erfaren tatuerare baserad i Kung\u00e4lv.  Mattias har drivit sin privata studio i cirka 12 \u00e5r och arbetar enbart via tidsbokning. Han har \u00e4lskat tatueringar sedan barndomen och \u00e4r k\u00e4nd f\u00f6r b\u00e5de sm\u00e5, enkla tatueringar och st\u00f6rre skr\u00e4ddarsydda projekt. Hans passion f\u00f6r tatueringar och starka relation till sina kunder \u00e4r en stor del av det som g\u00f6r hans arbete unikt.  Hitta Mattias h\u00e4r: Instagram: @straydogstattoo Studio: @straydogstattoo Plats: G\u00f6teborg \/ Kung\u00e4lv  Storlek ark: A5 Antal tatueringar: 6 Storlek tatueringar: Ca 5 - 9 cm","og_url":"https:\/\/likeink.com\/sv\/gnuggisar\/matt-machine-rock-out\/","og_site_name":"Like ink","article_publisher":"https:\/\/www.facebook.com\/LikeInkSe","article_modified_time":"2026-04-23T09:02:56+00:00","og_image":[{"width":1400,"height":986,"url":"https:\/\/likeink.com\/wp-content\/uploads\/2026\/04\/Rockout-MattMachine-Tattoo-Likeink.png","type":"image\/png"}],"twitter_card":"summary_large_image","twitter_misc":{"Ber\u00e4knad l\u00e4stid":"1 minut"},"schema":{"@context":"https:\/\/schema.org","@graph":[{"@type":"WebPage","@id":"https:\/\/likeink.com\/sv\/gnuggisar\/matt-machine-rock-out\/","url":"https:\/\/likeink.com\/sv\/gnuggisar\/matt-machine-rock-out\/","name":"Matt Machine \"Rock Out\" A5 | Like Ink -","isPartOf":{"@id":"https:\/\/likeink.com\/sv\/#website"},"primaryImageOfPage":{"@id":"https:\/\/likeink.com\/sv\/gnuggisar\/matt-machine-rock-out\/#primaryimage"},"image":{"@id":"https:\/\/likeink.com\/sv\/gnuggisar\/matt-machine-rock-out\/#primaryimage"},"thumbnailUrl":"https:\/\/likeink.com\/wp-content\/uploads\/2026\/04\/Rockout-MattMachine-Tattoo-Likeink.png","datePublished":"2026-04-23T09:02:55+00:00","dateModified":"2026-04-23T09:02:56+00:00","description":"Matt Machine \"Rock Out\". Ett ark tempor\u00e4ra tatueringar som har lekfulla och edgy motiv i old school-stil. H\u00f6g kvalitet och enkel applicering.","breadcrumb":{"@id":"https:\/\/likeink.com\/sv\/gnuggisar\/matt-machine-rock-out\/#breadcrumb"},"inLanguage":"sv-SE","potentialAction":[{"@type":"ReadAction","target":["https:\/\/likeink.com\/sv\/gnuggisar\/matt-machine-rock-out\/"]}]},{"@type":"ImageObject","inLanguage":"sv-SE","@id":"https:\/\/likeink.com\/sv\/gnuggisar\/matt-machine-rock-out\/#primaryimage","url":"https:\/\/likeink.com\/wp-content\/uploads\/2026\/04\/Rockout-MattMachine-Tattoo-Likeink.png","contentUrl":"https:\/\/likeink.com\/wp-content\/uploads\/2026\/04\/Rockout-MattMachine-Tattoo-Likeink.png","width":1400,"height":986,"caption":"Matt Machine \"Rock Out\" har tatueringar i tecknad stil inspirerade av The Simpsons, med humoristiska och nerv\u00f6sa m\u00f6nster som inkluderar karakt\u00e4rer och fraser som \"Don't be a dick\" och \"Moes Tavern - 97."},{"@type":"BreadcrumbList","@id":"https:\/\/likeink.com\/sv\/gnuggisar\/matt-machine-rock-out\/#breadcrumb","itemListElement":[{"@type":"ListItem","position":1,"name":"Hem","item":"https:\/\/likeink.com\/sv\/"},{"@type":"ListItem","position":2,"name":"Webbutik","item":"https:\/\/likeink.com\/sv\/webbutik\/"},{"@type":"ListItem","position":3,"name":"Matt Machine &#8220;Rock Out&#8221;"}]},{"@type":"WebSite","@id":"https:\/\/likeink.com\/sv\/#website","url":"https:\/\/likeink.com\/sv\/","name":"Like ink","description":"Make your own custom design","potentialAction":[{"@type":"SearchAction","target":{"@type":"EntryPoint","urlTemplate":"https:\/\/likeink.com\/sv\/?s={search_term_string}"},"query-input":{"@type":"PropertyValueSpecification","valueRequired":true,"valueName":"search_term_string"}}],"inLanguage":"sv-SE"}]}},"_links":{"self":[{"href":"https:\/\/likeink.com\/sv\/wp-json\/wp\/v2\/product\/63572","targetHints":{"allow":["GET"]}}],"collection":[{"href":"https:\/\/likeink.com\/sv\/wp-json\/wp\/v2\/product"}],"about":[{"href":"https:\/\/likeink.com\/sv\/wp-json\/wp\/v2\/types\/product"}],"wp:featuredmedia":[{"embeddable":true,"href":"https:\/\/likeink.com\/sv\/wp-json\/wp\/v2\/media\/63573"}],"wp:attachment":[{"href":"https:\/\/likeink.com\/sv\/wp-json\/wp\/v2\/media?parent=63572"}],"wp:term":[{"taxonomy":"product_brand","embeddable":true,"href":"https:\/\/likeink.com\/sv\/wp-json\/wp\/v2\/product_brand?post=63572"},{"taxonomy":"product_cat","embeddable":true,"href":"https:\/\/likeink.com\/sv\/wp-json\/wp\/v2\/product_cat?post=63572"},{"taxonomy":"product_tag","embeddable":true,"href":"https:\/\/likeink.com\/sv\/wp-json\/wp\/v2\/product_tag?post=63572"}],"curies":[{"name":"wp","href":"https:\/\/api.w.org\/{rel}","templated":true}]}}