{"id":63696,"date":"2026-04-23T11:35:43","date_gmt":"2026-04-23T11:35:43","guid":{"rendered":"https:\/\/likeink.com\/?post_type=product&#038;p=63696"},"modified":"2026-04-23T12:48:58","modified_gmt":"2026-04-23T12:48:58","slug":"matt-machine-grizzly","status":"publish","type":"product","link":"https:\/\/likeink.com\/sv\/gnuggisar\/matt-machine-grizzly\/","title":{"rendered":"Matt Machine &#8220;Grizzly&#8221;"},"content":{"rendered":"","protected":false},"excerpt":{"rendered":"<p>Like Inks f\u00e4rdiga ark med tempor\u00e4ra tatueringar \u00e4r cirka 20\u00d714 cm och inneh\u00e5ller motiven som visas p\u00e5 bilden. Vi trycker och skickar inom 24 timmar efter din best\u00e4llning. Tatueringarna \u00e4r stilrena, av h\u00f6g kvalitet, enkla att applicera och l\u00e4tta att tv\u00e4tta bort. Like Ink f\u00f6ljer alla EU:s regler f\u00f6r kosmetiska produkter, s\u00e5 du kan best\u00e4lla med trygghet. 6 stycken tatueringar i varierande storlek finns p\u00e5 detta arket. Tatueringarna \u00e4r old school-stil och motiven \u00e4r bland annat en bj\u00f6rn, en orm och en tiger. Perfekt att s\u00e4tta p\u00e5 armen.<\/p>\n<h2><strong>Tempor\u00e4ra tatueringar designade av tatueraren Mattias, \u00e4ven k\u00e4nd som Matt Machine<\/strong><\/h2>\n<p>Detta ark \u00e4r designat av Mattias Andersson, \u00e4ven k\u00e4nd som Matt Machine, en popul\u00e4r och erfaren tatuerare baserad i Kung\u00e4lv.<\/p>\n<p>Mattias har drivit sin privata studio i cirka 12 \u00e5r och arbetar enbart via tidsbokning. Han har \u00e4lskat tatueringar sedan barndomen och \u00e4r k\u00e4nd f\u00f6r b\u00e5de sm\u00e5, enkla tatueringar och st\u00f6rre, skr\u00e4ddarsydda projekt. Hans passion f\u00f6r tatueringar och starka relation till sina kunder \u00e4r en stor del av det som g\u00f6r hans arbete unikt.<\/p>\n<p><strong>Hitta Mattias h\u00e4r:<\/strong><br \/>\nInstagram: @straydogstattoo<br \/>\nStudio: @straydogstattoo<br \/>\nPlats: G\u00f6teborg \/ Kung\u00e4lv<\/p>\n<p>Storlek ark: A5<br \/>\nAntal tatueringar: 6<br \/>\nStorlek tatueringar: Varierande storlek, ca 4 &#8211; 10 cm<\/p>\n","protected":false},"featured_media":63686,"template":"","meta":[],"product_brand":[],"product_cat":[17,489,491],"product_tag":[],"class_list":{"0":"post-63696","1":"product","2":"type-product","3":"status-publish","4":"has-post-thumbnail","6":"product_cat-fardiga-ark","7":"product_cat-old-school-retro-sv","8":"product_cat-samarbeten-tatuerare","10":"first","11":"instock","12":"taxable","13":"shipping-taxable","14":"purchasable","15":"product-type-simple"},"yoast_head":"<!-- This site is optimized with the Yoast SEO Premium plugin v26.2 (Yoast SEO v27.4) - https:\/\/yoast.com\/product\/yoast-seo-premium-wordpress\/ -->\n<title>Matt Machine &quot;Grizzly&quot; - Like ink<\/title>\n<meta name=\"description\" content=\"Matt Machine &quot;Grizzly&quot;. Ett ark av tempor\u00e4ra tatueringar som har kraftfulla old school-motiv som bj\u00f6rn, panter och orm. H\u00f6g kvalitet och enkel applicering.\" \/>\n<meta name=\"robots\" content=\"index, follow, max-snippet:-1, max-image-preview:large, max-video-preview:-1\" \/>\n<link rel=\"canonical\" href=\"https:\/\/likeink.com\/sv\/gnuggisar\/matt-machine-grizzly\/\" \/>\n<meta property=\"og:locale\" content=\"sv_SE\" \/>\n<meta property=\"og:type\" content=\"article\" \/>\n<meta property=\"og:title\" content=\"Matt Machine &quot;Grizzly&quot;\" \/>\n<meta property=\"og:description\" content=\"Like Inks f\u00e4rdiga ark med tempor\u00e4ra tatueringar \u00e4r cirka 20\u00d714 cm och inneh\u00e5ller motiven som visas p\u00e5 bilden. Vi trycker och skickar inom 24 timmar efter din best\u00e4llning. Tatueringarna \u00e4r stilrena, av h\u00f6g kvalitet, enkla att applicera och l\u00e4tta att tv\u00e4tta bort. Like Ink f\u00f6ljer alla EU:s regler f\u00f6r kosmetiska produkter, s\u00e5 du kan best\u00e4lla med trygghet. 6 stycken tatueringar i varierande storlek finns p\u00e5 detta arket. Tatueringarna \u00e4r old school-stil och motiven \u00e4r bland annat en bj\u00f6rn, en orm och en tiger. Perfekt att s\u00e4tta p\u00e5 armen. Tempor\u00e4ra tatueringar designade av tatueraren Mattias, \u00e4ven k\u00e4nd som Matt Machine Detta ark \u00e4r designat av Mattias Andersson, \u00e4ven k\u00e4nd som Matt Machine, en popul\u00e4r och erfaren tatuerare baserad i Kung\u00e4lv.  Mattias har drivit sin privata studio i cirka 12 \u00e5r och arbetar enbart via tidsbokning. Han har \u00e4lskat tatueringar sedan barndomen och \u00e4r k\u00e4nd f\u00f6r b\u00e5de sm\u00e5, enkla tatueringar och st\u00f6rre, skr\u00e4ddarsydda projekt. Hans passion f\u00f6r tatueringar och starka relation till sina kunder \u00e4r en stor del av det som g\u00f6r hans arbete unikt.  Hitta Mattias h\u00e4r: Instagram: @straydogstattoo Studio: @straydogstattoo Plats: G\u00f6teborg \/ Kung\u00e4lv  Storlek ark: A5 Antal tatueringar: 6 Storlek tatueringar: Varierande storlek, ca 4 - 10 cm\" \/>\n<meta property=\"og:url\" content=\"https:\/\/likeink.com\/sv\/gnuggisar\/matt-machine-grizzly\/\" \/>\n<meta property=\"og:site_name\" content=\"Like ink\" \/>\n<meta property=\"article:publisher\" content=\"https:\/\/www.facebook.com\/LikeInkSe\" \/>\n<meta property=\"article:modified_time\" content=\"2026-04-23T12:48:58+00:00\" \/>\n<meta property=\"og:image\" content=\"https:\/\/likeink.com\/wp-content\/uploads\/2026\/04\/Grizzly-tattoo-matt-machine-likeink.png\" \/>\n\t<meta property=\"og:image:width\" content=\"1400\" \/>\n\t<meta property=\"og:image:height\" content=\"986\" \/>\n\t<meta property=\"og:image:type\" content=\"image\/png\" \/>\n<meta name=\"twitter:card\" content=\"summary_large_image\" \/>\n<meta name=\"twitter:label1\" content=\"Ber\u00e4knad l\u00e4stid\" \/>\n\t<meta name=\"twitter:data1\" content=\"1 minut\" \/>\n<!-- \/ Yoast SEO Premium plugin. -->","yoast_head_json":{"title":"Matt Machine \"Grizzly\" - Like ink","description":"Matt Machine \"Grizzly\". Ett ark av tempor\u00e4ra tatueringar som har kraftfulla old school-motiv som bj\u00f6rn, panter och orm. H\u00f6g kvalitet och enkel applicering.","robots":{"index":"index","follow":"follow","max-snippet":"max-snippet:-1","max-image-preview":"max-image-preview:large","max-video-preview":"max-video-preview:-1"},"canonical":"https:\/\/likeink.com\/sv\/gnuggisar\/matt-machine-grizzly\/","og_locale":"sv_SE","og_type":"article","og_title":"Matt Machine \"Grizzly\"","og_description":"Like Inks f\u00e4rdiga ark med tempor\u00e4ra tatueringar \u00e4r cirka 20\u00d714 cm och inneh\u00e5ller motiven som visas p\u00e5 bilden. Vi trycker och skickar inom 24 timmar efter din best\u00e4llning. Tatueringarna \u00e4r stilrena, av h\u00f6g kvalitet, enkla att applicera och l\u00e4tta att tv\u00e4tta bort. Like Ink f\u00f6ljer alla EU:s regler f\u00f6r kosmetiska produkter, s\u00e5 du kan best\u00e4lla med trygghet. 6 stycken tatueringar i varierande storlek finns p\u00e5 detta arket. Tatueringarna \u00e4r old school-stil och motiven \u00e4r bland annat en bj\u00f6rn, en orm och en tiger. Perfekt att s\u00e4tta p\u00e5 armen. Tempor\u00e4ra tatueringar designade av tatueraren Mattias, \u00e4ven k\u00e4nd som Matt Machine Detta ark \u00e4r designat av Mattias Andersson, \u00e4ven k\u00e4nd som Matt Machine, en popul\u00e4r och erfaren tatuerare baserad i Kung\u00e4lv.  Mattias har drivit sin privata studio i cirka 12 \u00e5r och arbetar enbart via tidsbokning. Han har \u00e4lskat tatueringar sedan barndomen och \u00e4r k\u00e4nd f\u00f6r b\u00e5de sm\u00e5, enkla tatueringar och st\u00f6rre, skr\u00e4ddarsydda projekt. Hans passion f\u00f6r tatueringar och starka relation till sina kunder \u00e4r en stor del av det som g\u00f6r hans arbete unikt.  Hitta Mattias h\u00e4r: Instagram: @straydogstattoo Studio: @straydogstattoo Plats: G\u00f6teborg \/ Kung\u00e4lv  Storlek ark: A5 Antal tatueringar: 6 Storlek tatueringar: Varierande storlek, ca 4 - 10 cm","og_url":"https:\/\/likeink.com\/sv\/gnuggisar\/matt-machine-grizzly\/","og_site_name":"Like ink","article_publisher":"https:\/\/www.facebook.com\/LikeInkSe","article_modified_time":"2026-04-23T12:48:58+00:00","og_image":[{"width":1400,"height":986,"url":"https:\/\/likeink.com\/wp-content\/uploads\/2026\/04\/Grizzly-tattoo-matt-machine-likeink.png","type":"image\/png"}],"twitter_card":"summary_large_image","twitter_misc":{"Ber\u00e4knad l\u00e4stid":"1 minut"},"schema":{"@context":"https:\/\/schema.org","@graph":[{"@type":"WebPage","@id":"https:\/\/likeink.com\/sv\/gnuggisar\/matt-machine-grizzly\/","url":"https:\/\/likeink.com\/sv\/gnuggisar\/matt-machine-grizzly\/","name":"Matt Machine \"Grizzly\" - Like ink","isPartOf":{"@id":"https:\/\/likeink.com\/sv\/#website"},"primaryImageOfPage":{"@id":"https:\/\/likeink.com\/sv\/gnuggisar\/matt-machine-grizzly\/#primaryimage"},"image":{"@id":"https:\/\/likeink.com\/sv\/gnuggisar\/matt-machine-grizzly\/#primaryimage"},"thumbnailUrl":"https:\/\/likeink.com\/wp-content\/uploads\/2026\/04\/Grizzly-tattoo-matt-machine-likeink.png","datePublished":"2026-04-23T11:35:43+00:00","dateModified":"2026-04-23T12:48:58+00:00","description":"Matt Machine \"Grizzly\". Ett ark av tempor\u00e4ra tatueringar som har kraftfulla old school-motiv som bj\u00f6rn, panter och orm. H\u00f6g kvalitet och enkel applicering.","breadcrumb":{"@id":"https:\/\/likeink.com\/sv\/gnuggisar\/matt-machine-grizzly\/#breadcrumb"},"inLanguage":"sv-SE","potentialAction":[{"@type":"ReadAction","target":["https:\/\/likeink.com\/sv\/gnuggisar\/matt-machine-grizzly\/"]}]},{"@type":"ImageObject","inLanguage":"sv-SE","@id":"https:\/\/likeink.com\/sv\/gnuggisar\/matt-machine-grizzly\/#primaryimage","url":"https:\/\/likeink.com\/wp-content\/uploads\/2026\/04\/Grizzly-tattoo-matt-machine-likeink.png","contentUrl":"https:\/\/likeink.com\/wp-content\/uploads\/2026\/04\/Grizzly-tattoo-matt-machine-likeink.png","width":1400,"height":986,"caption":"F\u00e4rgglad traditionell tatuerings flash art med en fj\u00e4ril, en rytande bj\u00f6rn, en morrande tiger, en slingrande orm, en person i hatt p\u00e5 vatten och en solnedg\u00e5ngsscen, allt skisserat i dj\u00e4rv svart med livfulla f\u00e4rger."},{"@type":"BreadcrumbList","@id":"https:\/\/likeink.com\/sv\/gnuggisar\/matt-machine-grizzly\/#breadcrumb","itemListElement":[{"@type":"ListItem","position":1,"name":"Hem","item":"https:\/\/likeink.com\/sv\/"},{"@type":"ListItem","position":2,"name":"Webbutik","item":"https:\/\/likeink.com\/sv\/webbutik\/"},{"@type":"ListItem","position":3,"name":"Matt Machine &#8220;Grizzly&#8221;"}]},{"@type":"WebSite","@id":"https:\/\/likeink.com\/sv\/#website","url":"https:\/\/likeink.com\/sv\/","name":"Like ink","description":"Make your own custom design","potentialAction":[{"@type":"SearchAction","target":{"@type":"EntryPoint","urlTemplate":"https:\/\/likeink.com\/sv\/?s={search_term_string}"},"query-input":{"@type":"PropertyValueSpecification","valueRequired":true,"valueName":"search_term_string"}}],"inLanguage":"sv-SE"}]}},"_links":{"self":[{"href":"https:\/\/likeink.com\/sv\/wp-json\/wp\/v2\/product\/63696","targetHints":{"allow":["GET"]}}],"collection":[{"href":"https:\/\/likeink.com\/sv\/wp-json\/wp\/v2\/product"}],"about":[{"href":"https:\/\/likeink.com\/sv\/wp-json\/wp\/v2\/types\/product"}],"wp:featuredmedia":[{"embeddable":true,"href":"https:\/\/likeink.com\/sv\/wp-json\/wp\/v2\/media\/63686"}],"wp:attachment":[{"href":"https:\/\/likeink.com\/sv\/wp-json\/wp\/v2\/media?parent=63696"}],"wp:term":[{"taxonomy":"product_brand","embeddable":true,"href":"https:\/\/likeink.com\/sv\/wp-json\/wp\/v2\/product_brand?post=63696"},{"taxonomy":"product_cat","embeddable":true,"href":"https:\/\/likeink.com\/sv\/wp-json\/wp\/v2\/product_cat?post=63696"},{"taxonomy":"product_tag","embeddable":true,"href":"https:\/\/likeink.com\/sv\/wp-json\/wp\/v2\/product_tag?post=63696"}],"curies":[{"name":"wp","href":"https:\/\/api.w.org\/{rel}","templated":true}]}}