{"id":64112,"date":"2026-04-29T09:36:07","date_gmt":"2026-04-29T09:36:07","guid":{"rendered":"https:\/\/likeink.com\/?post_type=product&#038;p=64112"},"modified":"2026-04-29T09:42:37","modified_gmt":"2026-04-29T09:42:37","slug":"gender-reveal-temporara-tatueringar","status":"publish","type":"product","link":"https:\/\/likeink.com\/sv\/gnuggisar\/gender-reveal-temporara-tatueringar\/","title":{"rendered":"&#8220;Gender Reveal&#8221; tempor\u00e4ra tatueringar"},"content":{"rendered":"","protected":false},"excerpt":{"rendered":"<p>Detta arket inneh\u00e5ller tempor\u00e4ra tatueringar med fin design inf\u00f6r \u201cGender Reveal&#8221;. Vad tror du det blir? Tjej eller kille? Like Inks f\u00e4rdiga ark med tempor\u00e4ra tatueringar \u00e4r cirka 20\u00d714 cm och inneh\u00e5ller motiven som visas p\u00e5 bilden. Vi trycker och skickar inom 24 timmar efter din best\u00e4llning. Tatueringarna \u00e4r stilrena, av h\u00f6g kvalitet, enkla att applicera och l\u00e4tta att tv\u00e4tta bort. Like Ink f\u00f6ljer alla EU:s regler f\u00f6r kosmetiska produkter, s\u00e5 du kan best\u00e4lla med trygghet.<\/p>\n<h2><strong>\u201dGender Reveal\u201d tempor\u00e4ra tatueringar med I vote girls och I vote boys design<\/strong><\/h2>\n<p>Detta arket inneh\u00e5ller 4 stycken \u201cI vote girls\u201d tatueringar och 4 stycken \u201cI vote boys\u201d tatueringar. Arket inneh\u00e5ller \u00e4ven sm\u00e5 hj\u00e4rtan, stj\u00e4rnor, bj\u00f6rnar, fj\u00e4rilar och rosetter.<\/p>\n<p>Detta \u00e4r perfekt f\u00f6r dig som planerar en fest eller babyshower. Detta arket kan bidra till en rolig fest som ingen kommer gl\u00f6mma. Se till att ha tillr\u00e4ckligt m\u00e5nga s\u00e5 att alla p\u00e5 festen kan testa och f\u00e5r v\u00e4lja mellan \u201cI vote boys\u201d och \u201cI vote girls\u201d.<\/p>\n<p><strong>Storlek ark:<\/strong> A5<\/p>\n<p><strong>Antal tatueringar:<\/strong> 8 stora, ca 20 sm\u00e5<\/p>\n<p><strong>Storlek stora tatueringar:<\/strong> 5 cm<\/p>\n<p><strong>Storlek sm\u00e5 tatueringar:<\/strong> 1 cm<\/p>\n","protected":false},"featured_media":64111,"template":"","meta":[],"product_brand":[],"product_cat":[17,494,490],"product_tag":[],"class_list":{"0":"post-64112","1":"product","2":"type-product","3":"status-publish","4":"has-post-thumbnail","6":"product_cat-fardiga-ark","7":"product_cat-karlek-romantik","8":"product_cat-maskerad-sasong","10":"first","11":"instock","12":"taxable","13":"shipping-taxable","14":"purchasable","15":"product-type-simple"},"yoast_head":"<!-- This site is optimized with the Yoast SEO Premium plugin v26.2 (Yoast SEO v27.5) - https:\/\/yoast.com\/product\/yoast-seo-premium-wordpress\/ -->\n<title>&quot;Gender Reveal&quot; tempor\u00e4ra tatueringar - I vote girs &amp; boys - Like ink<\/title>\n<meta name=\"description\" content=\"K\u00f6p &quot;Gender Reveal&quot; tempor\u00e4ra tatueringar med Team Girl och Team Boy. Enkla att applicera, hudv\u00e4nliga och roliga f\u00f6r alla g\u00e4ster.\" \/>\n<meta name=\"robots\" content=\"index, follow, max-snippet:-1, max-image-preview:large, max-video-preview:-1\" \/>\n<link rel=\"canonical\" href=\"https:\/\/likeink.com\/sv\/gnuggisar\/gender-reveal-temporara-tatueringar\/\" \/>\n<meta property=\"og:locale\" content=\"sv_SE\" \/>\n<meta property=\"og:type\" content=\"article\" \/>\n<meta property=\"og:title\" content=\"&quot;Gender Reveal&quot; tempor\u00e4ra tatueringar\" \/>\n<meta property=\"og:description\" content=\"Detta arket inneh\u00e5ller tempor\u00e4ra tatueringar med fin design inf\u00f6r \u201cGender Reveal&quot;. Vad tror du det blir? Tjej eller kille? Like Inks f\u00e4rdiga ark med tempor\u00e4ra tatueringar \u00e4r cirka 20\u00d714 cm och inneh\u00e5ller motiven som visas p\u00e5 bilden. Vi trycker och skickar inom 24 timmar efter din best\u00e4llning. Tatueringarna \u00e4r stilrena, av h\u00f6g kvalitet, enkla att applicera och l\u00e4tta att tv\u00e4tta bort. Like Ink f\u00f6ljer alla EU:s regler f\u00f6r kosmetiska produkter, s\u00e5 du kan best\u00e4lla med trygghet. \u201dGender Reveal\u201d tempor\u00e4ra tatueringar med I vote girls och I vote boys design Detta arket inneh\u00e5ller 4 stycken \u201cI vote girls\u201d tatueringar och 4 stycken \u201cI vote boys\u201d tatueringar. Arket inneh\u00e5ller \u00e4ven sm\u00e5 hj\u00e4rtan, stj\u00e4rnor, bj\u00f6rnar, fj\u00e4rilar och rosetter.  Detta \u00e4r perfekt f\u00f6r dig som planerar en fest eller babyshower. Detta arket kan bidra till en rolig fest som ingen kommer gl\u00f6mma. Se till att ha tillr\u00e4ckligt m\u00e5nga s\u00e5 att alla p\u00e5 festen kan testa och f\u00e5r v\u00e4lja mellan \u201cI vote boys\u201d och \u201cI vote girls\u201d.  Storlek ark: A5  Antal tatueringar: 8 stora, ca 20 sm\u00e5  Storlek stora tatueringar: 5 cm  Storlek sm\u00e5 tatueringar: 1 cm\" \/>\n<meta property=\"og:url\" content=\"https:\/\/likeink.com\/sv\/gnuggisar\/gender-reveal-temporara-tatueringar\/\" \/>\n<meta property=\"og:site_name\" content=\"Like ink\" \/>\n<meta property=\"article:publisher\" content=\"https:\/\/www.facebook.com\/LikeInkSe\" \/>\n<meta property=\"article:modified_time\" content=\"2026-04-29T09:42:37+00:00\" \/>\n<meta property=\"og:image\" content=\"https:\/\/likeink.com\/wp-content\/uploads\/2026\/04\/Gender-revial-tattoos-likeink.jpg\" \/>\n\t<meta property=\"og:image:width\" content=\"1800\" \/>\n\t<meta property=\"og:image:height\" content=\"1268\" \/>\n\t<meta property=\"og:image:type\" content=\"image\/jpeg\" \/>\n<meta name=\"twitter:card\" content=\"summary_large_image\" \/>\n<meta name=\"twitter:label1\" content=\"Ber\u00e4knad l\u00e4stid\" \/>\n\t<meta name=\"twitter:data1\" content=\"1 minut\" \/>\n<!-- \/ Yoast SEO Premium plugin. -->","yoast_head_json":{"title":"\"Gender Reveal\" tempor\u00e4ra tatueringar - I vote girs & boys - Like ink","description":"K\u00f6p \"Gender Reveal\" tempor\u00e4ra tatueringar med Team Girl och Team Boy. Enkla att applicera, hudv\u00e4nliga och roliga f\u00f6r alla g\u00e4ster.","robots":{"index":"index","follow":"follow","max-snippet":"max-snippet:-1","max-image-preview":"max-image-preview:large","max-video-preview":"max-video-preview:-1"},"canonical":"https:\/\/likeink.com\/sv\/gnuggisar\/gender-reveal-temporara-tatueringar\/","og_locale":"sv_SE","og_type":"article","og_title":"\"Gender Reveal\" tempor\u00e4ra tatueringar","og_description":"Detta arket inneh\u00e5ller tempor\u00e4ra tatueringar med fin design inf\u00f6r \u201cGender Reveal\". Vad tror du det blir? Tjej eller kille? Like Inks f\u00e4rdiga ark med tempor\u00e4ra tatueringar \u00e4r cirka 20\u00d714 cm och inneh\u00e5ller motiven som visas p\u00e5 bilden. Vi trycker och skickar inom 24 timmar efter din best\u00e4llning. Tatueringarna \u00e4r stilrena, av h\u00f6g kvalitet, enkla att applicera och l\u00e4tta att tv\u00e4tta bort. Like Ink f\u00f6ljer alla EU:s regler f\u00f6r kosmetiska produkter, s\u00e5 du kan best\u00e4lla med trygghet. \u201dGender Reveal\u201d tempor\u00e4ra tatueringar med I vote girls och I vote boys design Detta arket inneh\u00e5ller 4 stycken \u201cI vote girls\u201d tatueringar och 4 stycken \u201cI vote boys\u201d tatueringar. Arket inneh\u00e5ller \u00e4ven sm\u00e5 hj\u00e4rtan, stj\u00e4rnor, bj\u00f6rnar, fj\u00e4rilar och rosetter.  Detta \u00e4r perfekt f\u00f6r dig som planerar en fest eller babyshower. Detta arket kan bidra till en rolig fest som ingen kommer gl\u00f6mma. Se till att ha tillr\u00e4ckligt m\u00e5nga s\u00e5 att alla p\u00e5 festen kan testa och f\u00e5r v\u00e4lja mellan \u201cI vote boys\u201d och \u201cI vote girls\u201d.  Storlek ark: A5  Antal tatueringar: 8 stora, ca 20 sm\u00e5  Storlek stora tatueringar: 5 cm  Storlek sm\u00e5 tatueringar: 1 cm","og_url":"https:\/\/likeink.com\/sv\/gnuggisar\/gender-reveal-temporara-tatueringar\/","og_site_name":"Like ink","article_publisher":"https:\/\/www.facebook.com\/LikeInkSe","article_modified_time":"2026-04-29T09:42:37+00:00","og_image":[{"width":1800,"height":1268,"url":"https:\/\/likeink.com\/wp-content\/uploads\/2026\/04\/Gender-revial-tattoos-likeink.jpg","type":"image\/jpeg"}],"twitter_card":"summary_large_image","twitter_misc":{"Ber\u00e4knad l\u00e4stid":"1 minut"},"schema":{"@context":"https:\/\/schema.org","@graph":[{"@type":"WebPage","@id":"https:\/\/likeink.com\/sv\/gnuggisar\/gender-reveal-temporara-tatueringar\/","url":"https:\/\/likeink.com\/sv\/gnuggisar\/gender-reveal-temporara-tatueringar\/","name":"\"Gender Reveal\" tempor\u00e4ra tatueringar - I vote girs & boys - Like ink","isPartOf":{"@id":"https:\/\/likeink.com\/sv\/#website"},"primaryImageOfPage":{"@id":"https:\/\/likeink.com\/sv\/gnuggisar\/gender-reveal-temporara-tatueringar\/#primaryimage"},"image":{"@id":"https:\/\/likeink.com\/sv\/gnuggisar\/gender-reveal-temporara-tatueringar\/#primaryimage"},"thumbnailUrl":"https:\/\/likeink.com\/wp-content\/uploads\/2026\/04\/Gender-revial-tattoos-likeink.jpg","datePublished":"2026-04-29T09:36:07+00:00","dateModified":"2026-04-29T09:42:37+00:00","description":"K\u00f6p \"Gender Reveal\" tempor\u00e4ra tatueringar med Team Girl och Team Boy. Enkla att applicera, hudv\u00e4nliga och roliga f\u00f6r alla g\u00e4ster.","breadcrumb":{"@id":"https:\/\/likeink.com\/sv\/gnuggisar\/gender-reveal-temporara-tatueringar\/#breadcrumb"},"inLanguage":"sv-SE","potentialAction":[{"@type":"ReadAction","target":["https:\/\/likeink.com\/sv\/gnuggisar\/gender-reveal-temporara-tatueringar\/"]}]},{"@type":"ImageObject","inLanguage":"sv-SE","@id":"https:\/\/likeink.com\/sv\/gnuggisar\/gender-reveal-temporara-tatueringar\/#primaryimage","url":"https:\/\/likeink.com\/wp-content\/uploads\/2026\/04\/Gender-revial-tattoos-likeink.jpg","contentUrl":"https:\/\/likeink.com\/wp-content\/uploads\/2026\/04\/Gender-revial-tattoos-likeink.jpg","width":1800,"height":1268,"caption":"Bilden inneh\u00e5ller fraserna I VOTE Girls i rosa och I VOTE Boys i bl\u00e5tt, som upprepas flera g\u00e5nger. Texten omges av sm\u00e5 hj\u00e4rtan, stj\u00e4rnor och tecknade bj\u00f6rn- och r\u00e4vansikten p\u00e5 en vit bakgrund."},{"@type":"BreadcrumbList","@id":"https:\/\/likeink.com\/sv\/gnuggisar\/gender-reveal-temporara-tatueringar\/#breadcrumb","itemListElement":[{"@type":"ListItem","position":1,"name":"Hem","item":"https:\/\/likeink.com\/sv\/"},{"@type":"ListItem","position":2,"name":"Webbutik","item":"https:\/\/likeink.com\/sv\/webbutik\/"},{"@type":"ListItem","position":3,"name":"&#8220;Gender Reveal&#8221; tempor\u00e4ra tatueringar"}]},{"@type":"WebSite","@id":"https:\/\/likeink.com\/sv\/#website","url":"https:\/\/likeink.com\/sv\/","name":"Like ink","description":"Make your own custom design","potentialAction":[{"@type":"SearchAction","target":{"@type":"EntryPoint","urlTemplate":"https:\/\/likeink.com\/sv\/?s={search_term_string}"},"query-input":{"@type":"PropertyValueSpecification","valueRequired":true,"valueName":"search_term_string"}}],"inLanguage":"sv-SE"}]}},"_links":{"self":[{"href":"https:\/\/likeink.com\/sv\/wp-json\/wp\/v2\/product\/64112","targetHints":{"allow":["GET"]}}],"collection":[{"href":"https:\/\/likeink.com\/sv\/wp-json\/wp\/v2\/product"}],"about":[{"href":"https:\/\/likeink.com\/sv\/wp-json\/wp\/v2\/types\/product"}],"wp:featuredmedia":[{"embeddable":true,"href":"https:\/\/likeink.com\/sv\/wp-json\/wp\/v2\/media\/64111"}],"wp:attachment":[{"href":"https:\/\/likeink.com\/sv\/wp-json\/wp\/v2\/media?parent=64112"}],"wp:term":[{"taxonomy":"product_brand","embeddable":true,"href":"https:\/\/likeink.com\/sv\/wp-json\/wp\/v2\/product_brand?post=64112"},{"taxonomy":"product_cat","embeddable":true,"href":"https:\/\/likeink.com\/sv\/wp-json\/wp\/v2\/product_cat?post=64112"},{"taxonomy":"product_tag","embeddable":true,"href":"https:\/\/likeink.com\/sv\/wp-json\/wp\/v2\/product_tag?post=64112"}],"curies":[{"name":"wp","href":"https:\/\/api.w.org\/{rel}","templated":true}]}}