{"id":64762,"date":"2026-05-08T07:49:16","date_gmt":"2026-05-08T07:49:16","guid":{"rendered":"https:\/\/likeink.com\/?post_type=product&#038;p=64762"},"modified":"2026-05-08T08:32:03","modified_gmt":"2026-05-08T08:32:03","slug":"mors-dag-tatueringar","status":"publish","type":"product","link":"https:\/\/likeink.com\/sv\/gnuggisar\/mors-dag-tatueringar\/","title":{"rendered":"Mors dag tatueringar"},"content":{"rendered":"","protected":false},"excerpt":{"rendered":"<p>Detta ark inneh\u00e5ller fina tempor\u00e4ra tatueringar inf\u00f6r Mors dag. K\u00f6p dessa tatueringar f\u00f6r att visa din mamma hur mycket hon betyder f\u00f6r dig. Detta ark inneh\u00e5ller hj\u00e4rtan och blommor med fin text. Like Inks f\u00e4rdiga ark med tempor\u00e4ra tatueringar \u00e4r cirka 20\u00d714 cm och inneh\u00e5ller motiven som visas p\u00e5 bilden. Vi trycker och skickar inom 24 timmar efter din best\u00e4llning. Tatueringarna \u00e4r stilrena, av h\u00f6g kvalitet, enkla att applicera och l\u00e4tta att tv\u00e4tta bort. Like Ink f\u00f6ljer alla EU:s regler f\u00f6r kosmetiska produkter, s\u00e5 du kan best\u00e4lla med trygghet.<\/p>\n<h2><strong> Tempor\u00e4ra tatueringar med motiv med hj\u00e4rtan och blommor inf\u00f6r Mors dag <\/strong><\/h2>\n<p>Detta ark inneh\u00e5ller hj\u00e4rtan och blommor, b\u00e5de med och utan text.<\/p>\n<p>Detta ark inneh\u00e5ller 8 stycken stora tempor\u00e4ra tatueringar. Det inneh\u00e5ller \u00e4ven 12 stycken mindre tatueringar. De stora tatueringarna \u00e4r perfekta f\u00f6r dekoration p\u00e5 sl\u00e4ta ytor och \u00e4ven att anv\u00e4nda p\u00e5 kroppen som tempor\u00e4ra tatueringar. De sm\u00e5 tatueringarna \u00e4r perfekta att s\u00e4tta i ansiktet eller p\u00e5 h\u00e4nderna, men de kan ocks\u00e5 anv\u00e4ndas som dekoration.<\/p>\n<p><strong>Storlek ark:<\/strong> A5<br \/>\n<strong>Antal tatueringar:<\/strong> 8 stora, 12 sm\u00e5<br \/>\n<strong>Storlek stora tatueringar:<\/strong> 4\u20136 cm<br \/>\n<strong>Storlek sm\u00e5 tatueringar:<\/strong> 0,7\u20131,5 cm<\/p>\n","protected":false},"featured_media":64692,"template":"","meta":[],"product_brand":[],"product_cat":[17,490,489],"product_tag":[],"class_list":{"0":"post-64762","1":"product","2":"type-product","3":"status-publish","4":"has-post-thumbnail","6":"product_cat-fardiga-ark","7":"product_cat-maskerad-sasong","8":"product_cat-old-school-och-retro","10":"first","11":"instock","12":"taxable","13":"shipping-taxable","14":"purchasable","15":"product-type-simple"},"yoast_head":"<!-- This site is optimized with the Yoast SEO Premium plugin v27.5 (Yoast SEO v27.6) - https:\/\/yoast.com\/product\/yoast-seo-premium-wordpress\/ -->\n<title>Mors dag tatueringar - Like ink<\/title>\n<meta name=\"description\" content=\"Mors dag tatueringar med hj\u00e4rtan, rosor och motiv med texten &quot;Mom&quot; och &quot;I love Mom&quot;. Fina tempor\u00e4ra tatueringar f\u00f6r att fira mamma p\u00e5 mors dag.\" \/>\n<meta name=\"robots\" content=\"index, follow, max-snippet:-1, max-image-preview:large, max-video-preview:-1\" \/>\n<link rel=\"canonical\" href=\"https:\/\/likeink.com\/sv\/gnuggisar\/mors-dag-tatueringar\/\" \/>\n<meta property=\"og:locale\" content=\"sv_SE\" \/>\n<meta property=\"og:type\" content=\"article\" \/>\n<meta property=\"og:title\" content=\"Mors dag tatueringar\" \/>\n<meta property=\"og:description\" content=\"Detta ark inneh\u00e5ller fina tempor\u00e4ra tatueringar inf\u00f6r Mors dag. K\u00f6p dessa tatueringar f\u00f6r att visa din mamma hur mycket hon betyder f\u00f6r dig. Detta ark inneh\u00e5ller hj\u00e4rtan och blommor med fin text. Like Inks f\u00e4rdiga ark med tempor\u00e4ra tatueringar \u00e4r cirka 20\u00d714 cm och inneh\u00e5ller motiven som visas p\u00e5 bilden. Vi trycker och skickar inom 24 timmar efter din best\u00e4llning. Tatueringarna \u00e4r stilrena, av h\u00f6g kvalitet, enkla att applicera och l\u00e4tta att tv\u00e4tta bort. Like Ink f\u00f6ljer alla EU:s regler f\u00f6r kosmetiska produkter, s\u00e5 du kan best\u00e4lla med trygghet.  Tempor\u00e4ra tatueringar med motiv med hj\u00e4rtan och blommor inf\u00f6r Mors dag  Detta ark inneh\u00e5ller hj\u00e4rtan och blommor, b\u00e5de med och utan text.  Detta ark inneh\u00e5ller 8 stycken stora tempor\u00e4ra tatueringar. Det inneh\u00e5ller \u00e4ven 12 stycken mindre tatueringar. De stora tatueringarna \u00e4r perfekta f\u00f6r dekoration p\u00e5 sl\u00e4ta ytor och \u00e4ven att anv\u00e4nda p\u00e5 kroppen som tempor\u00e4ra tatueringar. De sm\u00e5 tatueringarna \u00e4r perfekta att s\u00e4tta i ansiktet eller p\u00e5 h\u00e4nderna, men de kan ocks\u00e5 anv\u00e4ndas som dekoration.  Storlek ark: A5 Antal tatueringar: 8 stora, 12 sm\u00e5 Storlek stora tatueringar: 4\u20136 cm Storlek sm\u00e5 tatueringar: 0,7\u20131,5 cm\" \/>\n<meta property=\"og:url\" content=\"https:\/\/likeink.com\/sv\/gnuggisar\/mors-dag-tatueringar\/\" \/>\n<meta property=\"og:site_name\" content=\"Like ink\" \/>\n<meta property=\"article:publisher\" content=\"https:\/\/www.facebook.com\/LikeInkSe\" \/>\n<meta property=\"article:modified_time\" content=\"2026-05-08T08:32:03+00:00\" \/>\n<meta property=\"og:image\" content=\"https:\/\/likeink.com\/wp-content\/uploads\/2026\/05\/Mom-TemporaryTattoos-Likeink.jpg\" \/>\n\t<meta property=\"og:image:width\" content=\"1800\" \/>\n\t<meta property=\"og:image:height\" content=\"1268\" \/>\n\t<meta property=\"og:image:type\" content=\"image\/jpeg\" \/>\n<meta name=\"twitter:card\" content=\"summary_large_image\" \/>\n<meta name=\"twitter:label1\" content=\"Ber\u00e4knad l\u00e4stid\" \/>\n\t<meta name=\"twitter:data1\" content=\"1 minut\" \/>\n<!-- \/ Yoast SEO Premium plugin. -->","yoast_head_json":{"title":"Mors dag tatueringar - Like ink","description":"Mors dag tatueringar med hj\u00e4rtan, rosor och motiv med texten \"Mom\" och \"I love Mom\". Fina tempor\u00e4ra tatueringar f\u00f6r att fira mamma p\u00e5 mors dag.","robots":{"index":"index","follow":"follow","max-snippet":"max-snippet:-1","max-image-preview":"max-image-preview:large","max-video-preview":"max-video-preview:-1"},"canonical":"https:\/\/likeink.com\/sv\/gnuggisar\/mors-dag-tatueringar\/","og_locale":"sv_SE","og_type":"article","og_title":"Mors dag tatueringar","og_description":"Detta ark inneh\u00e5ller fina tempor\u00e4ra tatueringar inf\u00f6r Mors dag. K\u00f6p dessa tatueringar f\u00f6r att visa din mamma hur mycket hon betyder f\u00f6r dig. Detta ark inneh\u00e5ller hj\u00e4rtan och blommor med fin text. Like Inks f\u00e4rdiga ark med tempor\u00e4ra tatueringar \u00e4r cirka 20\u00d714 cm och inneh\u00e5ller motiven som visas p\u00e5 bilden. Vi trycker och skickar inom 24 timmar efter din best\u00e4llning. Tatueringarna \u00e4r stilrena, av h\u00f6g kvalitet, enkla att applicera och l\u00e4tta att tv\u00e4tta bort. Like Ink f\u00f6ljer alla EU:s regler f\u00f6r kosmetiska produkter, s\u00e5 du kan best\u00e4lla med trygghet.  Tempor\u00e4ra tatueringar med motiv med hj\u00e4rtan och blommor inf\u00f6r Mors dag  Detta ark inneh\u00e5ller hj\u00e4rtan och blommor, b\u00e5de med och utan text.  Detta ark inneh\u00e5ller 8 stycken stora tempor\u00e4ra tatueringar. Det inneh\u00e5ller \u00e4ven 12 stycken mindre tatueringar. De stora tatueringarna \u00e4r perfekta f\u00f6r dekoration p\u00e5 sl\u00e4ta ytor och \u00e4ven att anv\u00e4nda p\u00e5 kroppen som tempor\u00e4ra tatueringar. De sm\u00e5 tatueringarna \u00e4r perfekta att s\u00e4tta i ansiktet eller p\u00e5 h\u00e4nderna, men de kan ocks\u00e5 anv\u00e4ndas som dekoration.  Storlek ark: A5 Antal tatueringar: 8 stora, 12 sm\u00e5 Storlek stora tatueringar: 4\u20136 cm Storlek sm\u00e5 tatueringar: 0,7\u20131,5 cm","og_url":"https:\/\/likeink.com\/sv\/gnuggisar\/mors-dag-tatueringar\/","og_site_name":"Like ink","article_publisher":"https:\/\/www.facebook.com\/LikeInkSe","article_modified_time":"2026-05-08T08:32:03+00:00","og_image":[{"width":1800,"height":1268,"url":"https:\/\/likeink.com\/wp-content\/uploads\/2026\/05\/Mom-TemporaryTattoos-Likeink.jpg","type":"image\/jpeg"}],"twitter_card":"summary_large_image","twitter_misc":{"Ber\u00e4knad l\u00e4stid":"1 minut"},"schema":{"@context":"https:\/\/schema.org","@graph":[{"@type":"WebPage","@id":"https:\/\/likeink.com\/sv\/gnuggisar\/mors-dag-tatueringar\/","url":"https:\/\/likeink.com\/sv\/gnuggisar\/mors-dag-tatueringar\/","name":"Mors dag tatueringar - Like ink","isPartOf":{"@id":"https:\/\/likeink.com\/sv\/#website"},"primaryImageOfPage":{"@id":"https:\/\/likeink.com\/sv\/gnuggisar\/mors-dag-tatueringar\/#primaryimage"},"image":{"@id":"https:\/\/likeink.com\/sv\/gnuggisar\/mors-dag-tatueringar\/#primaryimage"},"thumbnailUrl":"https:\/\/likeink.com\/wp-content\/uploads\/2026\/05\/Mom-TemporaryTattoos-Likeink.jpg","datePublished":"2026-05-08T07:49:16+00:00","dateModified":"2026-05-08T08:32:03+00:00","description":"Mors dag tatueringar med hj\u00e4rtan, rosor och motiv med texten \"Mom\" och \"I love Mom\". Fina tempor\u00e4ra tatueringar f\u00f6r att fira mamma p\u00e5 mors dag.","breadcrumb":{"@id":"https:\/\/likeink.com\/sv\/gnuggisar\/mors-dag-tatueringar\/#breadcrumb"},"inLanguage":"sv-SE","potentialAction":[{"@type":"ReadAction","target":["https:\/\/likeink.com\/sv\/gnuggisar\/mors-dag-tatueringar\/"]}]},{"@type":"ImageObject","inLanguage":"sv-SE","@id":"https:\/\/likeink.com\/sv\/gnuggisar\/mors-dag-tatueringar\/#primaryimage","url":"https:\/\/likeink.com\/wp-content\/uploads\/2026\/05\/Mom-TemporaryTattoos-Likeink.jpg","contentUrl":"https:\/\/likeink.com\/wp-content\/uploads\/2026\/05\/Mom-TemporaryTattoos-Likeink.jpg","width":1800,"height":1268,"caption":"Illustration av r\u00f6da hj\u00e4rtan, rosor och hj\u00e4rtformade m\u00f6nster med I \u2665 MOM- eller MOM-banderoller i vintage tatueringsstil mot en vit bakgrund."},{"@type":"BreadcrumbList","@id":"https:\/\/likeink.com\/sv\/gnuggisar\/mors-dag-tatueringar\/#breadcrumb","itemListElement":[{"@type":"ListItem","position":1,"name":"Hem","item":"https:\/\/likeink.com\/sv\/"},{"@type":"ListItem","position":2,"name":"Webbutik","item":"https:\/\/likeink.com\/sv\/webbutik\/"},{"@type":"ListItem","position":3,"name":"Mors dag tatueringar"}]},{"@type":"WebSite","@id":"https:\/\/likeink.com\/sv\/#website","url":"https:\/\/likeink.com\/sv\/","name":"Like ink","description":"Make your own custom design","potentialAction":[{"@type":"SearchAction","target":{"@type":"EntryPoint","urlTemplate":"https:\/\/likeink.com\/sv\/?s={search_term_string}"},"query-input":{"@type":"PropertyValueSpecification","valueRequired":true,"valueName":"search_term_string"}}],"inLanguage":"sv-SE"}]}},"_links":{"self":[{"href":"https:\/\/likeink.com\/sv\/wp-json\/wp\/v2\/product\/64762","targetHints":{"allow":["GET"]}}],"collection":[{"href":"https:\/\/likeink.com\/sv\/wp-json\/wp\/v2\/product"}],"about":[{"href":"https:\/\/likeink.com\/sv\/wp-json\/wp\/v2\/types\/product"}],"wp:featuredmedia":[{"embeddable":true,"href":"https:\/\/likeink.com\/sv\/wp-json\/wp\/v2\/media\/64692"}],"wp:attachment":[{"href":"https:\/\/likeink.com\/sv\/wp-json\/wp\/v2\/media?parent=64762"}],"wp:term":[{"taxonomy":"product_brand","embeddable":true,"href":"https:\/\/likeink.com\/sv\/wp-json\/wp\/v2\/product_brand?post=64762"},{"taxonomy":"product_cat","embeddable":true,"href":"https:\/\/likeink.com\/sv\/wp-json\/wp\/v2\/product_cat?post=64762"},{"taxonomy":"product_tag","embeddable":true,"href":"https:\/\/likeink.com\/sv\/wp-json\/wp\/v2\/product_tag?post=64762"}],"curies":[{"name":"wp","href":"https:\/\/api.w.org\/{rel}","templated":true}]}}