{"id":64817,"date":"2026-05-08T11:20:29","date_gmt":"2026-05-08T11:20:29","guid":{"rendered":"https:\/\/likeink.com\/?post_type=product&#038;p=64817"},"modified":"2026-05-08T11:20:30","modified_gmt":"2026-05-08T11:20:30","slug":"alla-hjartans-dag-tatueringar","status":"publish","type":"product","link":"https:\/\/likeink.com\/sv\/gnuggisar\/alla-hjartans-dag-tatueringar\/","title":{"rendered":"Alla hj\u00e4rtans dag tatueringar"},"content":{"rendered":"","protected":false},"excerpt":{"rendered":"<p>Detta ark inneh\u00e5ller tempor\u00e4ra tatueringar perfekta f\u00f6r alla hj\u00e4rtans dag. Dessa tatueringar funkar bra som dekoration till alla hj\u00e4rtans dag eller som present till din partner. Like Inks f\u00e4rdiga ark med tempor\u00e4ra tatueringar \u00e4r cirka 20\u00d714 cm och inneh\u00e5ller motiven som visas p\u00e5 bilden. Vi trycker och skickar inom 24 timmar efter din best\u00e4llning. Tatueringarna \u00e4r stilrena, av h\u00f6g kvalitet, enkla att applicera och l\u00e4tta att tv\u00e4tta bort. Like Ink f\u00f6ljer alla EU:s regler f\u00f6r kosmetiska produkter, s\u00e5 du kan best\u00e4lla med trygghet.<\/p>\n<h2><strong> Tempor\u00e4ra tatueringar med motiv av hj\u00e4rtan och blommor till alla hj\u00e4rtans dag<\/strong><\/h2>\n<p>Detta ark inneh\u00e5ller hj\u00e4rtan, ballonger, brev och blommor.<\/p>\n<p>Detta ark inneh\u00e5ller 7 stycken stora tempor\u00e4ra tatueringar. Det inneh\u00e5ller \u00e4ven 6 stycken mindre tatueringar. De stora tatueringarna \u00e4r perfekta f\u00f6r dekoration p\u00e5 sl\u00e4ta ytor och \u00e4ven att anv\u00e4nda p\u00e5 kroppen som tempor\u00e4ra tatueringar. De sm\u00e5 tatueringarna \u00e4r perfekta att s\u00e4tta i ansiktet eller p\u00e5 h\u00e4nderna, men de kan ocks\u00e5 anv\u00e4ndas som dekoration.<\/p>\n<p><strong>Storlek ark:<\/strong> A5<br \/>\n<strong>Antal tatueringar:<\/strong> 7 stora, 6 sm\u00e5<br \/>\n<strong>Storlek stora tatueringar:<\/strong> ca 5 cm<br \/>\n<strong>Storlek sm\u00e5 tatueringar:<\/strong> 2-2.5 cm<\/p>\n","protected":false},"featured_media":64714,"template":"","meta":[],"product_brand":[],"product_cat":[17,494,490],"product_tag":[],"class_list":{"0":"post-64817","1":"product","2":"type-product","3":"status-publish","4":"has-post-thumbnail","6":"product_cat-fardiga-ark","7":"product_cat-karlek-romantik","8":"product_cat-maskerad-sasong","10":"first","11":"instock","12":"taxable","13":"shipping-taxable","14":"purchasable","15":"product-type-simple"},"yoast_head":"<!-- This site is optimized with the Yoast SEO Premium plugin v27.5 (Yoast SEO v27.6) - https:\/\/yoast.com\/product\/yoast-seo-premium-wordpress\/ -->\n<title>Alla hj\u00e4rtans dag tatueringar - Like ink<\/title>\n<meta name=\"description\" content=\"Alla hj\u00e4rtans dag tatueringar med hj\u00e4rtan, rosor, k\u00e4rleksbrev, ballonger och romantiska motiv. Fina tempor\u00e4ra tatueringar f\u00f6r k\u00e4rlek och fest.\" \/>\n<meta name=\"robots\" content=\"index, follow, max-snippet:-1, max-image-preview:large, max-video-preview:-1\" \/>\n<link rel=\"canonical\" href=\"https:\/\/likeink.com\/sv\/gnuggisar\/alla-hjartans-dag-tatueringar\/\" \/>\n<meta property=\"og:locale\" content=\"sv_SE\" \/>\n<meta property=\"og:type\" content=\"article\" \/>\n<meta property=\"og:title\" content=\"Alla hj\u00e4rtans dag tatueringar\" \/>\n<meta property=\"og:description\" content=\"Detta ark inneh\u00e5ller tempor\u00e4ra tatueringar perfekta f\u00f6r alla hj\u00e4rtans dag. Dessa tatueringar funkar bra som dekoration till alla hj\u00e4rtans dag eller som present till din partner. Like Inks f\u00e4rdiga ark med tempor\u00e4ra tatueringar \u00e4r cirka 20\u00d714 cm och inneh\u00e5ller motiven som visas p\u00e5 bilden. Vi trycker och skickar inom 24 timmar efter din best\u00e4llning. Tatueringarna \u00e4r stilrena, av h\u00f6g kvalitet, enkla att applicera och l\u00e4tta att tv\u00e4tta bort. Like Ink f\u00f6ljer alla EU:s regler f\u00f6r kosmetiska produkter, s\u00e5 du kan best\u00e4lla med trygghet.  Tempor\u00e4ra tatueringar med motiv av hj\u00e4rtan och blommor till alla hj\u00e4rtans dag Detta ark inneh\u00e5ller hj\u00e4rtan, ballonger, brev och blommor.  Detta ark inneh\u00e5ller 7 stycken stora tempor\u00e4ra tatueringar. Det inneh\u00e5ller \u00e4ven 6 stycken mindre tatueringar. De stora tatueringarna \u00e4r perfekta f\u00f6r dekoration p\u00e5 sl\u00e4ta ytor och \u00e4ven att anv\u00e4nda p\u00e5 kroppen som tempor\u00e4ra tatueringar. De sm\u00e5 tatueringarna \u00e4r perfekta att s\u00e4tta i ansiktet eller p\u00e5 h\u00e4nderna, men de kan ocks\u00e5 anv\u00e4ndas som dekoration.  Storlek ark: A5 Antal tatueringar: 7 stora, 6 sm\u00e5 Storlek stora tatueringar: ca 5 cm Storlek sm\u00e5 tatueringar: 2-2.5 cm\" \/>\n<meta property=\"og:url\" content=\"https:\/\/likeink.com\/sv\/gnuggisar\/alla-hjartans-dag-tatueringar\/\" \/>\n<meta property=\"og:site_name\" content=\"Like ink\" \/>\n<meta property=\"article:publisher\" content=\"https:\/\/www.facebook.com\/LikeInkSe\" \/>\n<meta property=\"article:modified_time\" content=\"2026-05-08T11:20:30+00:00\" \/>\n<meta property=\"og:image\" content=\"https:\/\/likeink.com\/wp-content\/uploads\/2026\/05\/ValentinesDay-Tattoos-Likeink.jpg\" \/>\n\t<meta property=\"og:image:width\" content=\"1800\" \/>\n\t<meta property=\"og:image:height\" content=\"1268\" \/>\n\t<meta property=\"og:image:type\" content=\"image\/jpeg\" \/>\n<meta name=\"twitter:card\" content=\"summary_large_image\" \/>\n<meta name=\"twitter:label1\" content=\"Ber\u00e4knad l\u00e4stid\" \/>\n\t<meta name=\"twitter:data1\" content=\"1 minut\" \/>\n<!-- \/ Yoast SEO Premium plugin. -->","yoast_head_json":{"title":"Alla hj\u00e4rtans dag tatueringar - Like ink","description":"Alla hj\u00e4rtans dag tatueringar med hj\u00e4rtan, rosor, k\u00e4rleksbrev, ballonger och romantiska motiv. Fina tempor\u00e4ra tatueringar f\u00f6r k\u00e4rlek och fest.","robots":{"index":"index","follow":"follow","max-snippet":"max-snippet:-1","max-image-preview":"max-image-preview:large","max-video-preview":"max-video-preview:-1"},"canonical":"https:\/\/likeink.com\/sv\/gnuggisar\/alla-hjartans-dag-tatueringar\/","og_locale":"sv_SE","og_type":"article","og_title":"Alla hj\u00e4rtans dag tatueringar","og_description":"Detta ark inneh\u00e5ller tempor\u00e4ra tatueringar perfekta f\u00f6r alla hj\u00e4rtans dag. Dessa tatueringar funkar bra som dekoration till alla hj\u00e4rtans dag eller som present till din partner. Like Inks f\u00e4rdiga ark med tempor\u00e4ra tatueringar \u00e4r cirka 20\u00d714 cm och inneh\u00e5ller motiven som visas p\u00e5 bilden. Vi trycker och skickar inom 24 timmar efter din best\u00e4llning. Tatueringarna \u00e4r stilrena, av h\u00f6g kvalitet, enkla att applicera och l\u00e4tta att tv\u00e4tta bort. Like Ink f\u00f6ljer alla EU:s regler f\u00f6r kosmetiska produkter, s\u00e5 du kan best\u00e4lla med trygghet.  Tempor\u00e4ra tatueringar med motiv av hj\u00e4rtan och blommor till alla hj\u00e4rtans dag Detta ark inneh\u00e5ller hj\u00e4rtan, ballonger, brev och blommor.  Detta ark inneh\u00e5ller 7 stycken stora tempor\u00e4ra tatueringar. Det inneh\u00e5ller \u00e4ven 6 stycken mindre tatueringar. De stora tatueringarna \u00e4r perfekta f\u00f6r dekoration p\u00e5 sl\u00e4ta ytor och \u00e4ven att anv\u00e4nda p\u00e5 kroppen som tempor\u00e4ra tatueringar. De sm\u00e5 tatueringarna \u00e4r perfekta att s\u00e4tta i ansiktet eller p\u00e5 h\u00e4nderna, men de kan ocks\u00e5 anv\u00e4ndas som dekoration.  Storlek ark: A5 Antal tatueringar: 7 stora, 6 sm\u00e5 Storlek stora tatueringar: ca 5 cm Storlek sm\u00e5 tatueringar: 2-2.5 cm","og_url":"https:\/\/likeink.com\/sv\/gnuggisar\/alla-hjartans-dag-tatueringar\/","og_site_name":"Like ink","article_publisher":"https:\/\/www.facebook.com\/LikeInkSe","article_modified_time":"2026-05-08T11:20:30+00:00","og_image":[{"width":1800,"height":1268,"url":"https:\/\/likeink.com\/wp-content\/uploads\/2026\/05\/ValentinesDay-Tattoos-Likeink.jpg","type":"image\/jpeg"}],"twitter_card":"summary_large_image","twitter_misc":{"Ber\u00e4knad l\u00e4stid":"1 minut"},"schema":{"@context":"https:\/\/schema.org","@graph":[{"@type":"WebPage","@id":"https:\/\/likeink.com\/sv\/gnuggisar\/alla-hjartans-dag-tatueringar\/","url":"https:\/\/likeink.com\/sv\/gnuggisar\/alla-hjartans-dag-tatueringar\/","name":"Alla hj\u00e4rtans dag tatueringar - Like ink","isPartOf":{"@id":"https:\/\/likeink.com\/sv\/#website"},"primaryImageOfPage":{"@id":"https:\/\/likeink.com\/sv\/gnuggisar\/alla-hjartans-dag-tatueringar\/#primaryimage"},"image":{"@id":"https:\/\/likeink.com\/sv\/gnuggisar\/alla-hjartans-dag-tatueringar\/#primaryimage"},"thumbnailUrl":"https:\/\/likeink.com\/wp-content\/uploads\/2026\/05\/ValentinesDay-Tattoos-Likeink.jpg","datePublished":"2026-05-08T11:20:29+00:00","dateModified":"2026-05-08T11:20:30+00:00","description":"Alla hj\u00e4rtans dag tatueringar med hj\u00e4rtan, rosor, k\u00e4rleksbrev, ballonger och romantiska motiv. Fina tempor\u00e4ra tatueringar f\u00f6r k\u00e4rlek och fest.","breadcrumb":{"@id":"https:\/\/likeink.com\/sv\/gnuggisar\/alla-hjartans-dag-tatueringar\/#breadcrumb"},"inLanguage":"sv-SE","potentialAction":[{"@type":"ReadAction","target":["https:\/\/likeink.com\/sv\/gnuggisar\/alla-hjartans-dag-tatueringar\/"]}]},{"@type":"ImageObject","inLanguage":"sv-SE","@id":"https:\/\/likeink.com\/sv\/gnuggisar\/alla-hjartans-dag-tatueringar\/#primaryimage","url":"https:\/\/likeink.com\/wp-content\/uploads\/2026\/05\/ValentinesDay-Tattoos-Likeink.jpg","contentUrl":"https:\/\/likeink.com\/wp-content\/uploads\/2026\/05\/ValentinesDay-Tattoos-Likeink.jpg","width":1800,"height":1268,"caption":"F\u00e4rgglada illustrationer med Alla hj\u00e4rtans dag-tema, bl.a. hj\u00e4rtan, ballonger, ett k\u00e4rleksbrev, rosor, en nallebj\u00f6rn, en hj\u00e4rtformad l\u00e5da, ett l\u00e5s, sm\u00e5 hj\u00e4rtan, en diamant och band med texten \"KISS ME\" och \"I LOVE YOU\"."},{"@type":"BreadcrumbList","@id":"https:\/\/likeink.com\/sv\/gnuggisar\/alla-hjartans-dag-tatueringar\/#breadcrumb","itemListElement":[{"@type":"ListItem","position":1,"name":"Hem","item":"https:\/\/likeink.com\/sv\/"},{"@type":"ListItem","position":2,"name":"Webbutik","item":"https:\/\/likeink.com\/sv\/webbutik\/"},{"@type":"ListItem","position":3,"name":"Alla hj\u00e4rtans dag tatueringar"}]},{"@type":"WebSite","@id":"https:\/\/likeink.com\/sv\/#website","url":"https:\/\/likeink.com\/sv\/","name":"Like ink","description":"Make your own custom design","potentialAction":[{"@type":"SearchAction","target":{"@type":"EntryPoint","urlTemplate":"https:\/\/likeink.com\/sv\/?s={search_term_string}"},"query-input":{"@type":"PropertyValueSpecification","valueRequired":true,"valueName":"search_term_string"}}],"inLanguage":"sv-SE"}]}},"_links":{"self":[{"href":"https:\/\/likeink.com\/sv\/wp-json\/wp\/v2\/product\/64817","targetHints":{"allow":["GET"]}}],"collection":[{"href":"https:\/\/likeink.com\/sv\/wp-json\/wp\/v2\/product"}],"about":[{"href":"https:\/\/likeink.com\/sv\/wp-json\/wp\/v2\/types\/product"}],"wp:featuredmedia":[{"embeddable":true,"href":"https:\/\/likeink.com\/sv\/wp-json\/wp\/v2\/media\/64714"}],"wp:attachment":[{"href":"https:\/\/likeink.com\/sv\/wp-json\/wp\/v2\/media?parent=64817"}],"wp:term":[{"taxonomy":"product_brand","embeddable":true,"href":"https:\/\/likeink.com\/sv\/wp-json\/wp\/v2\/product_brand?post=64817"},{"taxonomy":"product_cat","embeddable":true,"href":"https:\/\/likeink.com\/sv\/wp-json\/wp\/v2\/product_cat?post=64817"},{"taxonomy":"product_tag","embeddable":true,"href":"https:\/\/likeink.com\/sv\/wp-json\/wp\/v2\/product_tag?post=64817"}],"curies":[{"name":"wp","href":"https:\/\/api.w.org\/{rel}","templated":true}]}}