{"id":66,"date":"2019-01-24T15:17:21","date_gmt":"2019-01-24T15:17:21","guid":{"rendered":"https:\/\/likeink.se\/?post_type=product&#038;p=66"},"modified":"2026-04-15T07:45:35","modified_gmt":"2026-04-15T07:45:35","slug":"skulls","status":"publish","type":"product","link":"https:\/\/likeink.com\/sv\/gnuggisar\/skulls\/","title":{"rendered":"Skulls Stora Tatueringar"},"content":{"rendered":"","protected":false},"excerpt":{"rendered":"<p>V\u00e5ra f\u00e4rdiga ark med eng\u00e5ngstatueringar \u00e4r cirka 20&#215;15 cm stora det h\u00e4r arket inneh\u00e5ller tre stycken stora tatueringar perfekt f\u00f6r att bygga en sleeve eller placera p\u00e5 underarm, axel eller p\u00e5 benet. Var de ska sitta v\u00e4ljer du och vi \u00e4r s\u00e4kra p\u00e5 att du kommer att se grym ut!<\/p>\n<h2>Fake tatueringar med motiv av d\u00f6skallar<\/h2>\n<p>Kanske gillar du vad du ser, kanske vill du kvalitetss\u00e4kra innan du l\u00e4gger en st\u00f6rre best\u00e4llning med din egen design. Oavsett s\u00e5 trycker och skickar vi ditt ark med eng\u00e5ngstatueringar inom 24 timmar efter det att du best\u00e4llt.<\/p>\n<p>Antal tatueringar: 3<br \/>\nStorlek p\u00e5 motiv: 10-14 cm<\/p>\n","protected":false},"featured_media":60247,"template":"","meta":[],"product_brand":[],"product_cat":[17,489],"product_tag":[],"class_list":{"0":"post-66","1":"product","2":"type-product","3":"status-publish","4":"has-post-thumbnail","6":"product_cat-fardiga-ark","7":"product_cat-old-school-retro-sv","9":"first","10":"instock","11":"taxable","12":"shipping-taxable","13":"purchasable","14":"product-type-simple"},"yoast_head":"<!-- This site is optimized with the Yoast SEO Premium plugin v26.2 (Yoast SEO v27.5) - https:\/\/yoast.com\/product\/yoast-seo-premium-wordpress\/ -->\n<title>K\u00f6p gnuggisar med stora tatueringar | Skulls- Like ink<\/title>\n<meta name=\"description\" content=\"Fake tattoos &quot;skulls&quot; stora tatueringar som ser realistiska ut . Bra kvalitet och tatueringar som \u00e4r enkla att anv\u00e4nda - Like ink\" \/>\n<meta name=\"robots\" content=\"index, follow, max-snippet:-1, max-image-preview:large, max-video-preview:-1\" \/>\n<link rel=\"canonical\" href=\"https:\/\/likeink.com\/sv\/gnuggisar\/skulls\/\" \/>\n<meta property=\"og:locale\" content=\"sv_SE\" \/>\n<meta property=\"og:type\" content=\"article\" \/>\n<meta property=\"og:title\" content=\"Skulls Stora Tatueringar\" \/>\n<meta property=\"og:description\" content=\"V\u00e5ra f\u00e4rdiga ark med eng\u00e5ngstatueringar \u00e4r cirka 20x15 cm stora det h\u00e4r arket inneh\u00e5ller tre stycken stora tatueringar perfekt f\u00f6r att bygga en sleeve eller placera p\u00e5 underarm, axel eller p\u00e5 benet. Var de ska sitta v\u00e4ljer du och vi \u00e4r s\u00e4kra p\u00e5 att du kommer att se grym ut! Fake tatueringar med motiv av d\u00f6skallar Kanske gillar du vad du ser, kanske vill du kvalitetss\u00e4kra innan du l\u00e4gger en st\u00f6rre best\u00e4llning med din egen design. Oavsett s\u00e5 trycker och skickar vi ditt ark med eng\u00e5ngstatueringar inom 24 timmar efter det att du best\u00e4llt.  Antal tatueringar: 3 Storlek p\u00e5 motiv: 10-14 cm\" \/>\n<meta property=\"og:url\" content=\"https:\/\/likeink.com\/sv\/gnuggisar\/skulls\/\" \/>\n<meta property=\"og:site_name\" content=\"Like ink\" \/>\n<meta property=\"article:publisher\" content=\"https:\/\/www.facebook.com\/LikeInkSe\" \/>\n<meta property=\"article:modified_time\" content=\"2026-04-15T07:45:35+00:00\" \/>\n<meta property=\"og:image\" content=\"https:\/\/likeink.com\/wp-content\/uploads\/2026\/03\/Big-Skull-Tattoos-Likeink.jpg\" \/>\n\t<meta property=\"og:image:width\" content=\"2000\" \/>\n\t<meta property=\"og:image:height\" content=\"1409\" \/>\n\t<meta property=\"og:image:type\" content=\"image\/jpeg\" \/>\n<meta name=\"twitter:card\" content=\"summary_large_image\" \/>\n<meta name=\"twitter:label1\" content=\"Ber\u00e4knad l\u00e4stid\" \/>\n\t<meta name=\"twitter:data1\" content=\"1 minut\" \/>\n<!-- \/ Yoast SEO Premium plugin. -->","yoast_head_json":{"title":"K\u00f6p gnuggisar med stora tatueringar | Skulls- Like ink","description":"Fake tattoos \"skulls\" stora tatueringar som ser realistiska ut . Bra kvalitet och tatueringar som \u00e4r enkla att anv\u00e4nda - Like ink","robots":{"index":"index","follow":"follow","max-snippet":"max-snippet:-1","max-image-preview":"max-image-preview:large","max-video-preview":"max-video-preview:-1"},"canonical":"https:\/\/likeink.com\/sv\/gnuggisar\/skulls\/","og_locale":"sv_SE","og_type":"article","og_title":"Skulls Stora Tatueringar","og_description":"V\u00e5ra f\u00e4rdiga ark med eng\u00e5ngstatueringar \u00e4r cirka 20x15 cm stora det h\u00e4r arket inneh\u00e5ller tre stycken stora tatueringar perfekt f\u00f6r att bygga en sleeve eller placera p\u00e5 underarm, axel eller p\u00e5 benet. Var de ska sitta v\u00e4ljer du och vi \u00e4r s\u00e4kra p\u00e5 att du kommer att se grym ut! Fake tatueringar med motiv av d\u00f6skallar Kanske gillar du vad du ser, kanske vill du kvalitetss\u00e4kra innan du l\u00e4gger en st\u00f6rre best\u00e4llning med din egen design. Oavsett s\u00e5 trycker och skickar vi ditt ark med eng\u00e5ngstatueringar inom 24 timmar efter det att du best\u00e4llt.  Antal tatueringar: 3 Storlek p\u00e5 motiv: 10-14 cm","og_url":"https:\/\/likeink.com\/sv\/gnuggisar\/skulls\/","og_site_name":"Like ink","article_publisher":"https:\/\/www.facebook.com\/LikeInkSe","article_modified_time":"2026-04-15T07:45:35+00:00","og_image":[{"width":2000,"height":1409,"url":"https:\/\/likeink.com\/wp-content\/uploads\/2026\/03\/Big-Skull-Tattoos-Likeink.jpg","type":"image\/jpeg"}],"twitter_card":"summary_large_image","twitter_misc":{"Ber\u00e4knad l\u00e4stid":"1 minut"},"schema":{"@context":"https:\/\/schema.org","@graph":[{"@type":"WebPage","@id":"https:\/\/likeink.com\/sv\/gnuggisar\/skulls\/","url":"https:\/\/likeink.com\/sv\/gnuggisar\/skulls\/","name":"K\u00f6p gnuggisar med stora tatueringar | Skulls- Like ink","isPartOf":{"@id":"https:\/\/likeink.com\/sv\/#website"},"primaryImageOfPage":{"@id":"https:\/\/likeink.com\/sv\/gnuggisar\/skulls\/#primaryimage"},"image":{"@id":"https:\/\/likeink.com\/sv\/gnuggisar\/skulls\/#primaryimage"},"thumbnailUrl":"https:\/\/likeink.com\/wp-content\/uploads\/2026\/03\/Big-Skull-Tattoos-Likeink.jpg","datePublished":"2019-01-24T15:17:21+00:00","dateModified":"2026-04-15T07:45:35+00:00","description":"Fake tattoos \"skulls\" stora tatueringar som ser realistiska ut . Bra kvalitet och tatueringar som \u00e4r enkla att anv\u00e4nda - Like ink","breadcrumb":{"@id":"https:\/\/likeink.com\/sv\/gnuggisar\/skulls\/#breadcrumb"},"inLanguage":"sv-SE","potentialAction":[{"@type":"ReadAction","target":["https:\/\/likeink.com\/sv\/gnuggisar\/skulls\/"]}]},{"@type":"ImageObject","inLanguage":"sv-SE","@id":"https:\/\/likeink.com\/sv\/gnuggisar\/skulls\/#primaryimage","url":"https:\/\/likeink.com\/wp-content\/uploads\/2026\/03\/Big-Skull-Tattoos-Likeink.jpg","contentUrl":"https:\/\/likeink.com\/wp-content\/uploads\/2026\/03\/Big-Skull-Tattoos-Likeink.jpg","width":2000,"height":1409,"caption":"Svartvit illustration med en stapel flammande d\u00f6dskallar, ett invecklat ramliknande skelett med fiskstj\u00e4rt och en ensam d\u00f6dskalle omgiven av sirliga virvlande m\u00f6nster."},{"@type":"BreadcrumbList","@id":"https:\/\/likeink.com\/sv\/gnuggisar\/skulls\/#breadcrumb","itemListElement":[{"@type":"ListItem","position":1,"name":"Hem","item":"https:\/\/likeink.com\/sv\/"},{"@type":"ListItem","position":2,"name":"Webbutik","item":"https:\/\/likeink.com\/sv\/webbutik\/"},{"@type":"ListItem","position":3,"name":"Skulls Stora Tatueringar"}]},{"@type":"WebSite","@id":"https:\/\/likeink.com\/sv\/#website","url":"https:\/\/likeink.com\/sv\/","name":"Like ink","description":"Make your own custom design","potentialAction":[{"@type":"SearchAction","target":{"@type":"EntryPoint","urlTemplate":"https:\/\/likeink.com\/sv\/?s={search_term_string}"},"query-input":{"@type":"PropertyValueSpecification","valueRequired":true,"valueName":"search_term_string"}}],"inLanguage":"sv-SE"}]}},"_links":{"self":[{"href":"https:\/\/likeink.com\/sv\/wp-json\/wp\/v2\/product\/66","targetHints":{"allow":["GET"]}}],"collection":[{"href":"https:\/\/likeink.com\/sv\/wp-json\/wp\/v2\/product"}],"about":[{"href":"https:\/\/likeink.com\/sv\/wp-json\/wp\/v2\/types\/product"}],"wp:featuredmedia":[{"embeddable":true,"href":"https:\/\/likeink.com\/sv\/wp-json\/wp\/v2\/media\/60247"}],"wp:attachment":[{"href":"https:\/\/likeink.com\/sv\/wp-json\/wp\/v2\/media?parent=66"}],"wp:term":[{"taxonomy":"product_brand","embeddable":true,"href":"https:\/\/likeink.com\/sv\/wp-json\/wp\/v2\/product_brand?post=66"},{"taxonomy":"product_cat","embeddable":true,"href":"https:\/\/likeink.com\/sv\/wp-json\/wp\/v2\/product_cat?post=66"},{"taxonomy":"product_tag","embeddable":true,"href":"https:\/\/likeink.com\/sv\/wp-json\/wp\/v2\/product_tag?post=66"}],"curies":[{"name":"wp","href":"https:\/\/api.w.org\/{rel}","templated":true}]}}