{"id":7049,"date":"2021-10-07T05:09:12","date_gmt":"2021-10-07T05:09:12","guid":{"rendered":"https:\/\/likeink.se\/?post_type=product&#038;p=7049"},"modified":"2026-04-15T06:14:25","modified_gmt":"2026-04-15T06:14:25","slug":"halloween-which-brew","status":"publish","type":"product","link":"https:\/\/likeink.com\/sv\/gnuggisar\/halloween-which-brew\/","title":{"rendered":"Halloween &#8221;H\u00e4xbrygd&#8221; Studio by Akka"},"content":{"rendered":"","protected":false},"excerpt":{"rendered":"<p>Fake tattoos med halloween-tema ritade av Akka som driver tatueringsstudion, Studio by Akka.<br \/>\nArket \u00e4r I A5 storlek och rymmer flera ritade motiv som garanterat kommer g\u00f6ra succ\u00e9 p\u00e5 Halloweenfesten.<br \/>\nVi gillat speciellt pumpan som \u00e4r formad som en d\u00f6skalle, superfina f\u00e4rger med skarpt orange ihop med gr\u00f6nt, lila och bl\u00e5tt.<\/p>\n<p>Antal tatueringar: 8<br \/>\nStorlek p\u00e5 st\u00f6rsta tatuering: 14X6 cm<\/p>\n<p>Stort tack till Akkas Tattoo f\u00f6r det fina arket med Halloweentatueringar!<\/p>\n","protected":false},"featured_media":60297,"template":"","meta":[],"product_brand":[],"product_cat":[17,126,490,124],"product_tag":[],"class_list":{"0":"post-7049","1":"product","2":"type-product","3":"status-publish","4":"has-post-thumbnail","6":"product_cat-fardiga-ark","7":"product_cat-halloween-tatueringar","8":"product_cat-maskerad-sasong","9":"product_cat-samarbeten-med-tatuerare","11":"first","12":"instock","13":"taxable","14":"shipping-taxable","15":"purchasable","16":"product-type-simple"},"yoast_head":"<!-- This site is optimized with the Yoast SEO Premium plugin v26.2 (Yoast SEO v27.4) - https:\/\/yoast.com\/product\/yoast-seo-premium-wordpress\/ -->\n<title>Halloween fake tattoos | av duktig tatuerare - Like ink<\/title>\n<meta name=\"description\" content=\"Halloween fake tattoos ritade av en riktig tatuerare! Kul p\u00e5 festen och man ska tatuera sig sj\u00e4lv och dina g\u00e4ster p\u00e5 Halloween - Like ink\" \/>\n<meta name=\"robots\" content=\"index, follow, max-snippet:-1, max-image-preview:large, max-video-preview:-1\" \/>\n<link rel=\"canonical\" href=\"https:\/\/likeink.com\/sv\/gnuggisar\/halloween-which-brew\/\" \/>\n<meta property=\"og:locale\" content=\"sv_SE\" \/>\n<meta property=\"og:type\" content=\"article\" \/>\n<meta property=\"og:title\" content=\"Halloween &quot;H\u00e4xbrygd&quot; Studio by Akka\" \/>\n<meta property=\"og:description\" content=\"Fake tattoos med halloween-tema ritade av Akka som driver tatueringsstudion, Studio by Akka. Arket \u00e4r I A5 storlek och rymmer flera ritade motiv som garanterat kommer g\u00f6ra succ\u00e9 p\u00e5 Halloweenfesten. Vi gillat speciellt pumpan som \u00e4r formad som en d\u00f6skalle, superfina f\u00e4rger med skarpt orange ihop med gr\u00f6nt, lila och bl\u00e5tt.  Antal tatueringar: 8 Storlek p\u00e5 st\u00f6rsta tatuering: 14X6 cm  Stort tack till Akkas Tattoo f\u00f6r det fina arket med Halloweentatueringar!\" \/>\n<meta property=\"og:url\" content=\"https:\/\/likeink.com\/sv\/gnuggisar\/halloween-which-brew\/\" \/>\n<meta property=\"og:site_name\" content=\"Like ink\" \/>\n<meta property=\"article:publisher\" content=\"https:\/\/www.facebook.com\/LikeInkSe\" \/>\n<meta property=\"article:modified_time\" content=\"2026-04-15T06:14:25+00:00\" \/>\n<meta property=\"og:image\" content=\"https:\/\/likeink.com\/wp-content\/uploads\/2026\/03\/Halloween-Temporary-tattoo-Studio-Akka-Likeink.jpg\" \/>\n\t<meta property=\"og:image:width\" content=\"2200\" \/>\n\t<meta property=\"og:image:height\" content=\"1550\" \/>\n\t<meta property=\"og:image:type\" content=\"image\/jpeg\" \/>\n<meta name=\"twitter:card\" content=\"summary_large_image\" \/>\n<meta name=\"twitter:label1\" content=\"Ber\u00e4knad l\u00e4stid\" \/>\n\t<meta name=\"twitter:data1\" content=\"1 minut\" \/>\n<script type=\"application\/ld+json\" class=\"yoast-schema-graph\">{\"@context\":\"https:\\\/\\\/schema.org\",\"@graph\":[{\"@type\":\"WebPage\",\"@id\":\"https:\\\/\\\/likeink.com\\\/sv\\\/gnuggisar\\\/halloween-which-brew\\\/\",\"url\":\"https:\\\/\\\/likeink.com\\\/sv\\\/gnuggisar\\\/halloween-which-brew\\\/\",\"name\":\"Halloween fake tattoos | av duktig tatuerare - Like ink\",\"isPartOf\":{\"@id\":\"https:\\\/\\\/likeink.com\\\/sv\\\/#website\"},\"primaryImageOfPage\":{\"@id\":\"https:\\\/\\\/likeink.com\\\/sv\\\/gnuggisar\\\/halloween-which-brew\\\/#primaryimage\"},\"image\":{\"@id\":\"https:\\\/\\\/likeink.com\\\/sv\\\/gnuggisar\\\/halloween-which-brew\\\/#primaryimage\"},\"thumbnailUrl\":\"https:\\\/\\\/likeink.com\\\/wp-content\\\/uploads\\\/2026\\\/03\\\/Halloween-Temporary-tattoo-Studio-Akka-Likeink.jpg\",\"datePublished\":\"2021-10-07T05:09:12+00:00\",\"dateModified\":\"2026-04-15T06:14:25+00:00\",\"description\":\"Halloween fake tattoos ritade av en riktig tatuerare! Kul p\u00e5 festen och man ska tatuera sig sj\u00e4lv och dina g\u00e4ster p\u00e5 Halloween - Like ink\",\"breadcrumb\":{\"@id\":\"https:\\\/\\\/likeink.com\\\/sv\\\/gnuggisar\\\/halloween-which-brew\\\/#breadcrumb\"},\"inLanguage\":\"sv-SE\",\"potentialAction\":[{\"@type\":\"ReadAction\",\"target\":[\"https:\\\/\\\/likeink.com\\\/sv\\\/gnuggisar\\\/halloween-which-brew\\\/\"]}]},{\"@type\":\"ImageObject\",\"inLanguage\":\"sv-SE\",\"@id\":\"https:\\\/\\\/likeink.com\\\/sv\\\/gnuggisar\\\/halloween-which-brew\\\/#primaryimage\",\"url\":\"https:\\\/\\\/likeink.com\\\/wp-content\\\/uploads\\\/2026\\\/03\\\/Halloween-Temporary-tattoo-Studio-Akka-Likeink.jpg\",\"contentUrl\":\"https:\\\/\\\/likeink.com\\\/wp-content\\\/uploads\\\/2026\\\/03\\\/Halloween-Temporary-tattoo-Studio-Akka-Likeink.jpg\",\"width\":2200,\"height\":1550,\"caption\":\"En illustration p\u00e5 Halloween-tema med en zombiehand, en pumpad\u00f6dskalle, flygande fladderm\u00f6ss, tv\u00e5 spindlar och en bubblande gr\u00f6n kittel med texten HALLOWEEN och STUDIO BY AKKA CUSTOMIZED DESIGNS.\"},{\"@type\":\"BreadcrumbList\",\"@id\":\"https:\\\/\\\/likeink.com\\\/sv\\\/gnuggisar\\\/halloween-which-brew\\\/#breadcrumb\",\"itemListElement\":[{\"@type\":\"ListItem\",\"position\":1,\"name\":\"Hem\",\"item\":\"https:\\\/\\\/likeink.com\\\/sv\\\/\"},{\"@type\":\"ListItem\",\"position\":2,\"name\":\"Webbutik\",\"item\":\"https:\\\/\\\/likeink.com\\\/sv\\\/webbutik\\\/\"},{\"@type\":\"ListItem\",\"position\":3,\"name\":\"Halloween &#8220;H\u00e4xbrygd&#8221; Studio by Akka\"}]},{\"@type\":\"WebSite\",\"@id\":\"https:\\\/\\\/likeink.com\\\/sv\\\/#website\",\"url\":\"https:\\\/\\\/likeink.com\\\/sv\\\/\",\"name\":\"Like ink\",\"description\":\"Make your own custom design\",\"potentialAction\":[{\"@type\":\"SearchAction\",\"target\":{\"@type\":\"EntryPoint\",\"urlTemplate\":\"https:\\\/\\\/likeink.com\\\/sv\\\/?s={search_term_string}\"},\"query-input\":{\"@type\":\"PropertyValueSpecification\",\"valueRequired\":true,\"valueName\":\"search_term_string\"}}],\"inLanguage\":\"sv-SE\"}]}<\/script>\n<!-- \/ Yoast SEO Premium plugin. -->","yoast_head_json":{"title":"Halloween fake tattoos | av duktig tatuerare - Like ink","description":"Halloween fake tattoos ritade av en riktig tatuerare! Kul p\u00e5 festen och man ska tatuera sig sj\u00e4lv och dina g\u00e4ster p\u00e5 Halloween - Like ink","robots":{"index":"index","follow":"follow","max-snippet":"max-snippet:-1","max-image-preview":"max-image-preview:large","max-video-preview":"max-video-preview:-1"},"canonical":"https:\/\/likeink.com\/sv\/gnuggisar\/halloween-which-brew\/","og_locale":"sv_SE","og_type":"article","og_title":"Halloween \"H\u00e4xbrygd\" Studio by Akka","og_description":"Fake tattoos med halloween-tema ritade av Akka som driver tatueringsstudion, Studio by Akka. Arket \u00e4r I A5 storlek och rymmer flera ritade motiv som garanterat kommer g\u00f6ra succ\u00e9 p\u00e5 Halloweenfesten. Vi gillat speciellt pumpan som \u00e4r formad som en d\u00f6skalle, superfina f\u00e4rger med skarpt orange ihop med gr\u00f6nt, lila och bl\u00e5tt.  Antal tatueringar: 8 Storlek p\u00e5 st\u00f6rsta tatuering: 14X6 cm  Stort tack till Akkas Tattoo f\u00f6r det fina arket med Halloweentatueringar!","og_url":"https:\/\/likeink.com\/sv\/gnuggisar\/halloween-which-brew\/","og_site_name":"Like ink","article_publisher":"https:\/\/www.facebook.com\/LikeInkSe","article_modified_time":"2026-04-15T06:14:25+00:00","og_image":[{"width":2200,"height":1550,"url":"https:\/\/likeink.com\/wp-content\/uploads\/2026\/03\/Halloween-Temporary-tattoo-Studio-Akka-Likeink.jpg","type":"image\/jpeg"}],"twitter_card":"summary_large_image","twitter_misc":{"Ber\u00e4knad l\u00e4stid":"1 minut"},"schema":{"@context":"https:\/\/schema.org","@graph":[{"@type":"WebPage","@id":"https:\/\/likeink.com\/sv\/gnuggisar\/halloween-which-brew\/","url":"https:\/\/likeink.com\/sv\/gnuggisar\/halloween-which-brew\/","name":"Halloween fake tattoos | av duktig tatuerare - Like ink","isPartOf":{"@id":"https:\/\/likeink.com\/sv\/#website"},"primaryImageOfPage":{"@id":"https:\/\/likeink.com\/sv\/gnuggisar\/halloween-which-brew\/#primaryimage"},"image":{"@id":"https:\/\/likeink.com\/sv\/gnuggisar\/halloween-which-brew\/#primaryimage"},"thumbnailUrl":"https:\/\/likeink.com\/wp-content\/uploads\/2026\/03\/Halloween-Temporary-tattoo-Studio-Akka-Likeink.jpg","datePublished":"2021-10-07T05:09:12+00:00","dateModified":"2026-04-15T06:14:25+00:00","description":"Halloween fake tattoos ritade av en riktig tatuerare! Kul p\u00e5 festen och man ska tatuera sig sj\u00e4lv och dina g\u00e4ster p\u00e5 Halloween - Like ink","breadcrumb":{"@id":"https:\/\/likeink.com\/sv\/gnuggisar\/halloween-which-brew\/#breadcrumb"},"inLanguage":"sv-SE","potentialAction":[{"@type":"ReadAction","target":["https:\/\/likeink.com\/sv\/gnuggisar\/halloween-which-brew\/"]}]},{"@type":"ImageObject","inLanguage":"sv-SE","@id":"https:\/\/likeink.com\/sv\/gnuggisar\/halloween-which-brew\/#primaryimage","url":"https:\/\/likeink.com\/wp-content\/uploads\/2026\/03\/Halloween-Temporary-tattoo-Studio-Akka-Likeink.jpg","contentUrl":"https:\/\/likeink.com\/wp-content\/uploads\/2026\/03\/Halloween-Temporary-tattoo-Studio-Akka-Likeink.jpg","width":2200,"height":1550,"caption":"En illustration p\u00e5 Halloween-tema med en zombiehand, en pumpad\u00f6dskalle, flygande fladderm\u00f6ss, tv\u00e5 spindlar och en bubblande gr\u00f6n kittel med texten HALLOWEEN och STUDIO BY AKKA CUSTOMIZED DESIGNS."},{"@type":"BreadcrumbList","@id":"https:\/\/likeink.com\/sv\/gnuggisar\/halloween-which-brew\/#breadcrumb","itemListElement":[{"@type":"ListItem","position":1,"name":"Hem","item":"https:\/\/likeink.com\/sv\/"},{"@type":"ListItem","position":2,"name":"Webbutik","item":"https:\/\/likeink.com\/sv\/webbutik\/"},{"@type":"ListItem","position":3,"name":"Halloween &#8220;H\u00e4xbrygd&#8221; Studio by Akka"}]},{"@type":"WebSite","@id":"https:\/\/likeink.com\/sv\/#website","url":"https:\/\/likeink.com\/sv\/","name":"Like ink","description":"Make your own custom design","potentialAction":[{"@type":"SearchAction","target":{"@type":"EntryPoint","urlTemplate":"https:\/\/likeink.com\/sv\/?s={search_term_string}"},"query-input":{"@type":"PropertyValueSpecification","valueRequired":true,"valueName":"search_term_string"}}],"inLanguage":"sv-SE"}]}},"_links":{"self":[{"href":"https:\/\/likeink.com\/sv\/wp-json\/wp\/v2\/product\/7049","targetHints":{"allow":["GET"]}}],"collection":[{"href":"https:\/\/likeink.com\/sv\/wp-json\/wp\/v2\/product"}],"about":[{"href":"https:\/\/likeink.com\/sv\/wp-json\/wp\/v2\/types\/product"}],"wp:featuredmedia":[{"embeddable":true,"href":"https:\/\/likeink.com\/sv\/wp-json\/wp\/v2\/media\/60297"}],"wp:attachment":[{"href":"https:\/\/likeink.com\/sv\/wp-json\/wp\/v2\/media?parent=7049"}],"wp:term":[{"taxonomy":"product_brand","embeddable":true,"href":"https:\/\/likeink.com\/sv\/wp-json\/wp\/v2\/product_brand?post=7049"},{"taxonomy":"product_cat","embeddable":true,"href":"https:\/\/likeink.com\/sv\/wp-json\/wp\/v2\/product_cat?post=7049"},{"taxonomy":"product_tag","embeddable":true,"href":"https:\/\/likeink.com\/sv\/wp-json\/wp\/v2\/product_tag?post=7049"}],"curies":[{"name":"wp","href":"https:\/\/api.w.org\/{rel}","templated":true}]}}