{"id":7063,"date":"2021-10-07T05:22:31","date_gmt":"2021-10-07T05:22:31","guid":{"rendered":"https:\/\/likeink.se\/?post_type=product&#038;p=7063"},"modified":"2026-04-15T06:14:23","modified_gmt":"2026-04-15T06:14:23","slug":"halloween-tattoos-by-studio-black","status":"publish","type":"product","link":"https:\/\/likeink.com\/sv\/gnuggisar\/halloween-tattoos-by-studio-black\/","title":{"rendered":"Halloween Tattoos av Studio Bl\u00e4ck"},"content":{"rendered":"","protected":false},"excerpt":{"rendered":"<p>K\u00f6p ett A5 ark med Halloween tatueringar ritade av tatueraren Helene p\u00e5 Studio Bl\u00e4ck. Gnyggisar \u00e4r hemskt kul och vi erbjuder ruskigt snabb leverans, skickar inom 24 timmar.<\/p>\n","protected":false},"featured_media":7064,"template":"","meta":[],"product_brand":[],"product_cat":[17,126,490,124],"product_tag":[],"class_list":{"0":"post-7063","1":"product","2":"type-product","3":"status-publish","4":"has-post-thumbnail","6":"product_cat-fardiga-ark","7":"product_cat-halloween-tatueringar","8":"product_cat-maskerad-sasong","9":"product_cat-samarbeten-med-tatuerare","11":"first","12":"instock","13":"taxable","14":"shipping-taxable","15":"purchasable","16":"product-type-simple"},"yoast_head":"<!-- This site is optimized with the Yoast SEO Premium plugin v26.2 (Yoast SEO v27.4) - https:\/\/yoast.com\/product\/yoast-seo-premium-wordpress\/ -->\n<title>Halloween tatueringar designade av tatuerare - Like ink<\/title>\n<meta name=\"description\" content=\"Best\u00e4ll dina Halloween tatueringar av oss p\u00e5 Like ink! Tatueringarna \u00e4r ritade av riktiga tatuerare, ruskigt bra kvalitet! - Like ink\" \/>\n<meta name=\"robots\" content=\"index, follow, max-snippet:-1, max-image-preview:large, max-video-preview:-1\" \/>\n<link rel=\"canonical\" href=\"https:\/\/likeink.com\/sv\/gnuggisar\/halloween-tattoos-by-studio-black\/\" \/>\n<meta property=\"og:locale\" content=\"sv_SE\" \/>\n<meta property=\"og:type\" content=\"article\" \/>\n<meta property=\"og:title\" content=\"Halloween Tattoos av Studio Bl\u00e4ck\" \/>\n<meta property=\"og:description\" content=\"K\u00f6p ett A5 ark med Halloween tatueringar ritade av tatueraren Helene p\u00e5 Studio Bl\u00e4ck. Gnyggisar \u00e4r hemskt kul och vi erbjuder ruskigt snabb leverans, skickar inom 24 timmar.\" \/>\n<meta property=\"og:url\" content=\"https:\/\/likeink.com\/sv\/gnuggisar\/halloween-tattoos-by-studio-black\/\" \/>\n<meta property=\"og:site_name\" content=\"Like ink\" \/>\n<meta property=\"article:publisher\" content=\"https:\/\/www.facebook.com\/LikeInkSe\" \/>\n<meta property=\"article:modified_time\" content=\"2026-04-15T06:14:23+00:00\" \/>\n<meta property=\"og:image\" content=\"https:\/\/likeink.com\/wp-content\/uploads\/2021\/10\/Halloween-StudioBlack-Likeink-scaled-e1642702467714.jpg\" \/>\n\t<meta property=\"og:image:width\" content=\"600\" \/>\n\t<meta property=\"og:image:height\" content=\"425\" \/>\n\t<meta property=\"og:image:type\" content=\"image\/jpeg\" \/>\n<meta name=\"twitter:card\" content=\"summary_large_image\" \/>\n<script type=\"application\/ld+json\" class=\"yoast-schema-graph\">{\"@context\":\"https:\\\/\\\/schema.org\",\"@graph\":[{\"@type\":\"WebPage\",\"@id\":\"https:\\\/\\\/likeink.com\\\/sv\\\/gnuggisar\\\/halloween-tattoos-by-studio-black\\\/\",\"url\":\"https:\\\/\\\/likeink.com\\\/sv\\\/gnuggisar\\\/halloween-tattoos-by-studio-black\\\/\",\"name\":\"Halloween tatueringar designade av tatuerare - Like ink\",\"isPartOf\":{\"@id\":\"https:\\\/\\\/likeink.com\\\/sv\\\/#website\"},\"primaryImageOfPage\":{\"@id\":\"https:\\\/\\\/likeink.com\\\/sv\\\/gnuggisar\\\/halloween-tattoos-by-studio-black\\\/#primaryimage\"},\"image\":{\"@id\":\"https:\\\/\\\/likeink.com\\\/sv\\\/gnuggisar\\\/halloween-tattoos-by-studio-black\\\/#primaryimage\"},\"thumbnailUrl\":\"https:\\\/\\\/likeink.com\\\/wp-content\\\/uploads\\\/2021\\\/10\\\/Halloween-StudioBlack-Likeink-scaled-e1642702467714.jpg\",\"datePublished\":\"2021-10-07T05:22:31+00:00\",\"dateModified\":\"2026-04-15T06:14:23+00:00\",\"description\":\"Best\u00e4ll dina Halloween tatueringar av oss p\u00e5 Like ink! Tatueringarna \u00e4r ritade av riktiga tatuerare, ruskigt bra kvalitet! - Like ink\",\"breadcrumb\":{\"@id\":\"https:\\\/\\\/likeink.com\\\/sv\\\/gnuggisar\\\/halloween-tattoos-by-studio-black\\\/#breadcrumb\"},\"inLanguage\":\"sv-SE\",\"potentialAction\":[{\"@type\":\"ReadAction\",\"target\":[\"https:\\\/\\\/likeink.com\\\/sv\\\/gnuggisar\\\/halloween-tattoos-by-studio-black\\\/\"]}]},{\"@type\":\"ImageObject\",\"inLanguage\":\"sv-SE\",\"@id\":\"https:\\\/\\\/likeink.com\\\/sv\\\/gnuggisar\\\/halloween-tattoos-by-studio-black\\\/#primaryimage\",\"url\":\"https:\\\/\\\/likeink.com\\\/wp-content\\\/uploads\\\/2021\\\/10\\\/Halloween-StudioBlack-Likeink-scaled-e1642702467714.jpg\",\"contentUrl\":\"https:\\\/\\\/likeink.com\\\/wp-content\\\/uploads\\\/2021\\\/10\\\/Halloween-StudioBlack-Likeink-scaled-e1642702467714.jpg\",\"width\":600,\"height\":425,\"caption\":\"Tempor\u00e4ra tatueringar f\u00f6r Halloween. Halloween tatuering ark. Falska tatueringar f\u00f6r Halloween.\"},{\"@type\":\"BreadcrumbList\",\"@id\":\"https:\\\/\\\/likeink.com\\\/sv\\\/gnuggisar\\\/halloween-tattoos-by-studio-black\\\/#breadcrumb\",\"itemListElement\":[{\"@type\":\"ListItem\",\"position\":1,\"name\":\"Hem\",\"item\":\"https:\\\/\\\/likeink.com\\\/sv\\\/\"},{\"@type\":\"ListItem\",\"position\":2,\"name\":\"Webbutik\",\"item\":\"https:\\\/\\\/likeink.com\\\/sv\\\/webbutik\\\/\"},{\"@type\":\"ListItem\",\"position\":3,\"name\":\"Halloween Tattoos av Studio Bl\u00e4ck\"}]},{\"@type\":\"WebSite\",\"@id\":\"https:\\\/\\\/likeink.com\\\/sv\\\/#website\",\"url\":\"https:\\\/\\\/likeink.com\\\/sv\\\/\",\"name\":\"Like ink\",\"description\":\"Make your own custom design\",\"potentialAction\":[{\"@type\":\"SearchAction\",\"target\":{\"@type\":\"EntryPoint\",\"urlTemplate\":\"https:\\\/\\\/likeink.com\\\/sv\\\/?s={search_term_string}\"},\"query-input\":{\"@type\":\"PropertyValueSpecification\",\"valueRequired\":true,\"valueName\":\"search_term_string\"}}],\"inLanguage\":\"sv-SE\"}]}<\/script>\n<!-- \/ Yoast SEO Premium plugin. -->","yoast_head_json":{"title":"Halloween tatueringar designade av tatuerare - Like ink","description":"Best\u00e4ll dina Halloween tatueringar av oss p\u00e5 Like ink! Tatueringarna \u00e4r ritade av riktiga tatuerare, ruskigt bra kvalitet! - Like ink","robots":{"index":"index","follow":"follow","max-snippet":"max-snippet:-1","max-image-preview":"max-image-preview:large","max-video-preview":"max-video-preview:-1"},"canonical":"https:\/\/likeink.com\/sv\/gnuggisar\/halloween-tattoos-by-studio-black\/","og_locale":"sv_SE","og_type":"article","og_title":"Halloween Tattoos av Studio Bl\u00e4ck","og_description":"K\u00f6p ett A5 ark med Halloween tatueringar ritade av tatueraren Helene p\u00e5 Studio Bl\u00e4ck. Gnyggisar \u00e4r hemskt kul och vi erbjuder ruskigt snabb leverans, skickar inom 24 timmar.","og_url":"https:\/\/likeink.com\/sv\/gnuggisar\/halloween-tattoos-by-studio-black\/","og_site_name":"Like ink","article_publisher":"https:\/\/www.facebook.com\/LikeInkSe","article_modified_time":"2026-04-15T06:14:23+00:00","og_image":[{"width":600,"height":425,"url":"https:\/\/likeink.com\/wp-content\/uploads\/2021\/10\/Halloween-StudioBlack-Likeink-scaled-e1642702467714.jpg","type":"image\/jpeg"}],"twitter_card":"summary_large_image","schema":{"@context":"https:\/\/schema.org","@graph":[{"@type":"WebPage","@id":"https:\/\/likeink.com\/sv\/gnuggisar\/halloween-tattoos-by-studio-black\/","url":"https:\/\/likeink.com\/sv\/gnuggisar\/halloween-tattoos-by-studio-black\/","name":"Halloween tatueringar designade av tatuerare - Like ink","isPartOf":{"@id":"https:\/\/likeink.com\/sv\/#website"},"primaryImageOfPage":{"@id":"https:\/\/likeink.com\/sv\/gnuggisar\/halloween-tattoos-by-studio-black\/#primaryimage"},"image":{"@id":"https:\/\/likeink.com\/sv\/gnuggisar\/halloween-tattoos-by-studio-black\/#primaryimage"},"thumbnailUrl":"https:\/\/likeink.com\/wp-content\/uploads\/2021\/10\/Halloween-StudioBlack-Likeink-scaled-e1642702467714.jpg","datePublished":"2021-10-07T05:22:31+00:00","dateModified":"2026-04-15T06:14:23+00:00","description":"Best\u00e4ll dina Halloween tatueringar av oss p\u00e5 Like ink! Tatueringarna \u00e4r ritade av riktiga tatuerare, ruskigt bra kvalitet! - Like ink","breadcrumb":{"@id":"https:\/\/likeink.com\/sv\/gnuggisar\/halloween-tattoos-by-studio-black\/#breadcrumb"},"inLanguage":"sv-SE","potentialAction":[{"@type":"ReadAction","target":["https:\/\/likeink.com\/sv\/gnuggisar\/halloween-tattoos-by-studio-black\/"]}]},{"@type":"ImageObject","inLanguage":"sv-SE","@id":"https:\/\/likeink.com\/sv\/gnuggisar\/halloween-tattoos-by-studio-black\/#primaryimage","url":"https:\/\/likeink.com\/wp-content\/uploads\/2021\/10\/Halloween-StudioBlack-Likeink-scaled-e1642702467714.jpg","contentUrl":"https:\/\/likeink.com\/wp-content\/uploads\/2021\/10\/Halloween-StudioBlack-Likeink-scaled-e1642702467714.jpg","width":600,"height":425,"caption":"Tempor\u00e4ra tatueringar f\u00f6r Halloween. Halloween tatuering ark. Falska tatueringar f\u00f6r Halloween."},{"@type":"BreadcrumbList","@id":"https:\/\/likeink.com\/sv\/gnuggisar\/halloween-tattoos-by-studio-black\/#breadcrumb","itemListElement":[{"@type":"ListItem","position":1,"name":"Hem","item":"https:\/\/likeink.com\/sv\/"},{"@type":"ListItem","position":2,"name":"Webbutik","item":"https:\/\/likeink.com\/sv\/webbutik\/"},{"@type":"ListItem","position":3,"name":"Halloween Tattoos av Studio Bl\u00e4ck"}]},{"@type":"WebSite","@id":"https:\/\/likeink.com\/sv\/#website","url":"https:\/\/likeink.com\/sv\/","name":"Like ink","description":"Make your own custom design","potentialAction":[{"@type":"SearchAction","target":{"@type":"EntryPoint","urlTemplate":"https:\/\/likeink.com\/sv\/?s={search_term_string}"},"query-input":{"@type":"PropertyValueSpecification","valueRequired":true,"valueName":"search_term_string"}}],"inLanguage":"sv-SE"}]}},"_links":{"self":[{"href":"https:\/\/likeink.com\/sv\/wp-json\/wp\/v2\/product\/7063","targetHints":{"allow":["GET"]}}],"collection":[{"href":"https:\/\/likeink.com\/sv\/wp-json\/wp\/v2\/product"}],"about":[{"href":"https:\/\/likeink.com\/sv\/wp-json\/wp\/v2\/types\/product"}],"wp:featuredmedia":[{"embeddable":true,"href":"https:\/\/likeink.com\/sv\/wp-json\/wp\/v2\/media\/7064"}],"wp:attachment":[{"href":"https:\/\/likeink.com\/sv\/wp-json\/wp\/v2\/media?parent=7063"}],"wp:term":[{"taxonomy":"product_brand","embeddable":true,"href":"https:\/\/likeink.com\/sv\/wp-json\/wp\/v2\/product_brand?post=7063"},{"taxonomy":"product_cat","embeddable":true,"href":"https:\/\/likeink.com\/sv\/wp-json\/wp\/v2\/product_cat?post=7063"},{"taxonomy":"product_tag","embeddable":true,"href":"https:\/\/likeink.com\/sv\/wp-json\/wp\/v2\/product_tag?post=7063"}],"curies":[{"name":"wp","href":"https:\/\/api.w.org\/{rel}","templated":true}]}}