{"id":7070,"date":"2021-10-07T05:29:46","date_gmt":"2021-10-07T05:29:46","guid":{"rendered":"https:\/\/likeink.se\/?post_type=product&#038;p=7070"},"modified":"2026-04-14T13:37:00","modified_gmt":"2026-04-14T13:37:00","slug":"halloween-tattoosheet","status":"publish","type":"product","link":"https:\/\/likeink.com\/sv\/gnuggisar\/halloween-tattoosheet\/","title":{"rendered":"Halloween Tatueringar"},"content":{"rendered":"","protected":false},"excerpt":{"rendered":"<p>Best\u00e4ll ett A5 ark med Halloween gnuggistattoos med maxad tatuerings-k\u00e4nsla.<br \/>\nGnuggistatueringar f\u00f6rgyller halloweenfesten och \u00e4r roliga att dela ut till v\u00e4nner och barn som knackar p\u00e5 d\u00f6rren.<\/p>\n<p>Arket inneh\u00e5ller bilder p\u00e5 svart katt, pumpa, spindlar, katt och andra sp\u00e4nnande Halloween-motiv.<\/p>\n<p>Storlek ark: A5<br \/>\nSt\u00f6rsta tatuering: 6 cm.<\/p>\n","protected":false},"featured_media":60278,"template":"","meta":[],"product_brand":[],"product_cat":[17,126,490],"product_tag":[],"class_list":{"0":"post-7070","1":"product","2":"type-product","3":"status-publish","4":"has-post-thumbnail","6":"product_cat-fardiga-ark","7":"product_cat-halloween-tatueringar","8":"product_cat-maskerad-sasong","10":"first","11":"instock","12":"taxable","13":"shipping-taxable","14":"purchasable","15":"product-type-simple"},"yoast_head":"<!-- This site is optimized with the Yoast SEO Premium plugin v26.2 (Yoast SEO v27.4) - https:\/\/yoast.com\/product\/yoast-seo-premium-wordpress\/ -->\n<title>K\u00f6p Halloween gnuggis | Tatueringar p\u00e5 A5 ark - Like ink<\/title>\n<meta name=\"description\" content=\"Best\u00e4ll halloween gnuggis tatueringar fr\u00e5n oss p\u00e5 Like ink. Popul\u00e4ra design, maxad halloween-k\u00e4nsla, snabb leverans och fri frakt. - Like ink\" \/>\n<meta name=\"robots\" content=\"index, follow, max-snippet:-1, max-image-preview:large, max-video-preview:-1\" \/>\n<link rel=\"canonical\" href=\"https:\/\/likeink.com\/sv\/gnuggisar\/halloween-tattoosheet\/\" \/>\n<meta property=\"og:locale\" content=\"sv_SE\" \/>\n<meta property=\"og:type\" content=\"article\" \/>\n<meta property=\"og:title\" content=\"Halloween Tatueringar\" \/>\n<meta property=\"og:description\" content=\"Best\u00e4ll ett A5 ark med Halloween gnuggistattoos med maxad tatuerings-k\u00e4nsla. Gnuggistatueringar f\u00f6rgyller halloweenfesten och \u00e4r roliga att dela ut till v\u00e4nner och barn som knackar p\u00e5 d\u00f6rren.  Arket inneh\u00e5ller bilder p\u00e5 svart katt, pumpa, spindlar, katt och andra sp\u00e4nnande Halloween-motiv.  Storlek ark: A5 St\u00f6rsta tatuering: 6 cm.\" \/>\n<meta property=\"og:url\" content=\"https:\/\/likeink.com\/sv\/gnuggisar\/halloween-tattoosheet\/\" \/>\n<meta property=\"og:site_name\" content=\"Like ink\" \/>\n<meta property=\"article:publisher\" content=\"https:\/\/www.facebook.com\/LikeInkSe\" \/>\n<meta property=\"article:modified_time\" content=\"2026-04-14T13:37:00+00:00\" \/>\n<meta property=\"og:image\" content=\"https:\/\/likeink.com\/wp-content\/uploads\/2026\/03\/Halloween-tattoos-tattoo-style-likeink.jpg\" \/>\n\t<meta property=\"og:image:width\" content=\"2000\" \/>\n\t<meta property=\"og:image:height\" content=\"1409\" \/>\n\t<meta property=\"og:image:type\" content=\"image\/jpeg\" \/>\n<meta name=\"twitter:card\" content=\"summary_large_image\" \/>\n<meta name=\"twitter:label1\" content=\"Ber\u00e4knad l\u00e4stid\" \/>\n\t<meta name=\"twitter:data1\" content=\"1 minut\" \/>\n<script type=\"application\/ld+json\" class=\"yoast-schema-graph\">{\"@context\":\"https:\\\/\\\/schema.org\",\"@graph\":[{\"@type\":\"WebPage\",\"@id\":\"https:\\\/\\\/likeink.com\\\/sv\\\/gnuggisar\\\/halloween-tattoosheet\\\/\",\"url\":\"https:\\\/\\\/likeink.com\\\/sv\\\/gnuggisar\\\/halloween-tattoosheet\\\/\",\"name\":\"K\u00f6p Halloween gnuggis | Tatueringar p\u00e5 A5 ark - Like ink\",\"isPartOf\":{\"@id\":\"https:\\\/\\\/likeink.com\\\/sv\\\/#website\"},\"primaryImageOfPage\":{\"@id\":\"https:\\\/\\\/likeink.com\\\/sv\\\/gnuggisar\\\/halloween-tattoosheet\\\/#primaryimage\"},\"image\":{\"@id\":\"https:\\\/\\\/likeink.com\\\/sv\\\/gnuggisar\\\/halloween-tattoosheet\\\/#primaryimage\"},\"thumbnailUrl\":\"https:\\\/\\\/likeink.com\\\/wp-content\\\/uploads\\\/2026\\\/03\\\/Halloween-tattoos-tattoo-style-likeink.jpg\",\"datePublished\":\"2021-10-07T05:29:46+00:00\",\"dateModified\":\"2026-04-14T13:37:00+00:00\",\"description\":\"Best\u00e4ll halloween gnuggis tatueringar fr\u00e5n oss p\u00e5 Like ink. Popul\u00e4ra design, maxad halloween-k\u00e4nsla, snabb leverans och fri frakt. - Like ink\",\"breadcrumb\":{\"@id\":\"https:\\\/\\\/likeink.com\\\/sv\\\/gnuggisar\\\/halloween-tattoosheet\\\/#breadcrumb\"},\"inLanguage\":\"sv-SE\",\"potentialAction\":[{\"@type\":\"ReadAction\",\"target\":[\"https:\\\/\\\/likeink.com\\\/sv\\\/gnuggisar\\\/halloween-tattoosheet\\\/\"]}]},{\"@type\":\"ImageObject\",\"inLanguage\":\"sv-SE\",\"@id\":\"https:\\\/\\\/likeink.com\\\/sv\\\/gnuggisar\\\/halloween-tattoosheet\\\/#primaryimage\",\"url\":\"https:\\\/\\\/likeink.com\\\/wp-content\\\/uploads\\\/2026\\\/03\\\/Halloween-tattoos-tattoo-style-likeink.jpg\",\"contentUrl\":\"https:\\\/\\\/likeink.com\\\/wp-content\\\/uploads\\\/2026\\\/03\\\/Halloween-tattoos-tattoo-style-likeink.jpg\",\"width\":2000,\"height\":1409,\"caption\":\"En samling illustrationer med Halloween-tema, bland annat en svart katt, jack-o'-lanterns, en brinnande pumpa, sp\u00f6ken, en fladdermus, en d\u00f6dskalle i en h\u00e4xhatt, en spindel i ett n\u00e4t, en blodig kniv och en kvinna med sugar skull-smink.\"},{\"@type\":\"BreadcrumbList\",\"@id\":\"https:\\\/\\\/likeink.com\\\/sv\\\/gnuggisar\\\/halloween-tattoosheet\\\/#breadcrumb\",\"itemListElement\":[{\"@type\":\"ListItem\",\"position\":1,\"name\":\"Hem\",\"item\":\"https:\\\/\\\/likeink.com\\\/sv\\\/\"},{\"@type\":\"ListItem\",\"position\":2,\"name\":\"Webbutik\",\"item\":\"https:\\\/\\\/likeink.com\\\/sv\\\/webbutik\\\/\"},{\"@type\":\"ListItem\",\"position\":3,\"name\":\"Halloween Tatueringar\"}]},{\"@type\":\"WebSite\",\"@id\":\"https:\\\/\\\/likeink.com\\\/sv\\\/#website\",\"url\":\"https:\\\/\\\/likeink.com\\\/sv\\\/\",\"name\":\"Like ink\",\"description\":\"Make your own custom design\",\"potentialAction\":[{\"@type\":\"SearchAction\",\"target\":{\"@type\":\"EntryPoint\",\"urlTemplate\":\"https:\\\/\\\/likeink.com\\\/sv\\\/?s={search_term_string}\"},\"query-input\":{\"@type\":\"PropertyValueSpecification\",\"valueRequired\":true,\"valueName\":\"search_term_string\"}}],\"inLanguage\":\"sv-SE\"}]}<\/script>\n<!-- \/ Yoast SEO Premium plugin. -->","yoast_head_json":{"title":"K\u00f6p Halloween gnuggis | Tatueringar p\u00e5 A5 ark - Like ink","description":"Best\u00e4ll halloween gnuggis tatueringar fr\u00e5n oss p\u00e5 Like ink. Popul\u00e4ra design, maxad halloween-k\u00e4nsla, snabb leverans och fri frakt. - Like ink","robots":{"index":"index","follow":"follow","max-snippet":"max-snippet:-1","max-image-preview":"max-image-preview:large","max-video-preview":"max-video-preview:-1"},"canonical":"https:\/\/likeink.com\/sv\/gnuggisar\/halloween-tattoosheet\/","og_locale":"sv_SE","og_type":"article","og_title":"Halloween Tatueringar","og_description":"Best\u00e4ll ett A5 ark med Halloween gnuggistattoos med maxad tatuerings-k\u00e4nsla. Gnuggistatueringar f\u00f6rgyller halloweenfesten och \u00e4r roliga att dela ut till v\u00e4nner och barn som knackar p\u00e5 d\u00f6rren.  Arket inneh\u00e5ller bilder p\u00e5 svart katt, pumpa, spindlar, katt och andra sp\u00e4nnande Halloween-motiv.  Storlek ark: A5 St\u00f6rsta tatuering: 6 cm.","og_url":"https:\/\/likeink.com\/sv\/gnuggisar\/halloween-tattoosheet\/","og_site_name":"Like ink","article_publisher":"https:\/\/www.facebook.com\/LikeInkSe","article_modified_time":"2026-04-14T13:37:00+00:00","og_image":[{"width":2000,"height":1409,"url":"https:\/\/likeink.com\/wp-content\/uploads\/2026\/03\/Halloween-tattoos-tattoo-style-likeink.jpg","type":"image\/jpeg"}],"twitter_card":"summary_large_image","twitter_misc":{"Ber\u00e4knad l\u00e4stid":"1 minut"},"schema":{"@context":"https:\/\/schema.org","@graph":[{"@type":"WebPage","@id":"https:\/\/likeink.com\/sv\/gnuggisar\/halloween-tattoosheet\/","url":"https:\/\/likeink.com\/sv\/gnuggisar\/halloween-tattoosheet\/","name":"K\u00f6p Halloween gnuggis | Tatueringar p\u00e5 A5 ark - Like ink","isPartOf":{"@id":"https:\/\/likeink.com\/sv\/#website"},"primaryImageOfPage":{"@id":"https:\/\/likeink.com\/sv\/gnuggisar\/halloween-tattoosheet\/#primaryimage"},"image":{"@id":"https:\/\/likeink.com\/sv\/gnuggisar\/halloween-tattoosheet\/#primaryimage"},"thumbnailUrl":"https:\/\/likeink.com\/wp-content\/uploads\/2026\/03\/Halloween-tattoos-tattoo-style-likeink.jpg","datePublished":"2021-10-07T05:29:46+00:00","dateModified":"2026-04-14T13:37:00+00:00","description":"Best\u00e4ll halloween gnuggis tatueringar fr\u00e5n oss p\u00e5 Like ink. Popul\u00e4ra design, maxad halloween-k\u00e4nsla, snabb leverans och fri frakt. - Like ink","breadcrumb":{"@id":"https:\/\/likeink.com\/sv\/gnuggisar\/halloween-tattoosheet\/#breadcrumb"},"inLanguage":"sv-SE","potentialAction":[{"@type":"ReadAction","target":["https:\/\/likeink.com\/sv\/gnuggisar\/halloween-tattoosheet\/"]}]},{"@type":"ImageObject","inLanguage":"sv-SE","@id":"https:\/\/likeink.com\/sv\/gnuggisar\/halloween-tattoosheet\/#primaryimage","url":"https:\/\/likeink.com\/wp-content\/uploads\/2026\/03\/Halloween-tattoos-tattoo-style-likeink.jpg","contentUrl":"https:\/\/likeink.com\/wp-content\/uploads\/2026\/03\/Halloween-tattoos-tattoo-style-likeink.jpg","width":2000,"height":1409,"caption":"En samling illustrationer med Halloween-tema, bland annat en svart katt, jack-o'-lanterns, en brinnande pumpa, sp\u00f6ken, en fladdermus, en d\u00f6dskalle i en h\u00e4xhatt, en spindel i ett n\u00e4t, en blodig kniv och en kvinna med sugar skull-smink."},{"@type":"BreadcrumbList","@id":"https:\/\/likeink.com\/sv\/gnuggisar\/halloween-tattoosheet\/#breadcrumb","itemListElement":[{"@type":"ListItem","position":1,"name":"Hem","item":"https:\/\/likeink.com\/sv\/"},{"@type":"ListItem","position":2,"name":"Webbutik","item":"https:\/\/likeink.com\/sv\/webbutik\/"},{"@type":"ListItem","position":3,"name":"Halloween Tatueringar"}]},{"@type":"WebSite","@id":"https:\/\/likeink.com\/sv\/#website","url":"https:\/\/likeink.com\/sv\/","name":"Like ink","description":"Make your own custom design","potentialAction":[{"@type":"SearchAction","target":{"@type":"EntryPoint","urlTemplate":"https:\/\/likeink.com\/sv\/?s={search_term_string}"},"query-input":{"@type":"PropertyValueSpecification","valueRequired":true,"valueName":"search_term_string"}}],"inLanguage":"sv-SE"}]}},"_links":{"self":[{"href":"https:\/\/likeink.com\/sv\/wp-json\/wp\/v2\/product\/7070","targetHints":{"allow":["GET"]}}],"collection":[{"href":"https:\/\/likeink.com\/sv\/wp-json\/wp\/v2\/product"}],"about":[{"href":"https:\/\/likeink.com\/sv\/wp-json\/wp\/v2\/types\/product"}],"wp:featuredmedia":[{"embeddable":true,"href":"https:\/\/likeink.com\/sv\/wp-json\/wp\/v2\/media\/60278"}],"wp:attachment":[{"href":"https:\/\/likeink.com\/sv\/wp-json\/wp\/v2\/media?parent=7070"}],"wp:term":[{"taxonomy":"product_brand","embeddable":true,"href":"https:\/\/likeink.com\/sv\/wp-json\/wp\/v2\/product_brand?post=7070"},{"taxonomy":"product_cat","embeddable":true,"href":"https:\/\/likeink.com\/sv\/wp-json\/wp\/v2\/product_cat?post=7070"},{"taxonomy":"product_tag","embeddable":true,"href":"https:\/\/likeink.com\/sv\/wp-json\/wp\/v2\/product_tag?post=7070"}],"curies":[{"name":"wp","href":"https:\/\/api.w.org\/{rel}","templated":true}]}}