{"id":798,"date":"2019-03-05T14:23:40","date_gmt":"2019-03-05T14:23:40","guid":{"rendered":"https:\/\/likeink.se\/?post_type=product&#038;p=798"},"modified":"2026-04-14T12:47:22","modified_gmt":"2026-04-14T12:47:22","slug":"classic","status":"publish","type":"product","link":"https:\/\/likeink.com\/sv\/gnuggisar\/classic\/","title":{"rendered":"Klassiska tatueringar"},"content":{"rendered":"","protected":false},"excerpt":{"rendered":"<p>V\u00e5ra f\u00e4rdiga ark med eng\u00e5ngstatueringar \u00e4r cirka 20&#215;15 cm stora och fyllda med designen du ser p\u00e5 bilden.<\/p>\n<h2>Fake tatueringar med motiv av classic tattoos<\/h2>\n<p>Kanske gillar du vad du ser, kanske vill du kvalitetss\u00e4kra innan du l\u00e4gger en st\u00f6rre best\u00e4llning med din egen design. Oavsett s\u00e5 trycker och skickar vi ditt ark med eng\u00e5ngstatueringar inom 24 timmar efter det att du best\u00e4llt.<\/p>\n<p>Antal tatueringar: 8 st<br \/>\nStorlek p\u00e5 st\u00f6rsta tatueringen: 8 cm<\/p>\n","protected":false},"featured_media":60217,"template":"","meta":[],"product_brand":[],"product_cat":[17,489],"product_tag":[],"class_list":{"0":"post-798","1":"product","2":"type-product","3":"status-publish","4":"has-post-thumbnail","6":"product_cat-fardiga-ark","7":"product_cat-old-school-retro-sv","9":"first","10":"instock","11":"taxable","12":"shipping-taxable","13":"purchasable","14":"product-type-simple"},"yoast_head":"<!-- This site is optimized with the Yoast SEO Premium plugin v26.2 (Yoast SEO v27.5) - https:\/\/yoast.com\/product\/yoast-seo-premium-wordpress\/ -->\n<title>K\u00f6p gnuggisar | Motiv av Klassiska tatueringar - Like ink<\/title>\n<meta name=\"description\" content=\"Fake tattoos med motiv av klassiska tatueringar. Vi \u00e4lskar den gamla old school stilen! Gnuggisar i bra kvalitet! - Like ink\" \/>\n<meta name=\"robots\" content=\"index, follow, max-snippet:-1, max-image-preview:large, max-video-preview:-1\" \/>\n<link rel=\"canonical\" href=\"https:\/\/likeink.com\/sv\/gnuggisar\/classic\/\" \/>\n<meta property=\"og:locale\" content=\"sv_SE\" \/>\n<meta property=\"og:type\" content=\"article\" \/>\n<meta property=\"og:title\" content=\"Klassiska tatueringar\" \/>\n<meta property=\"og:description\" content=\"V\u00e5ra f\u00e4rdiga ark med eng\u00e5ngstatueringar \u00e4r cirka 20x15 cm stora och fyllda med designen du ser p\u00e5 bilden. Fake tatueringar med motiv av classic tattoos Kanske gillar du vad du ser, kanske vill du kvalitetss\u00e4kra innan du l\u00e4gger en st\u00f6rre best\u00e4llning med din egen design. Oavsett s\u00e5 trycker och skickar vi ditt ark med eng\u00e5ngstatueringar inom 24 timmar efter det att du best\u00e4llt.  Antal tatueringar: 8 st Storlek p\u00e5 st\u00f6rsta tatueringen: 8 cm\" \/>\n<meta property=\"og:url\" content=\"https:\/\/likeink.com\/sv\/gnuggisar\/classic\/\" \/>\n<meta property=\"og:site_name\" content=\"Like ink\" \/>\n<meta property=\"article:publisher\" content=\"https:\/\/www.facebook.com\/LikeInkSe\" \/>\n<meta property=\"article:modified_time\" content=\"2026-04-14T12:47:22+00:00\" \/>\n<meta property=\"og:image\" content=\"https:\/\/likeink.com\/wp-content\/uploads\/2026\/03\/Retro-tattoos-color-likeink.jpg\" \/>\n\t<meta property=\"og:image:width\" content=\"2000\" \/>\n\t<meta property=\"og:image:height\" content=\"1409\" \/>\n\t<meta property=\"og:image:type\" content=\"image\/jpeg\" \/>\n<meta name=\"twitter:card\" content=\"summary_large_image\" \/>\n<meta name=\"twitter:label1\" content=\"Ber\u00e4knad l\u00e4stid\" \/>\n\t<meta name=\"twitter:data1\" content=\"1 minut\" \/>\n<!-- \/ Yoast SEO Premium plugin. -->","yoast_head_json":{"title":"K\u00f6p gnuggisar | Motiv av Klassiska tatueringar - Like ink","description":"Fake tattoos med motiv av klassiska tatueringar. Vi \u00e4lskar den gamla old school stilen! Gnuggisar i bra kvalitet! - Like ink","robots":{"index":"index","follow":"follow","max-snippet":"max-snippet:-1","max-image-preview":"max-image-preview:large","max-video-preview":"max-video-preview:-1"},"canonical":"https:\/\/likeink.com\/sv\/gnuggisar\/classic\/","og_locale":"sv_SE","og_type":"article","og_title":"Klassiska tatueringar","og_description":"V\u00e5ra f\u00e4rdiga ark med eng\u00e5ngstatueringar \u00e4r cirka 20x15 cm stora och fyllda med designen du ser p\u00e5 bilden. Fake tatueringar med motiv av classic tattoos Kanske gillar du vad du ser, kanske vill du kvalitetss\u00e4kra innan du l\u00e4gger en st\u00f6rre best\u00e4llning med din egen design. Oavsett s\u00e5 trycker och skickar vi ditt ark med eng\u00e5ngstatueringar inom 24 timmar efter det att du best\u00e4llt.  Antal tatueringar: 8 st Storlek p\u00e5 st\u00f6rsta tatueringen: 8 cm","og_url":"https:\/\/likeink.com\/sv\/gnuggisar\/classic\/","og_site_name":"Like ink","article_publisher":"https:\/\/www.facebook.com\/LikeInkSe","article_modified_time":"2026-04-14T12:47:22+00:00","og_image":[{"width":2000,"height":1409,"url":"https:\/\/likeink.com\/wp-content\/uploads\/2026\/03\/Retro-tattoos-color-likeink.jpg","type":"image\/jpeg"}],"twitter_card":"summary_large_image","twitter_misc":{"Ber\u00e4knad l\u00e4stid":"1 minut"},"schema":{"@context":"https:\/\/schema.org","@graph":[{"@type":"WebPage","@id":"https:\/\/likeink.com\/sv\/gnuggisar\/classic\/","url":"https:\/\/likeink.com\/sv\/gnuggisar\/classic\/","name":"K\u00f6p gnuggisar | Motiv av Klassiska tatueringar - Like ink","isPartOf":{"@id":"https:\/\/likeink.com\/sv\/#website"},"primaryImageOfPage":{"@id":"https:\/\/likeink.com\/sv\/gnuggisar\/classic\/#primaryimage"},"image":{"@id":"https:\/\/likeink.com\/sv\/gnuggisar\/classic\/#primaryimage"},"thumbnailUrl":"https:\/\/likeink.com\/wp-content\/uploads\/2026\/03\/Retro-tattoos-color-likeink.jpg","datePublished":"2019-03-05T14:23:40+00:00","dateModified":"2026-04-14T12:47:22+00:00","description":"Fake tattoos med motiv av klassiska tatueringar. Vi \u00e4lskar den gamla old school stilen! Gnuggisar i bra kvalitet! - Like ink","breadcrumb":{"@id":"https:\/\/likeink.com\/sv\/gnuggisar\/classic\/#breadcrumb"},"inLanguage":"sv-SE","potentialAction":[{"@type":"ReadAction","target":["https:\/\/likeink.com\/sv\/gnuggisar\/classic\/"]}]},{"@type":"ImageObject","inLanguage":"sv-SE","@id":"https:\/\/likeink.com\/sv\/gnuggisar\/classic\/#primaryimage","url":"https:\/\/likeink.com\/wp-content\/uploads\/2026\/03\/Retro-tattoos-color-likeink.jpg","contentUrl":"https:\/\/likeink.com\/wp-content\/uploads\/2026\/03\/Retro-tattoos-color-likeink.jpg","width":2000,"height":1409,"caption":"En samling f\u00e4rgglada traditionella tatueringsmotiv, inklusive f\u00e5glar, en fenix, ett skepp, ett kr\u00f6nt heligt hj\u00e4rta, en kvinnas profil, en ros och en fj\u00e4dermask, allt p\u00e5 en vit bakgrund."},{"@type":"BreadcrumbList","@id":"https:\/\/likeink.com\/sv\/gnuggisar\/classic\/#breadcrumb","itemListElement":[{"@type":"ListItem","position":1,"name":"Hem","item":"https:\/\/likeink.com\/sv\/"},{"@type":"ListItem","position":2,"name":"Webbutik","item":"https:\/\/likeink.com\/sv\/webbutik\/"},{"@type":"ListItem","position":3,"name":"Klassiska tatueringar"}]},{"@type":"WebSite","@id":"https:\/\/likeink.com\/sv\/#website","url":"https:\/\/likeink.com\/sv\/","name":"Like ink","description":"Make your own custom design","potentialAction":[{"@type":"SearchAction","target":{"@type":"EntryPoint","urlTemplate":"https:\/\/likeink.com\/sv\/?s={search_term_string}"},"query-input":{"@type":"PropertyValueSpecification","valueRequired":true,"valueName":"search_term_string"}}],"inLanguage":"sv-SE"}]}},"_links":{"self":[{"href":"https:\/\/likeink.com\/sv\/wp-json\/wp\/v2\/product\/798","targetHints":{"allow":["GET"]}}],"collection":[{"href":"https:\/\/likeink.com\/sv\/wp-json\/wp\/v2\/product"}],"about":[{"href":"https:\/\/likeink.com\/sv\/wp-json\/wp\/v2\/types\/product"}],"wp:featuredmedia":[{"embeddable":true,"href":"https:\/\/likeink.com\/sv\/wp-json\/wp\/v2\/media\/60217"}],"wp:attachment":[{"href":"https:\/\/likeink.com\/sv\/wp-json\/wp\/v2\/media?parent=798"}],"wp:term":[{"taxonomy":"product_brand","embeddable":true,"href":"https:\/\/likeink.com\/sv\/wp-json\/wp\/v2\/product_brand?post=798"},{"taxonomy":"product_cat","embeddable":true,"href":"https:\/\/likeink.com\/sv\/wp-json\/wp\/v2\/product_cat?post=798"},{"taxonomy":"product_tag","embeddable":true,"href":"https:\/\/likeink.com\/sv\/wp-json\/wp\/v2\/product_tag?post=798"}],"curies":[{"name":"wp","href":"https:\/\/api.w.org\/{rel}","templated":true}]}}