{"id":8011,"date":"2022-01-21T18:54:50","date_gmt":"2022-01-21T18:54:50","guid":{"rendered":"https:\/\/likeink.se\/produkt\/sticker-tattoos-a5-ark\/"},"modified":"2026-04-14T12:56:10","modified_gmt":"2026-04-14T12:56:10","slug":"sticker-tattoos","status":"publish","type":"product","link":"https:\/\/likeink.com\/sv\/gnuggisar\/sticker-tattoos\/","title":{"rendered":"Sticker Tattoos"},"content":{"rendered":"","protected":false},"excerpt":{"rendered":"<p>Vilket fint ark med sticker tattoos i h\u00e4rliga pastellf\u00e4rger! Med en gnuggistatuering f\u00f6rest\u00e4llande en diamant bakom \u00f6rat, ett stj\u00e4rnfall p\u00e5 handleden och en regnb\u00e5ge p\u00e5 halsen blir du discots coolaste person.<br \/>\nV\u00e5ra sticker-gnuggisar \u00e4r av h\u00f6g kvalitet och h\u00e5ller i upp till en vecka.<\/p>\n<p>Vi trycker och skickar din best\u00e4llning inom 24 timmar.<br \/>\nHoppas du gillar dessa sticker-tattoos.<\/p>\n<p>Storlek: A5<br \/>\nAntal tatueringar: 19<br \/>\nSt\u00f6rsta tatuering: 7X9 cm<\/p>\n","protected":false},"featured_media":8009,"template":"","meta":[],"product_brand":[],"product_cat":[493,17,133],"product_tag":[],"class_list":{"0":"post-8011","1":"product","2":"type-product","3":"status-publish","4":"has-post-thumbnail","6":"product_cat-barnkalas","7":"product_cat-fardiga-ark","8":"product_cat-karlek-tatuering-hjarta-tatuering","10":"first","11":"instock","12":"taxable","13":"shipping-taxable","14":"purchasable","15":"product-type-simple"},"yoast_head":"<!-- This site is optimized with the Yoast SEO Premium plugin v26.2 (Yoast SEO v27.4) - https:\/\/yoast.com\/product\/yoast-seo-premium-wordpress\/ -->\n<title>Sticker Tattoos tatueringsark med flera fina motiv - Like ink<\/title>\n<meta name=\"description\" content=\"Arket Sticker Tattoos \u00e4r fyllt med gnuggisar inspirerade av klassiska stickers i pastellf\u00e4rger. Bra kvalitet och snabb leverans! - Like ink\" \/>\n<meta name=\"robots\" content=\"index, follow, max-snippet:-1, max-image-preview:large, max-video-preview:-1\" \/>\n<link rel=\"canonical\" href=\"https:\/\/likeink.com\/sv\/gnuggisar\/sticker-tattoos\/\" \/>\n<meta property=\"og:locale\" content=\"sv_SE\" \/>\n<meta property=\"og:type\" content=\"article\" \/>\n<meta property=\"og:title\" content=\"Sticker Tattoos\" \/>\n<meta property=\"og:description\" content=\"Vilket fint ark med sticker tattoos i h\u00e4rliga pastellf\u00e4rger! Med en gnuggistatuering f\u00f6rest\u00e4llande en diamant bakom \u00f6rat, ett stj\u00e4rnfall p\u00e5 handleden och en regnb\u00e5ge p\u00e5 halsen blir du discots coolaste person. V\u00e5ra sticker-gnuggisar \u00e4r av h\u00f6g kvalitet och h\u00e5ller i upp till en vecka.  Vi trycker och skickar din best\u00e4llning inom 24 timmar. Hoppas du gillar dessa sticker-tattoos.  Storlek: A5 Antal tatueringar: 19 St\u00f6rsta tatuering: 7X9 cm\" \/>\n<meta property=\"og:url\" content=\"https:\/\/likeink.com\/sv\/gnuggisar\/sticker-tattoos\/\" \/>\n<meta property=\"og:site_name\" content=\"Like ink\" \/>\n<meta property=\"article:publisher\" content=\"https:\/\/www.facebook.com\/LikeInkSe\" \/>\n<meta property=\"article:modified_time\" content=\"2026-04-14T12:56:10+00:00\" \/>\n<meta property=\"og:image\" content=\"https:\/\/likeink.com\/wp-content\/uploads\/2022\/01\/StickerTattoos-Likeink.jpg\" \/>\n\t<meta property=\"og:image:width\" content=\"400\" \/>\n\t<meta property=\"og:image:height\" content=\"281\" \/>\n\t<meta property=\"og:image:type\" content=\"image\/jpeg\" \/>\n<meta name=\"twitter:card\" content=\"summary_large_image\" \/>\n<meta name=\"twitter:label1\" content=\"Ber\u00e4knad l\u00e4stid\" \/>\n\t<meta name=\"twitter:data1\" content=\"1 minut\" \/>\n<script type=\"application\/ld+json\" class=\"yoast-schema-graph\">{\"@context\":\"https:\\\/\\\/schema.org\",\"@graph\":[{\"@type\":\"WebPage\",\"@id\":\"https:\\\/\\\/likeink.com\\\/sv\\\/gnuggisar\\\/sticker-tattoos\\\/\",\"url\":\"https:\\\/\\\/likeink.com\\\/sv\\\/gnuggisar\\\/sticker-tattoos\\\/\",\"name\":\"Sticker Tattoos tatueringsark med flera fina motiv - Like ink\",\"isPartOf\":{\"@id\":\"https:\\\/\\\/likeink.com\\\/sv\\\/#website\"},\"primaryImageOfPage\":{\"@id\":\"https:\\\/\\\/likeink.com\\\/sv\\\/gnuggisar\\\/sticker-tattoos\\\/#primaryimage\"},\"image\":{\"@id\":\"https:\\\/\\\/likeink.com\\\/sv\\\/gnuggisar\\\/sticker-tattoos\\\/#primaryimage\"},\"thumbnailUrl\":\"https:\\\/\\\/likeink.com\\\/wp-content\\\/uploads\\\/2022\\\/01\\\/StickerTattoos-Likeink.jpg\",\"datePublished\":\"2022-01-21T18:54:50+00:00\",\"dateModified\":\"2026-04-14T12:56:10+00:00\",\"description\":\"Arket Sticker Tattoos \u00e4r fyllt med gnuggisar inspirerade av klassiska stickers i pastellf\u00e4rger. Bra kvalitet och snabb leverans! - Like ink\",\"breadcrumb\":{\"@id\":\"https:\\\/\\\/likeink.com\\\/sv\\\/gnuggisar\\\/sticker-tattoos\\\/#breadcrumb\"},\"inLanguage\":\"sv-SE\",\"potentialAction\":[{\"@type\":\"ReadAction\",\"target\":[\"https:\\\/\\\/likeink.com\\\/sv\\\/gnuggisar\\\/sticker-tattoos\\\/\"]}]},{\"@type\":\"ImageObject\",\"inLanguage\":\"sv-SE\",\"@id\":\"https:\\\/\\\/likeink.com\\\/sv\\\/gnuggisar\\\/sticker-tattoos\\\/#primaryimage\",\"url\":\"https:\\\/\\\/likeink.com\\\/wp-content\\\/uploads\\\/2022\\\/01\\\/StickerTattoos-Likeink.jpg\",\"contentUrl\":\"https:\\\/\\\/likeink.com\\\/wp-content\\\/uploads\\\/2022\\\/01\\\/StickerTattoos-Likeink.jpg\",\"width\":400,\"height\":281,\"caption\":\"Eng\u00e5ngstatueringar som ser ut som klisterm\u00e4rken och stickers.\"},{\"@type\":\"BreadcrumbList\",\"@id\":\"https:\\\/\\\/likeink.com\\\/sv\\\/gnuggisar\\\/sticker-tattoos\\\/#breadcrumb\",\"itemListElement\":[{\"@type\":\"ListItem\",\"position\":1,\"name\":\"Hem\",\"item\":\"https:\\\/\\\/likeink.com\\\/sv\\\/\"},{\"@type\":\"ListItem\",\"position\":2,\"name\":\"Webbutik\",\"item\":\"https:\\\/\\\/likeink.com\\\/sv\\\/webbutik\\\/\"},{\"@type\":\"ListItem\",\"position\":3,\"name\":\"Sticker Tattoos\"}]},{\"@type\":\"WebSite\",\"@id\":\"https:\\\/\\\/likeink.com\\\/sv\\\/#website\",\"url\":\"https:\\\/\\\/likeink.com\\\/sv\\\/\",\"name\":\"Like ink\",\"description\":\"Make your own custom design\",\"potentialAction\":[{\"@type\":\"SearchAction\",\"target\":{\"@type\":\"EntryPoint\",\"urlTemplate\":\"https:\\\/\\\/likeink.com\\\/sv\\\/?s={search_term_string}\"},\"query-input\":{\"@type\":\"PropertyValueSpecification\",\"valueRequired\":true,\"valueName\":\"search_term_string\"}}],\"inLanguage\":\"sv-SE\"}]}<\/script>\n<!-- \/ Yoast SEO Premium plugin. -->","yoast_head_json":{"title":"Sticker Tattoos tatueringsark med flera fina motiv - Like ink","description":"Arket Sticker Tattoos \u00e4r fyllt med gnuggisar inspirerade av klassiska stickers i pastellf\u00e4rger. Bra kvalitet och snabb leverans! - Like ink","robots":{"index":"index","follow":"follow","max-snippet":"max-snippet:-1","max-image-preview":"max-image-preview:large","max-video-preview":"max-video-preview:-1"},"canonical":"https:\/\/likeink.com\/sv\/gnuggisar\/sticker-tattoos\/","og_locale":"sv_SE","og_type":"article","og_title":"Sticker Tattoos","og_description":"Vilket fint ark med sticker tattoos i h\u00e4rliga pastellf\u00e4rger! Med en gnuggistatuering f\u00f6rest\u00e4llande en diamant bakom \u00f6rat, ett stj\u00e4rnfall p\u00e5 handleden och en regnb\u00e5ge p\u00e5 halsen blir du discots coolaste person. V\u00e5ra sticker-gnuggisar \u00e4r av h\u00f6g kvalitet och h\u00e5ller i upp till en vecka.  Vi trycker och skickar din best\u00e4llning inom 24 timmar. Hoppas du gillar dessa sticker-tattoos.  Storlek: A5 Antal tatueringar: 19 St\u00f6rsta tatuering: 7X9 cm","og_url":"https:\/\/likeink.com\/sv\/gnuggisar\/sticker-tattoos\/","og_site_name":"Like ink","article_publisher":"https:\/\/www.facebook.com\/LikeInkSe","article_modified_time":"2026-04-14T12:56:10+00:00","og_image":[{"width":400,"height":281,"url":"https:\/\/likeink.com\/wp-content\/uploads\/2022\/01\/StickerTattoos-Likeink.jpg","type":"image\/jpeg"}],"twitter_card":"summary_large_image","twitter_misc":{"Ber\u00e4knad l\u00e4stid":"1 minut"},"schema":{"@context":"https:\/\/schema.org","@graph":[{"@type":"WebPage","@id":"https:\/\/likeink.com\/sv\/gnuggisar\/sticker-tattoos\/","url":"https:\/\/likeink.com\/sv\/gnuggisar\/sticker-tattoos\/","name":"Sticker Tattoos tatueringsark med flera fina motiv - Like ink","isPartOf":{"@id":"https:\/\/likeink.com\/sv\/#website"},"primaryImageOfPage":{"@id":"https:\/\/likeink.com\/sv\/gnuggisar\/sticker-tattoos\/#primaryimage"},"image":{"@id":"https:\/\/likeink.com\/sv\/gnuggisar\/sticker-tattoos\/#primaryimage"},"thumbnailUrl":"https:\/\/likeink.com\/wp-content\/uploads\/2022\/01\/StickerTattoos-Likeink.jpg","datePublished":"2022-01-21T18:54:50+00:00","dateModified":"2026-04-14T12:56:10+00:00","description":"Arket Sticker Tattoos \u00e4r fyllt med gnuggisar inspirerade av klassiska stickers i pastellf\u00e4rger. Bra kvalitet och snabb leverans! - Like ink","breadcrumb":{"@id":"https:\/\/likeink.com\/sv\/gnuggisar\/sticker-tattoos\/#breadcrumb"},"inLanguage":"sv-SE","potentialAction":[{"@type":"ReadAction","target":["https:\/\/likeink.com\/sv\/gnuggisar\/sticker-tattoos\/"]}]},{"@type":"ImageObject","inLanguage":"sv-SE","@id":"https:\/\/likeink.com\/sv\/gnuggisar\/sticker-tattoos\/#primaryimage","url":"https:\/\/likeink.com\/wp-content\/uploads\/2022\/01\/StickerTattoos-Likeink.jpg","contentUrl":"https:\/\/likeink.com\/wp-content\/uploads\/2022\/01\/StickerTattoos-Likeink.jpg","width":400,"height":281,"caption":"Eng\u00e5ngstatueringar som ser ut som klisterm\u00e4rken och stickers."},{"@type":"BreadcrumbList","@id":"https:\/\/likeink.com\/sv\/gnuggisar\/sticker-tattoos\/#breadcrumb","itemListElement":[{"@type":"ListItem","position":1,"name":"Hem","item":"https:\/\/likeink.com\/sv\/"},{"@type":"ListItem","position":2,"name":"Webbutik","item":"https:\/\/likeink.com\/sv\/webbutik\/"},{"@type":"ListItem","position":3,"name":"Sticker Tattoos"}]},{"@type":"WebSite","@id":"https:\/\/likeink.com\/sv\/#website","url":"https:\/\/likeink.com\/sv\/","name":"Like ink","description":"Make your own custom design","potentialAction":[{"@type":"SearchAction","target":{"@type":"EntryPoint","urlTemplate":"https:\/\/likeink.com\/sv\/?s={search_term_string}"},"query-input":{"@type":"PropertyValueSpecification","valueRequired":true,"valueName":"search_term_string"}}],"inLanguage":"sv-SE"}]}},"_links":{"self":[{"href":"https:\/\/likeink.com\/sv\/wp-json\/wp\/v2\/product\/8011","targetHints":{"allow":["GET"]}}],"collection":[{"href":"https:\/\/likeink.com\/sv\/wp-json\/wp\/v2\/product"}],"about":[{"href":"https:\/\/likeink.com\/sv\/wp-json\/wp\/v2\/types\/product"}],"wp:featuredmedia":[{"embeddable":true,"href":"https:\/\/likeink.com\/sv\/wp-json\/wp\/v2\/media\/8009"}],"wp:attachment":[{"href":"https:\/\/likeink.com\/sv\/wp-json\/wp\/v2\/media?parent=8011"}],"wp:term":[{"taxonomy":"product_brand","embeddable":true,"href":"https:\/\/likeink.com\/sv\/wp-json\/wp\/v2\/product_brand?post=8011"},{"taxonomy":"product_cat","embeddable":true,"href":"https:\/\/likeink.com\/sv\/wp-json\/wp\/v2\/product_cat?post=8011"},{"taxonomy":"product_tag","embeddable":true,"href":"https:\/\/likeink.com\/sv\/wp-json\/wp\/v2\/product_tag?post=8011"}],"curies":[{"name":"wp","href":"https:\/\/api.w.org\/{rel}","templated":true}]}}