{"id":8026,"date":"2022-01-22T14:48:00","date_gmt":"2022-01-22T14:48:00","guid":{"rendered":"https:\/\/likeink.se\/?post_type=product&#038;p=8026"},"modified":"2026-04-14T12:47:20","modified_gmt":"2026-04-14T12:47:20","slug":"hjarter-ess-tatueringsark-a5","status":"publish","type":"product","link":"https:\/\/likeink.com\/sv\/gnuggisar\/hjarter-ess-tatueringsark-a5\/","title":{"rendered":"Hj\u00e4rter Ess Tatueringsark"},"content":{"rendered":"","protected":false},"excerpt":{"rendered":"<p>Vad betyder egentligen spelkortet Hj\u00e4rter Ess? Det \u00e4r gl\u00e4djens och lyckans kort, och hj\u00e4rter ess symboliserar k\u00e4rlek och att nytt liv \u00e4r p\u00e5 v\u00e4g.<br \/>\nDet h\u00e4r tatueringsarket \u00e4r ritat av en Rysk konstn\u00e4r och vi \u00e4r glada att ha f\u00e5tt r\u00e4ttigheterna till dessa fina motiv.<br \/>\nH\u00e4r f\u00e5r du ett ark med f\u00f6rutom en avs\u00e5gad arm som h\u00e5ller ett Spader Ess inneh\u00e5ller fina fj\u00e4drar, k\u00f6rsb\u00e4r, d\u00f6skallar och fj\u00e4rilar.<br \/>\nVi p\u00e5 Like ink trycker och skickar din order inom 24h och du f\u00f6r ett fint ark med h\u00f6guppl\u00f6sta gnuggisar som h\u00e5ller h\u00f6g kvalitet!<\/p>\n<p>Ark storlek: A5<br \/>\nAntal gnuggisar: 9<br \/>\nStorlek tatueringar: Den st\u00f6rsta handen med Spader Ess \u00e4r: 8X5 cm.<\/p>\n","protected":false},"featured_media":8020,"template":"","meta":[],"product_brand":[],"product_cat":[17,489],"product_tag":[],"class_list":{"0":"post-8026","1":"product","2":"type-product","3":"status-publish","4":"has-post-thumbnail","6":"product_cat-fardiga-ark","7":"product_cat-old-school-retro-sv","9":"first","10":"instock","11":"taxable","12":"shipping-taxable","13":"purchasable","14":"product-type-simple"},"yoast_head":"<!-- This site is optimized with the Yoast SEO Premium plugin v26.2 (Yoast SEO v27.5) - https:\/\/yoast.com\/product\/yoast-seo-premium-wordpress\/ -->\n<title>K\u00f6p hj\u00e4rter ess tatuering | Eng\u00e5ngstatueringar - Like ink<\/title>\n<meta name=\"description\" content=\"Hj\u00e4rter Ess \u00e4r gl\u00e4djens och lyckans kort! Ett kort v\u00e4rt att fira! V\u00e5ra gnuggis-tatueringar \u00e4r av b\u00e4sta kvalitet! - Like ink\" \/>\n<meta name=\"robots\" content=\"index, follow, max-snippet:-1, max-image-preview:large, max-video-preview:-1\" \/>\n<link rel=\"canonical\" href=\"https:\/\/likeink.com\/sv\/gnuggisar\/hjarter-ess-tatueringsark-a5\/\" \/>\n<meta property=\"og:locale\" content=\"sv_SE\" \/>\n<meta property=\"og:type\" content=\"article\" \/>\n<meta property=\"og:title\" content=\"Hj\u00e4rter Ess Tatueringsark\" \/>\n<meta property=\"og:description\" content=\"Vad betyder egentligen spelkortet Hj\u00e4rter Ess? Det \u00e4r gl\u00e4djens och lyckans kort, och hj\u00e4rter ess symboliserar k\u00e4rlek och att nytt liv \u00e4r p\u00e5 v\u00e4g. Det h\u00e4r tatueringsarket \u00e4r ritat av en Rysk konstn\u00e4r och vi \u00e4r glada att ha f\u00e5tt r\u00e4ttigheterna till dessa fina motiv. H\u00e4r f\u00e5r du ett ark med f\u00f6rutom en avs\u00e5gad arm som h\u00e5ller ett Spader Ess inneh\u00e5ller fina fj\u00e4drar, k\u00f6rsb\u00e4r, d\u00f6skallar och fj\u00e4rilar. Vi p\u00e5 Like ink trycker och skickar din order inom 24h och du f\u00f6r ett fint ark med h\u00f6guppl\u00f6sta gnuggisar som h\u00e5ller h\u00f6g kvalitet!  Ark storlek: A5 Antal gnuggisar: 9 Storlek tatueringar: Den st\u00f6rsta handen med Spader Ess \u00e4r: 8X5 cm.\" \/>\n<meta property=\"og:url\" content=\"https:\/\/likeink.com\/sv\/gnuggisar\/hjarter-ess-tatueringsark-a5\/\" \/>\n<meta property=\"og:site_name\" content=\"Like ink\" \/>\n<meta property=\"article:publisher\" content=\"https:\/\/www.facebook.com\/LikeInkSe\" \/>\n<meta property=\"article:modified_time\" content=\"2026-04-14T12:47:20+00:00\" \/>\n<meta property=\"og:image\" content=\"https:\/\/likeink.com\/wp-content\/uploads\/2022\/01\/HjarterEssTatuering-Likeink.jpg\" \/>\n\t<meta property=\"og:image:width\" content=\"1134\" \/>\n\t<meta property=\"og:image:height\" content=\"800\" \/>\n\t<meta property=\"og:image:type\" content=\"image\/jpeg\" \/>\n<meta name=\"twitter:card\" content=\"summary_large_image\" \/>\n<!-- \/ Yoast SEO Premium plugin. -->","yoast_head_json":{"title":"K\u00f6p hj\u00e4rter ess tatuering | Eng\u00e5ngstatueringar - Like ink","description":"Hj\u00e4rter Ess \u00e4r gl\u00e4djens och lyckans kort! Ett kort v\u00e4rt att fira! V\u00e5ra gnuggis-tatueringar \u00e4r av b\u00e4sta kvalitet! - Like ink","robots":{"index":"index","follow":"follow","max-snippet":"max-snippet:-1","max-image-preview":"max-image-preview:large","max-video-preview":"max-video-preview:-1"},"canonical":"https:\/\/likeink.com\/sv\/gnuggisar\/hjarter-ess-tatueringsark-a5\/","og_locale":"sv_SE","og_type":"article","og_title":"Hj\u00e4rter Ess Tatueringsark","og_description":"Vad betyder egentligen spelkortet Hj\u00e4rter Ess? Det \u00e4r gl\u00e4djens och lyckans kort, och hj\u00e4rter ess symboliserar k\u00e4rlek och att nytt liv \u00e4r p\u00e5 v\u00e4g. Det h\u00e4r tatueringsarket \u00e4r ritat av en Rysk konstn\u00e4r och vi \u00e4r glada att ha f\u00e5tt r\u00e4ttigheterna till dessa fina motiv. H\u00e4r f\u00e5r du ett ark med f\u00f6rutom en avs\u00e5gad arm som h\u00e5ller ett Spader Ess inneh\u00e5ller fina fj\u00e4drar, k\u00f6rsb\u00e4r, d\u00f6skallar och fj\u00e4rilar. Vi p\u00e5 Like ink trycker och skickar din order inom 24h och du f\u00f6r ett fint ark med h\u00f6guppl\u00f6sta gnuggisar som h\u00e5ller h\u00f6g kvalitet!  Ark storlek: A5 Antal gnuggisar: 9 Storlek tatueringar: Den st\u00f6rsta handen med Spader Ess \u00e4r: 8X5 cm.","og_url":"https:\/\/likeink.com\/sv\/gnuggisar\/hjarter-ess-tatueringsark-a5\/","og_site_name":"Like ink","article_publisher":"https:\/\/www.facebook.com\/LikeInkSe","article_modified_time":"2026-04-14T12:47:20+00:00","og_image":[{"width":1134,"height":800,"url":"https:\/\/likeink.com\/wp-content\/uploads\/2022\/01\/HjarterEssTatuering-Likeink.jpg","type":"image\/jpeg"}],"twitter_card":"summary_large_image","schema":{"@context":"https:\/\/schema.org","@graph":[{"@type":"WebPage","@id":"https:\/\/likeink.com\/sv\/gnuggisar\/hjarter-ess-tatueringsark-a5\/","url":"https:\/\/likeink.com\/sv\/gnuggisar\/hjarter-ess-tatueringsark-a5\/","name":"K\u00f6p hj\u00e4rter ess tatuering | Eng\u00e5ngstatueringar - Like ink","isPartOf":{"@id":"https:\/\/likeink.com\/sv\/#website"},"primaryImageOfPage":{"@id":"https:\/\/likeink.com\/sv\/gnuggisar\/hjarter-ess-tatueringsark-a5\/#primaryimage"},"image":{"@id":"https:\/\/likeink.com\/sv\/gnuggisar\/hjarter-ess-tatueringsark-a5\/#primaryimage"},"thumbnailUrl":"https:\/\/likeink.com\/wp-content\/uploads\/2022\/01\/HjarterEssTatuering-Likeink.jpg","datePublished":"2022-01-22T14:48:00+00:00","dateModified":"2026-04-14T12:47:20+00:00","description":"Hj\u00e4rter Ess \u00e4r gl\u00e4djens och lyckans kort! Ett kort v\u00e4rt att fira! V\u00e5ra gnuggis-tatueringar \u00e4r av b\u00e4sta kvalitet! - Like ink","breadcrumb":{"@id":"https:\/\/likeink.com\/sv\/gnuggisar\/hjarter-ess-tatueringsark-a5\/#breadcrumb"},"inLanguage":"sv-SE","potentialAction":[{"@type":"ReadAction","target":["https:\/\/likeink.com\/sv\/gnuggisar\/hjarter-ess-tatueringsark-a5\/"]}]},{"@type":"ImageObject","inLanguage":"sv-SE","@id":"https:\/\/likeink.com\/sv\/gnuggisar\/hjarter-ess-tatueringsark-a5\/#primaryimage","url":"https:\/\/likeink.com\/wp-content\/uploads\/2022\/01\/HjarterEssTatuering-Likeink.jpg","contentUrl":"https:\/\/likeink.com\/wp-content\/uploads\/2022\/01\/HjarterEssTatuering-Likeink.jpg","width":1134,"height":800,"caption":"Gnuggistatueringar med motiv av Hj\u00e4rter Ess och andra fina tatuerings-designs."},{"@type":"BreadcrumbList","@id":"https:\/\/likeink.com\/sv\/gnuggisar\/hjarter-ess-tatueringsark-a5\/#breadcrumb","itemListElement":[{"@type":"ListItem","position":1,"name":"Hem","item":"https:\/\/likeink.com\/sv\/"},{"@type":"ListItem","position":2,"name":"Webbutik","item":"https:\/\/likeink.com\/sv\/webbutik\/"},{"@type":"ListItem","position":3,"name":"Hj\u00e4rter Ess Tatueringsark"}]},{"@type":"WebSite","@id":"https:\/\/likeink.com\/sv\/#website","url":"https:\/\/likeink.com\/sv\/","name":"Like ink","description":"Make your own custom design","potentialAction":[{"@type":"SearchAction","target":{"@type":"EntryPoint","urlTemplate":"https:\/\/likeink.com\/sv\/?s={search_term_string}"},"query-input":{"@type":"PropertyValueSpecification","valueRequired":true,"valueName":"search_term_string"}}],"inLanguage":"sv-SE"}]}},"_links":{"self":[{"href":"https:\/\/likeink.com\/sv\/wp-json\/wp\/v2\/product\/8026","targetHints":{"allow":["GET"]}}],"collection":[{"href":"https:\/\/likeink.com\/sv\/wp-json\/wp\/v2\/product"}],"about":[{"href":"https:\/\/likeink.com\/sv\/wp-json\/wp\/v2\/types\/product"}],"wp:featuredmedia":[{"embeddable":true,"href":"https:\/\/likeink.com\/sv\/wp-json\/wp\/v2\/media\/8020"}],"wp:attachment":[{"href":"https:\/\/likeink.com\/sv\/wp-json\/wp\/v2\/media?parent=8026"}],"wp:term":[{"taxonomy":"product_brand","embeddable":true,"href":"https:\/\/likeink.com\/sv\/wp-json\/wp\/v2\/product_brand?post=8026"},{"taxonomy":"product_cat","embeddable":true,"href":"https:\/\/likeink.com\/sv\/wp-json\/wp\/v2\/product_cat?post=8026"},{"taxonomy":"product_tag","embeddable":true,"href":"https:\/\/likeink.com\/sv\/wp-json\/wp\/v2\/product_tag?post=8026"}],"curies":[{"name":"wp","href":"https:\/\/api.w.org\/{rel}","templated":true}]}}