{"id":8036,"date":"2022-01-22T15:26:15","date_gmt":"2022-01-22T15:26:15","guid":{"rendered":"https:\/\/likeink.se\/?post_type=product&#038;p=8036"},"modified":"2026-04-15T07:05:08","modified_gmt":"2026-04-15T07:05:08","slug":"magiska-karlekstatueringar","status":"publish","type":"product","link":"https:\/\/likeink.com\/sv\/gnuggisar\/magiska-karlekstatueringar\/","title":{"rendered":"Magiska k\u00e4rleks-tatueringar"},"content":{"rendered":"","protected":false},"excerpt":{"rendered":"<p>Fina magiska k\u00e4rlekstatueringar ritade av en duktig illustrat\u00f6r i Ukraina. Dessa tempor\u00e4ra tatueringar kan anv\u00e4ndas under en ritual, under meditation eller ett yogapass. V\u00e5ra tempor\u00e4ra tatueringar kan appliceras dels p\u00e5 huden s\u00e5klart men ocks\u00e5 p\u00e5 andra underlag som sten, tr\u00e4, plast och stearin.<br \/>\nVi \u00e4lskar kombinationen av svart, lila och bl\u00e5tt och arket \u00e4r fyllt med sm\u00e5 tatueringar med ett tema av k\u00e4rlek, magi, yoga och ritual.<br \/>\nVi trycker och skickar din order inom 24 timmar och dessa tempor\u00e4ra tatueringar h\u00e5ller l\u00e4nge och ser bra ut!<\/p>\n<p>Storlek ark: A5<br \/>\nAntal tatueringar: 35<br \/>\nStorlek st\u00f6rsta tatuering: 6X4cm<\/p>\n","protected":false},"featured_media":8034,"template":"","meta":[],"product_brand":[],"product_cat":[17,494,133,139,492,136],"product_tag":[],"class_list":{"0":"post-8036","1":"product","2":"type-product","3":"status-publish","4":"has-post-thumbnail","6":"product_cat-fardiga-ark","7":"product_cat-karlek-romantik","8":"product_cat-karlek-tatuering-hjarta-tatuering","9":"product_cat-ovriga-tatueringar","10":"product_cat-tribal-symboler-runor","11":"product_cat-yoga-tatuering","13":"first","14":"instock","15":"taxable","16":"shipping-taxable","17":"purchasable","18":"product-type-simple"},"yoast_head":"<!-- This site is optimized with the Yoast SEO Premium plugin v26.2 (Yoast SEO v27.4) - https:\/\/yoast.com\/product\/yoast-seo-premium-wordpress\/ -->\n<title>K\u00f6p magiska k\u00e4rlekstatueringar I Gnuggisar - Like ink<\/title>\n<meta name=\"description\" content=\"Tempor\u00e4ra tatueringar perfekt f\u00f6r en f\u00f6rtrollande och magisk k\u00e4rleksritual. Alla tatueringar trycks i Malm\u00f6 och skickas inom 24h. - Like ink\" \/>\n<meta name=\"robots\" content=\"index, follow, max-snippet:-1, max-image-preview:large, max-video-preview:-1\" \/>\n<link rel=\"canonical\" href=\"https:\/\/likeink.com\/sv\/gnuggisar\/magiska-karlekstatueringar\/\" \/>\n<meta property=\"og:locale\" content=\"sv_SE\" \/>\n<meta property=\"og:type\" content=\"article\" \/>\n<meta property=\"og:title\" content=\"Magiska k\u00e4rleks-tatueringar\" \/>\n<meta property=\"og:description\" content=\"Fina magiska k\u00e4rlekstatueringar ritade av en duktig illustrat\u00f6r i Ukraina. Dessa tempor\u00e4ra tatueringar kan anv\u00e4ndas under en ritual, under meditation eller ett yogapass. V\u00e5ra tempor\u00e4ra tatueringar kan appliceras dels p\u00e5 huden s\u00e5klart men ocks\u00e5 p\u00e5 andra underlag som sten, tr\u00e4, plast och stearin. Vi \u00e4lskar kombinationen av svart, lila och bl\u00e5tt och arket \u00e4r fyllt med sm\u00e5 tatueringar med ett tema av k\u00e4rlek, magi, yoga och ritual. Vi trycker och skickar din order inom 24 timmar och dessa tempor\u00e4ra tatueringar h\u00e5ller l\u00e4nge och ser bra ut!  Storlek ark: A5 Antal tatueringar: 35 Storlek st\u00f6rsta tatuering: 6X4cm\" \/>\n<meta property=\"og:url\" content=\"https:\/\/likeink.com\/sv\/gnuggisar\/magiska-karlekstatueringar\/\" \/>\n<meta property=\"og:site_name\" content=\"Like ink\" \/>\n<meta property=\"article:publisher\" content=\"https:\/\/www.facebook.com\/LikeInkSe\" \/>\n<meta property=\"article:modified_time\" content=\"2026-04-15T07:05:08+00:00\" \/>\n<meta property=\"og:image\" content=\"https:\/\/likeink.com\/wp-content\/uploads\/2022\/01\/MagicLove-TattooSheet-Likeink.jpg\" \/>\n\t<meta property=\"og:image:width\" content=\"860\" \/>\n\t<meta property=\"og:image:height\" content=\"606\" \/>\n\t<meta property=\"og:image:type\" content=\"image\/jpeg\" \/>\n<meta name=\"twitter:card\" content=\"summary_large_image\" \/>\n<script type=\"application\/ld+json\" class=\"yoast-schema-graph\">{\"@context\":\"https:\\\/\\\/schema.org\",\"@graph\":[{\"@type\":\"WebPage\",\"@id\":\"https:\\\/\\\/likeink.com\\\/sv\\\/gnuggisar\\\/magiska-karlekstatueringar\\\/\",\"url\":\"https:\\\/\\\/likeink.com\\\/sv\\\/gnuggisar\\\/magiska-karlekstatueringar\\\/\",\"name\":\"K\u00f6p magiska k\u00e4rlekstatueringar I Gnuggisar - Like ink\",\"isPartOf\":{\"@id\":\"https:\\\/\\\/likeink.com\\\/sv\\\/#website\"},\"primaryImageOfPage\":{\"@id\":\"https:\\\/\\\/likeink.com\\\/sv\\\/gnuggisar\\\/magiska-karlekstatueringar\\\/#primaryimage\"},\"image\":{\"@id\":\"https:\\\/\\\/likeink.com\\\/sv\\\/gnuggisar\\\/magiska-karlekstatueringar\\\/#primaryimage\"},\"thumbnailUrl\":\"https:\\\/\\\/likeink.com\\\/wp-content\\\/uploads\\\/2022\\\/01\\\/MagicLove-TattooSheet-Likeink.jpg\",\"datePublished\":\"2022-01-22T15:26:15+00:00\",\"dateModified\":\"2026-04-15T07:05:08+00:00\",\"description\":\"Tempor\u00e4ra tatueringar perfekt f\u00f6r en f\u00f6rtrollande och magisk k\u00e4rleksritual. Alla tatueringar trycks i Malm\u00f6 och skickas inom 24h. - Like ink\",\"breadcrumb\":{\"@id\":\"https:\\\/\\\/likeink.com\\\/sv\\\/gnuggisar\\\/magiska-karlekstatueringar\\\/#breadcrumb\"},\"inLanguage\":\"sv-SE\",\"potentialAction\":[{\"@type\":\"ReadAction\",\"target\":[\"https:\\\/\\\/likeink.com\\\/sv\\\/gnuggisar\\\/magiska-karlekstatueringar\\\/\"]}]},{\"@type\":\"ImageObject\",\"inLanguage\":\"sv-SE\",\"@id\":\"https:\\\/\\\/likeink.com\\\/sv\\\/gnuggisar\\\/magiska-karlekstatueringar\\\/#primaryimage\",\"url\":\"https:\\\/\\\/likeink.com\\\/wp-content\\\/uploads\\\/2022\\\/01\\\/MagicLove-TattooSheet-Likeink.jpg\",\"contentUrl\":\"https:\\\/\\\/likeink.com\\\/wp-content\\\/uploads\\\/2022\\\/01\\\/MagicLove-TattooSheet-Likeink.jpg\",\"width\":860,\"height\":606,\"caption\":\"Att ark fyllt med magiska k\u00e4rlekstatueringar. Dr\u00f6mf\u00e5ngare, diamanter, yoga och knivar.\"},{\"@type\":\"BreadcrumbList\",\"@id\":\"https:\\\/\\\/likeink.com\\\/sv\\\/gnuggisar\\\/magiska-karlekstatueringar\\\/#breadcrumb\",\"itemListElement\":[{\"@type\":\"ListItem\",\"position\":1,\"name\":\"Hem\",\"item\":\"https:\\\/\\\/likeink.com\\\/sv\\\/\"},{\"@type\":\"ListItem\",\"position\":2,\"name\":\"Webbutik\",\"item\":\"https:\\\/\\\/likeink.com\\\/sv\\\/webbutik\\\/\"},{\"@type\":\"ListItem\",\"position\":3,\"name\":\"Magiska k\u00e4rleks-tatueringar\"}]},{\"@type\":\"WebSite\",\"@id\":\"https:\\\/\\\/likeink.com\\\/sv\\\/#website\",\"url\":\"https:\\\/\\\/likeink.com\\\/sv\\\/\",\"name\":\"Like ink\",\"description\":\"Make your own custom design\",\"potentialAction\":[{\"@type\":\"SearchAction\",\"target\":{\"@type\":\"EntryPoint\",\"urlTemplate\":\"https:\\\/\\\/likeink.com\\\/sv\\\/?s={search_term_string}\"},\"query-input\":{\"@type\":\"PropertyValueSpecification\",\"valueRequired\":true,\"valueName\":\"search_term_string\"}}],\"inLanguage\":\"sv-SE\"}]}<\/script>\n<!-- \/ Yoast SEO Premium plugin. -->","yoast_head_json":{"title":"K\u00f6p magiska k\u00e4rlekstatueringar I Gnuggisar - Like ink","description":"Tempor\u00e4ra tatueringar perfekt f\u00f6r en f\u00f6rtrollande och magisk k\u00e4rleksritual. Alla tatueringar trycks i Malm\u00f6 och skickas inom 24h. - Like ink","robots":{"index":"index","follow":"follow","max-snippet":"max-snippet:-1","max-image-preview":"max-image-preview:large","max-video-preview":"max-video-preview:-1"},"canonical":"https:\/\/likeink.com\/sv\/gnuggisar\/magiska-karlekstatueringar\/","og_locale":"sv_SE","og_type":"article","og_title":"Magiska k\u00e4rleks-tatueringar","og_description":"Fina magiska k\u00e4rlekstatueringar ritade av en duktig illustrat\u00f6r i Ukraina. Dessa tempor\u00e4ra tatueringar kan anv\u00e4ndas under en ritual, under meditation eller ett yogapass. V\u00e5ra tempor\u00e4ra tatueringar kan appliceras dels p\u00e5 huden s\u00e5klart men ocks\u00e5 p\u00e5 andra underlag som sten, tr\u00e4, plast och stearin. Vi \u00e4lskar kombinationen av svart, lila och bl\u00e5tt och arket \u00e4r fyllt med sm\u00e5 tatueringar med ett tema av k\u00e4rlek, magi, yoga och ritual. Vi trycker och skickar din order inom 24 timmar och dessa tempor\u00e4ra tatueringar h\u00e5ller l\u00e4nge och ser bra ut!  Storlek ark: A5 Antal tatueringar: 35 Storlek st\u00f6rsta tatuering: 6X4cm","og_url":"https:\/\/likeink.com\/sv\/gnuggisar\/magiska-karlekstatueringar\/","og_site_name":"Like ink","article_publisher":"https:\/\/www.facebook.com\/LikeInkSe","article_modified_time":"2026-04-15T07:05:08+00:00","og_image":[{"width":860,"height":606,"url":"https:\/\/likeink.com\/wp-content\/uploads\/2022\/01\/MagicLove-TattooSheet-Likeink.jpg","type":"image\/jpeg"}],"twitter_card":"summary_large_image","schema":{"@context":"https:\/\/schema.org","@graph":[{"@type":"WebPage","@id":"https:\/\/likeink.com\/sv\/gnuggisar\/magiska-karlekstatueringar\/","url":"https:\/\/likeink.com\/sv\/gnuggisar\/magiska-karlekstatueringar\/","name":"K\u00f6p magiska k\u00e4rlekstatueringar I Gnuggisar - Like ink","isPartOf":{"@id":"https:\/\/likeink.com\/sv\/#website"},"primaryImageOfPage":{"@id":"https:\/\/likeink.com\/sv\/gnuggisar\/magiska-karlekstatueringar\/#primaryimage"},"image":{"@id":"https:\/\/likeink.com\/sv\/gnuggisar\/magiska-karlekstatueringar\/#primaryimage"},"thumbnailUrl":"https:\/\/likeink.com\/wp-content\/uploads\/2022\/01\/MagicLove-TattooSheet-Likeink.jpg","datePublished":"2022-01-22T15:26:15+00:00","dateModified":"2026-04-15T07:05:08+00:00","description":"Tempor\u00e4ra tatueringar perfekt f\u00f6r en f\u00f6rtrollande och magisk k\u00e4rleksritual. Alla tatueringar trycks i Malm\u00f6 och skickas inom 24h. - Like ink","breadcrumb":{"@id":"https:\/\/likeink.com\/sv\/gnuggisar\/magiska-karlekstatueringar\/#breadcrumb"},"inLanguage":"sv-SE","potentialAction":[{"@type":"ReadAction","target":["https:\/\/likeink.com\/sv\/gnuggisar\/magiska-karlekstatueringar\/"]}]},{"@type":"ImageObject","inLanguage":"sv-SE","@id":"https:\/\/likeink.com\/sv\/gnuggisar\/magiska-karlekstatueringar\/#primaryimage","url":"https:\/\/likeink.com\/wp-content\/uploads\/2022\/01\/MagicLove-TattooSheet-Likeink.jpg","contentUrl":"https:\/\/likeink.com\/wp-content\/uploads\/2022\/01\/MagicLove-TattooSheet-Likeink.jpg","width":860,"height":606,"caption":"Att ark fyllt med magiska k\u00e4rlekstatueringar. Dr\u00f6mf\u00e5ngare, diamanter, yoga och knivar."},{"@type":"BreadcrumbList","@id":"https:\/\/likeink.com\/sv\/gnuggisar\/magiska-karlekstatueringar\/#breadcrumb","itemListElement":[{"@type":"ListItem","position":1,"name":"Hem","item":"https:\/\/likeink.com\/sv\/"},{"@type":"ListItem","position":2,"name":"Webbutik","item":"https:\/\/likeink.com\/sv\/webbutik\/"},{"@type":"ListItem","position":3,"name":"Magiska k\u00e4rleks-tatueringar"}]},{"@type":"WebSite","@id":"https:\/\/likeink.com\/sv\/#website","url":"https:\/\/likeink.com\/sv\/","name":"Like ink","description":"Make your own custom design","potentialAction":[{"@type":"SearchAction","target":{"@type":"EntryPoint","urlTemplate":"https:\/\/likeink.com\/sv\/?s={search_term_string}"},"query-input":{"@type":"PropertyValueSpecification","valueRequired":true,"valueName":"search_term_string"}}],"inLanguage":"sv-SE"}]}},"_links":{"self":[{"href":"https:\/\/likeink.com\/sv\/wp-json\/wp\/v2\/product\/8036","targetHints":{"allow":["GET"]}}],"collection":[{"href":"https:\/\/likeink.com\/sv\/wp-json\/wp\/v2\/product"}],"about":[{"href":"https:\/\/likeink.com\/sv\/wp-json\/wp\/v2\/types\/product"}],"wp:featuredmedia":[{"embeddable":true,"href":"https:\/\/likeink.com\/sv\/wp-json\/wp\/v2\/media\/8034"}],"wp:attachment":[{"href":"https:\/\/likeink.com\/sv\/wp-json\/wp\/v2\/media?parent=8036"}],"wp:term":[{"taxonomy":"product_brand","embeddable":true,"href":"https:\/\/likeink.com\/sv\/wp-json\/wp\/v2\/product_brand?post=8036"},{"taxonomy":"product_cat","embeddable":true,"href":"https:\/\/likeink.com\/sv\/wp-json\/wp\/v2\/product_cat?post=8036"},{"taxonomy":"product_tag","embeddable":true,"href":"https:\/\/likeink.com\/sv\/wp-json\/wp\/v2\/product_tag?post=8036"}],"curies":[{"name":"wp","href":"https:\/\/api.w.org\/{rel}","templated":true}]}}