{"id":804,"date":"2019-03-05T14:24:22","date_gmt":"2019-03-05T14:24:22","guid":{"rendered":"https:\/\/likeink.se\/?post_type=product&#038;p=804"},"modified":"2026-04-14T13:03:06","modified_gmt":"2026-04-14T13:03:06","slug":"pokemon","status":"publish","type":"product","link":"https:\/\/likeink.com\/sv\/gnuggisar\/pokemon\/","title":{"rendered":"Pok\u00e8mon Tatueringar"},"content":{"rendered":"","protected":false},"excerpt":{"rendered":"<p>V\u00e5ra f\u00e4rdiga ark med eng\u00e5ngstatueringar \u00e4r cirka 20&#215;15 cm stora och det h\u00e4r arket inneh\u00e5ller motiv av Pokemon. Kan ni hitta alla roliga motiv? Pokemontatueringar \u00e4r perfekt till alla som \u00e4lskar Pokemon och ska ut p\u00e5 Pokemon-\u00e4ventyr.<\/p>\n<h2>Roliga eng\u00e5ngstatueringar med motiv av Pok\u00e9mon<\/h2>\n<p>Vi trycker dina tatueringar i Malm\u00f6 och skickar inom ett dygn fr\u00e5n det att du best\u00e4llt.<\/p>\n<p>Antal tatueringar: 26<br \/>\nStorlek p\u00e5 tatueringarna: 2-5 cm.<\/p>\n","protected":false},"featured_media":59914,"template":"","meta":[],"product_brand":[],"product_cat":[493,17],"product_tag":[],"class_list":{"0":"post-804","1":"product","2":"type-product","3":"status-publish","4":"has-post-thumbnail","6":"product_cat-barnkalas","7":"product_cat-fardiga-ark","9":"first","10":"instock","11":"taxable","12":"shipping-taxable","13":"purchasable","14":"product-type-simple"},"yoast_head":"<!-- This site is optimized with the Yoast SEO Premium plugin v26.2 (Yoast SEO v27.5) - https:\/\/yoast.com\/product\/yoast-seo-premium-wordpress\/ -->\n<title>K\u00f6p fake tatueringar | Pokemon Tatueringar | Fri frakt - Like ink<\/title>\n<meta name=\"description\" content=\"Fake tattoos med motiv av Pokemon som vi tagit fram . Att leta Pokemons blir helt klart roligare med gnuggisar! - Like ink\" \/>\n<meta name=\"robots\" content=\"index, follow, max-snippet:-1, max-image-preview:large, max-video-preview:-1\" \/>\n<link rel=\"canonical\" href=\"https:\/\/likeink.com\/sv\/gnuggisar\/pokemon\/\" \/>\n<meta property=\"og:locale\" content=\"sv_SE\" \/>\n<meta property=\"og:type\" content=\"article\" \/>\n<meta property=\"og:title\" content=\"Pok\u00e8mon Tatueringar\" \/>\n<meta property=\"og:description\" content=\"V\u00e5ra f\u00e4rdiga ark med eng\u00e5ngstatueringar \u00e4r cirka 20x15 cm stora och det h\u00e4r arket inneh\u00e5ller motiv av Pokemon. Kan ni hitta alla roliga motiv? Pokemontatueringar \u00e4r perfekt till alla som \u00e4lskar Pokemon och ska ut p\u00e5 Pokemon-\u00e4ventyr. Roliga eng\u00e5ngstatueringar med motiv av Pok\u00e9mon Vi trycker dina tatueringar i Malm\u00f6 och skickar inom ett dygn fr\u00e5n det att du best\u00e4llt.  Antal tatueringar: 26 Storlek p\u00e5 tatueringarna: 2-5 cm.\" \/>\n<meta property=\"og:url\" content=\"https:\/\/likeink.com\/sv\/gnuggisar\/pokemon\/\" \/>\n<meta property=\"og:site_name\" content=\"Like ink\" \/>\n<meta property=\"article:publisher\" content=\"https:\/\/www.facebook.com\/LikeInkSe\" \/>\n<meta property=\"article:modified_time\" content=\"2026-04-14T13:03:06+00:00\" \/>\n<meta property=\"og:image\" content=\"https:\/\/likeink.com\/wp-content\/uploads\/2026\/03\/Pokemon-temporary-tattoos-likeink-1024x722.png\" \/>\n\t<meta property=\"og:image:width\" content=\"1024\" \/>\n\t<meta property=\"og:image:height\" content=\"722\" \/>\n\t<meta property=\"og:image:type\" content=\"image\/png\" \/>\n<meta name=\"twitter:card\" content=\"summary_large_image\" \/>\n<meta name=\"twitter:label1\" content=\"Ber\u00e4knad l\u00e4stid\" \/>\n\t<meta name=\"twitter:data1\" content=\"1 minut\" \/>\n<!-- \/ Yoast SEO Premium plugin. -->","yoast_head_json":{"title":"K\u00f6p fake tatueringar | Pokemon Tatueringar | Fri frakt - Like ink","description":"Fake tattoos med motiv av Pokemon som vi tagit fram . Att leta Pokemons blir helt klart roligare med gnuggisar! - Like ink","robots":{"index":"index","follow":"follow","max-snippet":"max-snippet:-1","max-image-preview":"max-image-preview:large","max-video-preview":"max-video-preview:-1"},"canonical":"https:\/\/likeink.com\/sv\/gnuggisar\/pokemon\/","og_locale":"sv_SE","og_type":"article","og_title":"Pok\u00e8mon Tatueringar","og_description":"V\u00e5ra f\u00e4rdiga ark med eng\u00e5ngstatueringar \u00e4r cirka 20x15 cm stora och det h\u00e4r arket inneh\u00e5ller motiv av Pokemon. Kan ni hitta alla roliga motiv? Pokemontatueringar \u00e4r perfekt till alla som \u00e4lskar Pokemon och ska ut p\u00e5 Pokemon-\u00e4ventyr. Roliga eng\u00e5ngstatueringar med motiv av Pok\u00e9mon Vi trycker dina tatueringar i Malm\u00f6 och skickar inom ett dygn fr\u00e5n det att du best\u00e4llt.  Antal tatueringar: 26 Storlek p\u00e5 tatueringarna: 2-5 cm.","og_url":"https:\/\/likeink.com\/sv\/gnuggisar\/pokemon\/","og_site_name":"Like ink","article_publisher":"https:\/\/www.facebook.com\/LikeInkSe","article_modified_time":"2026-04-14T13:03:06+00:00","og_image":[{"width":1024,"height":722,"url":"https:\/\/likeink.com\/wp-content\/uploads\/2026\/03\/Pokemon-temporary-tattoos-likeink-1024x722.png","type":"image\/png"}],"twitter_card":"summary_large_image","twitter_misc":{"Ber\u00e4knad l\u00e4stid":"1 minut"},"schema":{"@context":"https:\/\/schema.org","@graph":[{"@type":"WebPage","@id":"https:\/\/likeink.com\/sv\/gnuggisar\/pokemon\/","url":"https:\/\/likeink.com\/sv\/gnuggisar\/pokemon\/","name":"K\u00f6p fake tatueringar | Pokemon Tatueringar | Fri frakt - Like ink","isPartOf":{"@id":"https:\/\/likeink.com\/sv\/#website"},"primaryImageOfPage":{"@id":"https:\/\/likeink.com\/sv\/gnuggisar\/pokemon\/#primaryimage"},"image":{"@id":"https:\/\/likeink.com\/sv\/gnuggisar\/pokemon\/#primaryimage"},"thumbnailUrl":"https:\/\/likeink.com\/wp-content\/uploads\/2026\/03\/Pokemon-temporary-tattoos-likeink.png","datePublished":"2019-03-05T14:24:22+00:00","dateModified":"2026-04-14T13:03:06+00:00","description":"Fake tattoos med motiv av Pokemon som vi tagit fram . Att leta Pokemons blir helt klart roligare med gnuggisar! - Like ink","breadcrumb":{"@id":"https:\/\/likeink.com\/sv\/gnuggisar\/pokemon\/#breadcrumb"},"inLanguage":"sv-SE","potentialAction":[{"@type":"ReadAction","target":["https:\/\/likeink.com\/sv\/gnuggisar\/pokemon\/"]}]},{"@type":"ImageObject","inLanguage":"sv-SE","@id":"https:\/\/likeink.com\/sv\/gnuggisar\/pokemon\/#primaryimage","url":"https:\/\/likeink.com\/wp-content\/uploads\/2026\/03\/Pokemon-temporary-tattoos-likeink.png","contentUrl":"https:\/\/likeink.com\/wp-content\/uploads\/2026\/03\/Pokemon-temporary-tattoos-likeink.png","width":2481,"height":1749,"caption":"Ett f\u00e4rgglatt collage av olika Pok\u00e9mon-figurer, Pok\u00e9bollar, elementarsymboler och stj\u00e4rnor, med Pikachu, Eevee, Bulbasaur, Charmander, Sandshrew och andra p\u00e5 en vit bakgrund."},{"@type":"BreadcrumbList","@id":"https:\/\/likeink.com\/sv\/gnuggisar\/pokemon\/#breadcrumb","itemListElement":[{"@type":"ListItem","position":1,"name":"Hem","item":"https:\/\/likeink.com\/sv\/"},{"@type":"ListItem","position":2,"name":"Webbutik","item":"https:\/\/likeink.com\/sv\/webbutik\/"},{"@type":"ListItem","position":3,"name":"Pok\u00e8mon Tatueringar"}]},{"@type":"WebSite","@id":"https:\/\/likeink.com\/sv\/#website","url":"https:\/\/likeink.com\/sv\/","name":"Like ink","description":"Make your own custom design","potentialAction":[{"@type":"SearchAction","target":{"@type":"EntryPoint","urlTemplate":"https:\/\/likeink.com\/sv\/?s={search_term_string}"},"query-input":{"@type":"PropertyValueSpecification","valueRequired":true,"valueName":"search_term_string"}}],"inLanguage":"sv-SE"}]}},"_links":{"self":[{"href":"https:\/\/likeink.com\/sv\/wp-json\/wp\/v2\/product\/804","targetHints":{"allow":["GET"]}}],"collection":[{"href":"https:\/\/likeink.com\/sv\/wp-json\/wp\/v2\/product"}],"about":[{"href":"https:\/\/likeink.com\/sv\/wp-json\/wp\/v2\/types\/product"}],"wp:featuredmedia":[{"embeddable":true,"href":"https:\/\/likeink.com\/sv\/wp-json\/wp\/v2\/media\/59914"}],"wp:attachment":[{"href":"https:\/\/likeink.com\/sv\/wp-json\/wp\/v2\/media?parent=804"}],"wp:term":[{"taxonomy":"product_brand","embeddable":true,"href":"https:\/\/likeink.com\/sv\/wp-json\/wp\/v2\/product_brand?post=804"},{"taxonomy":"product_cat","embeddable":true,"href":"https:\/\/likeink.com\/sv\/wp-json\/wp\/v2\/product_cat?post=804"},{"taxonomy":"product_tag","embeddable":true,"href":"https:\/\/likeink.com\/sv\/wp-json\/wp\/v2\/product_tag?post=804"}],"curies":[{"name":"wp","href":"https:\/\/api.w.org\/{rel}","templated":true}]}}