{"id":8055,"date":"2022-01-22T16:54:47","date_gmt":"2022-01-22T16:54:47","guid":{"rendered":"https:\/\/likeink.se\/?post_type=product&#038;p=8055"},"modified":"2026-04-14T14:03:25","modified_gmt":"2026-04-14T14:03:25","slug":"de-dodas-dag-svarta-doskalletatueringar","status":"publish","type":"product","link":"https:\/\/likeink.com\/sv\/gnuggisar\/de-dodas-dag-svarta-doskalletatueringar\/","title":{"rendered":"De d\u00f6das dag svarta d\u00f6skalle-tatueringar"},"content":{"rendered":"","protected":false},"excerpt":{"rendered":"<p>Tatueringsark med svarta mexikanska d\u00f6skallar som ofta ses p\u00e5 de d\u00f6das dag i Mexiko.<br \/>\nDe d\u00f6das dag (spanska: D\u00eda de muertos\/ D\u00edas de muertos) \u00e4r en viktig och stor religi\u00f6s h\u00f6gtid i Mexiko som infaller den 2 november. Det \u00e4r samma dag som Alla sj\u00e4lars dag firas inom Romersk-katolska kyrkan, bland annat i Sverige. H\u00f6gtiden De d\u00f6das dag har sitt ursprung i en synkretism mellan de f\u00f6rspanska urfolkskulturerna i Mesoamerika och katolicismen.<br \/>\nArket inneh\u00e5ller 3 stora svarta d\u00f6skalletatueringar, 6 medelstora tatueringar och 6 sm\u00e5 tatueringar. Kanske inte klockrena p\u00e5 Alla hj\u00e4rtans dag men i \u00f6vrigt passar ju d\u00f6skallar alltid hur bra som helst!<\/p>\n<p>Vi trycker och skickar din order inom 24 timmar!<\/p>\n<p>Storlek ark: A5<br \/>\nAntal tatueringar: 15<br \/>\nStorlek tatueringar: St\u00f6rsta \u00e4r ca 7 cm.<\/p>\n","protected":false},"featured_media":8049,"template":"","meta":[],"product_brand":[],"product_cat":[17,490],"product_tag":[],"class_list":{"0":"post-8055","1":"product","2":"type-product","3":"status-publish","4":"has-post-thumbnail","6":"product_cat-fardiga-ark","7":"product_cat-maskerad-sasong","9":"first","10":"instock","11":"taxable","12":"shipping-taxable","13":"purchasable","14":"product-type-simple"},"yoast_head":"<!-- This site is optimized with the Yoast SEO Premium plugin v26.2 (Yoast SEO v27.5) - https:\/\/yoast.com\/product\/yoast-seo-premium-wordpress\/ -->\n<title>K\u00f6p d\u00f6skallar I De d\u00f6das dag (D\u00eda de Muertos)- Like ink<\/title>\n<meta name=\"description\" content=\"Mexikanska svarta d\u00f6skalletatueringar i olika storlekar. Ett A5 ark kostar 98 kr och tatueringarna skickas inom 24h. - Like ink\" \/>\n<meta name=\"robots\" content=\"index, follow, max-snippet:-1, max-image-preview:large, max-video-preview:-1\" \/>\n<link rel=\"canonical\" href=\"https:\/\/likeink.com\/sv\/gnuggisar\/de-dodas-dag-svarta-doskalletatueringar\/\" \/>\n<meta property=\"og:locale\" content=\"sv_SE\" \/>\n<meta property=\"og:type\" content=\"article\" \/>\n<meta property=\"og:title\" content=\"De d\u00f6das dag svarta d\u00f6skalle-tatueringar\" \/>\n<meta property=\"og:description\" content=\"Tatueringsark med svarta mexikanska d\u00f6skallar som ofta ses p\u00e5 de d\u00f6das dag i Mexiko. De d\u00f6das dag (spanska: D\u00eda de muertos\/ D\u00edas de muertos) \u00e4r en viktig och stor religi\u00f6s h\u00f6gtid i Mexiko som infaller den 2 november. Det \u00e4r samma dag som Alla sj\u00e4lars dag firas inom Romersk-katolska kyrkan, bland annat i Sverige. H\u00f6gtiden De d\u00f6das dag har sitt ursprung i en synkretism mellan de f\u00f6rspanska urfolkskulturerna i Mesoamerika och katolicismen. Arket inneh\u00e5ller 3 stora svarta d\u00f6skalletatueringar, 6 medelstora tatueringar och 6 sm\u00e5 tatueringar. Kanske inte klockrena p\u00e5 Alla hj\u00e4rtans dag men i \u00f6vrigt passar ju d\u00f6skallar alltid hur bra som helst!  Vi trycker och skickar din order inom 24 timmar!  Storlek ark: A5 Antal tatueringar: 15 Storlek tatueringar: St\u00f6rsta \u00e4r ca 7 cm.\" \/>\n<meta property=\"og:url\" content=\"https:\/\/likeink.com\/sv\/gnuggisar\/de-dodas-dag-svarta-doskalletatueringar\/\" \/>\n<meta property=\"og:site_name\" content=\"Like ink\" \/>\n<meta property=\"article:publisher\" content=\"https:\/\/www.facebook.com\/LikeInkSe\" \/>\n<meta property=\"article:modified_time\" content=\"2026-04-14T14:03:25+00:00\" \/>\n<meta property=\"og:image\" content=\"https:\/\/likeink.com\/wp-content\/uploads\/2022\/01\/Mexikanska-svarta-doskallar-likeink.jpg\" \/>\n\t<meta property=\"og:image:width\" content=\"900\" \/>\n\t<meta property=\"og:image:height\" content=\"634\" \/>\n\t<meta property=\"og:image:type\" content=\"image\/jpeg\" \/>\n<meta name=\"twitter:card\" content=\"summary_large_image\" \/>\n<!-- \/ Yoast SEO Premium plugin. -->","yoast_head_json":{"title":"K\u00f6p d\u00f6skallar I De d\u00f6das dag (D\u00eda de Muertos)- Like ink","description":"Mexikanska svarta d\u00f6skalletatueringar i olika storlekar. Ett A5 ark kostar 98 kr och tatueringarna skickas inom 24h. - Like ink","robots":{"index":"index","follow":"follow","max-snippet":"max-snippet:-1","max-image-preview":"max-image-preview:large","max-video-preview":"max-video-preview:-1"},"canonical":"https:\/\/likeink.com\/sv\/gnuggisar\/de-dodas-dag-svarta-doskalletatueringar\/","og_locale":"sv_SE","og_type":"article","og_title":"De d\u00f6das dag svarta d\u00f6skalle-tatueringar","og_description":"Tatueringsark med svarta mexikanska d\u00f6skallar som ofta ses p\u00e5 de d\u00f6das dag i Mexiko. De d\u00f6das dag (spanska: D\u00eda de muertos\/ D\u00edas de muertos) \u00e4r en viktig och stor religi\u00f6s h\u00f6gtid i Mexiko som infaller den 2 november. Det \u00e4r samma dag som Alla sj\u00e4lars dag firas inom Romersk-katolska kyrkan, bland annat i Sverige. H\u00f6gtiden De d\u00f6das dag har sitt ursprung i en synkretism mellan de f\u00f6rspanska urfolkskulturerna i Mesoamerika och katolicismen. Arket inneh\u00e5ller 3 stora svarta d\u00f6skalletatueringar, 6 medelstora tatueringar och 6 sm\u00e5 tatueringar. Kanske inte klockrena p\u00e5 Alla hj\u00e4rtans dag men i \u00f6vrigt passar ju d\u00f6skallar alltid hur bra som helst!  Vi trycker och skickar din order inom 24 timmar!  Storlek ark: A5 Antal tatueringar: 15 Storlek tatueringar: St\u00f6rsta \u00e4r ca 7 cm.","og_url":"https:\/\/likeink.com\/sv\/gnuggisar\/de-dodas-dag-svarta-doskalletatueringar\/","og_site_name":"Like ink","article_publisher":"https:\/\/www.facebook.com\/LikeInkSe","article_modified_time":"2026-04-14T14:03:25+00:00","og_image":[{"width":900,"height":634,"url":"https:\/\/likeink.com\/wp-content\/uploads\/2022\/01\/Mexikanska-svarta-doskallar-likeink.jpg","type":"image\/jpeg"}],"twitter_card":"summary_large_image","schema":{"@context":"https:\/\/schema.org","@graph":[{"@type":"WebPage","@id":"https:\/\/likeink.com\/sv\/gnuggisar\/de-dodas-dag-svarta-doskalletatueringar\/","url":"https:\/\/likeink.com\/sv\/gnuggisar\/de-dodas-dag-svarta-doskalletatueringar\/","name":"K\u00f6p d\u00f6skallar I De d\u00f6das dag (D\u00eda de Muertos)- Like ink","isPartOf":{"@id":"https:\/\/likeink.com\/sv\/#website"},"primaryImageOfPage":{"@id":"https:\/\/likeink.com\/sv\/gnuggisar\/de-dodas-dag-svarta-doskalletatueringar\/#primaryimage"},"image":{"@id":"https:\/\/likeink.com\/sv\/gnuggisar\/de-dodas-dag-svarta-doskalletatueringar\/#primaryimage"},"thumbnailUrl":"https:\/\/likeink.com\/wp-content\/uploads\/2022\/01\/Mexikanska-svarta-doskallar-likeink.jpg","datePublished":"2022-01-22T16:54:47+00:00","dateModified":"2026-04-14T14:03:25+00:00","description":"Mexikanska svarta d\u00f6skalletatueringar i olika storlekar. Ett A5 ark kostar 98 kr och tatueringarna skickas inom 24h. - Like ink","breadcrumb":{"@id":"https:\/\/likeink.com\/sv\/gnuggisar\/de-dodas-dag-svarta-doskalletatueringar\/#breadcrumb"},"inLanguage":"sv-SE","potentialAction":[{"@type":"ReadAction","target":["https:\/\/likeink.com\/sv\/gnuggisar\/de-dodas-dag-svarta-doskalletatueringar\/"]}]},{"@type":"ImageObject","inLanguage":"sv-SE","@id":"https:\/\/likeink.com\/sv\/gnuggisar\/de-dodas-dag-svarta-doskalletatueringar\/#primaryimage","url":"https:\/\/likeink.com\/wp-content\/uploads\/2022\/01\/Mexikanska-svarta-doskallar-likeink.jpg","contentUrl":"https:\/\/likeink.com\/wp-content\/uploads\/2022\/01\/Mexikanska-svarta-doskallar-likeink.jpg","width":900,"height":634,"caption":"Ark med mexikanska d\u00f6skallar som fake tatueringar."},{"@type":"BreadcrumbList","@id":"https:\/\/likeink.com\/sv\/gnuggisar\/de-dodas-dag-svarta-doskalletatueringar\/#breadcrumb","itemListElement":[{"@type":"ListItem","position":1,"name":"Hem","item":"https:\/\/likeink.com\/sv\/"},{"@type":"ListItem","position":2,"name":"Webbutik","item":"https:\/\/likeink.com\/sv\/webbutik\/"},{"@type":"ListItem","position":3,"name":"De d\u00f6das dag svarta d\u00f6skalle-tatueringar"}]},{"@type":"WebSite","@id":"https:\/\/likeink.com\/sv\/#website","url":"https:\/\/likeink.com\/sv\/","name":"Like ink","description":"Make your own custom design","potentialAction":[{"@type":"SearchAction","target":{"@type":"EntryPoint","urlTemplate":"https:\/\/likeink.com\/sv\/?s={search_term_string}"},"query-input":{"@type":"PropertyValueSpecification","valueRequired":true,"valueName":"search_term_string"}}],"inLanguage":"sv-SE"}]}},"_links":{"self":[{"href":"https:\/\/likeink.com\/sv\/wp-json\/wp\/v2\/product\/8055","targetHints":{"allow":["GET"]}}],"collection":[{"href":"https:\/\/likeink.com\/sv\/wp-json\/wp\/v2\/product"}],"about":[{"href":"https:\/\/likeink.com\/sv\/wp-json\/wp\/v2\/types\/product"}],"wp:featuredmedia":[{"embeddable":true,"href":"https:\/\/likeink.com\/sv\/wp-json\/wp\/v2\/media\/8049"}],"wp:attachment":[{"href":"https:\/\/likeink.com\/sv\/wp-json\/wp\/v2\/media?parent=8055"}],"wp:term":[{"taxonomy":"product_brand","embeddable":true,"href":"https:\/\/likeink.com\/sv\/wp-json\/wp\/v2\/product_brand?post=8055"},{"taxonomy":"product_cat","embeddable":true,"href":"https:\/\/likeink.com\/sv\/wp-json\/wp\/v2\/product_cat?post=8055"},{"taxonomy":"product_tag","embeddable":true,"href":"https:\/\/likeink.com\/sv\/wp-json\/wp\/v2\/product_tag?post=8055"}],"curies":[{"name":"wp","href":"https:\/\/api.w.org\/{rel}","templated":true}]}}