{"id":8064,"date":"2022-01-22T17:21:30","date_gmt":"2022-01-22T17:21:30","guid":{"rendered":"https:\/\/likeink.se\/?post_type=product&#038;p=8064"},"modified":"2026-04-14T14:34:56","modified_gmt":"2026-04-14T14:34:56","slug":"suger-skull-tatueringar","status":"publish","type":"product","link":"https:\/\/likeink.com\/sv\/gnuggisar\/suger-skull-tatueringar\/","title":{"rendered":"Suger skull Tatueringar"},"content":{"rendered":"","protected":false},"excerpt":{"rendered":"<p>Ark med elva gnuggis-tatueringar med motiv av olika s\u00e5 kallade Suger Skulls.<br \/>\nSuger Skulls h\u00e4rstammar fr\u00e5n den mexikanska tatueringskulturen och det \u00e4r ofta f\u00e4rgglada d\u00f6skalletatueringar d\u00e4r \u00f6gonen byts ut mot blommor och sj\u00e4lva d\u00f6dskallen fylls med olika symboler, blommor och m\u00f6nster.<br \/>\nHar Suger Skull tatueringar n\u00e5gon betydelse?<br \/>\nSyftet med en suger skull tatuering \u00e4r att hedra och fira personer som har g\u00e5tt bort, som en hyllning till deras liv. Tatueringarna symboliserar ocks\u00e5 \u00e5terf\u00f6delse in i n\u00e4sta steg av livet vilket tar bort den sorgliga aspekten av d\u00f6d.<br \/>\nDe flesta tatuerar nog dessa motiv f\u00f6r att de \u00e4r vackra att titta p\u00e5, Suger Skulle blev popul\u00e4ra i b\u00f6rjan av 2000-talet.<br \/>\nVi trycker och skickar din best\u00e4llning inom 24h. H\u00f6guppl\u00f6sta motiv och gnuggis-tatueringar i bra kvalitet!<\/p>\n<p>Storlek: A5<br \/>\nAntal tatueringar: 11<br \/>\nSt\u00f6rsta tatuering: 7X9 cm.<\/p>\n","protected":false},"featured_media":8058,"template":"","meta":[],"product_brand":[],"product_cat":[17,490],"product_tag":[],"class_list":{"0":"post-8064","1":"product","2":"type-product","3":"status-publish","4":"has-post-thumbnail","6":"product_cat-fardiga-ark","7":"product_cat-maskerad-sasong","9":"first","10":"instock","11":"taxable","12":"shipping-taxable","13":"purchasable","14":"product-type-simple"},"yoast_head":"<!-- This site is optimized with the Yoast SEO Premium plugin v27.5 (Yoast SEO v27.6) - https:\/\/yoast.com\/product\/yoast-seo-premium-wordpress\/ -->\n<title>K\u00f6p Suger skull TatueringarI Med Suger skulle p\u00e5 ark - Like ink<\/title>\n<meta name=\"description\" content=\"Suger skull Tatueringar A5-ark: Ark med olika Suger skull Tatueringar Snabba leveranser och h\u00f6g kvalitet p\u00e5 alla v\u00e5ra tatueringar! - Like ink\" \/>\n<meta name=\"robots\" content=\"index, follow, max-snippet:-1, max-image-preview:large, max-video-preview:-1\" \/>\n<link rel=\"canonical\" href=\"https:\/\/likeink.com\/sv\/gnuggisar\/suger-skull-tatueringar\/\" \/>\n<meta property=\"og:locale\" content=\"sv_SE\" \/>\n<meta property=\"og:type\" content=\"article\" \/>\n<meta property=\"og:title\" content=\"Suger skull Tatueringar\" \/>\n<meta property=\"og:description\" content=\"Ark med elva gnuggis-tatueringar med motiv av olika s\u00e5 kallade Suger Skulls. Suger Skulls h\u00e4rstammar fr\u00e5n den mexikanska tatueringskulturen och det \u00e4r ofta f\u00e4rgglada d\u00f6skalletatueringar d\u00e4r \u00f6gonen byts ut mot blommor och sj\u00e4lva d\u00f6dskallen fylls med olika symboler, blommor och m\u00f6nster. Har Suger Skull tatueringar n\u00e5gon betydelse? Syftet med en suger skull tatuering \u00e4r att hedra och fira personer som har g\u00e5tt bort, som en hyllning till deras liv. Tatueringarna symboliserar ocks\u00e5 \u00e5terf\u00f6delse in i n\u00e4sta steg av livet vilket tar bort den sorgliga aspekten av d\u00f6d. De flesta tatuerar nog dessa motiv f\u00f6r att de \u00e4r vackra att titta p\u00e5, Suger Skulle blev popul\u00e4ra i b\u00f6rjan av 2000-talet. Vi trycker och skickar din best\u00e4llning inom 24h. H\u00f6guppl\u00f6sta motiv och gnuggis-tatueringar i bra kvalitet!  Storlek: A5 Antal tatueringar: 11 St\u00f6rsta tatuering: 7X9 cm.\" \/>\n<meta property=\"og:url\" content=\"https:\/\/likeink.com\/sv\/gnuggisar\/suger-skull-tatueringar\/\" \/>\n<meta property=\"og:site_name\" content=\"Like ink\" \/>\n<meta property=\"article:publisher\" content=\"https:\/\/www.facebook.com\/LikeInkSe\" \/>\n<meta property=\"article:modified_time\" content=\"2026-04-14T14:34:56+00:00\" \/>\n<meta property=\"og:image\" content=\"https:\/\/likeink.com\/wp-content\/uploads\/2022\/01\/Voodoosugerskulls-likeink.jpg\" \/>\n\t<meta property=\"og:image:width\" content=\"1000\" \/>\n\t<meta property=\"og:image:height\" content=\"704\" \/>\n\t<meta property=\"og:image:type\" content=\"image\/jpeg\" \/>\n<meta name=\"twitter:card\" content=\"summary_large_image\" \/>\n<!-- \/ Yoast SEO Premium plugin. -->","yoast_head_json":{"title":"K\u00f6p Suger skull TatueringarI Med Suger skulle p\u00e5 ark - Like ink","description":"Suger skull Tatueringar A5-ark: Ark med olika Suger skull Tatueringar Snabba leveranser och h\u00f6g kvalitet p\u00e5 alla v\u00e5ra tatueringar! - Like ink","robots":{"index":"index","follow":"follow","max-snippet":"max-snippet:-1","max-image-preview":"max-image-preview:large","max-video-preview":"max-video-preview:-1"},"canonical":"https:\/\/likeink.com\/sv\/gnuggisar\/suger-skull-tatueringar\/","og_locale":"sv_SE","og_type":"article","og_title":"Suger skull Tatueringar","og_description":"Ark med elva gnuggis-tatueringar med motiv av olika s\u00e5 kallade Suger Skulls. Suger Skulls h\u00e4rstammar fr\u00e5n den mexikanska tatueringskulturen och det \u00e4r ofta f\u00e4rgglada d\u00f6skalletatueringar d\u00e4r \u00f6gonen byts ut mot blommor och sj\u00e4lva d\u00f6dskallen fylls med olika symboler, blommor och m\u00f6nster. Har Suger Skull tatueringar n\u00e5gon betydelse? Syftet med en suger skull tatuering \u00e4r att hedra och fira personer som har g\u00e5tt bort, som en hyllning till deras liv. Tatueringarna symboliserar ocks\u00e5 \u00e5terf\u00f6delse in i n\u00e4sta steg av livet vilket tar bort den sorgliga aspekten av d\u00f6d. De flesta tatuerar nog dessa motiv f\u00f6r att de \u00e4r vackra att titta p\u00e5, Suger Skulle blev popul\u00e4ra i b\u00f6rjan av 2000-talet. Vi trycker och skickar din best\u00e4llning inom 24h. H\u00f6guppl\u00f6sta motiv och gnuggis-tatueringar i bra kvalitet!  Storlek: A5 Antal tatueringar: 11 St\u00f6rsta tatuering: 7X9 cm.","og_url":"https:\/\/likeink.com\/sv\/gnuggisar\/suger-skull-tatueringar\/","og_site_name":"Like ink","article_publisher":"https:\/\/www.facebook.com\/LikeInkSe","article_modified_time":"2026-04-14T14:34:56+00:00","og_image":[{"width":1000,"height":704,"url":"https:\/\/likeink.com\/wp-content\/uploads\/2022\/01\/Voodoosugerskulls-likeink.jpg","type":"image\/jpeg"}],"twitter_card":"summary_large_image","schema":{"@context":"https:\/\/schema.org","@graph":[{"@type":"WebPage","@id":"https:\/\/likeink.com\/sv\/gnuggisar\/suger-skull-tatueringar\/","url":"https:\/\/likeink.com\/sv\/gnuggisar\/suger-skull-tatueringar\/","name":"K\u00f6p Suger skull TatueringarI Med Suger skulle p\u00e5 ark - Like ink","isPartOf":{"@id":"https:\/\/likeink.com\/sv\/#website"},"primaryImageOfPage":{"@id":"https:\/\/likeink.com\/sv\/gnuggisar\/suger-skull-tatueringar\/#primaryimage"},"image":{"@id":"https:\/\/likeink.com\/sv\/gnuggisar\/suger-skull-tatueringar\/#primaryimage"},"thumbnailUrl":"https:\/\/likeink.com\/wp-content\/uploads\/2022\/01\/Voodoosugerskulls-likeink.jpg","datePublished":"2022-01-22T17:21:30+00:00","dateModified":"2026-04-14T14:34:56+00:00","description":"Suger skull Tatueringar A5-ark: Ark med olika Suger skull Tatueringar Snabba leveranser och h\u00f6g kvalitet p\u00e5 alla v\u00e5ra tatueringar! - Like ink","breadcrumb":{"@id":"https:\/\/likeink.com\/sv\/gnuggisar\/suger-skull-tatueringar\/#breadcrumb"},"inLanguage":"sv-SE","potentialAction":[{"@type":"ReadAction","target":["https:\/\/likeink.com\/sv\/gnuggisar\/suger-skull-tatueringar\/"]}]},{"@type":"ImageObject","inLanguage":"sv-SE","@id":"https:\/\/likeink.com\/sv\/gnuggisar\/suger-skull-tatueringar\/#primaryimage","url":"https:\/\/likeink.com\/wp-content\/uploads\/2022\/01\/Voodoosugerskulls-likeink.jpg","contentUrl":"https:\/\/likeink.com\/wp-content\/uploads\/2022\/01\/Voodoosugerskulls-likeink.jpg","width":1000,"height":704,"caption":"11 sugar skull tatueringar."},{"@type":"BreadcrumbList","@id":"https:\/\/likeink.com\/sv\/gnuggisar\/suger-skull-tatueringar\/#breadcrumb","itemListElement":[{"@type":"ListItem","position":1,"name":"Hem","item":"https:\/\/likeink.com\/sv\/"},{"@type":"ListItem","position":2,"name":"Webbutik","item":"https:\/\/likeink.com\/sv\/webbutik\/"},{"@type":"ListItem","position":3,"name":"Suger skull Tatueringar"}]},{"@type":"WebSite","@id":"https:\/\/likeink.com\/sv\/#website","url":"https:\/\/likeink.com\/sv\/","name":"Like ink","description":"Make your own custom design","potentialAction":[{"@type":"SearchAction","target":{"@type":"EntryPoint","urlTemplate":"https:\/\/likeink.com\/sv\/?s={search_term_string}"},"query-input":{"@type":"PropertyValueSpecification","valueRequired":true,"valueName":"search_term_string"}}],"inLanguage":"sv-SE"}]}},"_links":{"self":[{"href":"https:\/\/likeink.com\/sv\/wp-json\/wp\/v2\/product\/8064","targetHints":{"allow":["GET"]}}],"collection":[{"href":"https:\/\/likeink.com\/sv\/wp-json\/wp\/v2\/product"}],"about":[{"href":"https:\/\/likeink.com\/sv\/wp-json\/wp\/v2\/types\/product"}],"wp:featuredmedia":[{"embeddable":true,"href":"https:\/\/likeink.com\/sv\/wp-json\/wp\/v2\/media\/8058"}],"wp:attachment":[{"href":"https:\/\/likeink.com\/sv\/wp-json\/wp\/v2\/media?parent=8064"}],"wp:term":[{"taxonomy":"product_brand","embeddable":true,"href":"https:\/\/likeink.com\/sv\/wp-json\/wp\/v2\/product_brand?post=8064"},{"taxonomy":"product_cat","embeddable":true,"href":"https:\/\/likeink.com\/sv\/wp-json\/wp\/v2\/product_cat?post=8064"},{"taxonomy":"product_tag","embeddable":true,"href":"https:\/\/likeink.com\/sv\/wp-json\/wp\/v2\/product_tag?post=8064"}],"curies":[{"name":"wp","href":"https:\/\/api.w.org\/{rel}","templated":true}]}}