{"id":8119,"date":"2022-01-25T14:24:19","date_gmt":"2022-01-25T14:24:19","guid":{"rendered":"https:\/\/likeink.se\/?post_type=product&#038;p=8119"},"modified":"2026-04-14T12:52:17","modified_gmt":"2026-04-14T12:52:17","slug":"tribal-masker-a5-ark","status":"publish","type":"product","link":"https:\/\/likeink.com\/sv\/gnuggisar\/tribal-masker-a5-ark\/","title":{"rendered":"Tribal masker"},"content":{"rendered":"","protected":false},"excerpt":{"rendered":"<p>Tribal masker ses ofta som tr\u00e4skulpturer och illustrat\u00f6ren som ritat dessa motiv har inspirerats av afrikanska masker. I Afrikas kultur spelar eller snarare spelade denna typ av masker en viktig roll i ritualer och olika ceremonier.<br \/>\nSyftet \u00e4r olika, det kan handla om att f\u00f6rs\u00e4kra sig om en god sk\u00f6rd och andra \u00f6nskningar som r\u00f6r stammen under fred eller krig.<br \/>\nMaskerna kan ocks\u00e5 visa stamtillh\u00f6righet och symbolisera totemdjur och olika andra f\u00f6rebilder.<\/p>\n<p>V\u00e5ra gnuggistatueringar h\u00e5ller i allt fr\u00e5n 1-7 dagar och \u00e4r av mycket god kvalitet! Vi trycker och skickar inom 24h.<\/p>\n<p>Storlek ark: A5<br \/>\nAntal tatueringar: 6<br \/>\nStorlek tatuering: Ca 6X7 cm.<\/p>\n","protected":false},"featured_media":8113,"template":"","meta":[],"product_brand":[],"product_cat":[17,127,492],"product_tag":[],"class_list":{"0":"post-8119","1":"product","2":"type-product","3":"status-publish","4":"has-post-thumbnail","6":"product_cat-fardiga-ark","7":"product_cat-tribal-tatuering","8":"product_cat-tribal-symboler-runor","10":"first","11":"instock","12":"taxable","13":"shipping-taxable","14":"purchasable","15":"product-type-simple"},"yoast_head":"<!-- This site is optimized with the Yoast SEO Premium plugin v26.2 (Yoast SEO v27.4) - https:\/\/yoast.com\/product\/yoast-seo-premium-wordpress\/ -->\n<title>K\u00f6p Tribal masker I Gnuggisar i bra kvalitet - Like ink<\/title>\n<meta name=\"description\" content=\"A5 ark med 6 stycken Tribal-masker som tempor\u00e4ra tatueringar! Bra kvalitet och snabb leverans, passar perfekt p\u00e5 underarmen! - Like ink\" \/>\n<meta name=\"robots\" content=\"index, follow, max-snippet:-1, max-image-preview:large, max-video-preview:-1\" \/>\n<link rel=\"canonical\" href=\"https:\/\/likeink.com\/sv\/gnuggisar\/tribal-masker-a5-ark\/\" \/>\n<meta property=\"og:locale\" content=\"sv_SE\" \/>\n<meta property=\"og:type\" content=\"article\" \/>\n<meta property=\"og:title\" content=\"Tribal masker\" \/>\n<meta property=\"og:description\" content=\"Tribal masker ses ofta som tr\u00e4skulpturer och illustrat\u00f6ren som ritat dessa motiv har inspirerats av afrikanska masker. I Afrikas kultur spelar eller snarare spelade denna typ av masker en viktig roll i ritualer och olika ceremonier. Syftet \u00e4r olika, det kan handla om att f\u00f6rs\u00e4kra sig om en god sk\u00f6rd och andra \u00f6nskningar som r\u00f6r stammen under fred eller krig. Maskerna kan ocks\u00e5 visa stamtillh\u00f6righet och symbolisera totemdjur och olika andra f\u00f6rebilder.  V\u00e5ra gnuggistatueringar h\u00e5ller i allt fr\u00e5n 1-7 dagar och \u00e4r av mycket god kvalitet! Vi trycker och skickar inom 24h.  Storlek ark: A5 Antal tatueringar: 6 Storlek tatuering: Ca 6X7 cm.\" \/>\n<meta property=\"og:url\" content=\"https:\/\/likeink.com\/sv\/gnuggisar\/tribal-masker-a5-ark\/\" \/>\n<meta property=\"og:site_name\" content=\"Like ink\" \/>\n<meta property=\"article:publisher\" content=\"https:\/\/www.facebook.com\/LikeInkSe\" \/>\n<meta property=\"article:modified_time\" content=\"2026-04-14T12:52:17+00:00\" \/>\n<meta property=\"og:image\" content=\"https:\/\/likeink.com\/wp-content\/uploads\/2022\/01\/TribalMask-Tattoos-Likeink.jpg\" \/>\n\t<meta property=\"og:image:width\" content=\"1000\" \/>\n\t<meta property=\"og:image:height\" content=\"704\" \/>\n\t<meta property=\"og:image:type\" content=\"image\/jpeg\" \/>\n<meta name=\"twitter:card\" content=\"summary_large_image\" \/>\n<script type=\"application\/ld+json\" class=\"yoast-schema-graph\">{\"@context\":\"https:\\\/\\\/schema.org\",\"@graph\":[{\"@type\":\"WebPage\",\"@id\":\"https:\\\/\\\/likeink.com\\\/sv\\\/gnuggisar\\\/tribal-masker-a5-ark\\\/\",\"url\":\"https:\\\/\\\/likeink.com\\\/sv\\\/gnuggisar\\\/tribal-masker-a5-ark\\\/\",\"name\":\"K\u00f6p Tribal masker I Gnuggisar i bra kvalitet - Like ink\",\"isPartOf\":{\"@id\":\"https:\\\/\\\/likeink.com\\\/sv\\\/#website\"},\"primaryImageOfPage\":{\"@id\":\"https:\\\/\\\/likeink.com\\\/sv\\\/gnuggisar\\\/tribal-masker-a5-ark\\\/#primaryimage\"},\"image\":{\"@id\":\"https:\\\/\\\/likeink.com\\\/sv\\\/gnuggisar\\\/tribal-masker-a5-ark\\\/#primaryimage\"},\"thumbnailUrl\":\"https:\\\/\\\/likeink.com\\\/wp-content\\\/uploads\\\/2022\\\/01\\\/TribalMask-Tattoos-Likeink.jpg\",\"datePublished\":\"2022-01-25T14:24:19+00:00\",\"dateModified\":\"2026-04-14T12:52:17+00:00\",\"description\":\"A5 ark med 6 stycken Tribal-masker som tempor\u00e4ra tatueringar! Bra kvalitet och snabb leverans, passar perfekt p\u00e5 underarmen! - Like ink\",\"breadcrumb\":{\"@id\":\"https:\\\/\\\/likeink.com\\\/sv\\\/gnuggisar\\\/tribal-masker-a5-ark\\\/#breadcrumb\"},\"inLanguage\":\"sv-SE\",\"potentialAction\":[{\"@type\":\"ReadAction\",\"target\":[\"https:\\\/\\\/likeink.com\\\/sv\\\/gnuggisar\\\/tribal-masker-a5-ark\\\/\"]}]},{\"@type\":\"ImageObject\",\"inLanguage\":\"sv-SE\",\"@id\":\"https:\\\/\\\/likeink.com\\\/sv\\\/gnuggisar\\\/tribal-masker-a5-ark\\\/#primaryimage\",\"url\":\"https:\\\/\\\/likeink.com\\\/wp-content\\\/uploads\\\/2022\\\/01\\\/TribalMask-Tattoos-Likeink.jpg\",\"contentUrl\":\"https:\\\/\\\/likeink.com\\\/wp-content\\\/uploads\\\/2022\\\/01\\\/TribalMask-Tattoos-Likeink.jpg\",\"width\":1000,\"height\":704,\"caption\":\"6 stycken tempor\u00e4ra tatueringar som f\u00f6rest\u00e4ller masker. Svarta tribal-masker\"},{\"@type\":\"BreadcrumbList\",\"@id\":\"https:\\\/\\\/likeink.com\\\/sv\\\/gnuggisar\\\/tribal-masker-a5-ark\\\/#breadcrumb\",\"itemListElement\":[{\"@type\":\"ListItem\",\"position\":1,\"name\":\"Hem\",\"item\":\"https:\\\/\\\/likeink.com\\\/sv\\\/\"},{\"@type\":\"ListItem\",\"position\":2,\"name\":\"Webbutik\",\"item\":\"https:\\\/\\\/likeink.com\\\/sv\\\/webbutik\\\/\"},{\"@type\":\"ListItem\",\"position\":3,\"name\":\"Tribal masker\"}]},{\"@type\":\"WebSite\",\"@id\":\"https:\\\/\\\/likeink.com\\\/sv\\\/#website\",\"url\":\"https:\\\/\\\/likeink.com\\\/sv\\\/\",\"name\":\"Like ink\",\"description\":\"Make your own custom design\",\"potentialAction\":[{\"@type\":\"SearchAction\",\"target\":{\"@type\":\"EntryPoint\",\"urlTemplate\":\"https:\\\/\\\/likeink.com\\\/sv\\\/?s={search_term_string}\"},\"query-input\":{\"@type\":\"PropertyValueSpecification\",\"valueRequired\":true,\"valueName\":\"search_term_string\"}}],\"inLanguage\":\"sv-SE\"}]}<\/script>\n<!-- \/ Yoast SEO Premium plugin. -->","yoast_head_json":{"title":"K\u00f6p Tribal masker I Gnuggisar i bra kvalitet - Like ink","description":"A5 ark med 6 stycken Tribal-masker som tempor\u00e4ra tatueringar! Bra kvalitet och snabb leverans, passar perfekt p\u00e5 underarmen! - Like ink","robots":{"index":"index","follow":"follow","max-snippet":"max-snippet:-1","max-image-preview":"max-image-preview:large","max-video-preview":"max-video-preview:-1"},"canonical":"https:\/\/likeink.com\/sv\/gnuggisar\/tribal-masker-a5-ark\/","og_locale":"sv_SE","og_type":"article","og_title":"Tribal masker","og_description":"Tribal masker ses ofta som tr\u00e4skulpturer och illustrat\u00f6ren som ritat dessa motiv har inspirerats av afrikanska masker. I Afrikas kultur spelar eller snarare spelade denna typ av masker en viktig roll i ritualer och olika ceremonier. Syftet \u00e4r olika, det kan handla om att f\u00f6rs\u00e4kra sig om en god sk\u00f6rd och andra \u00f6nskningar som r\u00f6r stammen under fred eller krig. Maskerna kan ocks\u00e5 visa stamtillh\u00f6righet och symbolisera totemdjur och olika andra f\u00f6rebilder.  V\u00e5ra gnuggistatueringar h\u00e5ller i allt fr\u00e5n 1-7 dagar och \u00e4r av mycket god kvalitet! Vi trycker och skickar inom 24h.  Storlek ark: A5 Antal tatueringar: 6 Storlek tatuering: Ca 6X7 cm.","og_url":"https:\/\/likeink.com\/sv\/gnuggisar\/tribal-masker-a5-ark\/","og_site_name":"Like ink","article_publisher":"https:\/\/www.facebook.com\/LikeInkSe","article_modified_time":"2026-04-14T12:52:17+00:00","og_image":[{"width":1000,"height":704,"url":"https:\/\/likeink.com\/wp-content\/uploads\/2022\/01\/TribalMask-Tattoos-Likeink.jpg","type":"image\/jpeg"}],"twitter_card":"summary_large_image","schema":{"@context":"https:\/\/schema.org","@graph":[{"@type":"WebPage","@id":"https:\/\/likeink.com\/sv\/gnuggisar\/tribal-masker-a5-ark\/","url":"https:\/\/likeink.com\/sv\/gnuggisar\/tribal-masker-a5-ark\/","name":"K\u00f6p Tribal masker I Gnuggisar i bra kvalitet - Like ink","isPartOf":{"@id":"https:\/\/likeink.com\/sv\/#website"},"primaryImageOfPage":{"@id":"https:\/\/likeink.com\/sv\/gnuggisar\/tribal-masker-a5-ark\/#primaryimage"},"image":{"@id":"https:\/\/likeink.com\/sv\/gnuggisar\/tribal-masker-a5-ark\/#primaryimage"},"thumbnailUrl":"https:\/\/likeink.com\/wp-content\/uploads\/2022\/01\/TribalMask-Tattoos-Likeink.jpg","datePublished":"2022-01-25T14:24:19+00:00","dateModified":"2026-04-14T12:52:17+00:00","description":"A5 ark med 6 stycken Tribal-masker som tempor\u00e4ra tatueringar! Bra kvalitet och snabb leverans, passar perfekt p\u00e5 underarmen! - Like ink","breadcrumb":{"@id":"https:\/\/likeink.com\/sv\/gnuggisar\/tribal-masker-a5-ark\/#breadcrumb"},"inLanguage":"sv-SE","potentialAction":[{"@type":"ReadAction","target":["https:\/\/likeink.com\/sv\/gnuggisar\/tribal-masker-a5-ark\/"]}]},{"@type":"ImageObject","inLanguage":"sv-SE","@id":"https:\/\/likeink.com\/sv\/gnuggisar\/tribal-masker-a5-ark\/#primaryimage","url":"https:\/\/likeink.com\/wp-content\/uploads\/2022\/01\/TribalMask-Tattoos-Likeink.jpg","contentUrl":"https:\/\/likeink.com\/wp-content\/uploads\/2022\/01\/TribalMask-Tattoos-Likeink.jpg","width":1000,"height":704,"caption":"6 stycken tempor\u00e4ra tatueringar som f\u00f6rest\u00e4ller masker. Svarta tribal-masker"},{"@type":"BreadcrumbList","@id":"https:\/\/likeink.com\/sv\/gnuggisar\/tribal-masker-a5-ark\/#breadcrumb","itemListElement":[{"@type":"ListItem","position":1,"name":"Hem","item":"https:\/\/likeink.com\/sv\/"},{"@type":"ListItem","position":2,"name":"Webbutik","item":"https:\/\/likeink.com\/sv\/webbutik\/"},{"@type":"ListItem","position":3,"name":"Tribal masker"}]},{"@type":"WebSite","@id":"https:\/\/likeink.com\/sv\/#website","url":"https:\/\/likeink.com\/sv\/","name":"Like ink","description":"Make your own custom design","potentialAction":[{"@type":"SearchAction","target":{"@type":"EntryPoint","urlTemplate":"https:\/\/likeink.com\/sv\/?s={search_term_string}"},"query-input":{"@type":"PropertyValueSpecification","valueRequired":true,"valueName":"search_term_string"}}],"inLanguage":"sv-SE"}]}},"_links":{"self":[{"href":"https:\/\/likeink.com\/sv\/wp-json\/wp\/v2\/product\/8119","targetHints":{"allow":["GET"]}}],"collection":[{"href":"https:\/\/likeink.com\/sv\/wp-json\/wp\/v2\/product"}],"about":[{"href":"https:\/\/likeink.com\/sv\/wp-json\/wp\/v2\/types\/product"}],"wp:featuredmedia":[{"embeddable":true,"href":"https:\/\/likeink.com\/sv\/wp-json\/wp\/v2\/media\/8113"}],"wp:attachment":[{"href":"https:\/\/likeink.com\/sv\/wp-json\/wp\/v2\/media?parent=8119"}],"wp:term":[{"taxonomy":"product_brand","embeddable":true,"href":"https:\/\/likeink.com\/sv\/wp-json\/wp\/v2\/product_brand?post=8119"},{"taxonomy":"product_cat","embeddable":true,"href":"https:\/\/likeink.com\/sv\/wp-json\/wp\/v2\/product_cat?post=8119"},{"taxonomy":"product_tag","embeddable":true,"href":"https:\/\/likeink.com\/sv\/wp-json\/wp\/v2\/product_tag?post=8119"}],"curies":[{"name":"wp","href":"https:\/\/api.w.org\/{rel}","templated":true}]}}