{"id":8146,"date":"2022-01-26T13:53:17","date_gmt":"2022-01-26T13:53:17","guid":{"rendered":"https:\/\/likeink.se\/?post_type=product&#038;p=8146"},"modified":"2026-04-14T14:34:24","modified_gmt":"2026-04-14T14:34:24","slug":"heraldiska-drakar-likeink","status":"publish","type":"product","link":"https:\/\/likeink.com\/sv\/gnuggisar\/heraldiska-drakar-likeink\/","title":{"rendered":"Heraldiska Drakar"},"content":{"rendered":"","protected":false},"excerpt":{"rendered":"<p>Tatueringsark med heraldiska drakar ritade av en grym illustrat\u00f6r i Uzbekistan. Att tatuera en drake har alltid varit popul\u00e4rt och drakar symboliserar bland annat mod, kraft och styrka. Just heraldiska drakar anv\u00e4nds ofta i olika emblem och p\u00e5 skyltar samt vapensk\u00f6ldar av universitet, idrottsf\u00f6reningar och \u00e4ven av vissa adelssl\u00e4kter. &#8220;Fint ska det va&#8221;<br \/>\nDen heraldiska draken portr\u00e4tteras oftast fr\u00e5n sidan med utsp\u00e4nda klor och vingar.<br \/>\nEn drake \u00e4r ett sagodjur och beskrivs oftast som en flygande blandning mellan orm och \u00f6dla med \u00f6vernaturliga krafter.<\/p>\n<p>Vi har i alla fall satt ihop ett g\u00e4ng fina heraldiska drakar som tempor\u00e4ra tatueringar och tatueringarna appliceras snabbt och enkelt p\u00e5 b\u00e5de hud och andra underlag.<br \/>\nBra och s\u00e4kra kvalitets-tatueringar som h\u00e5ller l\u00e4nge!<\/p>\n<p>Storlek ark: A5<br \/>\nAntal drakar: 7<br \/>\nStorllek st\u00f6rsta drake: ca 10X7 cm<\/p>\n","protected":false},"featured_media":8140,"template":"","meta":[],"product_brand":[],"product_cat":[17,489],"product_tag":[],"class_list":{"0":"post-8146","1":"product","2":"type-product","3":"status-publish","4":"has-post-thumbnail","6":"product_cat-fardiga-ark","7":"product_cat-old-school-retro-sv","9":"first","10":"instock","11":"taxable","12":"shipping-taxable","13":"purchasable","14":"product-type-simple"},"yoast_head":"<!-- This site is optimized with the Yoast SEO Premium plugin v26.2 (Yoast SEO v27.5) - https:\/\/yoast.com\/product\/yoast-seo-premium-wordpress\/ -->\n<title>K\u00f6p Heraldiska Drakar | Gnuggisar med bra kvalit\u00e9 - Like ink<\/title>\n<meta name=\"description\" content=\"Nu kan du tatuera heraldiska drakar f\u00f6r ett par dagar! A5 ark med motiv av svarta heraldiska drakar. Snabb leverans och fri frakt! - Like ink\" \/>\n<meta name=\"robots\" content=\"index, follow, max-snippet:-1, max-image-preview:large, max-video-preview:-1\" \/>\n<link rel=\"canonical\" href=\"https:\/\/likeink.com\/sv\/gnuggisar\/heraldiska-drakar-likeink\/\" \/>\n<meta property=\"og:locale\" content=\"sv_SE\" \/>\n<meta property=\"og:type\" content=\"article\" \/>\n<meta property=\"og:title\" content=\"Heraldiska Drakar\" \/>\n<meta property=\"og:description\" content=\"Tatueringsark med heraldiska drakar ritade av en grym illustrat\u00f6r i Uzbekistan. Att tatuera en drake har alltid varit popul\u00e4rt och drakar symboliserar bland annat mod, kraft och styrka. Just heraldiska drakar anv\u00e4nds ofta i olika emblem och p\u00e5 skyltar samt vapensk\u00f6ldar av universitet, idrottsf\u00f6reningar och \u00e4ven av vissa adelssl\u00e4kter. &quot;Fint ska det va&quot; Den heraldiska draken portr\u00e4tteras oftast fr\u00e5n sidan med utsp\u00e4nda klor och vingar. En drake \u00e4r ett sagodjur och beskrivs oftast som en flygande blandning mellan orm och \u00f6dla med \u00f6vernaturliga krafter.  Vi har i alla fall satt ihop ett g\u00e4ng fina heraldiska drakar som tempor\u00e4ra tatueringar och tatueringarna appliceras snabbt och enkelt p\u00e5 b\u00e5de hud och andra underlag. Bra och s\u00e4kra kvalitets-tatueringar som h\u00e5ller l\u00e4nge!  Storlek ark: A5 Antal drakar: 7 Storllek st\u00f6rsta drake: ca 10X7 cm\" \/>\n<meta property=\"og:url\" content=\"https:\/\/likeink.com\/sv\/gnuggisar\/heraldiska-drakar-likeink\/\" \/>\n<meta property=\"og:site_name\" content=\"Like ink\" \/>\n<meta property=\"article:publisher\" content=\"https:\/\/www.facebook.com\/LikeInkSe\" \/>\n<meta property=\"article:modified_time\" content=\"2026-04-14T14:34:24+00:00\" \/>\n<meta property=\"og:image\" content=\"https:\/\/likeink.com\/wp-content\/uploads\/2022\/01\/HeraldicDragonTattoos.jpg\" \/>\n\t<meta property=\"og:image:width\" content=\"1000\" \/>\n\t<meta property=\"og:image:height\" content=\"704\" \/>\n\t<meta property=\"og:image:type\" content=\"image\/jpeg\" \/>\n<meta name=\"twitter:card\" content=\"summary_large_image\" \/>\n<!-- \/ Yoast SEO Premium plugin. -->","yoast_head_json":{"title":"K\u00f6p Heraldiska Drakar | Gnuggisar med bra kvalit\u00e9 - Like ink","description":"Nu kan du tatuera heraldiska drakar f\u00f6r ett par dagar! A5 ark med motiv av svarta heraldiska drakar. Snabb leverans och fri frakt! - Like ink","robots":{"index":"index","follow":"follow","max-snippet":"max-snippet:-1","max-image-preview":"max-image-preview:large","max-video-preview":"max-video-preview:-1"},"canonical":"https:\/\/likeink.com\/sv\/gnuggisar\/heraldiska-drakar-likeink\/","og_locale":"sv_SE","og_type":"article","og_title":"Heraldiska Drakar","og_description":"Tatueringsark med heraldiska drakar ritade av en grym illustrat\u00f6r i Uzbekistan. Att tatuera en drake har alltid varit popul\u00e4rt och drakar symboliserar bland annat mod, kraft och styrka. Just heraldiska drakar anv\u00e4nds ofta i olika emblem och p\u00e5 skyltar samt vapensk\u00f6ldar av universitet, idrottsf\u00f6reningar och \u00e4ven av vissa adelssl\u00e4kter. \"Fint ska det va\" Den heraldiska draken portr\u00e4tteras oftast fr\u00e5n sidan med utsp\u00e4nda klor och vingar. En drake \u00e4r ett sagodjur och beskrivs oftast som en flygande blandning mellan orm och \u00f6dla med \u00f6vernaturliga krafter.  Vi har i alla fall satt ihop ett g\u00e4ng fina heraldiska drakar som tempor\u00e4ra tatueringar och tatueringarna appliceras snabbt och enkelt p\u00e5 b\u00e5de hud och andra underlag. Bra och s\u00e4kra kvalitets-tatueringar som h\u00e5ller l\u00e4nge!  Storlek ark: A5 Antal drakar: 7 Storllek st\u00f6rsta drake: ca 10X7 cm","og_url":"https:\/\/likeink.com\/sv\/gnuggisar\/heraldiska-drakar-likeink\/","og_site_name":"Like ink","article_publisher":"https:\/\/www.facebook.com\/LikeInkSe","article_modified_time":"2026-04-14T14:34:24+00:00","og_image":[{"width":1000,"height":704,"url":"https:\/\/likeink.com\/wp-content\/uploads\/2022\/01\/HeraldicDragonTattoos.jpg","type":"image\/jpeg"}],"twitter_card":"summary_large_image","schema":{"@context":"https:\/\/schema.org","@graph":[{"@type":"WebPage","@id":"https:\/\/likeink.com\/sv\/gnuggisar\/heraldiska-drakar-likeink\/","url":"https:\/\/likeink.com\/sv\/gnuggisar\/heraldiska-drakar-likeink\/","name":"K\u00f6p Heraldiska Drakar | Gnuggisar med bra kvalit\u00e9 - Like ink","isPartOf":{"@id":"https:\/\/likeink.com\/sv\/#website"},"primaryImageOfPage":{"@id":"https:\/\/likeink.com\/sv\/gnuggisar\/heraldiska-drakar-likeink\/#primaryimage"},"image":{"@id":"https:\/\/likeink.com\/sv\/gnuggisar\/heraldiska-drakar-likeink\/#primaryimage"},"thumbnailUrl":"https:\/\/likeink.com\/wp-content\/uploads\/2022\/01\/HeraldicDragonTattoos.jpg","datePublished":"2022-01-26T13:53:17+00:00","dateModified":"2026-04-14T14:34:24+00:00","description":"Nu kan du tatuera heraldiska drakar f\u00f6r ett par dagar! A5 ark med motiv av svarta heraldiska drakar. Snabb leverans och fri frakt! - Like ink","breadcrumb":{"@id":"https:\/\/likeink.com\/sv\/gnuggisar\/heraldiska-drakar-likeink\/#breadcrumb"},"inLanguage":"sv-SE","potentialAction":[{"@type":"ReadAction","target":["https:\/\/likeink.com\/sv\/gnuggisar\/heraldiska-drakar-likeink\/"]}]},{"@type":"ImageObject","inLanguage":"sv-SE","@id":"https:\/\/likeink.com\/sv\/gnuggisar\/heraldiska-drakar-likeink\/#primaryimage","url":"https:\/\/likeink.com\/wp-content\/uploads\/2022\/01\/HeraldicDragonTattoos.jpg","contentUrl":"https:\/\/likeink.com\/wp-content\/uploads\/2022\/01\/HeraldicDragonTattoos.jpg","width":1000,"height":704,"caption":"Heraldiska drakar i olika design."},{"@type":"BreadcrumbList","@id":"https:\/\/likeink.com\/sv\/gnuggisar\/heraldiska-drakar-likeink\/#breadcrumb","itemListElement":[{"@type":"ListItem","position":1,"name":"Hem","item":"https:\/\/likeink.com\/sv\/"},{"@type":"ListItem","position":2,"name":"Webbutik","item":"https:\/\/likeink.com\/sv\/webbutik\/"},{"@type":"ListItem","position":3,"name":"Heraldiska Drakar"}]},{"@type":"WebSite","@id":"https:\/\/likeink.com\/sv\/#website","url":"https:\/\/likeink.com\/sv\/","name":"Like ink","description":"Make your own custom design","potentialAction":[{"@type":"SearchAction","target":{"@type":"EntryPoint","urlTemplate":"https:\/\/likeink.com\/sv\/?s={search_term_string}"},"query-input":{"@type":"PropertyValueSpecification","valueRequired":true,"valueName":"search_term_string"}}],"inLanguage":"sv-SE"}]}},"_links":{"self":[{"href":"https:\/\/likeink.com\/sv\/wp-json\/wp\/v2\/product\/8146","targetHints":{"allow":["GET"]}}],"collection":[{"href":"https:\/\/likeink.com\/sv\/wp-json\/wp\/v2\/product"}],"about":[{"href":"https:\/\/likeink.com\/sv\/wp-json\/wp\/v2\/types\/product"}],"wp:featuredmedia":[{"embeddable":true,"href":"https:\/\/likeink.com\/sv\/wp-json\/wp\/v2\/media\/8140"}],"wp:attachment":[{"href":"https:\/\/likeink.com\/sv\/wp-json\/wp\/v2\/media?parent=8146"}],"wp:term":[{"taxonomy":"product_brand","embeddable":true,"href":"https:\/\/likeink.com\/sv\/wp-json\/wp\/v2\/product_brand?post=8146"},{"taxonomy":"product_cat","embeddable":true,"href":"https:\/\/likeink.com\/sv\/wp-json\/wp\/v2\/product_cat?post=8146"},{"taxonomy":"product_tag","embeddable":true,"href":"https:\/\/likeink.com\/sv\/wp-json\/wp\/v2\/product_tag?post=8146"}],"curies":[{"name":"wp","href":"https:\/\/api.w.org\/{rel}","templated":true}]}}