{"id":8193,"date":"2022-01-27T16:17:39","date_gmt":"2022-01-27T16:17:39","guid":{"rendered":"https:\/\/likeink.se\/?post_type=product&#038;p=8193"},"modified":"2026-04-14T14:32:45","modified_gmt":"2026-04-14T14:32:45","slug":"hav-och-marin-tatueringar-a5-ark","status":"publish","type":"product","link":"https:\/\/likeink.com\/sv\/gnuggisar\/hav-och-marin-tatueringar-a5-ark\/","title":{"rendered":"Hav och marin tatueringar"},"content":{"rendered":"","protected":false},"excerpt":{"rendered":"<p>Det h\u00e4r arket \u00e4r fyllt med tatueringsmotiv som kretsar kring hav och marin, pirat och sj\u00f6r\u00f6vare. Sj\u00e4lva motiven \u00e4r skissade med blyerts och det g\u00f6r att gnuggisarna ser verklighetstrogna ut.<br \/>\nDen h\u00e4r typen av motiv med hav och marin har alltid varit popul\u00e4ra som riktiga tatueringar! Du f\u00e5r ett en stor tatuering av ett skepp, en sabel, d\u00f6skalle och en krabba tillsammans med olika attiraljer som varje riktig sj\u00f6buse har i sin kapps\u00e4ck.<\/p>\n<p>Vi trycker dina gnuggisar i Sverige och skickar inom 24 timmar.<\/p>\n<p>Ark storlek: A5<br \/>\nAntal tatueringar: 13<br \/>\nStorlek skepp: ca 10X9 cm<\/p>\n","protected":false},"featured_media":8187,"template":"","meta":[],"product_brand":[],"product_cat":[493,17,132],"product_tag":[],"class_list":{"0":"post-8193","1":"product","2":"type-product","3":"status-publish","4":"has-post-thumbnail","6":"product_cat-barnkalas","7":"product_cat-fardiga-ark","8":"product_cat-sjo-marin-tatuering","10":"first","11":"instock","12":"taxable","13":"shipping-taxable","14":"purchasable","15":"product-type-simple"},"yoast_head":"<!-- This site is optimized with the Yoast SEO Premium plugin v26.2 (Yoast SEO v27.4) - https:\/\/yoast.com\/product\/yoast-seo-premium-wordpress\/ -->\n<title>K\u00f6p Hav och marin tatueringar | gnuggisar! - Like ink<\/title>\n<meta name=\"description\" content=\"Hav och marin tatueringar: Motiv ritade med blyerts kan nu f\u00e5 pryda din kropp f\u00f6r n\u00e5gra dagar! - Like ink\" \/>\n<meta name=\"robots\" content=\"index, follow, max-snippet:-1, max-image-preview:large, max-video-preview:-1\" \/>\n<link rel=\"canonical\" href=\"https:\/\/likeink.com\/sv\/gnuggisar\/hav-och-marin-tatueringar-a5-ark\/\" \/>\n<meta property=\"og:locale\" content=\"sv_SE\" \/>\n<meta property=\"og:type\" content=\"article\" \/>\n<meta property=\"og:title\" content=\"Hav och marin tatueringar\" \/>\n<meta property=\"og:description\" content=\"Det h\u00e4r arket \u00e4r fyllt med tatueringsmotiv som kretsar kring hav och marin, pirat och sj\u00f6r\u00f6vare. Sj\u00e4lva motiven \u00e4r skissade med blyerts och det g\u00f6r att gnuggisarna ser verklighetstrogna ut. Den h\u00e4r typen av motiv med hav och marin har alltid varit popul\u00e4ra som riktiga tatueringar! Du f\u00e5r ett en stor tatuering av ett skepp, en sabel, d\u00f6skalle och en krabba tillsammans med olika attiraljer som varje riktig sj\u00f6buse har i sin kapps\u00e4ck.  Vi trycker dina gnuggisar i Sverige och skickar inom 24 timmar.  Ark storlek: A5 Antal tatueringar: 13 Storlek skepp: ca 10X9 cm\" \/>\n<meta property=\"og:url\" content=\"https:\/\/likeink.com\/sv\/gnuggisar\/hav-och-marin-tatueringar-a5-ark\/\" \/>\n<meta property=\"og:site_name\" content=\"Like ink\" \/>\n<meta property=\"article:publisher\" content=\"https:\/\/www.facebook.com\/LikeInkSe\" \/>\n<meta property=\"article:modified_time\" content=\"2026-04-14T14:32:45+00:00\" \/>\n<meta property=\"og:image\" content=\"https:\/\/likeink.com\/wp-content\/uploads\/2022\/01\/Havochmarin-tatueringar.jpg\" \/>\n\t<meta property=\"og:image:width\" content=\"1000\" \/>\n\t<meta property=\"og:image:height\" content=\"704\" \/>\n\t<meta property=\"og:image:type\" content=\"image\/jpeg\" \/>\n<meta name=\"twitter:card\" content=\"summary_large_image\" \/>\n<script type=\"application\/ld+json\" class=\"yoast-schema-graph\">{\"@context\":\"https:\\\/\\\/schema.org\",\"@graph\":[{\"@type\":\"WebPage\",\"@id\":\"https:\\\/\\\/likeink.com\\\/sv\\\/gnuggisar\\\/hav-och-marin-tatueringar-a5-ark\\\/\",\"url\":\"https:\\\/\\\/likeink.com\\\/sv\\\/gnuggisar\\\/hav-och-marin-tatueringar-a5-ark\\\/\",\"name\":\"K\u00f6p Hav och marin tatueringar | gnuggisar! - Like ink\",\"isPartOf\":{\"@id\":\"https:\\\/\\\/likeink.com\\\/sv\\\/#website\"},\"primaryImageOfPage\":{\"@id\":\"https:\\\/\\\/likeink.com\\\/sv\\\/gnuggisar\\\/hav-och-marin-tatueringar-a5-ark\\\/#primaryimage\"},\"image\":{\"@id\":\"https:\\\/\\\/likeink.com\\\/sv\\\/gnuggisar\\\/hav-och-marin-tatueringar-a5-ark\\\/#primaryimage\"},\"thumbnailUrl\":\"https:\\\/\\\/likeink.com\\\/wp-content\\\/uploads\\\/2022\\\/01\\\/Havochmarin-tatueringar.jpg\",\"datePublished\":\"2022-01-27T16:17:39+00:00\",\"dateModified\":\"2026-04-14T14:32:45+00:00\",\"description\":\"Hav och marin tatueringar: Motiv ritade med blyerts kan nu f\u00e5 pryda din kropp f\u00f6r n\u00e5gra dagar! - Like ink\",\"breadcrumb\":{\"@id\":\"https:\\\/\\\/likeink.com\\\/sv\\\/gnuggisar\\\/hav-och-marin-tatueringar-a5-ark\\\/#breadcrumb\"},\"inLanguage\":\"sv-SE\",\"potentialAction\":[{\"@type\":\"ReadAction\",\"target\":[\"https:\\\/\\\/likeink.com\\\/sv\\\/gnuggisar\\\/hav-och-marin-tatueringar-a5-ark\\\/\"]}]},{\"@type\":\"ImageObject\",\"inLanguage\":\"sv-SE\",\"@id\":\"https:\\\/\\\/likeink.com\\\/sv\\\/gnuggisar\\\/hav-och-marin-tatueringar-a5-ark\\\/#primaryimage\",\"url\":\"https:\\\/\\\/likeink.com\\\/wp-content\\\/uploads\\\/2022\\\/01\\\/Havochmarin-tatueringar.jpg\",\"contentUrl\":\"https:\\\/\\\/likeink.com\\\/wp-content\\\/uploads\\\/2022\\\/01\\\/Havochmarin-tatueringar.jpg\",\"width\":1000,\"height\":704,\"caption\":\"Gnuggistatueringar ljus, bj\u00e4llra, krabba, ratt och skepp.\"},{\"@type\":\"BreadcrumbList\",\"@id\":\"https:\\\/\\\/likeink.com\\\/sv\\\/gnuggisar\\\/hav-och-marin-tatueringar-a5-ark\\\/#breadcrumb\",\"itemListElement\":[{\"@type\":\"ListItem\",\"position\":1,\"name\":\"Hem\",\"item\":\"https:\\\/\\\/likeink.com\\\/sv\\\/\"},{\"@type\":\"ListItem\",\"position\":2,\"name\":\"Webbutik\",\"item\":\"https:\\\/\\\/likeink.com\\\/sv\\\/webbutik\\\/\"},{\"@type\":\"ListItem\",\"position\":3,\"name\":\"Hav och marin tatueringar\"}]},{\"@type\":\"WebSite\",\"@id\":\"https:\\\/\\\/likeink.com\\\/sv\\\/#website\",\"url\":\"https:\\\/\\\/likeink.com\\\/sv\\\/\",\"name\":\"Like ink\",\"description\":\"Make your own custom design\",\"potentialAction\":[{\"@type\":\"SearchAction\",\"target\":{\"@type\":\"EntryPoint\",\"urlTemplate\":\"https:\\\/\\\/likeink.com\\\/sv\\\/?s={search_term_string}\"},\"query-input\":{\"@type\":\"PropertyValueSpecification\",\"valueRequired\":true,\"valueName\":\"search_term_string\"}}],\"inLanguage\":\"sv-SE\"}]}<\/script>\n<!-- \/ Yoast SEO Premium plugin. -->","yoast_head_json":{"title":"K\u00f6p Hav och marin tatueringar | gnuggisar! - Like ink","description":"Hav och marin tatueringar: Motiv ritade med blyerts kan nu f\u00e5 pryda din kropp f\u00f6r n\u00e5gra dagar! - Like ink","robots":{"index":"index","follow":"follow","max-snippet":"max-snippet:-1","max-image-preview":"max-image-preview:large","max-video-preview":"max-video-preview:-1"},"canonical":"https:\/\/likeink.com\/sv\/gnuggisar\/hav-och-marin-tatueringar-a5-ark\/","og_locale":"sv_SE","og_type":"article","og_title":"Hav och marin tatueringar","og_description":"Det h\u00e4r arket \u00e4r fyllt med tatueringsmotiv som kretsar kring hav och marin, pirat och sj\u00f6r\u00f6vare. Sj\u00e4lva motiven \u00e4r skissade med blyerts och det g\u00f6r att gnuggisarna ser verklighetstrogna ut. Den h\u00e4r typen av motiv med hav och marin har alltid varit popul\u00e4ra som riktiga tatueringar! Du f\u00e5r ett en stor tatuering av ett skepp, en sabel, d\u00f6skalle och en krabba tillsammans med olika attiraljer som varje riktig sj\u00f6buse har i sin kapps\u00e4ck.  Vi trycker dina gnuggisar i Sverige och skickar inom 24 timmar.  Ark storlek: A5 Antal tatueringar: 13 Storlek skepp: ca 10X9 cm","og_url":"https:\/\/likeink.com\/sv\/gnuggisar\/hav-och-marin-tatueringar-a5-ark\/","og_site_name":"Like ink","article_publisher":"https:\/\/www.facebook.com\/LikeInkSe","article_modified_time":"2026-04-14T14:32:45+00:00","og_image":[{"width":1000,"height":704,"url":"https:\/\/likeink.com\/wp-content\/uploads\/2022\/01\/Havochmarin-tatueringar.jpg","type":"image\/jpeg"}],"twitter_card":"summary_large_image","schema":{"@context":"https:\/\/schema.org","@graph":[{"@type":"WebPage","@id":"https:\/\/likeink.com\/sv\/gnuggisar\/hav-och-marin-tatueringar-a5-ark\/","url":"https:\/\/likeink.com\/sv\/gnuggisar\/hav-och-marin-tatueringar-a5-ark\/","name":"K\u00f6p Hav och marin tatueringar | gnuggisar! - Like ink","isPartOf":{"@id":"https:\/\/likeink.com\/sv\/#website"},"primaryImageOfPage":{"@id":"https:\/\/likeink.com\/sv\/gnuggisar\/hav-och-marin-tatueringar-a5-ark\/#primaryimage"},"image":{"@id":"https:\/\/likeink.com\/sv\/gnuggisar\/hav-och-marin-tatueringar-a5-ark\/#primaryimage"},"thumbnailUrl":"https:\/\/likeink.com\/wp-content\/uploads\/2022\/01\/Havochmarin-tatueringar.jpg","datePublished":"2022-01-27T16:17:39+00:00","dateModified":"2026-04-14T14:32:45+00:00","description":"Hav och marin tatueringar: Motiv ritade med blyerts kan nu f\u00e5 pryda din kropp f\u00f6r n\u00e5gra dagar! - Like ink","breadcrumb":{"@id":"https:\/\/likeink.com\/sv\/gnuggisar\/hav-och-marin-tatueringar-a5-ark\/#breadcrumb"},"inLanguage":"sv-SE","potentialAction":[{"@type":"ReadAction","target":["https:\/\/likeink.com\/sv\/gnuggisar\/hav-och-marin-tatueringar-a5-ark\/"]}]},{"@type":"ImageObject","inLanguage":"sv-SE","@id":"https:\/\/likeink.com\/sv\/gnuggisar\/hav-och-marin-tatueringar-a5-ark\/#primaryimage","url":"https:\/\/likeink.com\/wp-content\/uploads\/2022\/01\/Havochmarin-tatueringar.jpg","contentUrl":"https:\/\/likeink.com\/wp-content\/uploads\/2022\/01\/Havochmarin-tatueringar.jpg","width":1000,"height":704,"caption":"Gnuggistatueringar ljus, bj\u00e4llra, krabba, ratt och skepp."},{"@type":"BreadcrumbList","@id":"https:\/\/likeink.com\/sv\/gnuggisar\/hav-och-marin-tatueringar-a5-ark\/#breadcrumb","itemListElement":[{"@type":"ListItem","position":1,"name":"Hem","item":"https:\/\/likeink.com\/sv\/"},{"@type":"ListItem","position":2,"name":"Webbutik","item":"https:\/\/likeink.com\/sv\/webbutik\/"},{"@type":"ListItem","position":3,"name":"Hav och marin tatueringar"}]},{"@type":"WebSite","@id":"https:\/\/likeink.com\/sv\/#website","url":"https:\/\/likeink.com\/sv\/","name":"Like ink","description":"Make your own custom design","potentialAction":[{"@type":"SearchAction","target":{"@type":"EntryPoint","urlTemplate":"https:\/\/likeink.com\/sv\/?s={search_term_string}"},"query-input":{"@type":"PropertyValueSpecification","valueRequired":true,"valueName":"search_term_string"}}],"inLanguage":"sv-SE"}]}},"_links":{"self":[{"href":"https:\/\/likeink.com\/sv\/wp-json\/wp\/v2\/product\/8193","targetHints":{"allow":["GET"]}}],"collection":[{"href":"https:\/\/likeink.com\/sv\/wp-json\/wp\/v2\/product"}],"about":[{"href":"https:\/\/likeink.com\/sv\/wp-json\/wp\/v2\/types\/product"}],"wp:featuredmedia":[{"embeddable":true,"href":"https:\/\/likeink.com\/sv\/wp-json\/wp\/v2\/media\/8187"}],"wp:attachment":[{"href":"https:\/\/likeink.com\/sv\/wp-json\/wp\/v2\/media?parent=8193"}],"wp:term":[{"taxonomy":"product_brand","embeddable":true,"href":"https:\/\/likeink.com\/sv\/wp-json\/wp\/v2\/product_brand?post=8193"},{"taxonomy":"product_cat","embeddable":true,"href":"https:\/\/likeink.com\/sv\/wp-json\/wp\/v2\/product_cat?post=8193"},{"taxonomy":"product_tag","embeddable":true,"href":"https:\/\/likeink.com\/sv\/wp-json\/wp\/v2\/product_tag?post=8193"}],"curies":[{"name":"wp","href":"https:\/\/api.w.org\/{rel}","templated":true}]}}