{"id":8220,"date":"2022-01-28T14:33:24","date_gmt":"2022-01-28T14:33:24","guid":{"rendered":"https:\/\/likeink.se\/?post_type=product&#038;p=8220"},"modified":"2026-05-12T14:06:33","modified_gmt":"2026-05-12T14:06:33","slug":"polisbrickor-tatueringar","status":"publish","type":"product","link":"https:\/\/likeink.com\/sv\/gnuggisar\/polisbrickor-tatueringar\/","title":{"rendered":"Polisbrickor eng\u00e5ngstatueringar"},"content":{"rendered":"","protected":false},"excerpt":{"rendered":"<p>Detta ark med eng\u00e5ngstatueringar har vi fyllt med motiv av amerikanska polisbrickor. Designen \u00e4r framtagen av en amerikansk illustrat\u00f6r och vi har r\u00e4ttigheterna till dessa motiv s\u00e5 ingen oro att polisen kommer och tar dig. N\u00e4r ska man d\u00e5 tatuera en polisbricka, ja det \u00f6verl\u00e5ter vi till er men en tanke \u00e4r s\u00e5klart att det kan vara roligt p\u00e5 maskerad om du \u00e4r utkl\u00e4dd till polis eller om du vill v\u00e4cka uppm\u00e4rksamhet och f\u00e5 dumma kommentarer p\u00e5 krogen. Vi har m\u00e4ngder av gnuggitatueringar med tjuv och polis-tema och du kan dessutom ladda upp valfria motiv hos oss s\u00e5 tillverkar vi custom eng\u00e5ngstatuueringar till dig och skickar inom ett dygn.<\/p>\n<p>Skarpa f\u00e4rger, s\u00e4kra och bra eng\u00e5ngstatueringar!<\/p>\n<p>Ark storlek: A5<br \/>\nAntal polistatueringar: 11<br \/>\nStorlek st\u00f6rsta motiv: Ca 7X7.5cm<\/p>\n","protected":false},"featured_media":8214,"template":"","meta":[],"product_brand":[],"product_cat":[493,17],"product_tag":[],"class_list":{"0":"post-8220","1":"product","2":"type-product","3":"status-publish","4":"has-post-thumbnail","6":"product_cat-barnkalas","7":"product_cat-fardiga-ark","9":"first","10":"instock","11":"taxable","12":"shipping-taxable","13":"purchasable","14":"product-type-simple"},"yoast_head":"<!-- This site is optimized with the Yoast SEO Premium plugin v27.5 (Yoast SEO v27.6) - https:\/\/yoast.com\/product\/yoast-seo-premium-wordpress\/ -->\n<title>K\u00f6p Polisbrickor I Eng\u00e5ngstatueringar som polis - Like ink<\/title>\n<meta name=\"description\" content=\"Amerikanska polisbrickor som eng\u00e5ngstatueringar! Kul p\u00e5 maskerad och fest! S\u00e4kra kvalitets-gnuggisar i skarpa f\u00e4rger. - Like ink\" \/>\n<meta name=\"robots\" content=\"index, follow, max-snippet:-1, max-image-preview:large, max-video-preview:-1\" \/>\n<link rel=\"canonical\" href=\"https:\/\/likeink.com\/sv\/gnuggisar\/polisbrickor-tatueringar\/\" \/>\n<meta property=\"og:locale\" content=\"sv_SE\" \/>\n<meta property=\"og:type\" content=\"article\" \/>\n<meta property=\"og:title\" content=\"Polisbrickor eng\u00e5ngstatueringar\" \/>\n<meta property=\"og:description\" content=\"Detta ark med eng\u00e5ngstatueringar har vi fyllt med motiv av amerikanska polisbrickor. Designen \u00e4r framtagen av en amerikansk illustrat\u00f6r och vi har r\u00e4ttigheterna till dessa motiv s\u00e5 ingen oro att polisen kommer och tar dig. N\u00e4r ska man d\u00e5 tatuera en polisbricka, ja det \u00f6verl\u00e5ter vi till er men en tanke \u00e4r s\u00e5klart att det kan vara roligt p\u00e5 maskerad om du \u00e4r utkl\u00e4dd till polis eller om du vill v\u00e4cka uppm\u00e4rksamhet och f\u00e5 dumma kommentarer p\u00e5 krogen. Vi har m\u00e4ngder av gnuggitatueringar med tjuv och polis-tema och du kan dessutom ladda upp valfria motiv hos oss s\u00e5 tillverkar vi custom eng\u00e5ngstatuueringar till dig och skickar inom ett dygn.  Skarpa f\u00e4rger, s\u00e4kra och bra eng\u00e5ngstatueringar!  Ark storlek: A5 Antal polistatueringar: 11 Storlek st\u00f6rsta motiv: Ca 7X7.5cm\" \/>\n<meta property=\"og:url\" content=\"https:\/\/likeink.com\/sv\/gnuggisar\/polisbrickor-tatueringar\/\" \/>\n<meta property=\"og:site_name\" content=\"Like ink\" \/>\n<meta property=\"article:publisher\" content=\"https:\/\/www.facebook.com\/LikeInkSe\" \/>\n<meta property=\"article:modified_time\" content=\"2026-05-12T14:06:33+00:00\" \/>\n<meta property=\"og:image\" content=\"https:\/\/likeink.com\/wp-content\/uploads\/2022\/01\/Polisbrickor-tatueringar-likeink.jpg\" \/>\n\t<meta property=\"og:image:width\" content=\"1000\" \/>\n\t<meta property=\"og:image:height\" content=\"704\" \/>\n\t<meta property=\"og:image:type\" content=\"image\/jpeg\" \/>\n<meta name=\"twitter:card\" content=\"summary_large_image\" \/>\n<meta name=\"twitter:label1\" content=\"Ber\u00e4knad l\u00e4stid\" \/>\n\t<meta name=\"twitter:data1\" content=\"1 minut\" \/>\n<!-- \/ Yoast SEO Premium plugin. -->","yoast_head_json":{"title":"K\u00f6p Polisbrickor I Eng\u00e5ngstatueringar som polis - Like ink","description":"Amerikanska polisbrickor som eng\u00e5ngstatueringar! Kul p\u00e5 maskerad och fest! S\u00e4kra kvalitets-gnuggisar i skarpa f\u00e4rger. - Like ink","robots":{"index":"index","follow":"follow","max-snippet":"max-snippet:-1","max-image-preview":"max-image-preview:large","max-video-preview":"max-video-preview:-1"},"canonical":"https:\/\/likeink.com\/sv\/gnuggisar\/polisbrickor-tatueringar\/","og_locale":"sv_SE","og_type":"article","og_title":"Polisbrickor eng\u00e5ngstatueringar","og_description":"Detta ark med eng\u00e5ngstatueringar har vi fyllt med motiv av amerikanska polisbrickor. Designen \u00e4r framtagen av en amerikansk illustrat\u00f6r och vi har r\u00e4ttigheterna till dessa motiv s\u00e5 ingen oro att polisen kommer och tar dig. N\u00e4r ska man d\u00e5 tatuera en polisbricka, ja det \u00f6verl\u00e5ter vi till er men en tanke \u00e4r s\u00e5klart att det kan vara roligt p\u00e5 maskerad om du \u00e4r utkl\u00e4dd till polis eller om du vill v\u00e4cka uppm\u00e4rksamhet och f\u00e5 dumma kommentarer p\u00e5 krogen. Vi har m\u00e4ngder av gnuggitatueringar med tjuv och polis-tema och du kan dessutom ladda upp valfria motiv hos oss s\u00e5 tillverkar vi custom eng\u00e5ngstatuueringar till dig och skickar inom ett dygn.  Skarpa f\u00e4rger, s\u00e4kra och bra eng\u00e5ngstatueringar!  Ark storlek: A5 Antal polistatueringar: 11 Storlek st\u00f6rsta motiv: Ca 7X7.5cm","og_url":"https:\/\/likeink.com\/sv\/gnuggisar\/polisbrickor-tatueringar\/","og_site_name":"Like ink","article_publisher":"https:\/\/www.facebook.com\/LikeInkSe","article_modified_time":"2026-05-12T14:06:33+00:00","og_image":[{"width":1000,"height":704,"url":"https:\/\/likeink.com\/wp-content\/uploads\/2022\/01\/Polisbrickor-tatueringar-likeink.jpg","type":"image\/jpeg"}],"twitter_card":"summary_large_image","twitter_misc":{"Ber\u00e4knad l\u00e4stid":"1 minut"},"schema":{"@context":"https:\/\/schema.org","@graph":[{"@type":"WebPage","@id":"https:\/\/likeink.com\/sv\/gnuggisar\/polisbrickor-tatueringar\/","url":"https:\/\/likeink.com\/sv\/gnuggisar\/polisbrickor-tatueringar\/","name":"K\u00f6p Polisbrickor I Eng\u00e5ngstatueringar som polis - Like ink","isPartOf":{"@id":"https:\/\/likeink.com\/sv\/#website"},"primaryImageOfPage":{"@id":"https:\/\/likeink.com\/sv\/gnuggisar\/polisbrickor-tatueringar\/#primaryimage"},"image":{"@id":"https:\/\/likeink.com\/sv\/gnuggisar\/polisbrickor-tatueringar\/#primaryimage"},"thumbnailUrl":"https:\/\/likeink.com\/wp-content\/uploads\/2022\/01\/Polisbrickor-tatueringar-likeink.jpg","datePublished":"2022-01-28T14:33:24+00:00","dateModified":"2026-05-12T14:06:33+00:00","description":"Amerikanska polisbrickor som eng\u00e5ngstatueringar! Kul p\u00e5 maskerad och fest! S\u00e4kra kvalitets-gnuggisar i skarpa f\u00e4rger. - Like ink","breadcrumb":{"@id":"https:\/\/likeink.com\/sv\/gnuggisar\/polisbrickor-tatueringar\/#breadcrumb"},"inLanguage":"sv-SE","potentialAction":[{"@type":"ReadAction","target":["https:\/\/likeink.com\/sv\/gnuggisar\/polisbrickor-tatueringar\/"]}]},{"@type":"ImageObject","inLanguage":"sv-SE","@id":"https:\/\/likeink.com\/sv\/gnuggisar\/polisbrickor-tatueringar\/#primaryimage","url":"https:\/\/likeink.com\/wp-content\/uploads\/2022\/01\/Polisbrickor-tatueringar-likeink.jpg","contentUrl":"https:\/\/likeink.com\/wp-content\/uploads\/2022\/01\/Polisbrickor-tatueringar-likeink.jpg","width":1000,"height":704,"caption":"11 olika polisbrickor med olika design som eng\u00e5ngstatueringar. Tatuera en polisbricka."},{"@type":"BreadcrumbList","@id":"https:\/\/likeink.com\/sv\/gnuggisar\/polisbrickor-tatueringar\/#breadcrumb","itemListElement":[{"@type":"ListItem","position":1,"name":"Hem","item":"https:\/\/likeink.com\/sv\/"},{"@type":"ListItem","position":2,"name":"Webbutik","item":"https:\/\/likeink.com\/sv\/webbutik\/"},{"@type":"ListItem","position":3,"name":"Polisbrickor eng\u00e5ngstatueringar"}]},{"@type":"WebSite","@id":"https:\/\/likeink.com\/sv\/#website","url":"https:\/\/likeink.com\/sv\/","name":"Like ink","description":"Make your own custom design","potentialAction":[{"@type":"SearchAction","target":{"@type":"EntryPoint","urlTemplate":"https:\/\/likeink.com\/sv\/?s={search_term_string}"},"query-input":{"@type":"PropertyValueSpecification","valueRequired":true,"valueName":"search_term_string"}}],"inLanguage":"sv-SE"}]}},"_links":{"self":[{"href":"https:\/\/likeink.com\/sv\/wp-json\/wp\/v2\/product\/8220","targetHints":{"allow":["GET"]}}],"collection":[{"href":"https:\/\/likeink.com\/sv\/wp-json\/wp\/v2\/product"}],"about":[{"href":"https:\/\/likeink.com\/sv\/wp-json\/wp\/v2\/types\/product"}],"wp:featuredmedia":[{"embeddable":true,"href":"https:\/\/likeink.com\/sv\/wp-json\/wp\/v2\/media\/8214"}],"wp:attachment":[{"href":"https:\/\/likeink.com\/sv\/wp-json\/wp\/v2\/media?parent=8220"}],"wp:term":[{"taxonomy":"product_brand","embeddable":true,"href":"https:\/\/likeink.com\/sv\/wp-json\/wp\/v2\/product_brand?post=8220"},{"taxonomy":"product_cat","embeddable":true,"href":"https:\/\/likeink.com\/sv\/wp-json\/wp\/v2\/product_cat?post=8220"},{"taxonomy":"product_tag","embeddable":true,"href":"https:\/\/likeink.com\/sv\/wp-json\/wp\/v2\/product_tag?post=8220"}],"curies":[{"name":"wp","href":"https:\/\/api.w.org\/{rel}","templated":true}]}}