{"id":8262,"date":"2022-01-31T14:30:45","date_gmt":"2022-01-31T14:30:45","guid":{"rendered":"https:\/\/likeink.se\/?post_type=product&#038;p=8262"},"modified":"2026-04-14T13:30:05","modified_gmt":"2026-04-14T13:30:05","slug":"detektiv-ikoner-a5-ark","status":"publish","type":"product","link":"https:\/\/likeink.com\/sv\/gnuggisar\/detektiv-ikoner-a5-ark\/","title":{"rendered":"Detektiv ikoner"},"content":{"rendered":"","protected":false},"excerpt":{"rendered":"<p>Tatueringsark med tempor\u00e4ra tatueringar fyllt med detektiv ikoner och detektiv-utrustning. En sann detektiv beh\u00f6ver ett f\u00f6rstoringsglas, handklovar, en hatt s\u00e5klart och \u00f6ven en l\u00f6smustasch! Alla dessa detektivmotiv och lite till finns med i den h\u00e4r tatueringssamlingen!<br \/>\nPerfekt p\u00e5 en maskerad och som present till den detektivintresserade!<\/p>\n<p>Bra kvalitet p\u00e5 v\u00e5ra tempor\u00e4ra tatueringar! Vi trycker och skickar inom 24h.<\/p>\n<p>Storlek ark: A5<br \/>\nAntal tatueringar: 16<br \/>\nStorlek: Ca 3-4 cm.<\/p>\n","protected":false},"featured_media":8256,"template":"","meta":[],"product_brand":[],"product_cat":[493,17,134,135],"product_tag":[],"class_list":{"0":"post-8262","1":"product","2":"type-product","3":"status-publish","4":"has-post-thumbnail","6":"product_cat-barnkalas","7":"product_cat-fardiga-ark","8":"product_cat-symbol-tatuering","9":"product_cat-tjuv-polis-tatuering","11":"first","12":"instock","13":"taxable","14":"shipping-taxable","15":"purchasable","16":"product-type-simple"},"yoast_head":"<!-- This site is optimized with the Yoast SEO Premium plugin v26.2 (Yoast SEO v27.4) - https:\/\/yoast.com\/product\/yoast-seo-premium-wordpress\/ -->\n<title>K\u00f6p Detektiv ikoner I Tempor\u00e4ra tatueringar - Like ink<\/title>\n<meta name=\"description\" content=\"Sm\u00e5 tempor\u00e4ra tatueringar med ikoner och klassiska detektiv-motiv. Kul f\u00f6r alla som fascineras av detektiver! - Like ink\" \/>\n<meta name=\"robots\" content=\"index, follow, max-snippet:-1, max-image-preview:large, max-video-preview:-1\" \/>\n<link rel=\"canonical\" href=\"https:\/\/likeink.com\/sv\/gnuggisar\/detektiv-ikoner-a5-ark\/\" \/>\n<meta property=\"og:locale\" content=\"sv_SE\" \/>\n<meta property=\"og:type\" content=\"article\" \/>\n<meta property=\"og:title\" content=\"Detektiv ikoner\" \/>\n<meta property=\"og:description\" content=\"Tatueringsark med tempor\u00e4ra tatueringar fyllt med detektiv ikoner och detektiv-utrustning. En sann detektiv beh\u00f6ver ett f\u00f6rstoringsglas, handklovar, en hatt s\u00e5klart och \u00f6ven en l\u00f6smustasch! Alla dessa detektivmotiv och lite till finns med i den h\u00e4r tatueringssamlingen! Perfekt p\u00e5 en maskerad och som present till den detektivintresserade!  Bra kvalitet p\u00e5 v\u00e5ra tempor\u00e4ra tatueringar! Vi trycker och skickar inom 24h.  Storlek ark: A5 Antal tatueringar: 16 Storlek: Ca 3-4 cm.\" \/>\n<meta property=\"og:url\" content=\"https:\/\/likeink.com\/sv\/gnuggisar\/detektiv-ikoner-a5-ark\/\" \/>\n<meta property=\"og:site_name\" content=\"Like ink\" \/>\n<meta property=\"article:publisher\" content=\"https:\/\/www.facebook.com\/LikeInkSe\" \/>\n<meta property=\"article:modified_time\" content=\"2026-04-14T13:30:05+00:00\" \/>\n<meta property=\"og:image\" content=\"https:\/\/likeink.com\/wp-content\/uploads\/2022\/01\/Detektivikoner-Temporaratatueringar-likeink.jpg\" \/>\n\t<meta property=\"og:image:width\" content=\"1600\" \/>\n\t<meta property=\"og:image:height\" content=\"1127\" \/>\n\t<meta property=\"og:image:type\" content=\"image\/jpeg\" \/>\n<meta name=\"twitter:card\" content=\"summary_large_image\" \/>\n<script type=\"application\/ld+json\" class=\"yoast-schema-graph\">{\"@context\":\"https:\\\/\\\/schema.org\",\"@graph\":[{\"@type\":\"WebPage\",\"@id\":\"https:\\\/\\\/likeink.com\\\/sv\\\/gnuggisar\\\/detektiv-ikoner-a5-ark\\\/\",\"url\":\"https:\\\/\\\/likeink.com\\\/sv\\\/gnuggisar\\\/detektiv-ikoner-a5-ark\\\/\",\"name\":\"K\u00f6p Detektiv ikoner I Tempor\u00e4ra tatueringar - Like ink\",\"isPartOf\":{\"@id\":\"https:\\\/\\\/likeink.com\\\/sv\\\/#website\"},\"primaryImageOfPage\":{\"@id\":\"https:\\\/\\\/likeink.com\\\/sv\\\/gnuggisar\\\/detektiv-ikoner-a5-ark\\\/#primaryimage\"},\"image\":{\"@id\":\"https:\\\/\\\/likeink.com\\\/sv\\\/gnuggisar\\\/detektiv-ikoner-a5-ark\\\/#primaryimage\"},\"thumbnailUrl\":\"https:\\\/\\\/likeink.com\\\/wp-content\\\/uploads\\\/2022\\\/01\\\/Detektivikoner-Temporaratatueringar-likeink.jpg\",\"datePublished\":\"2022-01-31T14:30:45+00:00\",\"dateModified\":\"2026-04-14T13:30:05+00:00\",\"description\":\"Sm\u00e5 tempor\u00e4ra tatueringar med ikoner och klassiska detektiv-motiv. Kul f\u00f6r alla som fascineras av detektiver! - Like ink\",\"breadcrumb\":{\"@id\":\"https:\\\/\\\/likeink.com\\\/sv\\\/gnuggisar\\\/detektiv-ikoner-a5-ark\\\/#breadcrumb\"},\"inLanguage\":\"sv-SE\",\"potentialAction\":[{\"@type\":\"ReadAction\",\"target\":[\"https:\\\/\\\/likeink.com\\\/sv\\\/gnuggisar\\\/detektiv-ikoner-a5-ark\\\/\"]}]},{\"@type\":\"ImageObject\",\"inLanguage\":\"sv-SE\",\"@id\":\"https:\\\/\\\/likeink.com\\\/sv\\\/gnuggisar\\\/detektiv-ikoner-a5-ark\\\/#primaryimage\",\"url\":\"https:\\\/\\\/likeink.com\\\/wp-content\\\/uploads\\\/2022\\\/01\\\/Detektivikoner-Temporaratatueringar-likeink.jpg\",\"contentUrl\":\"https:\\\/\\\/likeink.com\\\/wp-content\\\/uploads\\\/2022\\\/01\\\/Detektivikoner-Temporaratatueringar-likeink.jpg\",\"width\":1600,\"height\":1127,\"caption\":\"Klassiska detektiv ikoner och symboler som f\u00f6rstoringsglad, handklovar och fotsp\u00e5r.\"},{\"@type\":\"BreadcrumbList\",\"@id\":\"https:\\\/\\\/likeink.com\\\/sv\\\/gnuggisar\\\/detektiv-ikoner-a5-ark\\\/#breadcrumb\",\"itemListElement\":[{\"@type\":\"ListItem\",\"position\":1,\"name\":\"Hem\",\"item\":\"https:\\\/\\\/likeink.com\\\/sv\\\/\"},{\"@type\":\"ListItem\",\"position\":2,\"name\":\"Webbutik\",\"item\":\"https:\\\/\\\/likeink.com\\\/sv\\\/webbutik\\\/\"},{\"@type\":\"ListItem\",\"position\":3,\"name\":\"Detektiv ikoner\"}]},{\"@type\":\"WebSite\",\"@id\":\"https:\\\/\\\/likeink.com\\\/sv\\\/#website\",\"url\":\"https:\\\/\\\/likeink.com\\\/sv\\\/\",\"name\":\"Like ink\",\"description\":\"Make your own custom design\",\"potentialAction\":[{\"@type\":\"SearchAction\",\"target\":{\"@type\":\"EntryPoint\",\"urlTemplate\":\"https:\\\/\\\/likeink.com\\\/sv\\\/?s={search_term_string}\"},\"query-input\":{\"@type\":\"PropertyValueSpecification\",\"valueRequired\":true,\"valueName\":\"search_term_string\"}}],\"inLanguage\":\"sv-SE\"}]}<\/script>\n<!-- \/ Yoast SEO Premium plugin. -->","yoast_head_json":{"title":"K\u00f6p Detektiv ikoner I Tempor\u00e4ra tatueringar - Like ink","description":"Sm\u00e5 tempor\u00e4ra tatueringar med ikoner och klassiska detektiv-motiv. Kul f\u00f6r alla som fascineras av detektiver! - Like ink","robots":{"index":"index","follow":"follow","max-snippet":"max-snippet:-1","max-image-preview":"max-image-preview:large","max-video-preview":"max-video-preview:-1"},"canonical":"https:\/\/likeink.com\/sv\/gnuggisar\/detektiv-ikoner-a5-ark\/","og_locale":"sv_SE","og_type":"article","og_title":"Detektiv ikoner","og_description":"Tatueringsark med tempor\u00e4ra tatueringar fyllt med detektiv ikoner och detektiv-utrustning. En sann detektiv beh\u00f6ver ett f\u00f6rstoringsglas, handklovar, en hatt s\u00e5klart och \u00f6ven en l\u00f6smustasch! Alla dessa detektivmotiv och lite till finns med i den h\u00e4r tatueringssamlingen! Perfekt p\u00e5 en maskerad och som present till den detektivintresserade!  Bra kvalitet p\u00e5 v\u00e5ra tempor\u00e4ra tatueringar! Vi trycker och skickar inom 24h.  Storlek ark: A5 Antal tatueringar: 16 Storlek: Ca 3-4 cm.","og_url":"https:\/\/likeink.com\/sv\/gnuggisar\/detektiv-ikoner-a5-ark\/","og_site_name":"Like ink","article_publisher":"https:\/\/www.facebook.com\/LikeInkSe","article_modified_time":"2026-04-14T13:30:05+00:00","og_image":[{"width":1600,"height":1127,"url":"https:\/\/likeink.com\/wp-content\/uploads\/2022\/01\/Detektivikoner-Temporaratatueringar-likeink.jpg","type":"image\/jpeg"}],"twitter_card":"summary_large_image","schema":{"@context":"https:\/\/schema.org","@graph":[{"@type":"WebPage","@id":"https:\/\/likeink.com\/sv\/gnuggisar\/detektiv-ikoner-a5-ark\/","url":"https:\/\/likeink.com\/sv\/gnuggisar\/detektiv-ikoner-a5-ark\/","name":"K\u00f6p Detektiv ikoner I Tempor\u00e4ra tatueringar - Like ink","isPartOf":{"@id":"https:\/\/likeink.com\/sv\/#website"},"primaryImageOfPage":{"@id":"https:\/\/likeink.com\/sv\/gnuggisar\/detektiv-ikoner-a5-ark\/#primaryimage"},"image":{"@id":"https:\/\/likeink.com\/sv\/gnuggisar\/detektiv-ikoner-a5-ark\/#primaryimage"},"thumbnailUrl":"https:\/\/likeink.com\/wp-content\/uploads\/2022\/01\/Detektivikoner-Temporaratatueringar-likeink.jpg","datePublished":"2022-01-31T14:30:45+00:00","dateModified":"2026-04-14T13:30:05+00:00","description":"Sm\u00e5 tempor\u00e4ra tatueringar med ikoner och klassiska detektiv-motiv. Kul f\u00f6r alla som fascineras av detektiver! - Like ink","breadcrumb":{"@id":"https:\/\/likeink.com\/sv\/gnuggisar\/detektiv-ikoner-a5-ark\/#breadcrumb"},"inLanguage":"sv-SE","potentialAction":[{"@type":"ReadAction","target":["https:\/\/likeink.com\/sv\/gnuggisar\/detektiv-ikoner-a5-ark\/"]}]},{"@type":"ImageObject","inLanguage":"sv-SE","@id":"https:\/\/likeink.com\/sv\/gnuggisar\/detektiv-ikoner-a5-ark\/#primaryimage","url":"https:\/\/likeink.com\/wp-content\/uploads\/2022\/01\/Detektivikoner-Temporaratatueringar-likeink.jpg","contentUrl":"https:\/\/likeink.com\/wp-content\/uploads\/2022\/01\/Detektivikoner-Temporaratatueringar-likeink.jpg","width":1600,"height":1127,"caption":"Klassiska detektiv ikoner och symboler som f\u00f6rstoringsglad, handklovar och fotsp\u00e5r."},{"@type":"BreadcrumbList","@id":"https:\/\/likeink.com\/sv\/gnuggisar\/detektiv-ikoner-a5-ark\/#breadcrumb","itemListElement":[{"@type":"ListItem","position":1,"name":"Hem","item":"https:\/\/likeink.com\/sv\/"},{"@type":"ListItem","position":2,"name":"Webbutik","item":"https:\/\/likeink.com\/sv\/webbutik\/"},{"@type":"ListItem","position":3,"name":"Detektiv ikoner"}]},{"@type":"WebSite","@id":"https:\/\/likeink.com\/sv\/#website","url":"https:\/\/likeink.com\/sv\/","name":"Like ink","description":"Make your own custom design","potentialAction":[{"@type":"SearchAction","target":{"@type":"EntryPoint","urlTemplate":"https:\/\/likeink.com\/sv\/?s={search_term_string}"},"query-input":{"@type":"PropertyValueSpecification","valueRequired":true,"valueName":"search_term_string"}}],"inLanguage":"sv-SE"}]}},"_links":{"self":[{"href":"https:\/\/likeink.com\/sv\/wp-json\/wp\/v2\/product\/8262","targetHints":{"allow":["GET"]}}],"collection":[{"href":"https:\/\/likeink.com\/sv\/wp-json\/wp\/v2\/product"}],"about":[{"href":"https:\/\/likeink.com\/sv\/wp-json\/wp\/v2\/types\/product"}],"wp:featuredmedia":[{"embeddable":true,"href":"https:\/\/likeink.com\/sv\/wp-json\/wp\/v2\/media\/8256"}],"wp:attachment":[{"href":"https:\/\/likeink.com\/sv\/wp-json\/wp\/v2\/media?parent=8262"}],"wp:term":[{"taxonomy":"product_brand","embeddable":true,"href":"https:\/\/likeink.com\/sv\/wp-json\/wp\/v2\/product_brand?post=8262"},{"taxonomy":"product_cat","embeddable":true,"href":"https:\/\/likeink.com\/sv\/wp-json\/wp\/v2\/product_cat?post=8262"},{"taxonomy":"product_tag","embeddable":true,"href":"https:\/\/likeink.com\/sv\/wp-json\/wp\/v2\/product_tag?post=8262"}],"curies":[{"name":"wp","href":"https:\/\/api.w.org\/{rel}","templated":true}]}}