{"id":8306,"date":"2022-02-01T14:25:56","date_gmt":"2022-02-01T14:25:56","guid":{"rendered":"https:\/\/likeink.se\/?post_type=product&#038;p=8306"},"modified":"2026-04-14T13:32:45","modified_gmt":"2026-04-14T13:32:45","slug":"privatdetektiv-maskeradtatueringar-a5-ark","status":"publish","type":"product","link":"https:\/\/likeink.com\/sv\/gnuggisar\/privatdetektiv-maskeradtatueringar-a5-ark\/","title":{"rendered":"Privatdetektiv maskeradtatueringar"},"content":{"rendered":"","protected":false},"excerpt":{"rendered":"<p>Ark med maskeradtatueringar \/ privatdetektiv-gnuggisar perfekt till maskerad och andra festligheter!<\/p>\n<p>En privatdetektiv beh\u00f6ver en kikare, handklovar, ett f\u00f6rstoringsglas f\u00f6r att kunna utf\u00f6ra sitt arbete och s\u00e5klart en hatt att d\u00f6lja ansiktet under och en pipa f\u00f6r att se avslappnad ut och sm\u00e4lta in. Det \u00e4nda motivet som saknas \u00e4r en tidning att g\u00f6mma sig bakom.<\/p>\n<p>V\u00e5ra gnuggisar \u00e4r s\u00e4kra och enkla att anv\u00e4nda! Vi skickar din order inom 24h.<\/p>\n<p>Storlek ark: A5<br \/>\nAntal detektivtatueringar: 14<br \/>\nStorlek p\u00e5 tatueringar: 3-7 cm<\/p>\n","protected":false},"featured_media":8300,"template":"","meta":[],"product_brand":[],"product_cat":[17,490],"product_tag":[],"class_list":{"0":"post-8306","1":"product","2":"type-product","3":"status-publish","4":"has-post-thumbnail","6":"product_cat-fardiga-ark","7":"product_cat-maskerad-sasong","9":"first","10":"instock","11":"taxable","12":"shipping-taxable","13":"purchasable","14":"product-type-simple"},"yoast_head":"<!-- This site is optimized with the Yoast SEO Premium plugin v26.2 (Yoast SEO v27.5) - https:\/\/yoast.com\/product\/yoast-seo-premium-wordpress\/ -->\n<title>K\u00f6p Privatdetektiv maskeradtatueringar I Gnuggis - Like ink<\/title>\n<meta name=\"description\" content=\"Ska du vara privatdetektiv s\u00e5 \u00e4r gnuggisar med privatdetektiv-tema ett m\u00e5ste! Bra kvalitet och snabb leverans! - Like ink\" \/>\n<meta name=\"robots\" content=\"index, follow, max-snippet:-1, max-image-preview:large, max-video-preview:-1\" \/>\n<link rel=\"canonical\" href=\"https:\/\/likeink.com\/sv\/gnuggisar\/privatdetektiv-maskeradtatueringar-a5-ark\/\" \/>\n<meta property=\"og:locale\" content=\"sv_SE\" \/>\n<meta property=\"og:type\" content=\"article\" \/>\n<meta property=\"og:title\" content=\"Privatdetektiv maskeradtatueringar\" \/>\n<meta property=\"og:description\" content=\"Ark med maskeradtatueringar \/ privatdetektiv-gnuggisar perfekt till maskerad och andra festligheter!  En privatdetektiv beh\u00f6ver en kikare, handklovar, ett f\u00f6rstoringsglas f\u00f6r att kunna utf\u00f6ra sitt arbete och s\u00e5klart en hatt att d\u00f6lja ansiktet under och en pipa f\u00f6r att se avslappnad ut och sm\u00e4lta in. Det \u00e4nda motivet som saknas \u00e4r en tidning att g\u00f6mma sig bakom.  V\u00e5ra gnuggisar \u00e4r s\u00e4kra och enkla att anv\u00e4nda! Vi skickar din order inom 24h.  Storlek ark: A5 Antal detektivtatueringar: 14 Storlek p\u00e5 tatueringar: 3-7 cm\" \/>\n<meta property=\"og:url\" content=\"https:\/\/likeink.com\/sv\/gnuggisar\/privatdetektiv-maskeradtatueringar-a5-ark\/\" \/>\n<meta property=\"og:site_name\" content=\"Like ink\" \/>\n<meta property=\"article:publisher\" content=\"https:\/\/www.facebook.com\/LikeInkSe\" \/>\n<meta property=\"article:modified_time\" content=\"2026-04-14T13:32:45+00:00\" \/>\n<meta property=\"og:image\" content=\"https:\/\/likeink.com\/wp-content\/uploads\/2022\/02\/Privatdetektiv-Motiv-Likeink.jpg\" \/>\n\t<meta property=\"og:image:width\" content=\"1000\" \/>\n\t<meta property=\"og:image:height\" content=\"704\" \/>\n\t<meta property=\"og:image:type\" content=\"image\/jpeg\" \/>\n<meta name=\"twitter:card\" content=\"summary_large_image\" \/>\n<!-- \/ Yoast SEO Premium plugin. -->","yoast_head_json":{"title":"K\u00f6p Privatdetektiv maskeradtatueringar I Gnuggis - Like ink","description":"Ska du vara privatdetektiv s\u00e5 \u00e4r gnuggisar med privatdetektiv-tema ett m\u00e5ste! Bra kvalitet och snabb leverans! - Like ink","robots":{"index":"index","follow":"follow","max-snippet":"max-snippet:-1","max-image-preview":"max-image-preview:large","max-video-preview":"max-video-preview:-1"},"canonical":"https:\/\/likeink.com\/sv\/gnuggisar\/privatdetektiv-maskeradtatueringar-a5-ark\/","og_locale":"sv_SE","og_type":"article","og_title":"Privatdetektiv maskeradtatueringar","og_description":"Ark med maskeradtatueringar \/ privatdetektiv-gnuggisar perfekt till maskerad och andra festligheter!  En privatdetektiv beh\u00f6ver en kikare, handklovar, ett f\u00f6rstoringsglas f\u00f6r att kunna utf\u00f6ra sitt arbete och s\u00e5klart en hatt att d\u00f6lja ansiktet under och en pipa f\u00f6r att se avslappnad ut och sm\u00e4lta in. Det \u00e4nda motivet som saknas \u00e4r en tidning att g\u00f6mma sig bakom.  V\u00e5ra gnuggisar \u00e4r s\u00e4kra och enkla att anv\u00e4nda! Vi skickar din order inom 24h.  Storlek ark: A5 Antal detektivtatueringar: 14 Storlek p\u00e5 tatueringar: 3-7 cm","og_url":"https:\/\/likeink.com\/sv\/gnuggisar\/privatdetektiv-maskeradtatueringar-a5-ark\/","og_site_name":"Like ink","article_publisher":"https:\/\/www.facebook.com\/LikeInkSe","article_modified_time":"2026-04-14T13:32:45+00:00","og_image":[{"width":1000,"height":704,"url":"https:\/\/likeink.com\/wp-content\/uploads\/2022\/02\/Privatdetektiv-Motiv-Likeink.jpg","type":"image\/jpeg"}],"twitter_card":"summary_large_image","schema":{"@context":"https:\/\/schema.org","@graph":[{"@type":"WebPage","@id":"https:\/\/likeink.com\/sv\/gnuggisar\/privatdetektiv-maskeradtatueringar-a5-ark\/","url":"https:\/\/likeink.com\/sv\/gnuggisar\/privatdetektiv-maskeradtatueringar-a5-ark\/","name":"K\u00f6p Privatdetektiv maskeradtatueringar I Gnuggis - Like ink","isPartOf":{"@id":"https:\/\/likeink.com\/sv\/#website"},"primaryImageOfPage":{"@id":"https:\/\/likeink.com\/sv\/gnuggisar\/privatdetektiv-maskeradtatueringar-a5-ark\/#primaryimage"},"image":{"@id":"https:\/\/likeink.com\/sv\/gnuggisar\/privatdetektiv-maskeradtatueringar-a5-ark\/#primaryimage"},"thumbnailUrl":"https:\/\/likeink.com\/wp-content\/uploads\/2022\/02\/Privatdetektiv-Motiv-Likeink.jpg","datePublished":"2022-02-01T14:25:56+00:00","dateModified":"2026-04-14T13:32:45+00:00","description":"Ska du vara privatdetektiv s\u00e5 \u00e4r gnuggisar med privatdetektiv-tema ett m\u00e5ste! Bra kvalitet och snabb leverans! - Like ink","breadcrumb":{"@id":"https:\/\/likeink.com\/sv\/gnuggisar\/privatdetektiv-maskeradtatueringar-a5-ark\/#breadcrumb"},"inLanguage":"sv-SE","potentialAction":[{"@type":"ReadAction","target":["https:\/\/likeink.com\/sv\/gnuggisar\/privatdetektiv-maskeradtatueringar-a5-ark\/"]}]},{"@type":"ImageObject","inLanguage":"sv-SE","@id":"https:\/\/likeink.com\/sv\/gnuggisar\/privatdetektiv-maskeradtatueringar-a5-ark\/#primaryimage","url":"https:\/\/likeink.com\/wp-content\/uploads\/2022\/02\/Privatdetektiv-Motiv-Likeink.jpg","contentUrl":"https:\/\/likeink.com\/wp-content\/uploads\/2022\/02\/Privatdetektiv-Motiv-Likeink.jpg","width":1000,"height":704,"caption":"Olika gnuggisar med tema privatdetektiv. Perfekt p\u00e5 maskerad och f\u00f6r sm\u00e5 detektiver."},{"@type":"BreadcrumbList","@id":"https:\/\/likeink.com\/sv\/gnuggisar\/privatdetektiv-maskeradtatueringar-a5-ark\/#breadcrumb","itemListElement":[{"@type":"ListItem","position":1,"name":"Hem","item":"https:\/\/likeink.com\/sv\/"},{"@type":"ListItem","position":2,"name":"Webbutik","item":"https:\/\/likeink.com\/sv\/webbutik\/"},{"@type":"ListItem","position":3,"name":"Privatdetektiv maskeradtatueringar"}]},{"@type":"WebSite","@id":"https:\/\/likeink.com\/sv\/#website","url":"https:\/\/likeink.com\/sv\/","name":"Like ink","description":"Make your own custom design","potentialAction":[{"@type":"SearchAction","target":{"@type":"EntryPoint","urlTemplate":"https:\/\/likeink.com\/sv\/?s={search_term_string}"},"query-input":{"@type":"PropertyValueSpecification","valueRequired":true,"valueName":"search_term_string"}}],"inLanguage":"sv-SE"}]}},"_links":{"self":[{"href":"https:\/\/likeink.com\/sv\/wp-json\/wp\/v2\/product\/8306","targetHints":{"allow":["GET"]}}],"collection":[{"href":"https:\/\/likeink.com\/sv\/wp-json\/wp\/v2\/product"}],"about":[{"href":"https:\/\/likeink.com\/sv\/wp-json\/wp\/v2\/types\/product"}],"wp:featuredmedia":[{"embeddable":true,"href":"https:\/\/likeink.com\/sv\/wp-json\/wp\/v2\/media\/8300"}],"wp:attachment":[{"href":"https:\/\/likeink.com\/sv\/wp-json\/wp\/v2\/media?parent=8306"}],"wp:term":[{"taxonomy":"product_brand","embeddable":true,"href":"https:\/\/likeink.com\/sv\/wp-json\/wp\/v2\/product_brand?post=8306"},{"taxonomy":"product_cat","embeddable":true,"href":"https:\/\/likeink.com\/sv\/wp-json\/wp\/v2\/product_cat?post=8306"},{"taxonomy":"product_tag","embeddable":true,"href":"https:\/\/likeink.com\/sv\/wp-json\/wp\/v2\/product_tag?post=8306"}],"curies":[{"name":"wp","href":"https:\/\/api.w.org\/{rel}","templated":true}]}}