{"id":8324,"date":"2022-02-01T15:52:14","date_gmt":"2022-02-01T15:52:14","guid":{"rendered":"https:\/\/likeink.se\/?post_type=product&#038;p=8324"},"modified":"2026-05-13T10:11:19","modified_gmt":"2026-05-13T10:11:19","slug":"ugglor-kalastatueringar-a5-ark","status":"publish","type":"product","link":"https:\/\/likeink.com\/sv\/gnuggisar\/ugglor-kalastatueringar-a5-ark\/","title":{"rendered":"Ugglor Kalastatueringar"},"content":{"rendered":"","protected":false},"excerpt":{"rendered":"<p>Gnuggisar med fina ugglor, paket, hj\u00e4rtan och f\u00e5glar som \u00e4r framtagna av en duktig illustrat\u00f6r. Fina f\u00e4rger och superfina motiv tycker vi!<br \/>\nSka du anordna ett barnkalas s\u00e5 kan vi garantera att gnuggisar kommer att bli en succ\u00e9, det h\u00f6jer kalasst\u00e4mningen och de absolut fasta &#8211; vuxna som barn \u00e4lskar ju b\u00e5de kalas och gnuggisar!<\/p>\n<p>Dessa fina kalastatueringakr trycker och skickar vi inom 24 h efter det att du best\u00e4llt!<br \/>\nGnuggisarna \u00e4r enkla att applicera och ta bort.<\/p>\n<p>Ark storlek: A5<br \/>\nAntal motiv: Ca 32<br \/>\nStorlek: 1-6 cm<\/p>\n","protected":false},"featured_media":8318,"template":"","meta":[],"product_brand":[],"product_cat":[493,17],"product_tag":[],"class_list":{"0":"post-8324","1":"product","2":"type-product","3":"status-publish","4":"has-post-thumbnail","6":"product_cat-barnkalas","7":"product_cat-fardiga-ark","9":"first","10":"instock","11":"taxable","12":"shipping-taxable","13":"purchasable","14":"product-type-simple"},"yoast_head":"<!-- This site is optimized with the Yoast SEO Premium plugin v27.5 (Yoast SEO v27.6) - https:\/\/yoast.com\/product\/yoast-seo-premium-wordpress\/ -->\n<title>Tatueringar ugglor barnkalas I gnuggisar med Ugglor - Like ink<\/title>\n<meta name=\"description\" content=\"Tatueringar ugglor barnkalas: Ska du anordna ett kalas s\u00e5 \u00e4r gnuggisar ett m\u00e5ste, det h\u00f6jer gemenskapen och kalasst\u00e4mningen! - Like ink\" \/>\n<meta name=\"robots\" content=\"index, follow, max-snippet:-1, max-image-preview:large, max-video-preview:-1\" \/>\n<link rel=\"canonical\" href=\"https:\/\/likeink.com\/sv\/gnuggisar\/ugglor-kalastatueringar-a5-ark\/\" \/>\n<meta property=\"og:locale\" content=\"sv_SE\" \/>\n<meta property=\"og:type\" content=\"article\" \/>\n<meta property=\"og:title\" content=\"Ugglor Kalastatueringar\" \/>\n<meta property=\"og:description\" content=\"Gnuggisar med fina ugglor, paket, hj\u00e4rtan och f\u00e5glar som \u00e4r framtagna av en duktig illustrat\u00f6r. Fina f\u00e4rger och superfina motiv tycker vi! Ska du anordna ett barnkalas s\u00e5 kan vi garantera att gnuggisar kommer att bli en succ\u00e9, det h\u00f6jer kalasst\u00e4mningen och de absolut fasta - vuxna som barn \u00e4lskar ju b\u00e5de kalas och gnuggisar!  Dessa fina kalastatueringakr trycker och skickar vi inom 24 h efter det att du best\u00e4llt! Gnuggisarna \u00e4r enkla att applicera och ta bort.  Ark storlek: A5 Antal motiv: Ca 32 Storlek: 1-6 cm\" \/>\n<meta property=\"og:url\" content=\"https:\/\/likeink.com\/sv\/gnuggisar\/ugglor-kalastatueringar-a5-ark\/\" \/>\n<meta property=\"og:site_name\" content=\"Like ink\" \/>\n<meta property=\"article:publisher\" content=\"https:\/\/www.facebook.com\/LikeInkSe\" \/>\n<meta property=\"article:modified_time\" content=\"2026-05-13T10:11:19+00:00\" \/>\n<meta property=\"og:image\" content=\"https:\/\/likeink.com\/wp-content\/uploads\/2022\/02\/Kalastatueringar-ugglor-Likeink.jpg\" \/>\n\t<meta property=\"og:image:width\" content=\"1200\" \/>\n\t<meta property=\"og:image:height\" content=\"845\" \/>\n\t<meta property=\"og:image:type\" content=\"image\/jpeg\" \/>\n<meta name=\"twitter:card\" content=\"summary_large_image\" \/>\n<meta name=\"twitter:label1\" content=\"Ber\u00e4knad l\u00e4stid\" \/>\n\t<meta name=\"twitter:data1\" content=\"1 minut\" \/>\n<!-- \/ Yoast SEO Premium plugin. -->","yoast_head_json":{"title":"Tatueringar ugglor barnkalas I gnuggisar med Ugglor - Like ink","description":"Tatueringar ugglor barnkalas: Ska du anordna ett kalas s\u00e5 \u00e4r gnuggisar ett m\u00e5ste, det h\u00f6jer gemenskapen och kalasst\u00e4mningen! - Like ink","robots":{"index":"index","follow":"follow","max-snippet":"max-snippet:-1","max-image-preview":"max-image-preview:large","max-video-preview":"max-video-preview:-1"},"canonical":"https:\/\/likeink.com\/sv\/gnuggisar\/ugglor-kalastatueringar-a5-ark\/","og_locale":"sv_SE","og_type":"article","og_title":"Ugglor Kalastatueringar","og_description":"Gnuggisar med fina ugglor, paket, hj\u00e4rtan och f\u00e5glar som \u00e4r framtagna av en duktig illustrat\u00f6r. Fina f\u00e4rger och superfina motiv tycker vi! Ska du anordna ett barnkalas s\u00e5 kan vi garantera att gnuggisar kommer att bli en succ\u00e9, det h\u00f6jer kalasst\u00e4mningen och de absolut fasta - vuxna som barn \u00e4lskar ju b\u00e5de kalas och gnuggisar!  Dessa fina kalastatueringakr trycker och skickar vi inom 24 h efter det att du best\u00e4llt! Gnuggisarna \u00e4r enkla att applicera och ta bort.  Ark storlek: A5 Antal motiv: Ca 32 Storlek: 1-6 cm","og_url":"https:\/\/likeink.com\/sv\/gnuggisar\/ugglor-kalastatueringar-a5-ark\/","og_site_name":"Like ink","article_publisher":"https:\/\/www.facebook.com\/LikeInkSe","article_modified_time":"2026-05-13T10:11:19+00:00","og_image":[{"width":1200,"height":845,"url":"https:\/\/likeink.com\/wp-content\/uploads\/2022\/02\/Kalastatueringar-ugglor-Likeink.jpg","type":"image\/jpeg"}],"twitter_card":"summary_large_image","twitter_misc":{"Ber\u00e4knad l\u00e4stid":"1 minut"},"schema":{"@context":"https:\/\/schema.org","@graph":[{"@type":"WebPage","@id":"https:\/\/likeink.com\/sv\/gnuggisar\/ugglor-kalastatueringar-a5-ark\/","url":"https:\/\/likeink.com\/sv\/gnuggisar\/ugglor-kalastatueringar-a5-ark\/","name":"Tatueringar ugglor barnkalas I gnuggisar med Ugglor - Like ink","isPartOf":{"@id":"https:\/\/likeink.com\/sv\/#website"},"primaryImageOfPage":{"@id":"https:\/\/likeink.com\/sv\/gnuggisar\/ugglor-kalastatueringar-a5-ark\/#primaryimage"},"image":{"@id":"https:\/\/likeink.com\/sv\/gnuggisar\/ugglor-kalastatueringar-a5-ark\/#primaryimage"},"thumbnailUrl":"https:\/\/likeink.com\/wp-content\/uploads\/2022\/02\/Kalastatueringar-ugglor-Likeink.jpg","datePublished":"2022-02-01T15:52:14+00:00","dateModified":"2026-05-13T10:11:19+00:00","description":"Tatueringar ugglor barnkalas: Ska du anordna ett kalas s\u00e5 \u00e4r gnuggisar ett m\u00e5ste, det h\u00f6jer gemenskapen och kalasst\u00e4mningen! - Like ink","breadcrumb":{"@id":"https:\/\/likeink.com\/sv\/gnuggisar\/ugglor-kalastatueringar-a5-ark\/#breadcrumb"},"inLanguage":"sv-SE","potentialAction":[{"@type":"ReadAction","target":["https:\/\/likeink.com\/sv\/gnuggisar\/ugglor-kalastatueringar-a5-ark\/"]}]},{"@type":"ImageObject","inLanguage":"sv-SE","@id":"https:\/\/likeink.com\/sv\/gnuggisar\/ugglor-kalastatueringar-a5-ark\/#primaryimage","url":"https:\/\/likeink.com\/wp-content\/uploads\/2022\/02\/Kalastatueringar-ugglor-Likeink.jpg","contentUrl":"https:\/\/likeink.com\/wp-content\/uploads\/2022\/02\/Kalastatueringar-ugglor-Likeink.jpg","width":1200,"height":845,"caption":"Ugglor, paket, ljus och f\u00e5glar. Tatueringar till kalas och barnkalas."},{"@type":"BreadcrumbList","@id":"https:\/\/likeink.com\/sv\/gnuggisar\/ugglor-kalastatueringar-a5-ark\/#breadcrumb","itemListElement":[{"@type":"ListItem","position":1,"name":"Hem","item":"https:\/\/likeink.com\/sv\/"},{"@type":"ListItem","position":2,"name":"Webbutik","item":"https:\/\/likeink.com\/sv\/webbutik\/"},{"@type":"ListItem","position":3,"name":"Ugglor Kalastatueringar"}]},{"@type":"WebSite","@id":"https:\/\/likeink.com\/sv\/#website","url":"https:\/\/likeink.com\/sv\/","name":"Like ink","description":"Make your own custom design","potentialAction":[{"@type":"SearchAction","target":{"@type":"EntryPoint","urlTemplate":"https:\/\/likeink.com\/sv\/?s={search_term_string}"},"query-input":{"@type":"PropertyValueSpecification","valueRequired":true,"valueName":"search_term_string"}}],"inLanguage":"sv-SE"}]}},"_links":{"self":[{"href":"https:\/\/likeink.com\/sv\/wp-json\/wp\/v2\/product\/8324","targetHints":{"allow":["GET"]}}],"collection":[{"href":"https:\/\/likeink.com\/sv\/wp-json\/wp\/v2\/product"}],"about":[{"href":"https:\/\/likeink.com\/sv\/wp-json\/wp\/v2\/types\/product"}],"wp:featuredmedia":[{"embeddable":true,"href":"https:\/\/likeink.com\/sv\/wp-json\/wp\/v2\/media\/8318"}],"wp:attachment":[{"href":"https:\/\/likeink.com\/sv\/wp-json\/wp\/v2\/media?parent=8324"}],"wp:term":[{"taxonomy":"product_brand","embeddable":true,"href":"https:\/\/likeink.com\/sv\/wp-json\/wp\/v2\/product_brand?post=8324"},{"taxonomy":"product_cat","embeddable":true,"href":"https:\/\/likeink.com\/sv\/wp-json\/wp\/v2\/product_cat?post=8324"},{"taxonomy":"product_tag","embeddable":true,"href":"https:\/\/likeink.com\/sv\/wp-json\/wp\/v2\/product_tag?post=8324"}],"curies":[{"name":"wp","href":"https:\/\/api.w.org\/{rel}","templated":true}]}}