{"id":8336,"date":"2022-02-02T06:12:26","date_gmt":"2022-02-02T06:12:26","guid":{"rendered":"https:\/\/likeink.se\/?post_type=product&#038;p=8336"},"modified":"2026-04-15T06:51:59","modified_gmt":"2026-04-15T06:51:59","slug":"fisktatueringar-a5-ark","status":"publish","type":"product","link":"https:\/\/likeink.com\/sv\/gnuggisar\/fisktatueringar-a5-ark\/","title":{"rendered":"Fisktatueringar"},"content":{"rendered":"","protected":false},"excerpt":{"rendered":"<p>H\u00e4r f\u00e5r du ett 20X14cm stort ark fyllt med fina fiskar och fula fiskar i olika f\u00e4rger och storlek. S\u00e5 nu kan du diskret tatuera en liten sj\u00f6stj\u00e4rna p\u00e5 foten eller ett helt fiskstim \u00f6ver armarna eller kanske dela ut fisktatueringar till alla v\u00e4nner p\u00e5 kalaset.<br \/>\nMotiven \u00e4r tecknade av en australiensisk konstn\u00e4r som s\u00e4kert f\u00e5tt inspiration n\u00e4r hon dykt i indiska oceanen eller i stilla havet.<\/p>\n<p>Vi trycker och skickar detta fina ark med fisk-gnuggisar inom 24h! Bra kvalitet, enkel applicering och sj\u00e4lvklart \u00e4r v\u00e5ra gnuggisar s\u00e4kra att anv\u00e4nda.<\/p>\n<p>Storlek ark: A5<br \/>\nAntal fisktatueringar: 41<br \/>\nStorlek: Ca 3 cm<\/p>\n","protected":false},"featured_media":8330,"template":"","meta":[],"product_brand":[],"product_cat":[493,488,17],"product_tag":[],"class_list":{"0":"post-8336","1":"product","2":"type-product","3":"status-publish","4":"has-post-thumbnail","6":"product_cat-barnkalas","7":"product_cat-djur-natur","8":"product_cat-fardiga-ark","10":"first","11":"instock","12":"taxable","13":"shipping-taxable","14":"purchasable","15":"product-type-simple"},"yoast_head":"<!-- This site is optimized with the Yoast SEO Premium plugin v26.2 (Yoast SEO v27.5) - https:\/\/yoast.com\/product\/yoast-seo-premium-wordpress\/ -->\n<title>K\u00f6p Fisktatueringar I Fina gnuggisar av fiskmotiv- Like ink<\/title>\n<meta name=\"description\" content=\"Fisktatueringar: F\u00e4rgglada fina fisk-gnuggisar i bra kvalitet! Gnuggisarna \u00e4r enkla och s\u00e4kra att anv\u00e4nda. Snabb leverans! - Like ink\" \/>\n<meta name=\"robots\" content=\"index, follow, max-snippet:-1, max-image-preview:large, max-video-preview:-1\" \/>\n<link rel=\"canonical\" href=\"https:\/\/likeink.com\/sv\/gnuggisar\/fisktatueringar-a5-ark\/\" \/>\n<meta property=\"og:locale\" content=\"sv_SE\" \/>\n<meta property=\"og:type\" content=\"article\" \/>\n<meta property=\"og:title\" content=\"Fisktatueringar\" \/>\n<meta property=\"og:description\" content=\"H\u00e4r f\u00e5r du ett 20X14cm stort ark fyllt med fina fiskar och fula fiskar i olika f\u00e4rger och storlek. S\u00e5 nu kan du diskret tatuera en liten sj\u00f6stj\u00e4rna p\u00e5 foten eller ett helt fiskstim \u00f6ver armarna eller kanske dela ut fisktatueringar till alla v\u00e4nner p\u00e5 kalaset. Motiven \u00e4r tecknade av en australiensisk konstn\u00e4r som s\u00e4kert f\u00e5tt inspiration n\u00e4r hon dykt i indiska oceanen eller i stilla havet.  Vi trycker och skickar detta fina ark med fisk-gnuggisar inom 24h! Bra kvalitet, enkel applicering och sj\u00e4lvklart \u00e4r v\u00e5ra gnuggisar s\u00e4kra att anv\u00e4nda.  Storlek ark: A5 Antal fisktatueringar: 41 Storlek: Ca 3 cm\" \/>\n<meta property=\"og:url\" content=\"https:\/\/likeink.com\/sv\/gnuggisar\/fisktatueringar-a5-ark\/\" \/>\n<meta property=\"og:site_name\" content=\"Like ink\" \/>\n<meta property=\"article:publisher\" content=\"https:\/\/www.facebook.com\/LikeInkSe\" \/>\n<meta property=\"article:modified_time\" content=\"2026-04-15T06:51:59+00:00\" \/>\n<meta property=\"og:image\" content=\"https:\/\/likeink.com\/wp-content\/uploads\/2022\/02\/Akvariefiskar-Likeink-Gnuggisar.jpg\" \/>\n\t<meta property=\"og:image:width\" content=\"1000\" \/>\n\t<meta property=\"og:image:height\" content=\"704\" \/>\n\t<meta property=\"og:image:type\" content=\"image\/jpeg\" \/>\n<meta name=\"twitter:card\" content=\"summary_large_image\" \/>\n<!-- \/ Yoast SEO Premium plugin. -->","yoast_head_json":{"title":"K\u00f6p Fisktatueringar I Fina gnuggisar av fiskmotiv- Like ink","description":"Fisktatueringar: F\u00e4rgglada fina fisk-gnuggisar i bra kvalitet! Gnuggisarna \u00e4r enkla och s\u00e4kra att anv\u00e4nda. Snabb leverans! - Like ink","robots":{"index":"index","follow":"follow","max-snippet":"max-snippet:-1","max-image-preview":"max-image-preview:large","max-video-preview":"max-video-preview:-1"},"canonical":"https:\/\/likeink.com\/sv\/gnuggisar\/fisktatueringar-a5-ark\/","og_locale":"sv_SE","og_type":"article","og_title":"Fisktatueringar","og_description":"H\u00e4r f\u00e5r du ett 20X14cm stort ark fyllt med fina fiskar och fula fiskar i olika f\u00e4rger och storlek. S\u00e5 nu kan du diskret tatuera en liten sj\u00f6stj\u00e4rna p\u00e5 foten eller ett helt fiskstim \u00f6ver armarna eller kanske dela ut fisktatueringar till alla v\u00e4nner p\u00e5 kalaset. Motiven \u00e4r tecknade av en australiensisk konstn\u00e4r som s\u00e4kert f\u00e5tt inspiration n\u00e4r hon dykt i indiska oceanen eller i stilla havet.  Vi trycker och skickar detta fina ark med fisk-gnuggisar inom 24h! Bra kvalitet, enkel applicering och sj\u00e4lvklart \u00e4r v\u00e5ra gnuggisar s\u00e4kra att anv\u00e4nda.  Storlek ark: A5 Antal fisktatueringar: 41 Storlek: Ca 3 cm","og_url":"https:\/\/likeink.com\/sv\/gnuggisar\/fisktatueringar-a5-ark\/","og_site_name":"Like ink","article_publisher":"https:\/\/www.facebook.com\/LikeInkSe","article_modified_time":"2026-04-15T06:51:59+00:00","og_image":[{"width":1000,"height":704,"url":"https:\/\/likeink.com\/wp-content\/uploads\/2022\/02\/Akvariefiskar-Likeink-Gnuggisar.jpg","type":"image\/jpeg"}],"twitter_card":"summary_large_image","schema":{"@context":"https:\/\/schema.org","@graph":[{"@type":"WebPage","@id":"https:\/\/likeink.com\/sv\/gnuggisar\/fisktatueringar-a5-ark\/","url":"https:\/\/likeink.com\/sv\/gnuggisar\/fisktatueringar-a5-ark\/","name":"K\u00f6p Fisktatueringar I Fina gnuggisar av fiskmotiv- Like ink","isPartOf":{"@id":"https:\/\/likeink.com\/sv\/#website"},"primaryImageOfPage":{"@id":"https:\/\/likeink.com\/sv\/gnuggisar\/fisktatueringar-a5-ark\/#primaryimage"},"image":{"@id":"https:\/\/likeink.com\/sv\/gnuggisar\/fisktatueringar-a5-ark\/#primaryimage"},"thumbnailUrl":"https:\/\/likeink.com\/wp-content\/uploads\/2022\/02\/Akvariefiskar-Likeink-Gnuggisar.jpg","datePublished":"2022-02-02T06:12:26+00:00","dateModified":"2026-04-15T06:51:59+00:00","description":"Fisktatueringar: F\u00e4rgglada fina fisk-gnuggisar i bra kvalitet! Gnuggisarna \u00e4r enkla och s\u00e4kra att anv\u00e4nda. Snabb leverans! - Like ink","breadcrumb":{"@id":"https:\/\/likeink.com\/sv\/gnuggisar\/fisktatueringar-a5-ark\/#breadcrumb"},"inLanguage":"sv-SE","potentialAction":[{"@type":"ReadAction","target":["https:\/\/likeink.com\/sv\/gnuggisar\/fisktatueringar-a5-ark\/"]}]},{"@type":"ImageObject","inLanguage":"sv-SE","@id":"https:\/\/likeink.com\/sv\/gnuggisar\/fisktatueringar-a5-ark\/#primaryimage","url":"https:\/\/likeink.com\/wp-content\/uploads\/2022\/02\/Akvariefiskar-Likeink-Gnuggisar.jpg","contentUrl":"https:\/\/likeink.com\/wp-content\/uploads\/2022\/02\/Akvariefiskar-Likeink-Gnuggisar.jpg","width":1000,"height":704,"caption":"Fiskar, Akkvariefiskar som gnuggisar! Tatuera fisk - K\u00f6p fake tatueringar med bra kvalitet och snabb leverans - likeink.se"},{"@type":"BreadcrumbList","@id":"https:\/\/likeink.com\/sv\/gnuggisar\/fisktatueringar-a5-ark\/#breadcrumb","itemListElement":[{"@type":"ListItem","position":1,"name":"Hem","item":"https:\/\/likeink.com\/sv\/"},{"@type":"ListItem","position":2,"name":"Webbutik","item":"https:\/\/likeink.com\/sv\/webbutik\/"},{"@type":"ListItem","position":3,"name":"Fisktatueringar"}]},{"@type":"WebSite","@id":"https:\/\/likeink.com\/sv\/#website","url":"https:\/\/likeink.com\/sv\/","name":"Like ink","description":"Make your own custom design","potentialAction":[{"@type":"SearchAction","target":{"@type":"EntryPoint","urlTemplate":"https:\/\/likeink.com\/sv\/?s={search_term_string}"},"query-input":{"@type":"PropertyValueSpecification","valueRequired":true,"valueName":"search_term_string"}}],"inLanguage":"sv-SE"}]}},"_links":{"self":[{"href":"https:\/\/likeink.com\/sv\/wp-json\/wp\/v2\/product\/8336","targetHints":{"allow":["GET"]}}],"collection":[{"href":"https:\/\/likeink.com\/sv\/wp-json\/wp\/v2\/product"}],"about":[{"href":"https:\/\/likeink.com\/sv\/wp-json\/wp\/v2\/types\/product"}],"wp:featuredmedia":[{"embeddable":true,"href":"https:\/\/likeink.com\/sv\/wp-json\/wp\/v2\/media\/8330"}],"wp:attachment":[{"href":"https:\/\/likeink.com\/sv\/wp-json\/wp\/v2\/media?parent=8336"}],"wp:term":[{"taxonomy":"product_brand","embeddable":true,"href":"https:\/\/likeink.com\/sv\/wp-json\/wp\/v2\/product_brand?post=8336"},{"taxonomy":"product_cat","embeddable":true,"href":"https:\/\/likeink.com\/sv\/wp-json\/wp\/v2\/product_cat?post=8336"},{"taxonomy":"product_tag","embeddable":true,"href":"https:\/\/likeink.com\/sv\/wp-json\/wp\/v2\/product_tag?post=8336"}],"curies":[{"name":"wp","href":"https:\/\/api.w.org\/{rel}","templated":true}]}}