{"id":8364,"date":"2022-02-02T13:27:09","date_gmt":"2022-02-02T13:27:09","guid":{"rendered":"https:\/\/likeink.se\/?post_type=product&#038;p=8364"},"modified":"2026-04-14T12:34:16","modified_gmt":"2026-04-14T12:34:16","slug":"fargglada-hostlov-a5-ark","status":"publish","type":"product","link":"https:\/\/likeink.com\/sv\/gnuggisar\/fargglada-hostlov-a5-ark\/","title":{"rendered":"F\u00e4rgglada h\u00f6stl\u00f6v"},"content":{"rendered":"","protected":false},"excerpt":{"rendered":"<p>Fake tattoo ark fyllt med vackra f\u00e4rgglada h\u00f6stl\u00f6v! Att tatuera in l\u00f6v \u00e4r verkligen superfint och olika l\u00f6v har f\u00f6rutan att de \u00e4r vackra olika betydelser. Ett tr\u00e4d lever oftast v\u00e4ldigt l\u00e4nge och st\u00e5r rakt trots \u00e5skov\u00e4der och regnstormar s\u00e5 tr\u00e4det i sig som tatuering symboliserar styrka och anpassningsf\u00f6rm\u00e5ga.<\/p>\n<p>Vill du se ut som en vandrande h\u00f6stskog applicerar du alla tatueringarna p\u00e5 en g\u00e5ng och v\u00e4ljer du den mer diskreta stilen med en v\u00e4lplacerad tatuering per g\u00e5ng s\u00e5 har du m\u00e5nga tillf\u00e4llen p\u00e5 dig att tillf\u00e4lligt vara tatuerad.<\/p>\n<p>Vi trycker och skickar dina tatueringar inom 24 timmar.<\/p>\n<p>Ark storlek: A5<br \/>\nAntal h\u00f6stl\u00f6vstatueringar: 20 + kluster med sm\u00e5 motiv.<br \/>\nStorlek st\u00f6rsta blad: Ca 7X4 cm<\/p>\n","protected":false},"featured_media":8358,"template":"","meta":[],"product_brand":[],"product_cat":[488,129,17],"product_tag":[],"class_list":{"0":"post-8364","1":"product","2":"type-product","3":"status-publish","4":"has-post-thumbnail","6":"product_cat-djur-natur","7":"product_cat-djur-natur-tatueringar-blommor-tatuering","8":"product_cat-fardiga-ark","10":"first","11":"instock","12":"taxable","13":"shipping-taxable","14":"purchasable","15":"product-type-simple"},"yoast_head":"<!-- This site is optimized with the Yoast SEO Premium plugin v26.2 (Yoast SEO v27.4) - https:\/\/yoast.com\/product\/yoast-seo-premium-wordpress\/ -->\n<title>K\u00f6p tatuering h\u00f6stl\u00f6v I Ark med f\u00e4rgglada h\u00f6stl\u00f6v - Like ink<\/title>\n<meta name=\"description\" content=\"Fina f\u00e4rgglada h\u00f6stl\u00f6v i vackra f\u00e4rger som fake tattoos! Snabb leverans och kan \u00e4ven trycka tatueringar av din egen design! - Like ink\" \/>\n<meta name=\"robots\" content=\"index, follow, max-snippet:-1, max-image-preview:large, max-video-preview:-1\" \/>\n<link rel=\"canonical\" href=\"https:\/\/likeink.com\/sv\/gnuggisar\/fargglada-hostlov-a5-ark\/\" \/>\n<meta property=\"og:locale\" content=\"sv_SE\" \/>\n<meta property=\"og:type\" content=\"article\" \/>\n<meta property=\"og:title\" content=\"F\u00e4rgglada h\u00f6stl\u00f6v\" \/>\n<meta property=\"og:description\" content=\"Fake tattoo ark fyllt med vackra f\u00e4rgglada h\u00f6stl\u00f6v! Att tatuera in l\u00f6v \u00e4r verkligen superfint och olika l\u00f6v har f\u00f6rutan att de \u00e4r vackra olika betydelser. Ett tr\u00e4d lever oftast v\u00e4ldigt l\u00e4nge och st\u00e5r rakt trots \u00e5skov\u00e4der och regnstormar s\u00e5 tr\u00e4det i sig som tatuering symboliserar styrka och anpassningsf\u00f6rm\u00e5ga.  Vill du se ut som en vandrande h\u00f6stskog applicerar du alla tatueringarna p\u00e5 en g\u00e5ng och v\u00e4ljer du den mer diskreta stilen med en v\u00e4lplacerad tatuering per g\u00e5ng s\u00e5 har du m\u00e5nga tillf\u00e4llen p\u00e5 dig att tillf\u00e4lligt vara tatuerad.  Vi trycker och skickar dina tatueringar inom 24 timmar.  Ark storlek: A5 Antal h\u00f6stl\u00f6vstatueringar: 20 + kluster med sm\u00e5 motiv. Storlek st\u00f6rsta blad: Ca 7X4 cm\" \/>\n<meta property=\"og:url\" content=\"https:\/\/likeink.com\/sv\/gnuggisar\/fargglada-hostlov-a5-ark\/\" \/>\n<meta property=\"og:site_name\" content=\"Like ink\" \/>\n<meta property=\"article:publisher\" content=\"https:\/\/www.facebook.com\/LikeInkSe\" \/>\n<meta property=\"article:modified_time\" content=\"2026-04-14T12:34:16+00:00\" \/>\n<meta property=\"og:image\" content=\"https:\/\/likeink.com\/wp-content\/uploads\/2022\/02\/Fargglada-hostlov-tatuering.jpg\" \/>\n\t<meta property=\"og:image:width\" content=\"1200\" \/>\n\t<meta property=\"og:image:height\" content=\"845\" \/>\n\t<meta property=\"og:image:type\" content=\"image\/jpeg\" \/>\n<meta name=\"twitter:card\" content=\"summary_large_image\" \/>\n<script type=\"application\/ld+json\" class=\"yoast-schema-graph\">{\"@context\":\"https:\\\/\\\/schema.org\",\"@graph\":[{\"@type\":\"WebPage\",\"@id\":\"https:\\\/\\\/likeink.com\\\/sv\\\/gnuggisar\\\/fargglada-hostlov-a5-ark\\\/\",\"url\":\"https:\\\/\\\/likeink.com\\\/sv\\\/gnuggisar\\\/fargglada-hostlov-a5-ark\\\/\",\"name\":\"K\u00f6p tatuering h\u00f6stl\u00f6v I Ark med f\u00e4rgglada h\u00f6stl\u00f6v - Like ink\",\"isPartOf\":{\"@id\":\"https:\\\/\\\/likeink.com\\\/sv\\\/#website\"},\"primaryImageOfPage\":{\"@id\":\"https:\\\/\\\/likeink.com\\\/sv\\\/gnuggisar\\\/fargglada-hostlov-a5-ark\\\/#primaryimage\"},\"image\":{\"@id\":\"https:\\\/\\\/likeink.com\\\/sv\\\/gnuggisar\\\/fargglada-hostlov-a5-ark\\\/#primaryimage\"},\"thumbnailUrl\":\"https:\\\/\\\/likeink.com\\\/wp-content\\\/uploads\\\/2022\\\/02\\\/Fargglada-hostlov-tatuering.jpg\",\"datePublished\":\"2022-02-02T13:27:09+00:00\",\"dateModified\":\"2026-04-14T12:34:16+00:00\",\"description\":\"Fina f\u00e4rgglada h\u00f6stl\u00f6v i vackra f\u00e4rger som fake tattoos! Snabb leverans och kan \u00e4ven trycka tatueringar av din egen design! - Like ink\",\"breadcrumb\":{\"@id\":\"https:\\\/\\\/likeink.com\\\/sv\\\/gnuggisar\\\/fargglada-hostlov-a5-ark\\\/#breadcrumb\"},\"inLanguage\":\"sv-SE\",\"potentialAction\":[{\"@type\":\"ReadAction\",\"target\":[\"https:\\\/\\\/likeink.com\\\/sv\\\/gnuggisar\\\/fargglada-hostlov-a5-ark\\\/\"]}]},{\"@type\":\"ImageObject\",\"inLanguage\":\"sv-SE\",\"@id\":\"https:\\\/\\\/likeink.com\\\/sv\\\/gnuggisar\\\/fargglada-hostlov-a5-ark\\\/#primaryimage\",\"url\":\"https:\\\/\\\/likeink.com\\\/wp-content\\\/uploads\\\/2022\\\/02\\\/Fargglada-hostlov-tatuering.jpg\",\"contentUrl\":\"https:\\\/\\\/likeink.com\\\/wp-content\\\/uploads\\\/2022\\\/02\\\/Fargglada-hostlov-tatuering.jpg\",\"width\":1200,\"height\":845,\"caption\":\"Sm\u00e5 och stora fake tattoo h\u00f6stl\u00f6v. Tatuera h\u00f6stl\u00f6v. H\u00f6stl\u00f6v motiv.\"},{\"@type\":\"BreadcrumbList\",\"@id\":\"https:\\\/\\\/likeink.com\\\/sv\\\/gnuggisar\\\/fargglada-hostlov-a5-ark\\\/#breadcrumb\",\"itemListElement\":[{\"@type\":\"ListItem\",\"position\":1,\"name\":\"Hem\",\"item\":\"https:\\\/\\\/likeink.com\\\/sv\\\/\"},{\"@type\":\"ListItem\",\"position\":2,\"name\":\"Webbutik\",\"item\":\"https:\\\/\\\/likeink.com\\\/sv\\\/webbutik\\\/\"},{\"@type\":\"ListItem\",\"position\":3,\"name\":\"F\u00e4rgglada h\u00f6stl\u00f6v\"}]},{\"@type\":\"WebSite\",\"@id\":\"https:\\\/\\\/likeink.com\\\/sv\\\/#website\",\"url\":\"https:\\\/\\\/likeink.com\\\/sv\\\/\",\"name\":\"Like ink\",\"description\":\"Make your own custom design\",\"potentialAction\":[{\"@type\":\"SearchAction\",\"target\":{\"@type\":\"EntryPoint\",\"urlTemplate\":\"https:\\\/\\\/likeink.com\\\/sv\\\/?s={search_term_string}\"},\"query-input\":{\"@type\":\"PropertyValueSpecification\",\"valueRequired\":true,\"valueName\":\"search_term_string\"}}],\"inLanguage\":\"sv-SE\"}]}<\/script>\n<!-- \/ Yoast SEO Premium plugin. -->","yoast_head_json":{"title":"K\u00f6p tatuering h\u00f6stl\u00f6v I Ark med f\u00e4rgglada h\u00f6stl\u00f6v - Like ink","description":"Fina f\u00e4rgglada h\u00f6stl\u00f6v i vackra f\u00e4rger som fake tattoos! Snabb leverans och kan \u00e4ven trycka tatueringar av din egen design! - Like ink","robots":{"index":"index","follow":"follow","max-snippet":"max-snippet:-1","max-image-preview":"max-image-preview:large","max-video-preview":"max-video-preview:-1"},"canonical":"https:\/\/likeink.com\/sv\/gnuggisar\/fargglada-hostlov-a5-ark\/","og_locale":"sv_SE","og_type":"article","og_title":"F\u00e4rgglada h\u00f6stl\u00f6v","og_description":"Fake tattoo ark fyllt med vackra f\u00e4rgglada h\u00f6stl\u00f6v! Att tatuera in l\u00f6v \u00e4r verkligen superfint och olika l\u00f6v har f\u00f6rutan att de \u00e4r vackra olika betydelser. Ett tr\u00e4d lever oftast v\u00e4ldigt l\u00e4nge och st\u00e5r rakt trots \u00e5skov\u00e4der och regnstormar s\u00e5 tr\u00e4det i sig som tatuering symboliserar styrka och anpassningsf\u00f6rm\u00e5ga.  Vill du se ut som en vandrande h\u00f6stskog applicerar du alla tatueringarna p\u00e5 en g\u00e5ng och v\u00e4ljer du den mer diskreta stilen med en v\u00e4lplacerad tatuering per g\u00e5ng s\u00e5 har du m\u00e5nga tillf\u00e4llen p\u00e5 dig att tillf\u00e4lligt vara tatuerad.  Vi trycker och skickar dina tatueringar inom 24 timmar.  Ark storlek: A5 Antal h\u00f6stl\u00f6vstatueringar: 20 + kluster med sm\u00e5 motiv. Storlek st\u00f6rsta blad: Ca 7X4 cm","og_url":"https:\/\/likeink.com\/sv\/gnuggisar\/fargglada-hostlov-a5-ark\/","og_site_name":"Like ink","article_publisher":"https:\/\/www.facebook.com\/LikeInkSe","article_modified_time":"2026-04-14T12:34:16+00:00","og_image":[{"width":1200,"height":845,"url":"https:\/\/likeink.com\/wp-content\/uploads\/2022\/02\/Fargglada-hostlov-tatuering.jpg","type":"image\/jpeg"}],"twitter_card":"summary_large_image","schema":{"@context":"https:\/\/schema.org","@graph":[{"@type":"WebPage","@id":"https:\/\/likeink.com\/sv\/gnuggisar\/fargglada-hostlov-a5-ark\/","url":"https:\/\/likeink.com\/sv\/gnuggisar\/fargglada-hostlov-a5-ark\/","name":"K\u00f6p tatuering h\u00f6stl\u00f6v I Ark med f\u00e4rgglada h\u00f6stl\u00f6v - Like ink","isPartOf":{"@id":"https:\/\/likeink.com\/sv\/#website"},"primaryImageOfPage":{"@id":"https:\/\/likeink.com\/sv\/gnuggisar\/fargglada-hostlov-a5-ark\/#primaryimage"},"image":{"@id":"https:\/\/likeink.com\/sv\/gnuggisar\/fargglada-hostlov-a5-ark\/#primaryimage"},"thumbnailUrl":"https:\/\/likeink.com\/wp-content\/uploads\/2022\/02\/Fargglada-hostlov-tatuering.jpg","datePublished":"2022-02-02T13:27:09+00:00","dateModified":"2026-04-14T12:34:16+00:00","description":"Fina f\u00e4rgglada h\u00f6stl\u00f6v i vackra f\u00e4rger som fake tattoos! Snabb leverans och kan \u00e4ven trycka tatueringar av din egen design! - Like ink","breadcrumb":{"@id":"https:\/\/likeink.com\/sv\/gnuggisar\/fargglada-hostlov-a5-ark\/#breadcrumb"},"inLanguage":"sv-SE","potentialAction":[{"@type":"ReadAction","target":["https:\/\/likeink.com\/sv\/gnuggisar\/fargglada-hostlov-a5-ark\/"]}]},{"@type":"ImageObject","inLanguage":"sv-SE","@id":"https:\/\/likeink.com\/sv\/gnuggisar\/fargglada-hostlov-a5-ark\/#primaryimage","url":"https:\/\/likeink.com\/wp-content\/uploads\/2022\/02\/Fargglada-hostlov-tatuering.jpg","contentUrl":"https:\/\/likeink.com\/wp-content\/uploads\/2022\/02\/Fargglada-hostlov-tatuering.jpg","width":1200,"height":845,"caption":"Sm\u00e5 och stora fake tattoo h\u00f6stl\u00f6v. Tatuera h\u00f6stl\u00f6v. H\u00f6stl\u00f6v motiv."},{"@type":"BreadcrumbList","@id":"https:\/\/likeink.com\/sv\/gnuggisar\/fargglada-hostlov-a5-ark\/#breadcrumb","itemListElement":[{"@type":"ListItem","position":1,"name":"Hem","item":"https:\/\/likeink.com\/sv\/"},{"@type":"ListItem","position":2,"name":"Webbutik","item":"https:\/\/likeink.com\/sv\/webbutik\/"},{"@type":"ListItem","position":3,"name":"F\u00e4rgglada h\u00f6stl\u00f6v"}]},{"@type":"WebSite","@id":"https:\/\/likeink.com\/sv\/#website","url":"https:\/\/likeink.com\/sv\/","name":"Like ink","description":"Make your own custom design","potentialAction":[{"@type":"SearchAction","target":{"@type":"EntryPoint","urlTemplate":"https:\/\/likeink.com\/sv\/?s={search_term_string}"},"query-input":{"@type":"PropertyValueSpecification","valueRequired":true,"valueName":"search_term_string"}}],"inLanguage":"sv-SE"}]}},"_links":{"self":[{"href":"https:\/\/likeink.com\/sv\/wp-json\/wp\/v2\/product\/8364","targetHints":{"allow":["GET"]}}],"collection":[{"href":"https:\/\/likeink.com\/sv\/wp-json\/wp\/v2\/product"}],"about":[{"href":"https:\/\/likeink.com\/sv\/wp-json\/wp\/v2\/types\/product"}],"wp:featuredmedia":[{"embeddable":true,"href":"https:\/\/likeink.com\/sv\/wp-json\/wp\/v2\/media\/8358"}],"wp:attachment":[{"href":"https:\/\/likeink.com\/sv\/wp-json\/wp\/v2\/media?parent=8364"}],"wp:term":[{"taxonomy":"product_brand","embeddable":true,"href":"https:\/\/likeink.com\/sv\/wp-json\/wp\/v2\/product_brand?post=8364"},{"taxonomy":"product_cat","embeddable":true,"href":"https:\/\/likeink.com\/sv\/wp-json\/wp\/v2\/product_cat?post=8364"},{"taxonomy":"product_tag","embeddable":true,"href":"https:\/\/likeink.com\/sv\/wp-json\/wp\/v2\/product_tag?post=8364"}],"curies":[{"name":"wp","href":"https:\/\/api.w.org\/{rel}","templated":true}]}}