{"id":8382,"date":"2022-02-02T14:12:05","date_gmt":"2022-02-02T14:12:05","guid":{"rendered":"https:\/\/likeink.se\/?post_type=product&#038;p=8382"},"modified":"2026-04-14T12:34:14","modified_gmt":"2026-04-14T12:34:14","slug":"spindeltatueringar-a5-ark","status":"publish","type":"product","link":"https:\/\/likeink.com\/sv\/gnuggisar\/spindeltatueringar-a5-ark\/","title":{"rendered":"Spindel-tatueringar"},"content":{"rendered":"","protected":false},"excerpt":{"rendered":"<p>Gillar du spindlar eller \u00e4r du en av m\u00e5nga som har spindelfobi? Vill du \u00e4ndra ditt utseende markant eller lura mormor att du tatuerat dig s\u00e5 kan vi rekommendera en spindeltatuering i ansiktet.<\/p>\n<p>N\u00e4r vi skulle l\u00e4sa p\u00e5 om spindeltatueringar och dess betydelse hittade vi s\u00e5 mycket information att det inte \u00e4r rimligt att \u00e5terge i en text om ett ark fake-tatueringar. F\u00f6r att n\u00e4mna n\u00e5got s\u00e5 symboliserar en spindeltatuering makt, harmoni, kunskap, fruktbarhet, beskydd och visdom. Det verkar som att en spindeltatuering inte bara \u00e4r skr\u00e4mmande och en unders\u00f6kning om tatueringar visar att spindeltatueringen \u00e4r lika popul\u00e4r bland b\u00e5de kvinnor och m\u00e4n.<\/p>\n<p>H\u00e4r f\u00e5r du tolv svarta spindlar och v\u00e5ra fake tatueringar h\u00e5ller l\u00e4nge och ser realistiska ut. Vi skickar din order inom 24 timmar!<\/p>\n<p>Ark storlek: A5<br \/>\nAntal spindlar: 12<br \/>\nStorlek: 4-5 cm<\/p>\n","protected":false},"featured_media":8376,"template":"","meta":[],"product_brand":[],"product_cat":[488,129,17,126],"product_tag":[],"class_list":{"0":"post-8382","1":"product","2":"type-product","3":"status-publish","4":"has-post-thumbnail","6":"product_cat-djur-natur","7":"product_cat-djur-natur-tatueringar-blommor-tatuering","8":"product_cat-fardiga-ark","9":"product_cat-halloween-tatueringar","11":"first","12":"instock","13":"taxable","14":"shipping-taxable","15":"purchasable","16":"product-type-simple"},"yoast_head":"<!-- This site is optimized with the Yoast SEO Premium plugin v26.2 (Yoast SEO v27.4) - https:\/\/yoast.com\/product\/yoast-seo-premium-wordpress\/ -->\n<title>K\u00f6p Spindeltatueringar I Faketatueringar - Like ink<\/title>\n<meta name=\"description\" content=\"Spindeltatueringar I Spindlar som faketatueringar! En spindeltatuering i ansiktet \u00e4r perfekt om du vill lura n\u00e5gon att du tatuerat dig! - Like ink\" \/>\n<meta name=\"robots\" content=\"index, follow, max-snippet:-1, max-image-preview:large, max-video-preview:-1\" \/>\n<link rel=\"canonical\" href=\"https:\/\/likeink.com\/sv\/gnuggisar\/spindeltatueringar-a5-ark\/\" \/>\n<meta property=\"og:locale\" content=\"sv_SE\" \/>\n<meta property=\"og:type\" content=\"article\" \/>\n<meta property=\"og:title\" content=\"Spindel-tatueringar\" \/>\n<meta property=\"og:description\" content=\"Gillar du spindlar eller \u00e4r du en av m\u00e5nga som har spindelfobi? Vill du \u00e4ndra ditt utseende markant eller lura mormor att du tatuerat dig s\u00e5 kan vi rekommendera en spindeltatuering i ansiktet.  N\u00e4r vi skulle l\u00e4sa p\u00e5 om spindeltatueringar och dess betydelse hittade vi s\u00e5 mycket information att det inte \u00e4r rimligt att \u00e5terge i en text om ett ark fake-tatueringar. F\u00f6r att n\u00e4mna n\u00e5got s\u00e5 symboliserar en spindeltatuering makt, harmoni, kunskap, fruktbarhet, beskydd och visdom. Det verkar som att en spindeltatuering inte bara \u00e4r skr\u00e4mmande och en unders\u00f6kning om tatueringar visar att spindeltatueringen \u00e4r lika popul\u00e4r bland b\u00e5de kvinnor och m\u00e4n.  H\u00e4r f\u00e5r du tolv svarta spindlar och v\u00e5ra fake tatueringar h\u00e5ller l\u00e4nge och ser realistiska ut. Vi skickar din order inom 24 timmar!  Ark storlek: A5 Antal spindlar: 12 Storlek: 4-5 cm\" \/>\n<meta property=\"og:url\" content=\"https:\/\/likeink.com\/sv\/gnuggisar\/spindeltatueringar-a5-ark\/\" \/>\n<meta property=\"og:site_name\" content=\"Like ink\" \/>\n<meta property=\"article:publisher\" content=\"https:\/\/www.facebook.com\/LikeInkSe\" \/>\n<meta property=\"article:modified_time\" content=\"2026-04-14T12:34:14+00:00\" \/>\n<meta property=\"og:image\" content=\"https:\/\/likeink.com\/wp-content\/uploads\/2022\/02\/Spindeltatueringar-tueringar-likeink.jpg\" \/>\n\t<meta property=\"og:image:width\" content=\"1600\" \/>\n\t<meta property=\"og:image:height\" content=\"1127\" \/>\n\t<meta property=\"og:image:type\" content=\"image\/jpeg\" \/>\n<meta name=\"twitter:card\" content=\"summary_large_image\" \/>\n<script type=\"application\/ld+json\" class=\"yoast-schema-graph\">{\"@context\":\"https:\\\/\\\/schema.org\",\"@graph\":[{\"@type\":\"WebPage\",\"@id\":\"https:\\\/\\\/likeink.com\\\/sv\\\/gnuggisar\\\/spindeltatueringar-a5-ark\\\/\",\"url\":\"https:\\\/\\\/likeink.com\\\/sv\\\/gnuggisar\\\/spindeltatueringar-a5-ark\\\/\",\"name\":\"K\u00f6p Spindeltatueringar I Faketatueringar - Like ink\",\"isPartOf\":{\"@id\":\"https:\\\/\\\/likeink.com\\\/sv\\\/#website\"},\"primaryImageOfPage\":{\"@id\":\"https:\\\/\\\/likeink.com\\\/sv\\\/gnuggisar\\\/spindeltatueringar-a5-ark\\\/#primaryimage\"},\"image\":{\"@id\":\"https:\\\/\\\/likeink.com\\\/sv\\\/gnuggisar\\\/spindeltatueringar-a5-ark\\\/#primaryimage\"},\"thumbnailUrl\":\"https:\\\/\\\/likeink.com\\\/wp-content\\\/uploads\\\/2022\\\/02\\\/Spindeltatueringar-tueringar-likeink.jpg\",\"datePublished\":\"2022-02-02T14:12:05+00:00\",\"dateModified\":\"2026-04-14T12:34:14+00:00\",\"description\":\"Spindeltatueringar I Spindlar som faketatueringar! En spindeltatuering i ansiktet \u00e4r perfekt om du vill lura n\u00e5gon att du tatuerat dig! - Like ink\",\"breadcrumb\":{\"@id\":\"https:\\\/\\\/likeink.com\\\/sv\\\/gnuggisar\\\/spindeltatueringar-a5-ark\\\/#breadcrumb\"},\"inLanguage\":\"sv-SE\",\"potentialAction\":[{\"@type\":\"ReadAction\",\"target\":[\"https:\\\/\\\/likeink.com\\\/sv\\\/gnuggisar\\\/spindeltatueringar-a5-ark\\\/\"]}]},{\"@type\":\"ImageObject\",\"inLanguage\":\"sv-SE\",\"@id\":\"https:\\\/\\\/likeink.com\\\/sv\\\/gnuggisar\\\/spindeltatueringar-a5-ark\\\/#primaryimage\",\"url\":\"https:\\\/\\\/likeink.com\\\/wp-content\\\/uploads\\\/2022\\\/02\\\/Spindeltatueringar-tueringar-likeink.jpg\",\"contentUrl\":\"https:\\\/\\\/likeink.com\\\/wp-content\\\/uploads\\\/2022\\\/02\\\/Spindeltatueringar-tueringar-likeink.jpg\",\"width\":1600,\"height\":1127,\"caption\":\"12 olika faketatueringar av spindlar.\"},{\"@type\":\"BreadcrumbList\",\"@id\":\"https:\\\/\\\/likeink.com\\\/sv\\\/gnuggisar\\\/spindeltatueringar-a5-ark\\\/#breadcrumb\",\"itemListElement\":[{\"@type\":\"ListItem\",\"position\":1,\"name\":\"Hem\",\"item\":\"https:\\\/\\\/likeink.com\\\/sv\\\/\"},{\"@type\":\"ListItem\",\"position\":2,\"name\":\"Webbutik\",\"item\":\"https:\\\/\\\/likeink.com\\\/sv\\\/webbutik\\\/\"},{\"@type\":\"ListItem\",\"position\":3,\"name\":\"Spindel-tatueringar\"}]},{\"@type\":\"WebSite\",\"@id\":\"https:\\\/\\\/likeink.com\\\/sv\\\/#website\",\"url\":\"https:\\\/\\\/likeink.com\\\/sv\\\/\",\"name\":\"Like ink\",\"description\":\"Make your own custom design\",\"potentialAction\":[{\"@type\":\"SearchAction\",\"target\":{\"@type\":\"EntryPoint\",\"urlTemplate\":\"https:\\\/\\\/likeink.com\\\/sv\\\/?s={search_term_string}\"},\"query-input\":{\"@type\":\"PropertyValueSpecification\",\"valueRequired\":true,\"valueName\":\"search_term_string\"}}],\"inLanguage\":\"sv-SE\"}]}<\/script>\n<!-- \/ Yoast SEO Premium plugin. -->","yoast_head_json":{"title":"K\u00f6p Spindeltatueringar I Faketatueringar - Like ink","description":"Spindeltatueringar I Spindlar som faketatueringar! En spindeltatuering i ansiktet \u00e4r perfekt om du vill lura n\u00e5gon att du tatuerat dig! - Like ink","robots":{"index":"index","follow":"follow","max-snippet":"max-snippet:-1","max-image-preview":"max-image-preview:large","max-video-preview":"max-video-preview:-1"},"canonical":"https:\/\/likeink.com\/sv\/gnuggisar\/spindeltatueringar-a5-ark\/","og_locale":"sv_SE","og_type":"article","og_title":"Spindel-tatueringar","og_description":"Gillar du spindlar eller \u00e4r du en av m\u00e5nga som har spindelfobi? Vill du \u00e4ndra ditt utseende markant eller lura mormor att du tatuerat dig s\u00e5 kan vi rekommendera en spindeltatuering i ansiktet.  N\u00e4r vi skulle l\u00e4sa p\u00e5 om spindeltatueringar och dess betydelse hittade vi s\u00e5 mycket information att det inte \u00e4r rimligt att \u00e5terge i en text om ett ark fake-tatueringar. F\u00f6r att n\u00e4mna n\u00e5got s\u00e5 symboliserar en spindeltatuering makt, harmoni, kunskap, fruktbarhet, beskydd och visdom. Det verkar som att en spindeltatuering inte bara \u00e4r skr\u00e4mmande och en unders\u00f6kning om tatueringar visar att spindeltatueringen \u00e4r lika popul\u00e4r bland b\u00e5de kvinnor och m\u00e4n.  H\u00e4r f\u00e5r du tolv svarta spindlar och v\u00e5ra fake tatueringar h\u00e5ller l\u00e4nge och ser realistiska ut. Vi skickar din order inom 24 timmar!  Ark storlek: A5 Antal spindlar: 12 Storlek: 4-5 cm","og_url":"https:\/\/likeink.com\/sv\/gnuggisar\/spindeltatueringar-a5-ark\/","og_site_name":"Like ink","article_publisher":"https:\/\/www.facebook.com\/LikeInkSe","article_modified_time":"2026-04-14T12:34:14+00:00","og_image":[{"width":1600,"height":1127,"url":"https:\/\/likeink.com\/wp-content\/uploads\/2022\/02\/Spindeltatueringar-tueringar-likeink.jpg","type":"image\/jpeg"}],"twitter_card":"summary_large_image","schema":{"@context":"https:\/\/schema.org","@graph":[{"@type":"WebPage","@id":"https:\/\/likeink.com\/sv\/gnuggisar\/spindeltatueringar-a5-ark\/","url":"https:\/\/likeink.com\/sv\/gnuggisar\/spindeltatueringar-a5-ark\/","name":"K\u00f6p Spindeltatueringar I Faketatueringar - Like ink","isPartOf":{"@id":"https:\/\/likeink.com\/sv\/#website"},"primaryImageOfPage":{"@id":"https:\/\/likeink.com\/sv\/gnuggisar\/spindeltatueringar-a5-ark\/#primaryimage"},"image":{"@id":"https:\/\/likeink.com\/sv\/gnuggisar\/spindeltatueringar-a5-ark\/#primaryimage"},"thumbnailUrl":"https:\/\/likeink.com\/wp-content\/uploads\/2022\/02\/Spindeltatueringar-tueringar-likeink.jpg","datePublished":"2022-02-02T14:12:05+00:00","dateModified":"2026-04-14T12:34:14+00:00","description":"Spindeltatueringar I Spindlar som faketatueringar! En spindeltatuering i ansiktet \u00e4r perfekt om du vill lura n\u00e5gon att du tatuerat dig! - Like ink","breadcrumb":{"@id":"https:\/\/likeink.com\/sv\/gnuggisar\/spindeltatueringar-a5-ark\/#breadcrumb"},"inLanguage":"sv-SE","potentialAction":[{"@type":"ReadAction","target":["https:\/\/likeink.com\/sv\/gnuggisar\/spindeltatueringar-a5-ark\/"]}]},{"@type":"ImageObject","inLanguage":"sv-SE","@id":"https:\/\/likeink.com\/sv\/gnuggisar\/spindeltatueringar-a5-ark\/#primaryimage","url":"https:\/\/likeink.com\/wp-content\/uploads\/2022\/02\/Spindeltatueringar-tueringar-likeink.jpg","contentUrl":"https:\/\/likeink.com\/wp-content\/uploads\/2022\/02\/Spindeltatueringar-tueringar-likeink.jpg","width":1600,"height":1127,"caption":"12 olika faketatueringar av spindlar."},{"@type":"BreadcrumbList","@id":"https:\/\/likeink.com\/sv\/gnuggisar\/spindeltatueringar-a5-ark\/#breadcrumb","itemListElement":[{"@type":"ListItem","position":1,"name":"Hem","item":"https:\/\/likeink.com\/sv\/"},{"@type":"ListItem","position":2,"name":"Webbutik","item":"https:\/\/likeink.com\/sv\/webbutik\/"},{"@type":"ListItem","position":3,"name":"Spindel-tatueringar"}]},{"@type":"WebSite","@id":"https:\/\/likeink.com\/sv\/#website","url":"https:\/\/likeink.com\/sv\/","name":"Like ink","description":"Make your own custom design","potentialAction":[{"@type":"SearchAction","target":{"@type":"EntryPoint","urlTemplate":"https:\/\/likeink.com\/sv\/?s={search_term_string}"},"query-input":{"@type":"PropertyValueSpecification","valueRequired":true,"valueName":"search_term_string"}}],"inLanguage":"sv-SE"}]}},"_links":{"self":[{"href":"https:\/\/likeink.com\/sv\/wp-json\/wp\/v2\/product\/8382","targetHints":{"allow":["GET"]}}],"collection":[{"href":"https:\/\/likeink.com\/sv\/wp-json\/wp\/v2\/product"}],"about":[{"href":"https:\/\/likeink.com\/sv\/wp-json\/wp\/v2\/types\/product"}],"wp:featuredmedia":[{"embeddable":true,"href":"https:\/\/likeink.com\/sv\/wp-json\/wp\/v2\/media\/8376"}],"wp:attachment":[{"href":"https:\/\/likeink.com\/sv\/wp-json\/wp\/v2\/media?parent=8382"}],"wp:term":[{"taxonomy":"product_brand","embeddable":true,"href":"https:\/\/likeink.com\/sv\/wp-json\/wp\/v2\/product_brand?post=8382"},{"taxonomy":"product_cat","embeddable":true,"href":"https:\/\/likeink.com\/sv\/wp-json\/wp\/v2\/product_cat?post=8382"},{"taxonomy":"product_tag","embeddable":true,"href":"https:\/\/likeink.com\/sv\/wp-json\/wp\/v2\/product_tag?post=8382"}],"curies":[{"name":"wp","href":"https:\/\/api.w.org\/{rel}","templated":true}]}}