{"id":8402,"date":"2022-02-02T16:08:35","date_gmt":"2022-02-02T16:08:35","guid":{"rendered":"https:\/\/likeink.se\/?post_type=product&#038;p=8402"},"modified":"2026-04-14T13:02:58","modified_gmt":"2026-04-14T13:02:58","slug":"sma-tatueringar-vilda-djur-a5-ark","status":"publish","type":"product","link":"https:\/\/likeink.com\/sv\/gnuggisar\/sma-tatueringar-vilda-djur-a5-ark\/","title":{"rendered":"Sm\u00e5 tatueringar Vilda djur"},"content":{"rendered":"","protected":false},"excerpt":{"rendered":"<p>H\u00e4r f\u00e5r du ett 20X14 cm stort tatueringsark som \u00e4r fullt med olika vilda djur! Gnuggisarna i det h\u00e4r arket \u00e4r sm\u00e5 tatueringar, ca 2-5 cm stora s\u00e5 motiven passar bra som barntatueringar.<\/p>\n<p>Du f\u00e5r motiv som, en gasell, zebror, lejonunge, en tigertatuering, kamel, buffel och en s\u00f6t panda ihop med massa andra h\u00e4rliga djur. Vi p\u00e5 Like ink \u00e4lskar djur och alla v\u00e5ra gnuggisar \u00e4r veganska.<\/p>\n<p>Vi trycker och skickar dina tatueringar inom ett dygn. Gnuggisarna \u00e4r enkla att s\u00e4tta p\u00e5 och ta av.<\/p>\n<p>Storlek ark: A5<br \/>\nAntal djur: 38 (om vi r\u00e4knat r\u00e4tt, hur m\u00e5nga ser du?)<br \/>\nStorlek tatueringar: 2-5 cm<\/p>\n","protected":false},"featured_media":8396,"template":"","meta":[],"product_brand":[],"product_cat":[128,493,488,129,17],"product_tag":[],"class_list":{"0":"post-8402","1":"product","2":"type-product","3":"status-publish","4":"has-post-thumbnail","6":"product_cat-barn-tatueringar","7":"product_cat-barnkalas","8":"product_cat-djur-natur","9":"product_cat-djur-natur-tatueringar-blommor-tatuering","10":"product_cat-fardiga-ark","12":"first","13":"instock","14":"taxable","15":"shipping-taxable","16":"purchasable","17":"product-type-simple"},"yoast_head":"<!-- This site is optimized with the Yoast SEO Premium plugin v26.2 (Yoast SEO v27.4) - https:\/\/yoast.com\/product\/yoast-seo-premium-wordpress\/ -->\n<title>K\u00f6p Gnuggisar med vilda djur I Sm\u00e5 tatueringar - Like ink<\/title>\n<meta name=\"description\" content=\"Ark med gnuggisar fyllt med sm\u00e5 tatueringar av vilda djur. Gnuggisarna \u00e4r enkla att anv\u00e4nda och s\u00e4kra! Fri frakt! - Like ink\" \/>\n<meta name=\"robots\" content=\"index, follow, max-snippet:-1, max-image-preview:large, max-video-preview:-1\" \/>\n<link rel=\"canonical\" href=\"https:\/\/likeink.com\/sv\/gnuggisar\/sma-tatueringar-vilda-djur-a5-ark\/\" \/>\n<meta property=\"og:locale\" content=\"sv_SE\" \/>\n<meta property=\"og:type\" content=\"article\" \/>\n<meta property=\"og:title\" content=\"Sm\u00e5 tatueringar Vilda djur\" \/>\n<meta property=\"og:description\" content=\"H\u00e4r f\u00e5r du ett 20X14 cm stort tatueringsark som \u00e4r fullt med olika vilda djur! Gnuggisarna i det h\u00e4r arket \u00e4r sm\u00e5 tatueringar, ca 2-5 cm stora s\u00e5 motiven passar bra som barntatueringar.  Du f\u00e5r motiv som, en gasell, zebror, lejonunge, en tigertatuering, kamel, buffel och en s\u00f6t panda ihop med massa andra h\u00e4rliga djur. Vi p\u00e5 Like ink \u00e4lskar djur och alla v\u00e5ra gnuggisar \u00e4r veganska.  Vi trycker och skickar dina tatueringar inom ett dygn. Gnuggisarna \u00e4r enkla att s\u00e4tta p\u00e5 och ta av.  Storlek ark: A5 Antal djur: 38 (om vi r\u00e4knat r\u00e4tt, hur m\u00e5nga ser du?) Storlek tatueringar: 2-5 cm\" \/>\n<meta property=\"og:url\" content=\"https:\/\/likeink.com\/sv\/gnuggisar\/sma-tatueringar-vilda-djur-a5-ark\/\" \/>\n<meta property=\"og:site_name\" content=\"Like ink\" \/>\n<meta property=\"article:publisher\" content=\"https:\/\/www.facebook.com\/LikeInkSe\" \/>\n<meta property=\"article:modified_time\" content=\"2026-04-14T13:02:58+00:00\" \/>\n<meta property=\"og:image\" content=\"https:\/\/likeink.com\/wp-content\/uploads\/2022\/02\/Smatatueringar-vildadjur-likeink.jpg\" \/>\n\t<meta property=\"og:image:width\" content=\"1000\" \/>\n\t<meta property=\"og:image:height\" content=\"704\" \/>\n\t<meta property=\"og:image:type\" content=\"image\/jpeg\" \/>\n<meta name=\"twitter:card\" content=\"summary_large_image\" \/>\n<script type=\"application\/ld+json\" class=\"yoast-schema-graph\">{\"@context\":\"https:\\\/\\\/schema.org\",\"@graph\":[{\"@type\":\"WebPage\",\"@id\":\"https:\\\/\\\/likeink.com\\\/sv\\\/gnuggisar\\\/sma-tatueringar-vilda-djur-a5-ark\\\/\",\"url\":\"https:\\\/\\\/likeink.com\\\/sv\\\/gnuggisar\\\/sma-tatueringar-vilda-djur-a5-ark\\\/\",\"name\":\"K\u00f6p Gnuggisar med vilda djur I Sm\u00e5 tatueringar - Like ink\",\"isPartOf\":{\"@id\":\"https:\\\/\\\/likeink.com\\\/sv\\\/#website\"},\"primaryImageOfPage\":{\"@id\":\"https:\\\/\\\/likeink.com\\\/sv\\\/gnuggisar\\\/sma-tatueringar-vilda-djur-a5-ark\\\/#primaryimage\"},\"image\":{\"@id\":\"https:\\\/\\\/likeink.com\\\/sv\\\/gnuggisar\\\/sma-tatueringar-vilda-djur-a5-ark\\\/#primaryimage\"},\"thumbnailUrl\":\"https:\\\/\\\/likeink.com\\\/wp-content\\\/uploads\\\/2022\\\/02\\\/Smatatueringar-vildadjur-likeink.jpg\",\"datePublished\":\"2022-02-02T16:08:35+00:00\",\"dateModified\":\"2026-04-14T13:02:58+00:00\",\"description\":\"Ark med gnuggisar fyllt med sm\u00e5 tatueringar av vilda djur. Gnuggisarna \u00e4r enkla att anv\u00e4nda och s\u00e4kra! Fri frakt! - Like ink\",\"breadcrumb\":{\"@id\":\"https:\\\/\\\/likeink.com\\\/sv\\\/gnuggisar\\\/sma-tatueringar-vilda-djur-a5-ark\\\/#breadcrumb\"},\"inLanguage\":\"sv-SE\",\"potentialAction\":[{\"@type\":\"ReadAction\",\"target\":[\"https:\\\/\\\/likeink.com\\\/sv\\\/gnuggisar\\\/sma-tatueringar-vilda-djur-a5-ark\\\/\"]}]},{\"@type\":\"ImageObject\",\"inLanguage\":\"sv-SE\",\"@id\":\"https:\\\/\\\/likeink.com\\\/sv\\\/gnuggisar\\\/sma-tatueringar-vilda-djur-a5-ark\\\/#primaryimage\",\"url\":\"https:\\\/\\\/likeink.com\\\/wp-content\\\/uploads\\\/2022\\\/02\\\/Smatatueringar-vildadjur-likeink.jpg\",\"contentUrl\":\"https:\\\/\\\/likeink.com\\\/wp-content\\\/uploads\\\/2022\\\/02\\\/Smatatueringar-vildadjur-likeink.jpg\",\"width\":1000,\"height\":704,\"caption\":\"Gnuggisar olika vilda djur. Tatuering djur, tatuering tiger, tatuering elefant.\"},{\"@type\":\"BreadcrumbList\",\"@id\":\"https:\\\/\\\/likeink.com\\\/sv\\\/gnuggisar\\\/sma-tatueringar-vilda-djur-a5-ark\\\/#breadcrumb\",\"itemListElement\":[{\"@type\":\"ListItem\",\"position\":1,\"name\":\"Hem\",\"item\":\"https:\\\/\\\/likeink.com\\\/sv\\\/\"},{\"@type\":\"ListItem\",\"position\":2,\"name\":\"Webbutik\",\"item\":\"https:\\\/\\\/likeink.com\\\/sv\\\/webbutik\\\/\"},{\"@type\":\"ListItem\",\"position\":3,\"name\":\"Sm\u00e5 tatueringar Vilda djur\"}]},{\"@type\":\"WebSite\",\"@id\":\"https:\\\/\\\/likeink.com\\\/sv\\\/#website\",\"url\":\"https:\\\/\\\/likeink.com\\\/sv\\\/\",\"name\":\"Like ink\",\"description\":\"Make your own custom design\",\"potentialAction\":[{\"@type\":\"SearchAction\",\"target\":{\"@type\":\"EntryPoint\",\"urlTemplate\":\"https:\\\/\\\/likeink.com\\\/sv\\\/?s={search_term_string}\"},\"query-input\":{\"@type\":\"PropertyValueSpecification\",\"valueRequired\":true,\"valueName\":\"search_term_string\"}}],\"inLanguage\":\"sv-SE\"}]}<\/script>\n<!-- \/ Yoast SEO Premium plugin. -->","yoast_head_json":{"title":"K\u00f6p Gnuggisar med vilda djur I Sm\u00e5 tatueringar - Like ink","description":"Ark med gnuggisar fyllt med sm\u00e5 tatueringar av vilda djur. Gnuggisarna \u00e4r enkla att anv\u00e4nda och s\u00e4kra! Fri frakt! - Like ink","robots":{"index":"index","follow":"follow","max-snippet":"max-snippet:-1","max-image-preview":"max-image-preview:large","max-video-preview":"max-video-preview:-1"},"canonical":"https:\/\/likeink.com\/sv\/gnuggisar\/sma-tatueringar-vilda-djur-a5-ark\/","og_locale":"sv_SE","og_type":"article","og_title":"Sm\u00e5 tatueringar Vilda djur","og_description":"H\u00e4r f\u00e5r du ett 20X14 cm stort tatueringsark som \u00e4r fullt med olika vilda djur! Gnuggisarna i det h\u00e4r arket \u00e4r sm\u00e5 tatueringar, ca 2-5 cm stora s\u00e5 motiven passar bra som barntatueringar.  Du f\u00e5r motiv som, en gasell, zebror, lejonunge, en tigertatuering, kamel, buffel och en s\u00f6t panda ihop med massa andra h\u00e4rliga djur. Vi p\u00e5 Like ink \u00e4lskar djur och alla v\u00e5ra gnuggisar \u00e4r veganska.  Vi trycker och skickar dina tatueringar inom ett dygn. Gnuggisarna \u00e4r enkla att s\u00e4tta p\u00e5 och ta av.  Storlek ark: A5 Antal djur: 38 (om vi r\u00e4knat r\u00e4tt, hur m\u00e5nga ser du?) Storlek tatueringar: 2-5 cm","og_url":"https:\/\/likeink.com\/sv\/gnuggisar\/sma-tatueringar-vilda-djur-a5-ark\/","og_site_name":"Like ink","article_publisher":"https:\/\/www.facebook.com\/LikeInkSe","article_modified_time":"2026-04-14T13:02:58+00:00","og_image":[{"width":1000,"height":704,"url":"https:\/\/likeink.com\/wp-content\/uploads\/2022\/02\/Smatatueringar-vildadjur-likeink.jpg","type":"image\/jpeg"}],"twitter_card":"summary_large_image","schema":{"@context":"https:\/\/schema.org","@graph":[{"@type":"WebPage","@id":"https:\/\/likeink.com\/sv\/gnuggisar\/sma-tatueringar-vilda-djur-a5-ark\/","url":"https:\/\/likeink.com\/sv\/gnuggisar\/sma-tatueringar-vilda-djur-a5-ark\/","name":"K\u00f6p Gnuggisar med vilda djur I Sm\u00e5 tatueringar - Like ink","isPartOf":{"@id":"https:\/\/likeink.com\/sv\/#website"},"primaryImageOfPage":{"@id":"https:\/\/likeink.com\/sv\/gnuggisar\/sma-tatueringar-vilda-djur-a5-ark\/#primaryimage"},"image":{"@id":"https:\/\/likeink.com\/sv\/gnuggisar\/sma-tatueringar-vilda-djur-a5-ark\/#primaryimage"},"thumbnailUrl":"https:\/\/likeink.com\/wp-content\/uploads\/2022\/02\/Smatatueringar-vildadjur-likeink.jpg","datePublished":"2022-02-02T16:08:35+00:00","dateModified":"2026-04-14T13:02:58+00:00","description":"Ark med gnuggisar fyllt med sm\u00e5 tatueringar av vilda djur. Gnuggisarna \u00e4r enkla att anv\u00e4nda och s\u00e4kra! Fri frakt! - Like ink","breadcrumb":{"@id":"https:\/\/likeink.com\/sv\/gnuggisar\/sma-tatueringar-vilda-djur-a5-ark\/#breadcrumb"},"inLanguage":"sv-SE","potentialAction":[{"@type":"ReadAction","target":["https:\/\/likeink.com\/sv\/gnuggisar\/sma-tatueringar-vilda-djur-a5-ark\/"]}]},{"@type":"ImageObject","inLanguage":"sv-SE","@id":"https:\/\/likeink.com\/sv\/gnuggisar\/sma-tatueringar-vilda-djur-a5-ark\/#primaryimage","url":"https:\/\/likeink.com\/wp-content\/uploads\/2022\/02\/Smatatueringar-vildadjur-likeink.jpg","contentUrl":"https:\/\/likeink.com\/wp-content\/uploads\/2022\/02\/Smatatueringar-vildadjur-likeink.jpg","width":1000,"height":704,"caption":"Gnuggisar olika vilda djur. Tatuering djur, tatuering tiger, tatuering elefant."},{"@type":"BreadcrumbList","@id":"https:\/\/likeink.com\/sv\/gnuggisar\/sma-tatueringar-vilda-djur-a5-ark\/#breadcrumb","itemListElement":[{"@type":"ListItem","position":1,"name":"Hem","item":"https:\/\/likeink.com\/sv\/"},{"@type":"ListItem","position":2,"name":"Webbutik","item":"https:\/\/likeink.com\/sv\/webbutik\/"},{"@type":"ListItem","position":3,"name":"Sm\u00e5 tatueringar Vilda djur"}]},{"@type":"WebSite","@id":"https:\/\/likeink.com\/sv\/#website","url":"https:\/\/likeink.com\/sv\/","name":"Like ink","description":"Make your own custom design","potentialAction":[{"@type":"SearchAction","target":{"@type":"EntryPoint","urlTemplate":"https:\/\/likeink.com\/sv\/?s={search_term_string}"},"query-input":{"@type":"PropertyValueSpecification","valueRequired":true,"valueName":"search_term_string"}}],"inLanguage":"sv-SE"}]}},"_links":{"self":[{"href":"https:\/\/likeink.com\/sv\/wp-json\/wp\/v2\/product\/8402","targetHints":{"allow":["GET"]}}],"collection":[{"href":"https:\/\/likeink.com\/sv\/wp-json\/wp\/v2\/product"}],"about":[{"href":"https:\/\/likeink.com\/sv\/wp-json\/wp\/v2\/types\/product"}],"wp:featuredmedia":[{"embeddable":true,"href":"https:\/\/likeink.com\/sv\/wp-json\/wp\/v2\/media\/8396"}],"wp:attachment":[{"href":"https:\/\/likeink.com\/sv\/wp-json\/wp\/v2\/media?parent=8402"}],"wp:term":[{"taxonomy":"product_brand","embeddable":true,"href":"https:\/\/likeink.com\/sv\/wp-json\/wp\/v2\/product_brand?post=8402"},{"taxonomy":"product_cat","embeddable":true,"href":"https:\/\/likeink.com\/sv\/wp-json\/wp\/v2\/product_cat?post=8402"},{"taxonomy":"product_tag","embeddable":true,"href":"https:\/\/likeink.com\/sv\/wp-json\/wp\/v2\/product_tag?post=8402"}],"curies":[{"name":"wp","href":"https:\/\/api.w.org\/{rel}","templated":true}]}}