{"id":8470,"date":"2022-02-04T13:51:01","date_gmt":"2022-02-04T13:51:01","guid":{"rendered":"https:\/\/likeink.se\/?post_type=product&#038;p=8470"},"modified":"2026-04-14T12:56:07","modified_gmt":"2026-04-14T12:56:07","slug":"brollopstatueringar-a5-ark","status":"publish","type":"product","link":"https:\/\/likeink.com\/sv\/gnuggisar\/brollopstatueringar-a5-ark\/","title":{"rendered":"Br\u00f6llops-tatueringar"},"content":{"rendered":"","protected":false},"excerpt":{"rendered":"<p>Ska du gifta dig? Ska n\u00e5gon du k\u00e4nner gifta sig? Planerar du en svensexa eller en m\u00f6hippa?<br \/>\nHos oss p\u00e5 Like ink kan du best\u00e4lla fina br\u00f6llopstatueringar och det kommer garanterat bli en succ\u00e9 p\u00e5 festen.<br \/>\nTatueringarna till br\u00f6llopet kan ni skicka ut tillsammans med inbjudningskorten, dela ut n\u00e4r gesterna kommer eller kanske bygga upp en tillf\u00e4llig tatueringsstudio.<\/p>\n<p>I det h\u00e4r arket f\u00e5r du fina tatueringar med br\u00f6llopstema s\u00e5 som, vigselring, diamantring, en br\u00f6llopst\u00e5rta, klackskor, champagneglas, hj\u00e4rtan och vackra blommor. Att dela ut tatueringar till br\u00f6llopsfestens g\u00e4ster, p\u00e5 en m\u00f6hippa eller svensexa g\u00f6r att festen blir mer minnesv\u00e4rd och det h\u00f6jer garanterat festst\u00e4mningen ett steg eller tv\u00e5. Vi har flera f\u00e4rdigdesignade ark med k\u00e4rlekstema som passande tatueringar till br\u00f6llop.<\/p>\n<p>Vill du designa egna tatueringar till br\u00f6llop?<br \/>\nHos oss p\u00e5 Like ink kan du dessutom best\u00e4lla gnuggisar till ditt br\u00f6llop med egen design! Kanske ett foto p\u00e5 brudparet, en illustration, ett br\u00f6llopssigill, en bild p\u00e5 n\u00e5got som symboliserar brudparet, en fin text eller n\u00e5got helt annat! Ska du best\u00e4lla egendesignade tatueringar som en kul grej till svensexa eller m\u00f6hippa s\u00e5 brukar det vara roligt att ta ut sv\u00e4ngarna ordentligt!<br \/>\nVi trycker och skickar dina fina tatueringar inom ett dygn.<\/p>\n<p>N\u00e4r man planerar ett br\u00f6llop finns det mycket att t\u00e4nka p\u00e5 och vi p\u00e5 Like ink hj\u00e4lper dig g\u00e4rna med alla trycksaker och \u00e4ven grafisk design.<br \/>\nBeh\u00f6ver ni hj\u00e4lp med inbjudningskort, tackkort eller andra trycksaker kan vi genom en samarbetspartner \u00e4ven hj\u00e4lpa till med det, h\u00f6r av via mail s\u00e5 hj\u00e4lper vi er vidare.<\/p>\n<p>Storlek ark: A5<br \/>\nAntal br\u00f6llops-tatueringar: Ca 30<br \/>\nStorlek st\u00f6rsta YES. Ca 45mm.<\/p>\n","protected":false},"featured_media":8460,"template":"","meta":[],"product_brand":[],"product_cat":[17,137,494,133],"product_tag":[],"class_list":{"0":"post-8470","1":"product","2":"type-product","3":"status-publish","4":"has-post-thumbnail","6":"product_cat-fardiga-ark","7":"product_cat-hogtider-tatuering","8":"product_cat-karlek-romantik","9":"product_cat-karlek-tatuering-hjarta-tatuering","11":"first","12":"instock","13":"taxable","14":"shipping-taxable","15":"purchasable","16":"product-type-simple"},"yoast_head":"<!-- This site is optimized with the Yoast SEO Premium plugin v26.2 (Yoast SEO v27.4) - https:\/\/yoast.com\/product\/yoast-seo-premium-wordpress\/ -->\n<title>K\u00f6p br\u00f6llopstatueringar | Fina gnuggisar! - Like ink<\/title>\n<meta name=\"description\" content=\"Ska du eller n\u00e5gon du k\u00e4nner gifta sig? Best\u00e4ll egendesignade gnuggisar till br\u00f6llop eller ett f\u00e4rdigt ark med br\u00f6llopstatueringar! - Like ink\" \/>\n<meta name=\"robots\" content=\"index, follow, max-snippet:-1, max-image-preview:large, max-video-preview:-1\" \/>\n<link rel=\"canonical\" href=\"https:\/\/likeink.com\/sv\/gnuggisar\/brollopstatueringar-a5-ark\/\" \/>\n<meta property=\"og:locale\" content=\"sv_SE\" \/>\n<meta property=\"og:type\" content=\"article\" \/>\n<meta property=\"og:title\" content=\"Br\u00f6llops-tatueringar\" \/>\n<meta property=\"og:description\" content=\"Ska du gifta dig? Ska n\u00e5gon du k\u00e4nner gifta sig? Planerar du en svensexa eller en m\u00f6hippa? Hos oss p\u00e5 Like ink kan du best\u00e4lla fina br\u00f6llopstatueringar och det kommer garanterat bli en succ\u00e9 p\u00e5 festen. Tatueringarna till br\u00f6llopet kan ni skicka ut tillsammans med inbjudningskorten, dela ut n\u00e4r gesterna kommer eller kanske bygga upp en tillf\u00e4llig tatueringsstudio.  I det h\u00e4r arket f\u00e5r du fina tatueringar med br\u00f6llopstema s\u00e5 som, vigselring, diamantring, en br\u00f6llopst\u00e5rta, klackskor, champagneglas, hj\u00e4rtan och vackra blommor. Att dela ut tatueringar till br\u00f6llopsfestens g\u00e4ster, p\u00e5 en m\u00f6hippa eller svensexa g\u00f6r att festen blir mer minnesv\u00e4rd och det h\u00f6jer garanterat festst\u00e4mningen ett steg eller tv\u00e5. Vi har flera f\u00e4rdigdesignade ark med k\u00e4rlekstema som passande tatueringar till br\u00f6llop.  Vill du designa egna tatueringar till br\u00f6llop? Hos oss p\u00e5 Like ink kan du dessutom best\u00e4lla gnuggisar till ditt br\u00f6llop med egen design! Kanske ett foto p\u00e5 brudparet, en illustration, ett br\u00f6llopssigill, en bild p\u00e5 n\u00e5got som symboliserar brudparet, en fin text eller n\u00e5got helt annat! Ska du best\u00e4lla egendesignade tatueringar som en kul grej till svensexa eller m\u00f6hippa s\u00e5 brukar det vara roligt att ta ut sv\u00e4ngarna ordentligt! Vi trycker och skickar dina fina tatueringar inom ett dygn.  N\u00e4r man planerar ett br\u00f6llop finns det mycket att t\u00e4nka p\u00e5 och vi p\u00e5 Like ink hj\u00e4lper dig g\u00e4rna med alla trycksaker och \u00e4ven grafisk design. Beh\u00f6ver ni hj\u00e4lp med inbjudningskort, tackkort eller andra trycksaker kan vi genom en samarbetspartner \u00e4ven hj\u00e4lpa till med det, h\u00f6r av via mail s\u00e5 hj\u00e4lper vi er vidare.  Storlek ark: A5 Antal br\u00f6llops-tatueringar: Ca 30 Storlek st\u00f6rsta YES. Ca 45mm.\" \/>\n<meta property=\"og:url\" content=\"https:\/\/likeink.com\/sv\/gnuggisar\/brollopstatueringar-a5-ark\/\" \/>\n<meta property=\"og:site_name\" content=\"Like ink\" \/>\n<meta property=\"article:publisher\" content=\"https:\/\/www.facebook.com\/LikeInkSe\" \/>\n<meta property=\"article:modified_time\" content=\"2026-04-14T12:56:07+00:00\" \/>\n<meta property=\"og:image\" content=\"https:\/\/likeink.com\/wp-content\/uploads\/2022\/02\/Brollop-illustrationer-farg-likeink-1.jpg\" \/>\n\t<meta property=\"og:image:width\" content=\"1100\" \/>\n\t<meta property=\"og:image:height\" content=\"775\" \/>\n\t<meta property=\"og:image:type\" content=\"image\/jpeg\" \/>\n<meta name=\"twitter:card\" content=\"summary_large_image\" \/>\n<script type=\"application\/ld+json\" class=\"yoast-schema-graph\">{\"@context\":\"https:\\\/\\\/schema.org\",\"@graph\":[{\"@type\":\"WebPage\",\"@id\":\"https:\\\/\\\/likeink.com\\\/sv\\\/gnuggisar\\\/brollopstatueringar-a5-ark\\\/\",\"url\":\"https:\\\/\\\/likeink.com\\\/sv\\\/gnuggisar\\\/brollopstatueringar-a5-ark\\\/\",\"name\":\"K\u00f6p br\u00f6llopstatueringar | Fina gnuggisar! - Like ink\",\"isPartOf\":{\"@id\":\"https:\\\/\\\/likeink.com\\\/sv\\\/#website\"},\"primaryImageOfPage\":{\"@id\":\"https:\\\/\\\/likeink.com\\\/sv\\\/gnuggisar\\\/brollopstatueringar-a5-ark\\\/#primaryimage\"},\"image\":{\"@id\":\"https:\\\/\\\/likeink.com\\\/sv\\\/gnuggisar\\\/brollopstatueringar-a5-ark\\\/#primaryimage\"},\"thumbnailUrl\":\"https:\\\/\\\/likeink.com\\\/wp-content\\\/uploads\\\/2022\\\/02\\\/Brollop-illustrationer-farg-likeink-1.jpg\",\"datePublished\":\"2022-02-04T13:51:01+00:00\",\"dateModified\":\"2026-04-14T12:56:07+00:00\",\"description\":\"Ska du eller n\u00e5gon du k\u00e4nner gifta sig? Best\u00e4ll egendesignade gnuggisar till br\u00f6llop eller ett f\u00e4rdigt ark med br\u00f6llopstatueringar! - Like ink\",\"breadcrumb\":{\"@id\":\"https:\\\/\\\/likeink.com\\\/sv\\\/gnuggisar\\\/brollopstatueringar-a5-ark\\\/#breadcrumb\"},\"inLanguage\":\"sv-SE\",\"potentialAction\":[{\"@type\":\"ReadAction\",\"target\":[\"https:\\\/\\\/likeink.com\\\/sv\\\/gnuggisar\\\/brollopstatueringar-a5-ark\\\/\"]}]},{\"@type\":\"ImageObject\",\"inLanguage\":\"sv-SE\",\"@id\":\"https:\\\/\\\/likeink.com\\\/sv\\\/gnuggisar\\\/brollopstatueringar-a5-ark\\\/#primaryimage\",\"url\":\"https:\\\/\\\/likeink.com\\\/wp-content\\\/uploads\\\/2022\\\/02\\\/Brollop-illustrationer-farg-likeink-1.jpg\",\"contentUrl\":\"https:\\\/\\\/likeink.com\\\/wp-content\\\/uploads\\\/2022\\\/02\\\/Brollop-illustrationer-farg-likeink-1.jpg\",\"width\":1100,\"height\":775,\"caption\":\"Gnuggistatueringar med br\u00f6llopstema!\"},{\"@type\":\"BreadcrumbList\",\"@id\":\"https:\\\/\\\/likeink.com\\\/sv\\\/gnuggisar\\\/brollopstatueringar-a5-ark\\\/#breadcrumb\",\"itemListElement\":[{\"@type\":\"ListItem\",\"position\":1,\"name\":\"Hem\",\"item\":\"https:\\\/\\\/likeink.com\\\/sv\\\/\"},{\"@type\":\"ListItem\",\"position\":2,\"name\":\"Webbutik\",\"item\":\"https:\\\/\\\/likeink.com\\\/sv\\\/webbutik\\\/\"},{\"@type\":\"ListItem\",\"position\":3,\"name\":\"Br\u00f6llops-tatueringar\"}]},{\"@type\":\"WebSite\",\"@id\":\"https:\\\/\\\/likeink.com\\\/sv\\\/#website\",\"url\":\"https:\\\/\\\/likeink.com\\\/sv\\\/\",\"name\":\"Like ink\",\"description\":\"Make your own custom design\",\"potentialAction\":[{\"@type\":\"SearchAction\",\"target\":{\"@type\":\"EntryPoint\",\"urlTemplate\":\"https:\\\/\\\/likeink.com\\\/sv\\\/?s={search_term_string}\"},\"query-input\":{\"@type\":\"PropertyValueSpecification\",\"valueRequired\":true,\"valueName\":\"search_term_string\"}}],\"inLanguage\":\"sv-SE\"}]}<\/script>\n<!-- \/ Yoast SEO Premium plugin. -->","yoast_head_json":{"title":"K\u00f6p br\u00f6llopstatueringar | Fina gnuggisar! - Like ink","description":"Ska du eller n\u00e5gon du k\u00e4nner gifta sig? Best\u00e4ll egendesignade gnuggisar till br\u00f6llop eller ett f\u00e4rdigt ark med br\u00f6llopstatueringar! - Like ink","robots":{"index":"index","follow":"follow","max-snippet":"max-snippet:-1","max-image-preview":"max-image-preview:large","max-video-preview":"max-video-preview:-1"},"canonical":"https:\/\/likeink.com\/sv\/gnuggisar\/brollopstatueringar-a5-ark\/","og_locale":"sv_SE","og_type":"article","og_title":"Br\u00f6llops-tatueringar","og_description":"Ska du gifta dig? Ska n\u00e5gon du k\u00e4nner gifta sig? Planerar du en svensexa eller en m\u00f6hippa? Hos oss p\u00e5 Like ink kan du best\u00e4lla fina br\u00f6llopstatueringar och det kommer garanterat bli en succ\u00e9 p\u00e5 festen. Tatueringarna till br\u00f6llopet kan ni skicka ut tillsammans med inbjudningskorten, dela ut n\u00e4r gesterna kommer eller kanske bygga upp en tillf\u00e4llig tatueringsstudio.  I det h\u00e4r arket f\u00e5r du fina tatueringar med br\u00f6llopstema s\u00e5 som, vigselring, diamantring, en br\u00f6llopst\u00e5rta, klackskor, champagneglas, hj\u00e4rtan och vackra blommor. Att dela ut tatueringar till br\u00f6llopsfestens g\u00e4ster, p\u00e5 en m\u00f6hippa eller svensexa g\u00f6r att festen blir mer minnesv\u00e4rd och det h\u00f6jer garanterat festst\u00e4mningen ett steg eller tv\u00e5. Vi har flera f\u00e4rdigdesignade ark med k\u00e4rlekstema som passande tatueringar till br\u00f6llop.  Vill du designa egna tatueringar till br\u00f6llop? Hos oss p\u00e5 Like ink kan du dessutom best\u00e4lla gnuggisar till ditt br\u00f6llop med egen design! Kanske ett foto p\u00e5 brudparet, en illustration, ett br\u00f6llopssigill, en bild p\u00e5 n\u00e5got som symboliserar brudparet, en fin text eller n\u00e5got helt annat! Ska du best\u00e4lla egendesignade tatueringar som en kul grej till svensexa eller m\u00f6hippa s\u00e5 brukar det vara roligt att ta ut sv\u00e4ngarna ordentligt! Vi trycker och skickar dina fina tatueringar inom ett dygn.  N\u00e4r man planerar ett br\u00f6llop finns det mycket att t\u00e4nka p\u00e5 och vi p\u00e5 Like ink hj\u00e4lper dig g\u00e4rna med alla trycksaker och \u00e4ven grafisk design. Beh\u00f6ver ni hj\u00e4lp med inbjudningskort, tackkort eller andra trycksaker kan vi genom en samarbetspartner \u00e4ven hj\u00e4lpa till med det, h\u00f6r av via mail s\u00e5 hj\u00e4lper vi er vidare.  Storlek ark: A5 Antal br\u00f6llops-tatueringar: Ca 30 Storlek st\u00f6rsta YES. Ca 45mm.","og_url":"https:\/\/likeink.com\/sv\/gnuggisar\/brollopstatueringar-a5-ark\/","og_site_name":"Like ink","article_publisher":"https:\/\/www.facebook.com\/LikeInkSe","article_modified_time":"2026-04-14T12:56:07+00:00","og_image":[{"width":1100,"height":775,"url":"https:\/\/likeink.com\/wp-content\/uploads\/2022\/02\/Brollop-illustrationer-farg-likeink-1.jpg","type":"image\/jpeg"}],"twitter_card":"summary_large_image","schema":{"@context":"https:\/\/schema.org","@graph":[{"@type":"WebPage","@id":"https:\/\/likeink.com\/sv\/gnuggisar\/brollopstatueringar-a5-ark\/","url":"https:\/\/likeink.com\/sv\/gnuggisar\/brollopstatueringar-a5-ark\/","name":"K\u00f6p br\u00f6llopstatueringar | Fina gnuggisar! - Like ink","isPartOf":{"@id":"https:\/\/likeink.com\/sv\/#website"},"primaryImageOfPage":{"@id":"https:\/\/likeink.com\/sv\/gnuggisar\/brollopstatueringar-a5-ark\/#primaryimage"},"image":{"@id":"https:\/\/likeink.com\/sv\/gnuggisar\/brollopstatueringar-a5-ark\/#primaryimage"},"thumbnailUrl":"https:\/\/likeink.com\/wp-content\/uploads\/2022\/02\/Brollop-illustrationer-farg-likeink-1.jpg","datePublished":"2022-02-04T13:51:01+00:00","dateModified":"2026-04-14T12:56:07+00:00","description":"Ska du eller n\u00e5gon du k\u00e4nner gifta sig? Best\u00e4ll egendesignade gnuggisar till br\u00f6llop eller ett f\u00e4rdigt ark med br\u00f6llopstatueringar! - Like ink","breadcrumb":{"@id":"https:\/\/likeink.com\/sv\/gnuggisar\/brollopstatueringar-a5-ark\/#breadcrumb"},"inLanguage":"sv-SE","potentialAction":[{"@type":"ReadAction","target":["https:\/\/likeink.com\/sv\/gnuggisar\/brollopstatueringar-a5-ark\/"]}]},{"@type":"ImageObject","inLanguage":"sv-SE","@id":"https:\/\/likeink.com\/sv\/gnuggisar\/brollopstatueringar-a5-ark\/#primaryimage","url":"https:\/\/likeink.com\/wp-content\/uploads\/2022\/02\/Brollop-illustrationer-farg-likeink-1.jpg","contentUrl":"https:\/\/likeink.com\/wp-content\/uploads\/2022\/02\/Brollop-illustrationer-farg-likeink-1.jpg","width":1100,"height":775,"caption":"Gnuggistatueringar med br\u00f6llopstema!"},{"@type":"BreadcrumbList","@id":"https:\/\/likeink.com\/sv\/gnuggisar\/brollopstatueringar-a5-ark\/#breadcrumb","itemListElement":[{"@type":"ListItem","position":1,"name":"Hem","item":"https:\/\/likeink.com\/sv\/"},{"@type":"ListItem","position":2,"name":"Webbutik","item":"https:\/\/likeink.com\/sv\/webbutik\/"},{"@type":"ListItem","position":3,"name":"Br\u00f6llops-tatueringar"}]},{"@type":"WebSite","@id":"https:\/\/likeink.com\/sv\/#website","url":"https:\/\/likeink.com\/sv\/","name":"Like ink","description":"Make your own custom design","potentialAction":[{"@type":"SearchAction","target":{"@type":"EntryPoint","urlTemplate":"https:\/\/likeink.com\/sv\/?s={search_term_string}"},"query-input":{"@type":"PropertyValueSpecification","valueRequired":true,"valueName":"search_term_string"}}],"inLanguage":"sv-SE"}]}},"_links":{"self":[{"href":"https:\/\/likeink.com\/sv\/wp-json\/wp\/v2\/product\/8470","targetHints":{"allow":["GET"]}}],"collection":[{"href":"https:\/\/likeink.com\/sv\/wp-json\/wp\/v2\/product"}],"about":[{"href":"https:\/\/likeink.com\/sv\/wp-json\/wp\/v2\/types\/product"}],"wp:featuredmedia":[{"embeddable":true,"href":"https:\/\/likeink.com\/sv\/wp-json\/wp\/v2\/media\/8460"}],"wp:attachment":[{"href":"https:\/\/likeink.com\/sv\/wp-json\/wp\/v2\/media?parent=8470"}],"wp:term":[{"taxonomy":"product_brand","embeddable":true,"href":"https:\/\/likeink.com\/sv\/wp-json\/wp\/v2\/product_brand?post=8470"},{"taxonomy":"product_cat","embeddable":true,"href":"https:\/\/likeink.com\/sv\/wp-json\/wp\/v2\/product_cat?post=8470"},{"taxonomy":"product_tag","embeddable":true,"href":"https:\/\/likeink.com\/sv\/wp-json\/wp\/v2\/product_tag?post=8470"}],"curies":[{"name":"wp","href":"https:\/\/api.w.org\/{rel}","templated":true}]}}