{"id":8505,"date":"2022-02-07T19:29:31","date_gmt":"2022-02-07T19:29:31","guid":{"rendered":"https:\/\/likeink.se\/?post_type=product&#038;p=8505"},"modified":"2026-04-14T12:56:05","modified_gmt":"2026-04-14T12:56:05","slug":"pride-gnuggisar-a5-ark","status":"publish","type":"product","link":"https:\/\/likeink.com\/sv\/gnuggisar\/pride-gnuggisar-a5-ark\/","title":{"rendered":"Pride Gnuggisar"},"content":{"rendered":"","protected":false},"excerpt":{"rendered":"<p>Snygga pridetatueringar p\u00e5 ark, perfekt p\u00e5 prideparad, pridefester, pridefestivaler eller p\u00e5 en helt vanlig dag i skolan eller p\u00e5 jobbet. St\u00f6tta HBTQ och Prider\u00f6relsen genom att b\u00e4ra en snygg pridetatuering!<br \/>\nDet h\u00e4r arket inneh\u00e5ller superfina motiv illustrerade av en duktig illustrat\u00f6r som passar perfekt just som tatueringar!<br \/>\nGnuggisarna \u00e4r enkla att applicera och tv\u00e4tta bort och det viktigaste av allt \u00e4r att du f\u00e5r en gnuggis som h\u00e5ller l\u00e4nge och ser bra ut hela natten \u00e4ven p\u00e5 ett r\u00f6jigt dansgolv.<\/p>\n<p>Under \u00e5ren har vi s\u00e5lt m\u00e4ngder av tatueringar med Pride-tema till b\u00e5de politiska partier, festarrang\u00f6rer, f\u00f6retag, som br\u00f6llopstatueringar, till idrottsklubbar, kommuner och privatpersoner och alla vi varit i kontakt med \u00e4lskade sina tatueringar. Kom ih\u00e5g att du dessutom kan best\u00e4lla egendesignade Pride-gnuggisar hos oss p\u00e5 Like ink!<\/p>\n<p>Du f\u00e5r i det h\u00e4r tatueringsarket Pride tatueringar som en prideflagga, ett \u00f6ga, hj\u00e4rtan, en regnb\u00e5gsfj\u00e4ril och texter som PRIDE, LGBT, Queen och Love is love.<\/p>\n<p>Prider\u00f6relsens fr\u00e4msta symbol \u00e4r regnb\u00e5gsflaggan.<\/p>\n<p>Vi trycker och skickar dina Pride tatueringar \/ gnuggisar inom 24 h.<\/p>\n<p>Storlek ark: A5<br \/>\nAntal tatueringar: 15<br \/>\nStorlek text PRIDE: Ca 10X5cm<\/p>\n","protected":false},"featured_media":8499,"template":"","meta":[],"product_brand":[],"product_cat":[17,494],"product_tag":[],"class_list":{"0":"post-8505","1":"product","2":"type-product","3":"status-publish","4":"has-post-thumbnail","6":"product_cat-fardiga-ark","7":"product_cat-karlek-romantik","9":"first","10":"instock","11":"taxable","12":"shipping-taxable","13":"purchasable","14":"product-type-simple"},"yoast_head":"<!-- This site is optimized with the Yoast SEO Premium plugin v26.2 (Yoast SEO v27.5) - https:\/\/yoast.com\/product\/yoast-seo-premium-wordpress\/ -->\n<title>K\u00f6p Pride gnuggisar | Tatueringar med pride-motiv - Like ink<\/title>\n<meta name=\"description\" content=\"Tatueringsark med Pride gnuggisar \/ Pride tatueringar redo att skickas inom ett dygn! Maxa pridest\u00e4mningen med gnuggisar! - Like ink\" \/>\n<meta name=\"robots\" content=\"index, follow, max-snippet:-1, max-image-preview:large, max-video-preview:-1\" \/>\n<link rel=\"canonical\" href=\"https:\/\/likeink.com\/sv\/gnuggisar\/pride-gnuggisar-a5-ark\/\" \/>\n<meta property=\"og:locale\" content=\"sv_SE\" \/>\n<meta property=\"og:type\" content=\"article\" \/>\n<meta property=\"og:title\" content=\"Pride Gnuggisar\" \/>\n<meta property=\"og:description\" content=\"Snygga pridetatueringar p\u00e5 ark, perfekt p\u00e5 prideparad, pridefester, pridefestivaler eller p\u00e5 en helt vanlig dag i skolan eller p\u00e5 jobbet. St\u00f6tta HBTQ och Prider\u00f6relsen genom att b\u00e4ra en snygg pridetatuering! Det h\u00e4r arket inneh\u00e5ller superfina motiv illustrerade av en duktig illustrat\u00f6r som passar perfekt just som tatueringar! Gnuggisarna \u00e4r enkla att applicera och tv\u00e4tta bort och det viktigaste av allt \u00e4r att du f\u00e5r en gnuggis som h\u00e5ller l\u00e4nge och ser bra ut hela natten \u00e4ven p\u00e5 ett r\u00f6jigt dansgolv.  Under \u00e5ren har vi s\u00e5lt m\u00e4ngder av tatueringar med Pride-tema till b\u00e5de politiska partier, festarrang\u00f6rer, f\u00f6retag, som br\u00f6llopstatueringar, till idrottsklubbar, kommuner och privatpersoner och alla vi varit i kontakt med \u00e4lskade sina tatueringar. Kom ih\u00e5g att du dessutom kan best\u00e4lla egendesignade Pride-gnuggisar hos oss p\u00e5 Like ink!  Du f\u00e5r i det h\u00e4r tatueringsarket Pride tatueringar som en prideflagga, ett \u00f6ga, hj\u00e4rtan, en regnb\u00e5gsfj\u00e4ril och texter som PRIDE, LGBT, Queen och Love is love.  Prider\u00f6relsens fr\u00e4msta symbol \u00e4r regnb\u00e5gsflaggan.  Vi trycker och skickar dina Pride tatueringar \/ gnuggisar inom 24 h.  Storlek ark: A5 Antal tatueringar: 15 Storlek text PRIDE: Ca 10X5cm\" \/>\n<meta property=\"og:url\" content=\"https:\/\/likeink.com\/sv\/gnuggisar\/pride-gnuggisar-a5-ark\/\" \/>\n<meta property=\"og:site_name\" content=\"Like ink\" \/>\n<meta property=\"article:publisher\" content=\"https:\/\/www.facebook.com\/LikeInkSe\" \/>\n<meta property=\"article:modified_time\" content=\"2026-04-14T12:56:05+00:00\" \/>\n<meta property=\"og:image\" content=\"https:\/\/likeink.com\/wp-content\/uploads\/2022\/02\/Pride-Gnuggisar-Likeink.jpg\" \/>\n\t<meta property=\"og:image:width\" content=\"1100\" \/>\n\t<meta property=\"og:image:height\" content=\"775\" \/>\n\t<meta property=\"og:image:type\" content=\"image\/jpeg\" \/>\n<meta name=\"twitter:card\" content=\"summary_large_image\" \/>\n<!-- \/ Yoast SEO Premium plugin. -->","yoast_head_json":{"title":"K\u00f6p Pride gnuggisar | Tatueringar med pride-motiv - Like ink","description":"Tatueringsark med Pride gnuggisar \/ Pride tatueringar redo att skickas inom ett dygn! Maxa pridest\u00e4mningen med gnuggisar! - Like ink","robots":{"index":"index","follow":"follow","max-snippet":"max-snippet:-1","max-image-preview":"max-image-preview:large","max-video-preview":"max-video-preview:-1"},"canonical":"https:\/\/likeink.com\/sv\/gnuggisar\/pride-gnuggisar-a5-ark\/","og_locale":"sv_SE","og_type":"article","og_title":"Pride Gnuggisar","og_description":"Snygga pridetatueringar p\u00e5 ark, perfekt p\u00e5 prideparad, pridefester, pridefestivaler eller p\u00e5 en helt vanlig dag i skolan eller p\u00e5 jobbet. St\u00f6tta HBTQ och Prider\u00f6relsen genom att b\u00e4ra en snygg pridetatuering! Det h\u00e4r arket inneh\u00e5ller superfina motiv illustrerade av en duktig illustrat\u00f6r som passar perfekt just som tatueringar! Gnuggisarna \u00e4r enkla att applicera och tv\u00e4tta bort och det viktigaste av allt \u00e4r att du f\u00e5r en gnuggis som h\u00e5ller l\u00e4nge och ser bra ut hela natten \u00e4ven p\u00e5 ett r\u00f6jigt dansgolv.  Under \u00e5ren har vi s\u00e5lt m\u00e4ngder av tatueringar med Pride-tema till b\u00e5de politiska partier, festarrang\u00f6rer, f\u00f6retag, som br\u00f6llopstatueringar, till idrottsklubbar, kommuner och privatpersoner och alla vi varit i kontakt med \u00e4lskade sina tatueringar. Kom ih\u00e5g att du dessutom kan best\u00e4lla egendesignade Pride-gnuggisar hos oss p\u00e5 Like ink!  Du f\u00e5r i det h\u00e4r tatueringsarket Pride tatueringar som en prideflagga, ett \u00f6ga, hj\u00e4rtan, en regnb\u00e5gsfj\u00e4ril och texter som PRIDE, LGBT, Queen och Love is love.  Prider\u00f6relsens fr\u00e4msta symbol \u00e4r regnb\u00e5gsflaggan.  Vi trycker och skickar dina Pride tatueringar \/ gnuggisar inom 24 h.  Storlek ark: A5 Antal tatueringar: 15 Storlek text PRIDE: Ca 10X5cm","og_url":"https:\/\/likeink.com\/sv\/gnuggisar\/pride-gnuggisar-a5-ark\/","og_site_name":"Like ink","article_publisher":"https:\/\/www.facebook.com\/LikeInkSe","article_modified_time":"2026-04-14T12:56:05+00:00","og_image":[{"width":1100,"height":775,"url":"https:\/\/likeink.com\/wp-content\/uploads\/2022\/02\/Pride-Gnuggisar-Likeink.jpg","type":"image\/jpeg"}],"twitter_card":"summary_large_image","schema":{"@context":"https:\/\/schema.org","@graph":[{"@type":"WebPage","@id":"https:\/\/likeink.com\/sv\/gnuggisar\/pride-gnuggisar-a5-ark\/","url":"https:\/\/likeink.com\/sv\/gnuggisar\/pride-gnuggisar-a5-ark\/","name":"K\u00f6p Pride gnuggisar | Tatueringar med pride-motiv - Like ink","isPartOf":{"@id":"https:\/\/likeink.com\/sv\/#website"},"primaryImageOfPage":{"@id":"https:\/\/likeink.com\/sv\/gnuggisar\/pride-gnuggisar-a5-ark\/#primaryimage"},"image":{"@id":"https:\/\/likeink.com\/sv\/gnuggisar\/pride-gnuggisar-a5-ark\/#primaryimage"},"thumbnailUrl":"https:\/\/likeink.com\/wp-content\/uploads\/2022\/02\/Pride-Gnuggisar-Likeink.jpg","datePublished":"2022-02-07T19:29:31+00:00","dateModified":"2026-04-14T12:56:05+00:00","description":"Tatueringsark med Pride gnuggisar \/ Pride tatueringar redo att skickas inom ett dygn! Maxa pridest\u00e4mningen med gnuggisar! - Like ink","breadcrumb":{"@id":"https:\/\/likeink.com\/sv\/gnuggisar\/pride-gnuggisar-a5-ark\/#breadcrumb"},"inLanguage":"sv-SE","potentialAction":[{"@type":"ReadAction","target":["https:\/\/likeink.com\/sv\/gnuggisar\/pride-gnuggisar-a5-ark\/"]}]},{"@type":"ImageObject","inLanguage":"sv-SE","@id":"https:\/\/likeink.com\/sv\/gnuggisar\/pride-gnuggisar-a5-ark\/#primaryimage","url":"https:\/\/likeink.com\/wp-content\/uploads\/2022\/02\/Pride-Gnuggisar-Likeink.jpg","contentUrl":"https:\/\/likeink.com\/wp-content\/uploads\/2022\/02\/Pride-Gnuggisar-Likeink.jpg","width":1100,"height":775,"caption":"Gnuggisar med pridetema! Pridetatueringar."},{"@type":"BreadcrumbList","@id":"https:\/\/likeink.com\/sv\/gnuggisar\/pride-gnuggisar-a5-ark\/#breadcrumb","itemListElement":[{"@type":"ListItem","position":1,"name":"Hem","item":"https:\/\/likeink.com\/sv\/"},{"@type":"ListItem","position":2,"name":"Webbutik","item":"https:\/\/likeink.com\/sv\/webbutik\/"},{"@type":"ListItem","position":3,"name":"Pride Gnuggisar"}]},{"@type":"WebSite","@id":"https:\/\/likeink.com\/sv\/#website","url":"https:\/\/likeink.com\/sv\/","name":"Like ink","description":"Make your own custom design","potentialAction":[{"@type":"SearchAction","target":{"@type":"EntryPoint","urlTemplate":"https:\/\/likeink.com\/sv\/?s={search_term_string}"},"query-input":{"@type":"PropertyValueSpecification","valueRequired":true,"valueName":"search_term_string"}}],"inLanguage":"sv-SE"}]}},"_links":{"self":[{"href":"https:\/\/likeink.com\/sv\/wp-json\/wp\/v2\/product\/8505","targetHints":{"allow":["GET"]}}],"collection":[{"href":"https:\/\/likeink.com\/sv\/wp-json\/wp\/v2\/product"}],"about":[{"href":"https:\/\/likeink.com\/sv\/wp-json\/wp\/v2\/types\/product"}],"wp:featuredmedia":[{"embeddable":true,"href":"https:\/\/likeink.com\/sv\/wp-json\/wp\/v2\/media\/8499"}],"wp:attachment":[{"href":"https:\/\/likeink.com\/sv\/wp-json\/wp\/v2\/media?parent=8505"}],"wp:term":[{"taxonomy":"product_brand","embeddable":true,"href":"https:\/\/likeink.com\/sv\/wp-json\/wp\/v2\/product_brand?post=8505"},{"taxonomy":"product_cat","embeddable":true,"href":"https:\/\/likeink.com\/sv\/wp-json\/wp\/v2\/product_cat?post=8505"},{"taxonomy":"product_tag","embeddable":true,"href":"https:\/\/likeink.com\/sv\/wp-json\/wp\/v2\/product_tag?post=8505"}],"curies":[{"name":"wp","href":"https:\/\/api.w.org\/{rel}","templated":true}]}}