{"id":8555,"date":"2022-02-14T13:21:57","date_gmt":"2022-02-14T13:21:57","guid":{"rendered":"https:\/\/likeink.se\/?post_type=product&#038;p=8555"},"modified":"2026-04-14T13:14:15","modified_gmt":"2026-04-14T13:14:15","slug":"punktatueringar-a5-ark","status":"publish","type":"product","link":"https:\/\/likeink.com\/sv\/gnuggisar\/punktatueringar-a5-ark\/","title":{"rendered":"Punktatueringar"},"content":{"rendered":"","protected":false},"excerpt":{"rendered":"<p>Det f\u00f6rsta man kommer att t\u00e4nka p\u00e5 kring punk \u00e4r s\u00e5klart skr\u00e4nig musik, tuppkam och anarki! Ska man prata punk och f\u00e4rg s\u00e5 \u00e4r det \u00f6verv\u00e4gande svart och r\u00f6tt. I det h\u00e4r arket som ska symbolisera punk s\u00e5 f\u00e5r du punktatueringar som en Basgitarr, Anarki A, anarki-symbol, svarta blixtar, ett brinnande hj\u00e4rta, en svart snyggt ritad d\u00f6skalle och en klassisk Converse sko.<\/p>\n<p>G\u00f6r dig redo f\u00f6r punkfesten, en fet konsert eller kanske en demonstration!<\/p>\n<p>Vi trycker och skickar dina punkiga fake tattoos inom ett dygn!<\/p>\n<p>Storlek ark: A5<br \/>\nAntal tatueringar: 15<br \/>\nStorlek Bas: 16X4 cm<\/p>\n","protected":false},"featured_media":8549,"template":"","meta":[],"product_brand":[],"product_cat":[17,490],"product_tag":[],"class_list":{"0":"post-8555","1":"product","2":"type-product","3":"status-publish","4":"has-post-thumbnail","6":"product_cat-fardiga-ark","7":"product_cat-maskerad-sasong","9":"first","10":"instock","11":"taxable","12":"shipping-taxable","13":"purchasable","14":"product-type-simple"},"yoast_head":"<!-- This site is optimized with the Yoast SEO Premium plugin v26.2 (Yoast SEO v27.5) - https:\/\/yoast.com\/product\/yoast-seo-premium-wordpress\/ -->\n<title>Fake tattoos \/ Punktatueringar p\u00e5 A5 ark - Like ink<\/title>\n<meta name=\"description\" content=\"Feta punktatueringar som fake tattoos till punkfesten, konsert eller en fotografering! Bra kvalitet och snabb leverans! - Like ink\" \/>\n<meta name=\"robots\" content=\"index, follow, max-snippet:-1, max-image-preview:large, max-video-preview:-1\" \/>\n<link rel=\"canonical\" href=\"https:\/\/likeink.com\/sv\/gnuggisar\/punktatueringar-a5-ark\/\" \/>\n<meta property=\"og:locale\" content=\"sv_SE\" \/>\n<meta property=\"og:type\" content=\"article\" \/>\n<meta property=\"og:title\" content=\"Punktatueringar\" \/>\n<meta property=\"og:description\" content=\"Det f\u00f6rsta man kommer att t\u00e4nka p\u00e5 kring punk \u00e4r s\u00e5klart skr\u00e4nig musik, tuppkam och anarki! Ska man prata punk och f\u00e4rg s\u00e5 \u00e4r det \u00f6verv\u00e4gande svart och r\u00f6tt. I det h\u00e4r arket som ska symbolisera punk s\u00e5 f\u00e5r du punktatueringar som en Basgitarr, Anarki A, anarki-symbol, svarta blixtar, ett brinnande hj\u00e4rta, en svart snyggt ritad d\u00f6skalle och en klassisk Converse sko.  G\u00f6r dig redo f\u00f6r punkfesten, en fet konsert eller kanske en demonstration!  Vi trycker och skickar dina punkiga fake tattoos inom ett dygn!  Storlek ark: A5 Antal tatueringar: 15 Storlek Bas: 16X4 cm\" \/>\n<meta property=\"og:url\" content=\"https:\/\/likeink.com\/sv\/gnuggisar\/punktatueringar-a5-ark\/\" \/>\n<meta property=\"og:site_name\" content=\"Like ink\" \/>\n<meta property=\"article:publisher\" content=\"https:\/\/www.facebook.com\/LikeInkSe\" \/>\n<meta property=\"article:modified_time\" content=\"2026-04-14T13:14:15+00:00\" \/>\n<meta property=\"og:image\" content=\"https:\/\/likeink.com\/wp-content\/uploads\/2022\/02\/PunkRockTattoos-Likeink.jpg\" \/>\n\t<meta property=\"og:image:width\" content=\"1000\" \/>\n\t<meta property=\"og:image:height\" content=\"704\" \/>\n\t<meta property=\"og:image:type\" content=\"image\/jpeg\" \/>\n<meta name=\"twitter:card\" content=\"summary_large_image\" \/>\n<!-- \/ Yoast SEO Premium plugin. -->","yoast_head_json":{"title":"Fake tattoos \/ Punktatueringar p\u00e5 A5 ark - Like ink","description":"Feta punktatueringar som fake tattoos till punkfesten, konsert eller en fotografering! Bra kvalitet och snabb leverans! - Like ink","robots":{"index":"index","follow":"follow","max-snippet":"max-snippet:-1","max-image-preview":"max-image-preview:large","max-video-preview":"max-video-preview:-1"},"canonical":"https:\/\/likeink.com\/sv\/gnuggisar\/punktatueringar-a5-ark\/","og_locale":"sv_SE","og_type":"article","og_title":"Punktatueringar","og_description":"Det f\u00f6rsta man kommer att t\u00e4nka p\u00e5 kring punk \u00e4r s\u00e5klart skr\u00e4nig musik, tuppkam och anarki! Ska man prata punk och f\u00e4rg s\u00e5 \u00e4r det \u00f6verv\u00e4gande svart och r\u00f6tt. I det h\u00e4r arket som ska symbolisera punk s\u00e5 f\u00e5r du punktatueringar som en Basgitarr, Anarki A, anarki-symbol, svarta blixtar, ett brinnande hj\u00e4rta, en svart snyggt ritad d\u00f6skalle och en klassisk Converse sko.  G\u00f6r dig redo f\u00f6r punkfesten, en fet konsert eller kanske en demonstration!  Vi trycker och skickar dina punkiga fake tattoos inom ett dygn!  Storlek ark: A5 Antal tatueringar: 15 Storlek Bas: 16X4 cm","og_url":"https:\/\/likeink.com\/sv\/gnuggisar\/punktatueringar-a5-ark\/","og_site_name":"Like ink","article_publisher":"https:\/\/www.facebook.com\/LikeInkSe","article_modified_time":"2026-04-14T13:14:15+00:00","og_image":[{"width":1000,"height":704,"url":"https:\/\/likeink.com\/wp-content\/uploads\/2022\/02\/PunkRockTattoos-Likeink.jpg","type":"image\/jpeg"}],"twitter_card":"summary_large_image","schema":{"@context":"https:\/\/schema.org","@graph":[{"@type":"WebPage","@id":"https:\/\/likeink.com\/sv\/gnuggisar\/punktatueringar-a5-ark\/","url":"https:\/\/likeink.com\/sv\/gnuggisar\/punktatueringar-a5-ark\/","name":"Fake tattoos \/ Punktatueringar p\u00e5 A5 ark - Like ink","isPartOf":{"@id":"https:\/\/likeink.com\/sv\/#website"},"primaryImageOfPage":{"@id":"https:\/\/likeink.com\/sv\/gnuggisar\/punktatueringar-a5-ark\/#primaryimage"},"image":{"@id":"https:\/\/likeink.com\/sv\/gnuggisar\/punktatueringar-a5-ark\/#primaryimage"},"thumbnailUrl":"https:\/\/likeink.com\/wp-content\/uploads\/2022\/02\/PunkRockTattoos-Likeink.jpg","datePublished":"2022-02-14T13:21:57+00:00","dateModified":"2026-04-14T13:14:15+00:00","description":"Feta punktatueringar som fake tattoos till punkfesten, konsert eller en fotografering! Bra kvalitet och snabb leverans! - Like ink","breadcrumb":{"@id":"https:\/\/likeink.com\/sv\/gnuggisar\/punktatueringar-a5-ark\/#breadcrumb"},"inLanguage":"sv-SE","potentialAction":[{"@type":"ReadAction","target":["https:\/\/likeink.com\/sv\/gnuggisar\/punktatueringar-a5-ark\/"]}]},{"@type":"ImageObject","inLanguage":"sv-SE","@id":"https:\/\/likeink.com\/sv\/gnuggisar\/punktatueringar-a5-ark\/#primaryimage","url":"https:\/\/likeink.com\/wp-content\/uploads\/2022\/02\/PunkRockTattoos-Likeink.jpg","contentUrl":"https:\/\/likeink.com\/wp-content\/uploads\/2022\/02\/PunkRockTattoos-Likeink.jpg","width":1000,"height":704,"caption":"Fake tattoos med Punk-tema."},{"@type":"BreadcrumbList","@id":"https:\/\/likeink.com\/sv\/gnuggisar\/punktatueringar-a5-ark\/#breadcrumb","itemListElement":[{"@type":"ListItem","position":1,"name":"Hem","item":"https:\/\/likeink.com\/sv\/"},{"@type":"ListItem","position":2,"name":"Webbutik","item":"https:\/\/likeink.com\/sv\/webbutik\/"},{"@type":"ListItem","position":3,"name":"Punktatueringar"}]},{"@type":"WebSite","@id":"https:\/\/likeink.com\/sv\/#website","url":"https:\/\/likeink.com\/sv\/","name":"Like ink","description":"Make your own custom design","potentialAction":[{"@type":"SearchAction","target":{"@type":"EntryPoint","urlTemplate":"https:\/\/likeink.com\/sv\/?s={search_term_string}"},"query-input":{"@type":"PropertyValueSpecification","valueRequired":true,"valueName":"search_term_string"}}],"inLanguage":"sv-SE"}]}},"_links":{"self":[{"href":"https:\/\/likeink.com\/sv\/wp-json\/wp\/v2\/product\/8555","targetHints":{"allow":["GET"]}}],"collection":[{"href":"https:\/\/likeink.com\/sv\/wp-json\/wp\/v2\/product"}],"about":[{"href":"https:\/\/likeink.com\/sv\/wp-json\/wp\/v2\/types\/product"}],"wp:featuredmedia":[{"embeddable":true,"href":"https:\/\/likeink.com\/sv\/wp-json\/wp\/v2\/media\/8549"}],"wp:attachment":[{"href":"https:\/\/likeink.com\/sv\/wp-json\/wp\/v2\/media?parent=8555"}],"wp:term":[{"taxonomy":"product_brand","embeddable":true,"href":"https:\/\/likeink.com\/sv\/wp-json\/wp\/v2\/product_brand?post=8555"},{"taxonomy":"product_cat","embeddable":true,"href":"https:\/\/likeink.com\/sv\/wp-json\/wp\/v2\/product_cat?post=8555"},{"taxonomy":"product_tag","embeddable":true,"href":"https:\/\/likeink.com\/sv\/wp-json\/wp\/v2\/product_tag?post=8555"}],"curies":[{"name":"wp","href":"https:\/\/api.w.org\/{rel}","templated":true}]}}