{"id":8564,"date":"2022-02-14T14:30:35","date_gmt":"2022-02-14T14:30:35","guid":{"rendered":"https:\/\/likeink.se\/?post_type=product&#038;p=8564"},"modified":"2026-04-14T14:32:14","modified_gmt":"2026-04-14T14:32:14","slug":"stor-tatuering-gron-doskalle-a5-ark","status":"publish","type":"product","link":"https:\/\/likeink.com\/sv\/gnuggisar\/stor-tatuering-gron-doskalle-a5-ark\/","title":{"rendered":"Stor tatuering &#8220;Gr\u00f6n d\u00f6skalle&#8221;"},"content":{"rendered":"","protected":false},"excerpt":{"rendered":"<p>H\u00e4r f\u00e5r du en stor tatuering som passar perfekt p\u00e5 l\u00e5ret, \u00f6verkroppen eller f\u00f6r att bygga en sleeve! Vill du k\u00e4nna k\u00e4nslan av att vara tatuerad p\u00e5 riktigt s\u00e5 \u00e4r en stor tatuering perfekt!<\/p>\n<p>Gissar att n\u00e5gon hade blivit chockad om du pl\u00f6tsligt dyker upp med den h\u00e4r tatueringen?<\/p>\n<p>Vi trycker och skickar dina gnuggistatueringar inom ett dygn! V\u00e5ra tatueringar h\u00e5ller 1-7 dagar och \u00e4r l\u00e4tta att b\u00e5de applicera och tv\u00e4tta bort. Ha s\u00e5 kul!<\/p>\n<p>Storlek tatuering: 20X14 cm<\/p>\n","protected":false},"featured_media":8558,"template":"","meta":[],"product_brand":[],"product_cat":[17,489],"product_tag":[],"class_list":{"0":"post-8564","1":"product","2":"type-product","3":"status-publish","4":"has-post-thumbnail","6":"product_cat-fardiga-ark","7":"product_cat-old-school-och-retro","9":"first","10":"instock","11":"taxable","12":"shipping-taxable","13":"purchasable","14":"product-type-simple"},"yoast_head":"<!-- This site is optimized with the Yoast SEO Premium plugin v27.5 (Yoast SEO v27.6) - https:\/\/yoast.com\/product\/yoast-seo-premium-wordpress\/ -->\n<title>Stor tatuering \/ gnuggistatuering 20X14 cm stor - Like ink<\/title>\n<meta name=\"description\" content=\"Best\u00e4ll en stor tatuering med skelett, m\u00f6nster och d\u00f6skallar i f\u00e4rg! Bra kvalitet och snabb leverans! - Like ink\" \/>\n<meta name=\"robots\" content=\"index, follow, max-snippet:-1, max-image-preview:large, max-video-preview:-1\" \/>\n<link rel=\"canonical\" href=\"https:\/\/likeink.com\/sv\/gnuggisar\/stor-tatuering-gron-doskalle-a5-ark\/\" \/>\n<meta property=\"og:locale\" content=\"sv_SE\" \/>\n<meta property=\"og:type\" content=\"article\" \/>\n<meta property=\"og:title\" content=\"Stor tatuering &quot;Gr\u00f6n d\u00f6skalle&quot;\" \/>\n<meta property=\"og:description\" content=\"H\u00e4r f\u00e5r du en stor tatuering som passar perfekt p\u00e5 l\u00e5ret, \u00f6verkroppen eller f\u00f6r att bygga en sleeve! Vill du k\u00e4nna k\u00e4nslan av att vara tatuerad p\u00e5 riktigt s\u00e5 \u00e4r en stor tatuering perfekt!  Gissar att n\u00e5gon hade blivit chockad om du pl\u00f6tsligt dyker upp med den h\u00e4r tatueringen?  Vi trycker och skickar dina gnuggistatueringar inom ett dygn! V\u00e5ra tatueringar h\u00e5ller 1-7 dagar och \u00e4r l\u00e4tta att b\u00e5de applicera och tv\u00e4tta bort. Ha s\u00e5 kul!  Storlek tatuering: 20X14 cm\" \/>\n<meta property=\"og:url\" content=\"https:\/\/likeink.com\/sv\/gnuggisar\/stor-tatuering-gron-doskalle-a5-ark\/\" \/>\n<meta property=\"og:site_name\" content=\"Like ink\" \/>\n<meta property=\"article:publisher\" content=\"https:\/\/www.facebook.com\/LikeInkSe\" \/>\n<meta property=\"article:modified_time\" content=\"2026-04-14T14:32:14+00:00\" \/>\n<meta property=\"og:image\" content=\"https:\/\/likeink.com\/wp-content\/uploads\/2022\/02\/StorTatuering-Grondoskalle-likeink.jpg\" \/>\n\t<meta property=\"og:image:width\" content=\"1000\" \/>\n\t<meta property=\"og:image:height\" content=\"704\" \/>\n\t<meta property=\"og:image:type\" content=\"image\/jpeg\" \/>\n<meta name=\"twitter:card\" content=\"summary_large_image\" \/>\n<!-- \/ Yoast SEO Premium plugin. -->","yoast_head_json":{"title":"Stor tatuering \/ gnuggistatuering 20X14 cm stor - Like ink","description":"Best\u00e4ll en stor tatuering med skelett, m\u00f6nster och d\u00f6skallar i f\u00e4rg! Bra kvalitet och snabb leverans! - Like ink","robots":{"index":"index","follow":"follow","max-snippet":"max-snippet:-1","max-image-preview":"max-image-preview:large","max-video-preview":"max-video-preview:-1"},"canonical":"https:\/\/likeink.com\/sv\/gnuggisar\/stor-tatuering-gron-doskalle-a5-ark\/","og_locale":"sv_SE","og_type":"article","og_title":"Stor tatuering \"Gr\u00f6n d\u00f6skalle\"","og_description":"H\u00e4r f\u00e5r du en stor tatuering som passar perfekt p\u00e5 l\u00e5ret, \u00f6verkroppen eller f\u00f6r att bygga en sleeve! Vill du k\u00e4nna k\u00e4nslan av att vara tatuerad p\u00e5 riktigt s\u00e5 \u00e4r en stor tatuering perfekt!  Gissar att n\u00e5gon hade blivit chockad om du pl\u00f6tsligt dyker upp med den h\u00e4r tatueringen?  Vi trycker och skickar dina gnuggistatueringar inom ett dygn! V\u00e5ra tatueringar h\u00e5ller 1-7 dagar och \u00e4r l\u00e4tta att b\u00e5de applicera och tv\u00e4tta bort. Ha s\u00e5 kul!  Storlek tatuering: 20X14 cm","og_url":"https:\/\/likeink.com\/sv\/gnuggisar\/stor-tatuering-gron-doskalle-a5-ark\/","og_site_name":"Like ink","article_publisher":"https:\/\/www.facebook.com\/LikeInkSe","article_modified_time":"2026-04-14T14:32:14+00:00","og_image":[{"width":1000,"height":704,"url":"https:\/\/likeink.com\/wp-content\/uploads\/2022\/02\/StorTatuering-Grondoskalle-likeink.jpg","type":"image\/jpeg"}],"twitter_card":"summary_large_image","schema":{"@context":"https:\/\/schema.org","@graph":[{"@type":"WebPage","@id":"https:\/\/likeink.com\/sv\/gnuggisar\/stor-tatuering-gron-doskalle-a5-ark\/","url":"https:\/\/likeink.com\/sv\/gnuggisar\/stor-tatuering-gron-doskalle-a5-ark\/","name":"Stor tatuering \/ gnuggistatuering 20X14 cm stor - Like ink","isPartOf":{"@id":"https:\/\/likeink.com\/sv\/#website"},"primaryImageOfPage":{"@id":"https:\/\/likeink.com\/sv\/gnuggisar\/stor-tatuering-gron-doskalle-a5-ark\/#primaryimage"},"image":{"@id":"https:\/\/likeink.com\/sv\/gnuggisar\/stor-tatuering-gron-doskalle-a5-ark\/#primaryimage"},"thumbnailUrl":"https:\/\/likeink.com\/wp-content\/uploads\/2022\/02\/StorTatuering-Grondoskalle-likeink.jpg","datePublished":"2022-02-14T14:30:35+00:00","dateModified":"2026-04-14T14:32:14+00:00","description":"Best\u00e4ll en stor tatuering med skelett, m\u00f6nster och d\u00f6skallar i f\u00e4rg! Bra kvalitet och snabb leverans! - Like ink","breadcrumb":{"@id":"https:\/\/likeink.com\/sv\/gnuggisar\/stor-tatuering-gron-doskalle-a5-ark\/#breadcrumb"},"inLanguage":"sv-SE","potentialAction":[{"@type":"ReadAction","target":["https:\/\/likeink.com\/sv\/gnuggisar\/stor-tatuering-gron-doskalle-a5-ark\/"]}]},{"@type":"ImageObject","inLanguage":"sv-SE","@id":"https:\/\/likeink.com\/sv\/gnuggisar\/stor-tatuering-gron-doskalle-a5-ark\/#primaryimage","url":"https:\/\/likeink.com\/wp-content\/uploads\/2022\/02\/StorTatuering-Grondoskalle-likeink.jpg","contentUrl":"https:\/\/likeink.com\/wp-content\/uploads\/2022\/02\/StorTatuering-Grondoskalle-likeink.jpg","width":1000,"height":704,"caption":"Stor d\u00f6skalle gnuggistatuering i f\u00e4rg - K\u00f6p gnuggisar med bra kvalitet och snabb leverans - likeink.se"},{"@type":"BreadcrumbList","@id":"https:\/\/likeink.com\/sv\/gnuggisar\/stor-tatuering-gron-doskalle-a5-ark\/#breadcrumb","itemListElement":[{"@type":"ListItem","position":1,"name":"Hem","item":"https:\/\/likeink.com\/sv\/"},{"@type":"ListItem","position":2,"name":"Webbutik","item":"https:\/\/likeink.com\/sv\/webbutik\/"},{"@type":"ListItem","position":3,"name":"Stor tatuering &#8220;Gr\u00f6n d\u00f6skalle&#8221;"}]},{"@type":"WebSite","@id":"https:\/\/likeink.com\/sv\/#website","url":"https:\/\/likeink.com\/sv\/","name":"Like ink","description":"Make your own custom design","potentialAction":[{"@type":"SearchAction","target":{"@type":"EntryPoint","urlTemplate":"https:\/\/likeink.com\/sv\/?s={search_term_string}"},"query-input":{"@type":"PropertyValueSpecification","valueRequired":true,"valueName":"search_term_string"}}],"inLanguage":"sv-SE"}]}},"_links":{"self":[{"href":"https:\/\/likeink.com\/sv\/wp-json\/wp\/v2\/product\/8564","targetHints":{"allow":["GET"]}}],"collection":[{"href":"https:\/\/likeink.com\/sv\/wp-json\/wp\/v2\/product"}],"about":[{"href":"https:\/\/likeink.com\/sv\/wp-json\/wp\/v2\/types\/product"}],"wp:featuredmedia":[{"embeddable":true,"href":"https:\/\/likeink.com\/sv\/wp-json\/wp\/v2\/media\/8558"}],"wp:attachment":[{"href":"https:\/\/likeink.com\/sv\/wp-json\/wp\/v2\/media?parent=8564"}],"wp:term":[{"taxonomy":"product_brand","embeddable":true,"href":"https:\/\/likeink.com\/sv\/wp-json\/wp\/v2\/product_brand?post=8564"},{"taxonomy":"product_cat","embeddable":true,"href":"https:\/\/likeink.com\/sv\/wp-json\/wp\/v2\/product_cat?post=8564"},{"taxonomy":"product_tag","embeddable":true,"href":"https:\/\/likeink.com\/sv\/wp-json\/wp\/v2\/product_tag?post=8564"}],"curies":[{"name":"wp","href":"https:\/\/api.w.org\/{rel}","templated":true}]}}